{"id":1843,"date":"2024-04-11T14:25:46","date_gmt":"2024-04-11T14:25:46","guid":{"rendered":"https:\/\/lisjoyas.com\/?post_type=product&#038;p=1843"},"modified":"2025-12-29T20:06:36","modified_gmt":"2025-12-29T20:06:36","slug":"brazalete-geometrico","status":"publish","type":"product","link":"http:\/\/lisjoyas.com\/en\/product\/brazalete-geometrico\/","title":{"rendered":"Geometric Bracelet"},"content":{"rendered":"","protected":false},"excerpt":{"rendered":"<p><span class=\"s2\">Geometric Bracelet, explore modern elegance with our geometric design bracelet, a piece that combines shapes such as rectangles, circles and openwork triangles to create a visually captivating pattern. <\/span><span class=\"s3\">Its design allows the skin of the wrist to be subtly seen through the openwork, generating a delicate luminosity that intertwines with the color of the leather, adding a touch of delicacy and sophistication.<\/span><\/p>\n<p class=\"s4\"><span class=\"s2\">Featuring a 4cm wide snap closure, this bracelet is easy to put on and take off, ensuring a comfortable and secure fit. Plus, thanks to its delicate and lightweight construction, you&#039;ll barely notice you&#039;re wearing it.<\/span><\/p>\n<p class=\"s4\"><span class=\"s2\">Manufactured using laser technology and hand-finished in our Lis atelier, every detail has been meticulously worked to offer you a high-quality piece that enhances your unique style.<\/span><\/p>\n<p class=\"s5\"><span class=\"s2\">Add a touch of modernity and elegance to your outfit with our geometric bracelet.<\/span><\/p>\n<p>You may also be interested in the\u00a0<a href=\"https:\/\/lisjoyas.com\/en\/product\/brazalete-calado\/\">Openwork Bracelet<\/a><\/p>","protected":false},"featured_media":1861,"template":"","meta":{"inline_featured_image":false,"_joinchat":[]},"product_cat":[17],"product_tag":[206,209,207,202,204,203,201,205,200,169,181,125],"class_list":{"0":"post-1843","1":"product","2":"type-product","3":"status-publish","4":"has-post-thumbnail","6":"product_cat-brazaletes","7":"product_tag-artistic-creations","8":"product_tag-brazalete-calado-en-cuero-natural-uruguayo","9":"product_tag-contemporary-elegance","10":"product_tag-creaciones-artisticas","11":"product_tag-current-style","12":"product_tag-elegancia-contemporanea-contemporary-design-jewelry","13":"product_tag-estilo-actual","14":"product_tag-fashion-trends","15":"product_tag-joyas-de-diseno-contemporaneo","16":"product_tag-pulsera","17":"product_tag-pulseras-en-cuero","18":"product_tag-tendencias-de-moda","20":"first","21":"instock","22":"shipping-taxable","23":"purchasable","24":"product-type-variable"},"yoast_head":"<!-- This site is optimized with the Yoast SEO plugin v23.2 - https:\/\/yoast.com\/wordpress\/plugins\/seo\/ -->\n<title>Brazalete Geom\u00e9trico - Lis Joyas<\/title>\n<meta name=\"description\" content=\"Brazalete Geom\u00e9trico es un dise\u00f1o abstracto calado con formas geom\u00e9tricas que te va a encantar! con 5 cm de ancho aprox y broche a presi\u00f3n\" \/>\n<meta name=\"robots\" content=\"index, follow, max-snippet:-1, max-image-preview:large, max-video-preview:-1\" \/>\n<link rel=\"canonical\" href=\"http:\/\/lisjoyas.com\/en\/product\/brazalete-geometrico\/\" \/>\n<meta property=\"og:locale\" content=\"en_US\" \/>\n<meta property=\"og:type\" content=\"article\" \/>\n<meta property=\"og:title\" content=\"Brazalete Geom\u00e9trico - Lis Joyas\" \/>\n<meta property=\"og:description\" content=\"Brazalete Geom\u00e9trico es un dise\u00f1o abstracto calado con formas geom\u00e9tricas que te va a encantar! con 5 cm de ancho aprox y broche a presi\u00f3n\" \/>\n<meta property=\"og:url\" content=\"http:\/\/lisjoyas.com\/en\/product\/brazalete-geometrico\/\" \/>\n<meta property=\"og:site_name\" content=\"Lis Joyas\" \/>\n<meta property=\"article:publisher\" content=\"https:\/\/www.facebook.com\/joyascontemporaneaslis?locale=es_LA\" \/>\n<meta property=\"article:modified_time\" content=\"2025-12-29T20:06:36+00:00\" \/>\n<meta property=\"og:image\" content=\"https:\/\/lisjoyas.com\/wp-content\/uploads\/2024\/04\/brazalete-geometrico1.jpg\" \/>\n\t<meta property=\"og:image:width\" content=\"500\" \/>\n\t<meta property=\"og:image:height\" content=\"439\" \/>\n\t<meta property=\"og:image:type\" content=\"image\/jpeg\" \/>\n<meta name=\"twitter:card\" content=\"summary_large_image\" \/>\n<meta name=\"twitter:label1\" content=\"Est. reading time\" \/>\n\t<meta name=\"twitter:data1\" content=\"3 minutes\" \/>\n<script type=\"application\/ld+json\" class=\"yoast-schema-graph\">{\"@context\":\"https:\/\/schema.org\",\"@graph\":[{\"@type\":\"WebPage\",\"@id\":\"https:\/\/lisjoyas.com\/producto\/brazalete-geometrico\/\",\"url\":\"https:\/\/lisjoyas.com\/producto\/brazalete-geometrico\/\",\"name\":\"Brazalete Geom\u00e9trico - Lis Joyas\",\"isPartOf\":{\"@id\":\"https:\/\/lisjoyas.com\/#website\"},\"primaryImageOfPage\":{\"@id\":\"https:\/\/lisjoyas.com\/producto\/brazalete-geometrico\/#primaryimage\"},\"image\":{\"@id\":\"https:\/\/lisjoyas.com\/producto\/brazalete-geometrico\/#primaryimage\"},\"thumbnailUrl\":\"https:\/\/lisjoyas.com\/wp-content\/uploads\/2024\/04\/brazalete-geometrico1.jpg\",\"datePublished\":\"2024-04-11T14:25:46+00:00\",\"dateModified\":\"2025-12-29T20:06:36+00:00\",\"description\":\"Brazalete Geom\u00e9trico es un dise\u00f1o abstracto calado con formas geom\u00e9tricas que te va a encantar! con 5 cm de ancho aprox y broche a presi\u00f3n\",\"breadcrumb\":{\"@id\":\"https:\/\/lisjoyas.com\/producto\/brazalete-geometrico\/#breadcrumb\"},\"inLanguage\":\"en-US\",\"potentialAction\":[{\"@type\":\"ReadAction\",\"target\":[\"https:\/\/lisjoyas.com\/producto\/brazalete-geometrico\/\"]}]},{\"@type\":\"ImageObject\",\"inLanguage\":\"en-US\",\"@id\":\"https:\/\/lisjoyas.com\/producto\/brazalete-geometrico\/#primaryimage\",\"url\":\"https:\/\/lisjoyas.com\/wp-content\/uploads\/2024\/04\/brazalete-geometrico1.jpg\",\"contentUrl\":\"https:\/\/lisjoyas.com\/wp-content\/uploads\/2024\/04\/brazalete-geometrico1.jpg\",\"width\":500,\"height\":439},{\"@type\":\"BreadcrumbList\",\"@id\":\"https:\/\/lisjoyas.com\/producto\/brazalete-geometrico\/#breadcrumb\",\"itemListElement\":[{\"@type\":\"ListItem\",\"position\":1,\"name\":\"Portada\",\"item\":\"https:\/\/lisjoyas.com\/\"},{\"@type\":\"ListItem\",\"position\":2,\"name\":\"Tienda\",\"item\":\"https:\/\/lisjoyas.com\/tienda\/\"},{\"@type\":\"ListItem\",\"position\":3,\"name\":\"Brazalete Geom\u00e9trico\"}]},{\"@type\":\"WebSite\",\"@id\":\"https:\/\/lisjoyas.com\/#website\",\"url\":\"https:\/\/lisjoyas.com\/\",\"name\":\"LIS Joyas\",\"description\":\"LIS Joyas\",\"publisher\":{\"@id\":\"https:\/\/lisjoyas.com\/#organization\"},\"potentialAction\":[{\"@type\":\"SearchAction\",\"target\":{\"@type\":\"EntryPoint\",\"urlTemplate\":\"https:\/\/lisjoyas.com\/?s={search_term_string}\"},\"query-input\":\"required name=search_term_string\"}],\"inLanguage\":\"en-US\"},{\"@type\":\"Organization\",\"@id\":\"https:\/\/lisjoyas.com\/#organization\",\"name\":\"Lis Joyas\",\"url\":\"https:\/\/lisjoyas.com\/\",\"logo\":{\"@type\":\"ImageObject\",\"inLanguage\":\"en-US\",\"@id\":\"https:\/\/lisjoyas.com\/#\/schema\/logo\/image\/\",\"url\":\"https:\/\/lisjoyas.com\/wp-content\/uploads\/2024\/04\/Lis_logo_color.svg\",\"contentUrl\":\"https:\/\/lisjoyas.com\/wp-content\/uploads\/2024\/04\/Lis_logo_color.svg\",\"width\":\"1024\",\"height\":\"1024\",\"caption\":\"Lis Joyas\"},\"image\":{\"@id\":\"https:\/\/lisjoyas.com\/#\/schema\/logo\/image\/\"},\"sameAs\":[\"https:\/\/www.facebook.com\/joyascontemporaneaslis?locale=es_LA\",\"https:\/\/www.instagram.com\/lisjoyas_\/\"]}]}<\/script>\n<!-- \/ Yoast SEO plugin. -->","yoast_head_json":{"title":"Brazalete Geom\u00e9trico - Lis Joyas","description":"Brazalete Geom\u00e9trico es un dise\u00f1o abstracto calado con formas geom\u00e9tricas que te va a encantar! con 5 cm de ancho aprox y broche a presi\u00f3n","robots":{"index":"index","follow":"follow","max-snippet":"max-snippet:-1","max-image-preview":"max-image-preview:large","max-video-preview":"max-video-preview:-1"},"canonical":"http:\/\/lisjoyas.com\/en\/product\/brazalete-geometrico\/","og_locale":"en_US","og_type":"article","og_title":"Brazalete Geom\u00e9trico - Lis Joyas","og_description":"Brazalete Geom\u00e9trico es un dise\u00f1o abstracto calado con formas geom\u00e9tricas que te va a encantar! con 5 cm de ancho aprox y broche a presi\u00f3n","og_url":"http:\/\/lisjoyas.com\/en\/product\/brazalete-geometrico\/","og_site_name":"Lis Joyas","article_publisher":"https:\/\/www.facebook.com\/joyascontemporaneaslis?locale=es_LA","article_modified_time":"2025-12-29T20:06:36+00:00","og_image":[{"width":500,"height":439,"url":"https:\/\/lisjoyas.com\/wp-content\/uploads\/2024\/04\/brazalete-geometrico1.jpg","type":"image\/jpeg"}],"twitter_card":"summary_large_image","twitter_misc":{"Est. reading time":"3 minutes"},"schema":{"@context":"https:\/\/schema.org","@graph":[{"@type":"WebPage","@id":"https:\/\/lisjoyas.com\/producto\/brazalete-geometrico\/","url":"https:\/\/lisjoyas.com\/producto\/brazalete-geometrico\/","name":"Brazalete Geom\u00e9trico - Lis Joyas","isPartOf":{"@id":"https:\/\/lisjoyas.com\/#website"},"primaryImageOfPage":{"@id":"https:\/\/lisjoyas.com\/producto\/brazalete-geometrico\/#primaryimage"},"image":{"@id":"https:\/\/lisjoyas.com\/producto\/brazalete-geometrico\/#primaryimage"},"thumbnailUrl":"https:\/\/lisjoyas.com\/wp-content\/uploads\/2024\/04\/brazalete-geometrico1.jpg","datePublished":"2024-04-11T14:25:46+00:00","dateModified":"2025-12-29T20:06:36+00:00","description":"Brazalete Geom\u00e9trico es un dise\u00f1o abstracto calado con formas geom\u00e9tricas que te va a encantar! con 5 cm de ancho aprox y broche a presi\u00f3n","breadcrumb":{"@id":"https:\/\/lisjoyas.com\/producto\/brazalete-geometrico\/#breadcrumb"},"inLanguage":"en-US","potentialAction":[{"@type":"ReadAction","target":["https:\/\/lisjoyas.com\/producto\/brazalete-geometrico\/"]}]},{"@type":"ImageObject","inLanguage":"en-US","@id":"https:\/\/lisjoyas.com\/producto\/brazalete-geometrico\/#primaryimage","url":"https:\/\/lisjoyas.com\/wp-content\/uploads\/2024\/04\/brazalete-geometrico1.jpg","contentUrl":"https:\/\/lisjoyas.com\/wp-content\/uploads\/2024\/04\/brazalete-geometrico1.jpg","width":500,"height":439},{"@type":"BreadcrumbList","@id":"https:\/\/lisjoyas.com\/producto\/brazalete-geometrico\/#breadcrumb","itemListElement":[{"@type":"ListItem","position":1,"name":"Portada","item":"https:\/\/lisjoyas.com\/"},{"@type":"ListItem","position":2,"name":"Tienda","item":"https:\/\/lisjoyas.com\/tienda\/"},{"@type":"ListItem","position":3,"name":"Brazalete Geom\u00e9trico"}]},{"@type":"WebSite","@id":"https:\/\/lisjoyas.com\/#website","url":"https:\/\/lisjoyas.com\/","name":"LIS Joyas","description":"LIS Joyas","publisher":{"@id":"https:\/\/lisjoyas.com\/#organization"},"potentialAction":[{"@type":"SearchAction","target":{"@type":"EntryPoint","urlTemplate":"https:\/\/lisjoyas.com\/?s={search_term_string}"},"query-input":"required name=search_term_string"}],"inLanguage":"en-US"},{"@type":"Organization","@id":"https:\/\/lisjoyas.com\/#organization","name":"Lis Joyas","url":"https:\/\/lisjoyas.com\/","logo":{"@type":"ImageObject","inLanguage":"en-US","@id":"https:\/\/lisjoyas.com\/#\/schema\/logo\/image\/","url":"https:\/\/lisjoyas.com\/wp-content\/uploads\/2024\/04\/Lis_logo_color.svg","contentUrl":"https:\/\/lisjoyas.com\/wp-content\/uploads\/2024\/04\/Lis_logo_color.svg","width":"1024","height":"1024","caption":"Lis Joyas"},"image":{"@id":"https:\/\/lisjoyas.com\/#\/schema\/logo\/image\/"},"sameAs":["https:\/\/www.facebook.com\/joyascontemporaneaslis?locale=es_LA","https:\/\/www.instagram.com\/lisjoyas_\/"]}]}},"_links":{"self":[{"href":"http:\/\/lisjoyas.com\/en\/wp-json\/wp\/v2\/product\/1843","targetHints":{"allow":["GET"]}}],"collection":[{"href":"http:\/\/lisjoyas.com\/en\/wp-json\/wp\/v2\/product"}],"about":[{"href":"http:\/\/lisjoyas.com\/en\/wp-json\/wp\/v2\/types\/product"}],"wp:featuredmedia":[{"embeddable":true,"href":"http:\/\/lisjoyas.com\/en\/wp-json\/wp\/v2\/media\/1861"}],"wp:attachment":[{"href":"http:\/\/lisjoyas.com\/en\/wp-json\/wp\/v2\/media?parent=1843"}],"wp:term":[{"taxonomy":"product_cat","embeddable":true,"href":"http:\/\/lisjoyas.com\/en\/wp-json\/wp\/v2\/product_cat?post=1843"},{"taxonomy":"product_tag","embeddable":true,"href":"http:\/\/lisjoyas.com\/en\/wp-json\/wp\/v2\/product_tag?post=1843"}],"curies":[{"name":"wp","href":"https:\/\/api.w.org\/{rel}","templated":true}]}}