{"id":1864,"date":"2024-04-11T14:47:40","date_gmt":"2024-04-11T14:47:40","guid":{"rendered":"https:\/\/lisjoyas.com\/?post_type=product&#038;p=1864"},"modified":"2025-10-28T22:03:39","modified_gmt":"2025-10-28T22:03:39","slug":"brazalete-kate","status":"publish","type":"product","link":"http:\/\/lisjoyas.com\/en\/product\/brazalete-kate\/","title":{"rendered":"Kate bracelet"},"content":{"rendered":"","protected":false},"excerpt":{"rendered":"<p class=\"s3\"><span class=\"s2\">Kate bracelet is the perfect gift for any occasion, or just to treat yourself. Pair it with our Kate necklace and earrings for the perfect set.<\/span><\/p>\n<p class=\"s3\"><span class=\"s2\">At approximately 6cm wide, precision is key in the leather crafting techniques we employ at Lis Atelier. Perfect for everyday wear with casual outfits, or to add a dazzling touch to your style.<\/span><\/p>\n<p class=\"s3\"><span class=\"s2\">All our bracelets are designed and handmade in our Atelier in Uruguay. Each piece is carefully packaged in a box for protection.<\/span><\/p>\n<p>You may also be interested in the\u00a0<a href=\"http:\/\/lisjoyas.com\/en\/product\/conjunto-kate\/\">Kate set<\/a><\/p>\n<p>&nbsp;<\/p>","protected":false},"featured_media":1871,"template":"","meta":{"inline_featured_image":false,"_joinchat":[]},"product_cat":[17],"product_tag":[206,186,207,202,204,203,201,205,108,200,179,125,208],"class_list":{"0":"post-1864","1":"product","2":"type-product","3":"status-publish","4":"has-post-thumbnail","6":"product_cat-brazaletes","7":"product_tag-artistic-creations","8":"product_tag-brazalete-de-cuero-natural","9":"product_tag-contemporary-elegance","10":"product_tag-creaciones-artisticas","11":"product_tag-current-style","12":"product_tag-elegancia-contemporanea-contemporary-design-jewelry","13":"product_tag-estilo-actual","14":"product_tag-fashion-trends","15":"product_tag-hecho-a-mano","16":"product_tag-joyas-de-diseno-contemporaneo","17":"product_tag-pulseras","18":"product_tag-tendencias-de-moda","19":"product_tag-uruguayo","21":"first","22":"instock","23":"shipping-taxable","24":"purchasable","25":"product-type-variable"},"yoast_head":"<!-- This site is optimized with the Yoast SEO plugin v23.2 - https:\/\/yoast.com\/wordpress\/plugins\/seo\/ -->\n<title>Brazalete Kate - Lis Joyas<\/title>\n<meta name=\"description\" content=\"Brazalete Kate es un dise\u00f1o abstracto hecho con corte l\u00e1ser en cuero natural 100% uruguayo. Un accesorio c\u00f3modo vers\u00e1til que te encantar\u00e1\" \/>\n<meta name=\"robots\" content=\"index, follow, max-snippet:-1, max-image-preview:large, max-video-preview:-1\" \/>\n<link rel=\"canonical\" href=\"http:\/\/lisjoyas.com\/en\/product\/brazalete-kate\/\" \/>\n<meta property=\"og:locale\" content=\"en_US\" \/>\n<meta property=\"og:type\" content=\"article\" \/>\n<meta property=\"og:title\" content=\"Brazalete Kate - Lis Joyas\" \/>\n<meta property=\"og:description\" content=\"Brazalete Kate es un dise\u00f1o abstracto hecho con corte l\u00e1ser en cuero natural 100% uruguayo. Un accesorio c\u00f3modo vers\u00e1til que te encantar\u00e1\" \/>\n<meta property=\"og:url\" content=\"http:\/\/lisjoyas.com\/en\/product\/brazalete-kate\/\" \/>\n<meta property=\"og:site_name\" content=\"Lis Joyas\" \/>\n<meta property=\"article:publisher\" content=\"https:\/\/www.facebook.com\/joyascontemporaneaslis?locale=es_LA\" \/>\n<meta property=\"article:modified_time\" content=\"2025-10-28T22:03:39+00:00\" \/>\n<meta property=\"og:image\" content=\"https:\/\/lisjoyas.com\/wp-content\/uploads\/2024\/04\/brazalete-kate2.jpg\" \/>\n\t<meta property=\"og:image:width\" content=\"668\" \/>\n\t<meta property=\"og:image:height\" content=\"392\" \/>\n\t<meta property=\"og:image:type\" content=\"image\/jpeg\" \/>\n<meta name=\"twitter:card\" content=\"summary_large_image\" \/>\n<meta name=\"twitter:label1\" content=\"Est. reading time\" \/>\n\t<meta name=\"twitter:data1\" content=\"3 minutes\" \/>\n<script type=\"application\/ld+json\" class=\"yoast-schema-graph\">{\"@context\":\"https:\/\/schema.org\",\"@graph\":[{\"@type\":\"WebPage\",\"@id\":\"https:\/\/lisjoyas.com\/producto\/brazalete-kate\/\",\"url\":\"https:\/\/lisjoyas.com\/producto\/brazalete-kate\/\",\"name\":\"Brazalete Kate - Lis Joyas\",\"isPartOf\":{\"@id\":\"https:\/\/lisjoyas.com\/#website\"},\"primaryImageOfPage\":{\"@id\":\"https:\/\/lisjoyas.com\/producto\/brazalete-kate\/#primaryimage\"},\"image\":{\"@id\":\"https:\/\/lisjoyas.com\/producto\/brazalete-kate\/#primaryimage\"},\"thumbnailUrl\":\"https:\/\/lisjoyas.com\/wp-content\/uploads\/2024\/04\/brazalete-kate2.jpg\",\"datePublished\":\"2024-04-11T14:47:40+00:00\",\"dateModified\":\"2025-10-28T22:03:39+00:00\",\"description\":\"Brazalete Kate es un dise\u00f1o abstracto hecho con corte l\u00e1ser en cuero natural 100% uruguayo. Un accesorio c\u00f3modo vers\u00e1til que te encantar\u00e1\",\"breadcrumb\":{\"@id\":\"https:\/\/lisjoyas.com\/producto\/brazalete-kate\/#breadcrumb\"},\"inLanguage\":\"en-US\",\"potentialAction\":[{\"@type\":\"ReadAction\",\"target\":[\"https:\/\/lisjoyas.com\/producto\/brazalete-kate\/\"]}]},{\"@type\":\"ImageObject\",\"inLanguage\":\"en-US\",\"@id\":\"https:\/\/lisjoyas.com\/producto\/brazalete-kate\/#primaryimage\",\"url\":\"https:\/\/lisjoyas.com\/wp-content\/uploads\/2024\/04\/brazalete-kate2.jpg\",\"contentUrl\":\"https:\/\/lisjoyas.com\/wp-content\/uploads\/2024\/04\/brazalete-kate2.jpg\",\"width\":668,\"height\":392},{\"@type\":\"BreadcrumbList\",\"@id\":\"https:\/\/lisjoyas.com\/producto\/brazalete-kate\/#breadcrumb\",\"itemListElement\":[{\"@type\":\"ListItem\",\"position\":1,\"name\":\"Portada\",\"item\":\"https:\/\/lisjoyas.com\/\"},{\"@type\":\"ListItem\",\"position\":2,\"name\":\"Tienda\",\"item\":\"https:\/\/lisjoyas.com\/tienda\/\"},{\"@type\":\"ListItem\",\"position\":3,\"name\":\"Brazalete Kate\"}]},{\"@type\":\"WebSite\",\"@id\":\"https:\/\/lisjoyas.com\/#website\",\"url\":\"https:\/\/lisjoyas.com\/\",\"name\":\"LIS Joyas\",\"description\":\"LIS Joyas\",\"publisher\":{\"@id\":\"https:\/\/lisjoyas.com\/#organization\"},\"potentialAction\":[{\"@type\":\"SearchAction\",\"target\":{\"@type\":\"EntryPoint\",\"urlTemplate\":\"https:\/\/lisjoyas.com\/?s={search_term_string}\"},\"query-input\":\"required name=search_term_string\"}],\"inLanguage\":\"en-US\"},{\"@type\":\"Organization\",\"@id\":\"https:\/\/lisjoyas.com\/#organization\",\"name\":\"Lis Joyas\",\"url\":\"https:\/\/lisjoyas.com\/\",\"logo\":{\"@type\":\"ImageObject\",\"inLanguage\":\"en-US\",\"@id\":\"https:\/\/lisjoyas.com\/#\/schema\/logo\/image\/\",\"url\":\"https:\/\/lisjoyas.com\/wp-content\/uploads\/2024\/04\/Lis_logo_color.svg\",\"contentUrl\":\"https:\/\/lisjoyas.com\/wp-content\/uploads\/2024\/04\/Lis_logo_color.svg\",\"width\":\"1024\",\"height\":\"1024\",\"caption\":\"Lis Joyas\"},\"image\":{\"@id\":\"https:\/\/lisjoyas.com\/#\/schema\/logo\/image\/\"},\"sameAs\":[\"https:\/\/www.facebook.com\/joyascontemporaneaslis?locale=es_LA\",\"https:\/\/www.instagram.com\/lisjoyas_\/\"]}]}<\/script>\n<!-- \/ Yoast SEO plugin. -->","yoast_head_json":{"title":"Brazalete Kate - Lis Joyas","description":"Brazalete Kate es un dise\u00f1o abstracto hecho con corte l\u00e1ser en cuero natural 100% uruguayo. Un accesorio c\u00f3modo vers\u00e1til que te encantar\u00e1","robots":{"index":"index","follow":"follow","max-snippet":"max-snippet:-1","max-image-preview":"max-image-preview:large","max-video-preview":"max-video-preview:-1"},"canonical":"http:\/\/lisjoyas.com\/en\/product\/brazalete-kate\/","og_locale":"en_US","og_type":"article","og_title":"Brazalete Kate - Lis Joyas","og_description":"Brazalete Kate es un dise\u00f1o abstracto hecho con corte l\u00e1ser en cuero natural 100% uruguayo. Un accesorio c\u00f3modo vers\u00e1til que te encantar\u00e1","og_url":"http:\/\/lisjoyas.com\/en\/product\/brazalete-kate\/","og_site_name":"Lis Joyas","article_publisher":"https:\/\/www.facebook.com\/joyascontemporaneaslis?locale=es_LA","article_modified_time":"2025-10-28T22:03:39+00:00","og_image":[{"width":668,"height":392,"url":"https:\/\/lisjoyas.com\/wp-content\/uploads\/2024\/04\/brazalete-kate2.jpg","type":"image\/jpeg"}],"twitter_card":"summary_large_image","twitter_misc":{"Est. reading time":"3 minutes"},"schema":{"@context":"https:\/\/schema.org","@graph":[{"@type":"WebPage","@id":"https:\/\/lisjoyas.com\/producto\/brazalete-kate\/","url":"https:\/\/lisjoyas.com\/producto\/brazalete-kate\/","name":"Brazalete Kate - Lis Joyas","isPartOf":{"@id":"https:\/\/lisjoyas.com\/#website"},"primaryImageOfPage":{"@id":"https:\/\/lisjoyas.com\/producto\/brazalete-kate\/#primaryimage"},"image":{"@id":"https:\/\/lisjoyas.com\/producto\/brazalete-kate\/#primaryimage"},"thumbnailUrl":"https:\/\/lisjoyas.com\/wp-content\/uploads\/2024\/04\/brazalete-kate2.jpg","datePublished":"2024-04-11T14:47:40+00:00","dateModified":"2025-10-28T22:03:39+00:00","description":"Brazalete Kate es un dise\u00f1o abstracto hecho con corte l\u00e1ser en cuero natural 100% uruguayo. Un accesorio c\u00f3modo vers\u00e1til que te encantar\u00e1","breadcrumb":{"@id":"https:\/\/lisjoyas.com\/producto\/brazalete-kate\/#breadcrumb"},"inLanguage":"en-US","potentialAction":[{"@type":"ReadAction","target":["https:\/\/lisjoyas.com\/producto\/brazalete-kate\/"]}]},{"@type":"ImageObject","inLanguage":"en-US","@id":"https:\/\/lisjoyas.com\/producto\/brazalete-kate\/#primaryimage","url":"https:\/\/lisjoyas.com\/wp-content\/uploads\/2024\/04\/brazalete-kate2.jpg","contentUrl":"https:\/\/lisjoyas.com\/wp-content\/uploads\/2024\/04\/brazalete-kate2.jpg","width":668,"height":392},{"@type":"BreadcrumbList","@id":"https:\/\/lisjoyas.com\/producto\/brazalete-kate\/#breadcrumb","itemListElement":[{"@type":"ListItem","position":1,"name":"Portada","item":"https:\/\/lisjoyas.com\/"},{"@type":"ListItem","position":2,"name":"Tienda","item":"https:\/\/lisjoyas.com\/tienda\/"},{"@type":"ListItem","position":3,"name":"Brazalete Kate"}]},{"@type":"WebSite","@id":"https:\/\/lisjoyas.com\/#website","url":"https:\/\/lisjoyas.com\/","name":"LIS Joyas","description":"LIS Joyas","publisher":{"@id":"https:\/\/lisjoyas.com\/#organization"},"potentialAction":[{"@type":"SearchAction","target":{"@type":"EntryPoint","urlTemplate":"https:\/\/lisjoyas.com\/?s={search_term_string}"},"query-input":"required name=search_term_string"}],"inLanguage":"en-US"},{"@type":"Organization","@id":"https:\/\/lisjoyas.com\/#organization","name":"Lis Joyas","url":"https:\/\/lisjoyas.com\/","logo":{"@type":"ImageObject","inLanguage":"en-US","@id":"https:\/\/lisjoyas.com\/#\/schema\/logo\/image\/","url":"https:\/\/lisjoyas.com\/wp-content\/uploads\/2024\/04\/Lis_logo_color.svg","contentUrl":"https:\/\/lisjoyas.com\/wp-content\/uploads\/2024\/04\/Lis_logo_color.svg","width":"1024","height":"1024","caption":"Lis Joyas"},"image":{"@id":"https:\/\/lisjoyas.com\/#\/schema\/logo\/image\/"},"sameAs":["https:\/\/www.facebook.com\/joyascontemporaneaslis?locale=es_LA","https:\/\/www.instagram.com\/lisjoyas_\/"]}]}},"_links":{"self":[{"href":"http:\/\/lisjoyas.com\/en\/wp-json\/wp\/v2\/product\/1864","targetHints":{"allow":["GET"]}}],"collection":[{"href":"http:\/\/lisjoyas.com\/en\/wp-json\/wp\/v2\/product"}],"about":[{"href":"http:\/\/lisjoyas.com\/en\/wp-json\/wp\/v2\/types\/product"}],"wp:featuredmedia":[{"embeddable":true,"href":"http:\/\/lisjoyas.com\/en\/wp-json\/wp\/v2\/media\/1871"}],"wp:attachment":[{"href":"http:\/\/lisjoyas.com\/en\/wp-json\/wp\/v2\/media?parent=1864"}],"wp:term":[{"taxonomy":"product_cat","embeddable":true,"href":"http:\/\/lisjoyas.com\/en\/wp-json\/wp\/v2\/product_cat?post=1864"},{"taxonomy":"product_tag","embeddable":true,"href":"http:\/\/lisjoyas.com\/en\/wp-json\/wp\/v2\/product_tag?post=1864"}],"curies":[{"name":"wp","href":"https:\/\/api.w.org\/{rel}","templated":true}]}}