{"id":1971,"date":"2024-04-11T15:43:46","date_gmt":"2024-04-11T15:43:46","guid":{"rendered":"https:\/\/lisjoyas.com\/?post_type=product&#038;p=1971"},"modified":"2025-12-29T15:26:23","modified_gmt":"2025-12-29T15:26:23","slug":"brazalete-magnolia","status":"publish","type":"product","link":"http:\/\/lisjoyas.com\/en\/product\/brazalete-magnolia\/","title":{"rendered":"Magnolia Bracelet"},"content":{"rendered":"","protected":false},"excerpt":{"rendered":"<p>Magnolia Bracelet, add a unique and elegant touch to your outfits with our exclusive \u201cMagnolia\u201d bracelet. This leather bracelet with leather details offers a sophisticated style that will not go unnoticed.<br \/>\nTwin clasps ensure a secure and comfortable closure, while the bracelet&#039;s versatile design makes it suitable for any occasion.<\/p>\n<p>From casual gatherings to special events, the Magnolia bracelet is the perfect accessory to enhance your style.<br \/>\nOur bracelets are meticulously crafted to the highest quality standards, making them unique and long-lasting pieces. Every detail has been carefully designed to offer an exceptional wearing experience.<\/p>\n<p>At our online store, we are dedicated to providing a hassle-free shopping experience. With fast shipping and exceptional customer service, we are here to help you find the perfect bracelet to complement your style and personality.<br \/>\nDare to stand out with our \u201cMagnolia\u201d bracelet. Explore our collection now and discover the distinction it will add to your outfits! You may also like the\u00a0<a href=\"https:\/\/lisjoyas.com\/en\/product\/brazalete-fenix\/\">Phoenix Bracelet<\/a><\/p>\n<p>We are part of the <a href=\"https:\/\/cdu.org.uy\/\">https:\/\/cdu.org.uy\/<\/a><\/p>","protected":false},"featured_media":3693,"template":"","meta":{"inline_featured_image":false,"_joinchat":[]},"product_cat":[17],"product_tag":[166,162,163,197,84,196,161,159,160,165,158,179,164],"class_list":{"0":"post-1971","1":"product","2":"type-product","3":"status-publish","4":"has-post-thumbnail","6":"product_cat-brazaletes","7":"product_tag-art-in-accessories","8":"product_tag-arte-en-accesorios-handcrafted-contemporary-jewelry","9":"product_tag-avant-garde-design","10":"product_tag-brazalete-con-pelo","11":"product_tag-brazalete-de-cuero","12":"product_tag-brazalete-de-piel","13":"product_tag-creaciones-innovadoras","14":"product_tag-diseno-vanguardista","15":"product_tag-estilo-unico","16":"product_tag-innovative-creations","17":"product_tag-joyas-contemporaneas-artesanales","18":"product_tag-pulseras","19":"product_tag-unique-style","21":"first","22":"instock","23":"shipping-taxable","24":"purchasable","25":"product-type-variable"},"yoast_head":"<!-- This site is optimized with the Yoast SEO plugin v23.2 - https:\/\/yoast.com\/wordpress\/plugins\/seo\/ -->\n<title>Brazalete Magnolia - Lis Joyas<\/title>\n<meta name=\"description\" content=\"Brazalete Magnolia es un comod\u00edn dentro de tus accesorios, s\u00faper vers\u00e1til tanto para el d\u00eda como para la noche. Un brazalete con un dise\u00f1o simple y hermoso.\" \/>\n<meta name=\"robots\" content=\"index, follow, max-snippet:-1, max-image-preview:large, max-video-preview:-1\" \/>\n<link rel=\"canonical\" href=\"http:\/\/lisjoyas.com\/en\/product\/brazalete-magnolia\/\" \/>\n<meta property=\"og:locale\" content=\"en_US\" \/>\n<meta property=\"og:type\" content=\"article\" \/>\n<meta property=\"og:title\" content=\"Brazalete Magnolia - Lis Joyas\" \/>\n<meta property=\"og:description\" content=\"Brazalete Magnolia es un comod\u00edn dentro de tus accesorios, s\u00faper vers\u00e1til tanto para el d\u00eda como para la noche. Un brazalete con un dise\u00f1o simple y hermoso.\" \/>\n<meta property=\"og:url\" content=\"http:\/\/lisjoyas.com\/en\/product\/brazalete-magnolia\/\" \/>\n<meta property=\"og:site_name\" content=\"Lis Joyas\" \/>\n<meta property=\"article:publisher\" content=\"https:\/\/www.facebook.com\/joyascontemporaneaslis?locale=es_LA\" \/>\n<meta property=\"article:modified_time\" content=\"2025-12-29T15:26:23+00:00\" \/>\n<meta property=\"og:image\" content=\"https:\/\/lisjoyas.com\/wp-content\/uploads\/2024\/04\/brazalete-magnolia-chocolate.png\" \/>\n\t<meta property=\"og:image:width\" content=\"500\" \/>\n\t<meta property=\"og:image:height\" content=\"500\" \/>\n\t<meta property=\"og:image:type\" content=\"image\/png\" \/>\n<meta name=\"twitter:card\" content=\"summary_large_image\" \/>\n<meta name=\"twitter:label1\" content=\"Est. reading time\" \/>\n\t<meta name=\"twitter:data1\" content=\"3 minutes\" \/>\n<script type=\"application\/ld+json\" class=\"yoast-schema-graph\">{\"@context\":\"https:\/\/schema.org\",\"@graph\":[{\"@type\":\"WebPage\",\"@id\":\"https:\/\/lisjoyas.com\/producto\/brazalete-magnolia\/\",\"url\":\"https:\/\/lisjoyas.com\/producto\/brazalete-magnolia\/\",\"name\":\"Brazalete Magnolia - Lis Joyas\",\"isPartOf\":{\"@id\":\"https:\/\/lisjoyas.com\/#website\"},\"primaryImageOfPage\":{\"@id\":\"https:\/\/lisjoyas.com\/producto\/brazalete-magnolia\/#primaryimage\"},\"image\":{\"@id\":\"https:\/\/lisjoyas.com\/producto\/brazalete-magnolia\/#primaryimage\"},\"thumbnailUrl\":\"https:\/\/lisjoyas.com\/wp-content\/uploads\/2024\/04\/brazalete-magnolia-chocolate.png\",\"datePublished\":\"2024-04-11T15:43:46+00:00\",\"dateModified\":\"2025-12-29T15:26:23+00:00\",\"description\":\"Brazalete Magnolia es un comod\u00edn dentro de tus accesorios, s\u00faper vers\u00e1til tanto para el d\u00eda como para la noche. Un brazalete con un dise\u00f1o simple y hermoso.\",\"breadcrumb\":{\"@id\":\"https:\/\/lisjoyas.com\/producto\/brazalete-magnolia\/#breadcrumb\"},\"inLanguage\":\"en-US\",\"potentialAction\":[{\"@type\":\"ReadAction\",\"target\":[\"https:\/\/lisjoyas.com\/producto\/brazalete-magnolia\/\"]}]},{\"@type\":\"ImageObject\",\"inLanguage\":\"en-US\",\"@id\":\"https:\/\/lisjoyas.com\/producto\/brazalete-magnolia\/#primaryimage\",\"url\":\"https:\/\/lisjoyas.com\/wp-content\/uploads\/2024\/04\/brazalete-magnolia-chocolate.png\",\"contentUrl\":\"https:\/\/lisjoyas.com\/wp-content\/uploads\/2024\/04\/brazalete-magnolia-chocolate.png\",\"width\":500,\"height\":500},{\"@type\":\"BreadcrumbList\",\"@id\":\"https:\/\/lisjoyas.com\/producto\/brazalete-magnolia\/#breadcrumb\",\"itemListElement\":[{\"@type\":\"ListItem\",\"position\":1,\"name\":\"Portada\",\"item\":\"https:\/\/lisjoyas.com\/\"},{\"@type\":\"ListItem\",\"position\":2,\"name\":\"Tienda\",\"item\":\"https:\/\/lisjoyas.com\/tienda\/\"},{\"@type\":\"ListItem\",\"position\":3,\"name\":\"Brazalete Magnolia\"}]},{\"@type\":\"WebSite\",\"@id\":\"https:\/\/lisjoyas.com\/#website\",\"url\":\"https:\/\/lisjoyas.com\/\",\"name\":\"LIS Joyas\",\"description\":\"LIS Joyas\",\"publisher\":{\"@id\":\"https:\/\/lisjoyas.com\/#organization\"},\"potentialAction\":[{\"@type\":\"SearchAction\",\"target\":{\"@type\":\"EntryPoint\",\"urlTemplate\":\"https:\/\/lisjoyas.com\/?s={search_term_string}\"},\"query-input\":\"required name=search_term_string\"}],\"inLanguage\":\"en-US\"},{\"@type\":\"Organization\",\"@id\":\"https:\/\/lisjoyas.com\/#organization\",\"name\":\"Lis Joyas\",\"url\":\"https:\/\/lisjoyas.com\/\",\"logo\":{\"@type\":\"ImageObject\",\"inLanguage\":\"en-US\",\"@id\":\"https:\/\/lisjoyas.com\/#\/schema\/logo\/image\/\",\"url\":\"https:\/\/lisjoyas.com\/wp-content\/uploads\/2024\/04\/Lis_logo_color.svg\",\"contentUrl\":\"https:\/\/lisjoyas.com\/wp-content\/uploads\/2024\/04\/Lis_logo_color.svg\",\"width\":\"1024\",\"height\":\"1024\",\"caption\":\"Lis Joyas\"},\"image\":{\"@id\":\"https:\/\/lisjoyas.com\/#\/schema\/logo\/image\/\"},\"sameAs\":[\"https:\/\/www.facebook.com\/joyascontemporaneaslis?locale=es_LA\",\"https:\/\/www.instagram.com\/lisjoyas_\/\"]}]}<\/script>\n<!-- \/ Yoast SEO plugin. -->","yoast_head_json":{"title":"Brazalete Magnolia - Lis Joyas","description":"Brazalete Magnolia es un comod\u00edn dentro de tus accesorios, s\u00faper vers\u00e1til tanto para el d\u00eda como para la noche. Un brazalete con un dise\u00f1o simple y hermoso.","robots":{"index":"index","follow":"follow","max-snippet":"max-snippet:-1","max-image-preview":"max-image-preview:large","max-video-preview":"max-video-preview:-1"},"canonical":"http:\/\/lisjoyas.com\/en\/product\/brazalete-magnolia\/","og_locale":"en_US","og_type":"article","og_title":"Brazalete Magnolia - Lis Joyas","og_description":"Brazalete Magnolia es un comod\u00edn dentro de tus accesorios, s\u00faper vers\u00e1til tanto para el d\u00eda como para la noche. Un brazalete con un dise\u00f1o simple y hermoso.","og_url":"http:\/\/lisjoyas.com\/en\/product\/brazalete-magnolia\/","og_site_name":"Lis Joyas","article_publisher":"https:\/\/www.facebook.com\/joyascontemporaneaslis?locale=es_LA","article_modified_time":"2025-12-29T15:26:23+00:00","og_image":[{"width":500,"height":500,"url":"https:\/\/lisjoyas.com\/wp-content\/uploads\/2024\/04\/brazalete-magnolia-chocolate.png","type":"image\/png"}],"twitter_card":"summary_large_image","twitter_misc":{"Est. reading time":"3 minutes"},"schema":{"@context":"https:\/\/schema.org","@graph":[{"@type":"WebPage","@id":"https:\/\/lisjoyas.com\/producto\/brazalete-magnolia\/","url":"https:\/\/lisjoyas.com\/producto\/brazalete-magnolia\/","name":"Brazalete Magnolia - Lis Joyas","isPartOf":{"@id":"https:\/\/lisjoyas.com\/#website"},"primaryImageOfPage":{"@id":"https:\/\/lisjoyas.com\/producto\/brazalete-magnolia\/#primaryimage"},"image":{"@id":"https:\/\/lisjoyas.com\/producto\/brazalete-magnolia\/#primaryimage"},"thumbnailUrl":"https:\/\/lisjoyas.com\/wp-content\/uploads\/2024\/04\/brazalete-magnolia-chocolate.png","datePublished":"2024-04-11T15:43:46+00:00","dateModified":"2025-12-29T15:26:23+00:00","description":"Brazalete Magnolia es un comod\u00edn dentro de tus accesorios, s\u00faper vers\u00e1til tanto para el d\u00eda como para la noche. Un brazalete con un dise\u00f1o simple y hermoso.","breadcrumb":{"@id":"https:\/\/lisjoyas.com\/producto\/brazalete-magnolia\/#breadcrumb"},"inLanguage":"en-US","potentialAction":[{"@type":"ReadAction","target":["https:\/\/lisjoyas.com\/producto\/brazalete-magnolia\/"]}]},{"@type":"ImageObject","inLanguage":"en-US","@id":"https:\/\/lisjoyas.com\/producto\/brazalete-magnolia\/#primaryimage","url":"https:\/\/lisjoyas.com\/wp-content\/uploads\/2024\/04\/brazalete-magnolia-chocolate.png","contentUrl":"https:\/\/lisjoyas.com\/wp-content\/uploads\/2024\/04\/brazalete-magnolia-chocolate.png","width":500,"height":500},{"@type":"BreadcrumbList","@id":"https:\/\/lisjoyas.com\/producto\/brazalete-magnolia\/#breadcrumb","itemListElement":[{"@type":"ListItem","position":1,"name":"Portada","item":"https:\/\/lisjoyas.com\/"},{"@type":"ListItem","position":2,"name":"Tienda","item":"https:\/\/lisjoyas.com\/tienda\/"},{"@type":"ListItem","position":3,"name":"Brazalete Magnolia"}]},{"@type":"WebSite","@id":"https:\/\/lisjoyas.com\/#website","url":"https:\/\/lisjoyas.com\/","name":"LIS Joyas","description":"LIS Joyas","publisher":{"@id":"https:\/\/lisjoyas.com\/#organization"},"potentialAction":[{"@type":"SearchAction","target":{"@type":"EntryPoint","urlTemplate":"https:\/\/lisjoyas.com\/?s={search_term_string}"},"query-input":"required name=search_term_string"}],"inLanguage":"en-US"},{"@type":"Organization","@id":"https:\/\/lisjoyas.com\/#organization","name":"Lis Joyas","url":"https:\/\/lisjoyas.com\/","logo":{"@type":"ImageObject","inLanguage":"en-US","@id":"https:\/\/lisjoyas.com\/#\/schema\/logo\/image\/","url":"https:\/\/lisjoyas.com\/wp-content\/uploads\/2024\/04\/Lis_logo_color.svg","contentUrl":"https:\/\/lisjoyas.com\/wp-content\/uploads\/2024\/04\/Lis_logo_color.svg","width":"1024","height":"1024","caption":"Lis Joyas"},"image":{"@id":"https:\/\/lisjoyas.com\/#\/schema\/logo\/image\/"},"sameAs":["https:\/\/www.facebook.com\/joyascontemporaneaslis?locale=es_LA","https:\/\/www.instagram.com\/lisjoyas_\/"]}]}},"_links":{"self":[{"href":"http:\/\/lisjoyas.com\/en\/wp-json\/wp\/v2\/product\/1971","targetHints":{"allow":["GET"]}}],"collection":[{"href":"http:\/\/lisjoyas.com\/en\/wp-json\/wp\/v2\/product"}],"about":[{"href":"http:\/\/lisjoyas.com\/en\/wp-json\/wp\/v2\/types\/product"}],"wp:featuredmedia":[{"embeddable":true,"href":"http:\/\/lisjoyas.com\/en\/wp-json\/wp\/v2\/media\/3693"}],"wp:attachment":[{"href":"http:\/\/lisjoyas.com\/en\/wp-json\/wp\/v2\/media?parent=1971"}],"wp:term":[{"taxonomy":"product_cat","embeddable":true,"href":"http:\/\/lisjoyas.com\/en\/wp-json\/wp\/v2\/product_cat?post=1971"},{"taxonomy":"product_tag","embeddable":true,"href":"http:\/\/lisjoyas.com\/en\/wp-json\/wp\/v2\/product_tag?post=1971"}],"curies":[{"name":"wp","href":"https:\/\/api.w.org\/{rel}","templated":true}]}}