{"id":2573,"date":"2024-05-02T14:46:46","date_gmt":"2024-05-02T14:46:46","guid":{"rendered":"https:\/\/lisjoyas.com\/?post_type=product&#038;p=2573"},"modified":"2024-08-16T15:20:01","modified_gmt":"2024-08-16T15:20:01","slug":"brazalete-eslabones","status":"publish","type":"product","link":"http:\/\/lisjoyas.com\/en\/product\/brazalete-eslabones\/","title":{"rendered":"Link Bracelet"},"content":{"rendered":"","protected":false},"excerpt":{"rendered":"<p><span style=\"font-weight: 400;\">Link Bracelet, immerse yourself in unique elegance with our link bracelet, carefully handcrafted with natural Uruguayan leather. This stunning accessory combines leather tradition with technological innovation by using laser technique to create a distinctive geometric design.<\/span><\/p>\n<p><span style=\"font-weight: 400;\">The bracelet consists of five leather links, each with a unique geometric shape, harmoniously intertwined. These links are joined by a leather strip that closes with a snap clasp, ensuring a secure and comfortable fit.<\/span><\/p>\n<p><span style=\"font-weight: 400;\">Inspired by the intricate interlacings of Celtic art, this bracelet is an expression of style and sophistication. Whether you wear it as a fashion statement or as a symbol of your appreciation for meticulous craftsmanship, the link bracelet will be the perfect complement to your distinctive style.<\/span><\/p>","protected":false},"featured_media":2578,"template":"","meta":{"inline_featured_image":false,"_joinchat":[]},"product_cat":[17],"product_tag":[173,180,174,176,177,170,64,171,181,172,175],"class_list":{"0":"post-2573","1":"product","2":"type-product","3":"status-publish","4":"has-post-thumbnail","6":"product_cat-brazaletes","7":"product_tag-accesorios-de-vanguardia-modern-jewelry","8":"product_tag-brazaletes-en-cuero","9":"product_tag-contemporary-design","10":"product_tag-current-trends","11":"product_tag-cutting-edge-accessories","12":"product_tag-diseno-contemporaneo","13":"product_tag-joyeria-moderna","14":"product_tag-piezas-unicas","15":"product_tag-pulseras-en-cuero","16":"product_tag-tendencias-actuales","17":"product_tag-unique-pieces","19":"first","20":"instock","21":"shipping-taxable","22":"purchasable","23":"product-type-variable"},"yoast_head":"<!-- This site is optimized with the Yoast SEO plugin v23.2 - https:\/\/yoast.com\/wordpress\/plugins\/seo\/ -->\n<title>Brazalete Eslabones - Lis Joyas<\/title>\n<meta name=\"description\" content=\"Este impresionante accesorio combina la tradici\u00f3n del cuero con la innovaci\u00f3n tecnol\u00f3gica al utilizar la t\u00e9cnica l\u00e1ser para crear un dise\u00f1o distintivo.\" \/>\n<meta name=\"robots\" content=\"index, follow, max-snippet:-1, max-image-preview:large, max-video-preview:-1\" \/>\n<link rel=\"canonical\" href=\"http:\/\/lisjoyas.com\/en\/product\/brazalete-eslabones\/\" \/>\n<meta property=\"og:locale\" content=\"en_US\" \/>\n<meta property=\"og:type\" content=\"article\" \/>\n<meta property=\"og:title\" content=\"Brazalete Eslabones - Lis Joyas\" \/>\n<meta property=\"og:description\" content=\"Este impresionante accesorio combina la tradici\u00f3n del cuero con la innovaci\u00f3n tecnol\u00f3gica al utilizar la t\u00e9cnica l\u00e1ser para crear un dise\u00f1o distintivo.\" \/>\n<meta property=\"og:url\" content=\"http:\/\/lisjoyas.com\/en\/product\/brazalete-eslabones\/\" \/>\n<meta property=\"og:site_name\" content=\"Lis Joyas\" \/>\n<meta property=\"article:publisher\" content=\"https:\/\/www.facebook.com\/joyascontemporaneaslis?locale=es_LA\" \/>\n<meta property=\"article:modified_time\" content=\"2024-08-16T15:20:01+00:00\" \/>\n<meta property=\"og:image\" content=\"https:\/\/lisjoyas.com\/wp-content\/uploads\/2024\/05\/Brazalete-eslabones-.jpg\" \/>\n\t<meta property=\"og:image:width\" content=\"1125\" \/>\n\t<meta property=\"og:image:height\" content=\"1719\" \/>\n\t<meta property=\"og:image:type\" content=\"image\/jpeg\" \/>\n<meta name=\"twitter:card\" content=\"summary_large_image\" \/>\n<meta name=\"twitter:label1\" content=\"Est. reading time\" \/>\n\t<meta name=\"twitter:data1\" content=\"3 minutes\" \/>\n<script type=\"application\/ld+json\" class=\"yoast-schema-graph\">{\"@context\":\"https:\/\/schema.org\",\"@graph\":[{\"@type\":\"WebPage\",\"@id\":\"https:\/\/lisjoyas.com\/producto\/brazalete-eslabones\/\",\"url\":\"https:\/\/lisjoyas.com\/producto\/brazalete-eslabones\/\",\"name\":\"Brazalete Eslabones - Lis Joyas\",\"isPartOf\":{\"@id\":\"https:\/\/lisjoyas.com\/#website\"},\"primaryImageOfPage\":{\"@id\":\"https:\/\/lisjoyas.com\/producto\/brazalete-eslabones\/#primaryimage\"},\"image\":{\"@id\":\"https:\/\/lisjoyas.com\/producto\/brazalete-eslabones\/#primaryimage\"},\"thumbnailUrl\":\"https:\/\/lisjoyas.com\/wp-content\/uploads\/2024\/05\/Brazalete-eslabones-.jpg\",\"datePublished\":\"2024-05-02T14:46:46+00:00\",\"dateModified\":\"2024-08-16T15:20:01+00:00\",\"description\":\"Este impresionante accesorio combina la tradici\u00f3n del cuero con la innovaci\u00f3n tecnol\u00f3gica al utilizar la t\u00e9cnica l\u00e1ser para crear un dise\u00f1o distintivo.\",\"breadcrumb\":{\"@id\":\"https:\/\/lisjoyas.com\/producto\/brazalete-eslabones\/#breadcrumb\"},\"inLanguage\":\"en-US\",\"potentialAction\":[{\"@type\":\"ReadAction\",\"target\":[\"https:\/\/lisjoyas.com\/producto\/brazalete-eslabones\/\"]}]},{\"@type\":\"ImageObject\",\"inLanguage\":\"en-US\",\"@id\":\"https:\/\/lisjoyas.com\/producto\/brazalete-eslabones\/#primaryimage\",\"url\":\"https:\/\/lisjoyas.com\/wp-content\/uploads\/2024\/05\/Brazalete-eslabones-.jpg\",\"contentUrl\":\"https:\/\/lisjoyas.com\/wp-content\/uploads\/2024\/05\/Brazalete-eslabones-.jpg\",\"width\":1125,\"height\":1719},{\"@type\":\"BreadcrumbList\",\"@id\":\"https:\/\/lisjoyas.com\/producto\/brazalete-eslabones\/#breadcrumb\",\"itemListElement\":[{\"@type\":\"ListItem\",\"position\":1,\"name\":\"Portada\",\"item\":\"https:\/\/lisjoyas.com\/\"},{\"@type\":\"ListItem\",\"position\":2,\"name\":\"Tienda\",\"item\":\"https:\/\/lisjoyas.com\/tienda\/\"},{\"@type\":\"ListItem\",\"position\":3,\"name\":\"Brazalete Eslabones\"}]},{\"@type\":\"WebSite\",\"@id\":\"https:\/\/lisjoyas.com\/#website\",\"url\":\"https:\/\/lisjoyas.com\/\",\"name\":\"LIS Joyas\",\"description\":\"LIS Joyas\",\"publisher\":{\"@id\":\"https:\/\/lisjoyas.com\/#organization\"},\"potentialAction\":[{\"@type\":\"SearchAction\",\"target\":{\"@type\":\"EntryPoint\",\"urlTemplate\":\"https:\/\/lisjoyas.com\/?s={search_term_string}\"},\"query-input\":\"required name=search_term_string\"}],\"inLanguage\":\"en-US\"},{\"@type\":\"Organization\",\"@id\":\"https:\/\/lisjoyas.com\/#organization\",\"name\":\"Lis Joyas\",\"url\":\"https:\/\/lisjoyas.com\/\",\"logo\":{\"@type\":\"ImageObject\",\"inLanguage\":\"en-US\",\"@id\":\"https:\/\/lisjoyas.com\/#\/schema\/logo\/image\/\",\"url\":\"https:\/\/lisjoyas.com\/wp-content\/uploads\/2024\/04\/Lis_logo_color.svg\",\"contentUrl\":\"https:\/\/lisjoyas.com\/wp-content\/uploads\/2024\/04\/Lis_logo_color.svg\",\"width\":\"1024\",\"height\":\"1024\",\"caption\":\"Lis Joyas\"},\"image\":{\"@id\":\"https:\/\/lisjoyas.com\/#\/schema\/logo\/image\/\"},\"sameAs\":[\"https:\/\/www.facebook.com\/joyascontemporaneaslis?locale=es_LA\",\"https:\/\/www.instagram.com\/lisjoyas_\/\"]}]}<\/script>\n<!-- \/ Yoast SEO plugin. -->","yoast_head_json":{"title":"Brazalete Eslabones - Lis Joyas","description":"Este impresionante accesorio combina la tradici\u00f3n del cuero con la innovaci\u00f3n tecnol\u00f3gica al utilizar la t\u00e9cnica l\u00e1ser para crear un dise\u00f1o distintivo.","robots":{"index":"index","follow":"follow","max-snippet":"max-snippet:-1","max-image-preview":"max-image-preview:large","max-video-preview":"max-video-preview:-1"},"canonical":"http:\/\/lisjoyas.com\/en\/product\/brazalete-eslabones\/","og_locale":"en_US","og_type":"article","og_title":"Brazalete Eslabones - Lis Joyas","og_description":"Este impresionante accesorio combina la tradici\u00f3n del cuero con la innovaci\u00f3n tecnol\u00f3gica al utilizar la t\u00e9cnica l\u00e1ser para crear un dise\u00f1o distintivo.","og_url":"http:\/\/lisjoyas.com\/en\/product\/brazalete-eslabones\/","og_site_name":"Lis Joyas","article_publisher":"https:\/\/www.facebook.com\/joyascontemporaneaslis?locale=es_LA","article_modified_time":"2024-08-16T15:20:01+00:00","og_image":[{"width":1125,"height":1719,"url":"https:\/\/lisjoyas.com\/wp-content\/uploads\/2024\/05\/Brazalete-eslabones-.jpg","type":"image\/jpeg"}],"twitter_card":"summary_large_image","twitter_misc":{"Est. reading time":"3 minutes"},"schema":{"@context":"https:\/\/schema.org","@graph":[{"@type":"WebPage","@id":"https:\/\/lisjoyas.com\/producto\/brazalete-eslabones\/","url":"https:\/\/lisjoyas.com\/producto\/brazalete-eslabones\/","name":"Brazalete Eslabones - Lis Joyas","isPartOf":{"@id":"https:\/\/lisjoyas.com\/#website"},"primaryImageOfPage":{"@id":"https:\/\/lisjoyas.com\/producto\/brazalete-eslabones\/#primaryimage"},"image":{"@id":"https:\/\/lisjoyas.com\/producto\/brazalete-eslabones\/#primaryimage"},"thumbnailUrl":"https:\/\/lisjoyas.com\/wp-content\/uploads\/2024\/05\/Brazalete-eslabones-.jpg","datePublished":"2024-05-02T14:46:46+00:00","dateModified":"2024-08-16T15:20:01+00:00","description":"Este impresionante accesorio combina la tradici\u00f3n del cuero con la innovaci\u00f3n tecnol\u00f3gica al utilizar la t\u00e9cnica l\u00e1ser para crear un dise\u00f1o distintivo.","breadcrumb":{"@id":"https:\/\/lisjoyas.com\/producto\/brazalete-eslabones\/#breadcrumb"},"inLanguage":"en-US","potentialAction":[{"@type":"ReadAction","target":["https:\/\/lisjoyas.com\/producto\/brazalete-eslabones\/"]}]},{"@type":"ImageObject","inLanguage":"en-US","@id":"https:\/\/lisjoyas.com\/producto\/brazalete-eslabones\/#primaryimage","url":"https:\/\/lisjoyas.com\/wp-content\/uploads\/2024\/05\/Brazalete-eslabones-.jpg","contentUrl":"https:\/\/lisjoyas.com\/wp-content\/uploads\/2024\/05\/Brazalete-eslabones-.jpg","width":1125,"height":1719},{"@type":"BreadcrumbList","@id":"https:\/\/lisjoyas.com\/producto\/brazalete-eslabones\/#breadcrumb","itemListElement":[{"@type":"ListItem","position":1,"name":"Portada","item":"https:\/\/lisjoyas.com\/"},{"@type":"ListItem","position":2,"name":"Tienda","item":"https:\/\/lisjoyas.com\/tienda\/"},{"@type":"ListItem","position":3,"name":"Brazalete Eslabones"}]},{"@type":"WebSite","@id":"https:\/\/lisjoyas.com\/#website","url":"https:\/\/lisjoyas.com\/","name":"LIS Joyas","description":"LIS Joyas","publisher":{"@id":"https:\/\/lisjoyas.com\/#organization"},"potentialAction":[{"@type":"SearchAction","target":{"@type":"EntryPoint","urlTemplate":"https:\/\/lisjoyas.com\/?s={search_term_string}"},"query-input":"required name=search_term_string"}],"inLanguage":"en-US"},{"@type":"Organization","@id":"https:\/\/lisjoyas.com\/#organization","name":"Lis Joyas","url":"https:\/\/lisjoyas.com\/","logo":{"@type":"ImageObject","inLanguage":"en-US","@id":"https:\/\/lisjoyas.com\/#\/schema\/logo\/image\/","url":"https:\/\/lisjoyas.com\/wp-content\/uploads\/2024\/04\/Lis_logo_color.svg","contentUrl":"https:\/\/lisjoyas.com\/wp-content\/uploads\/2024\/04\/Lis_logo_color.svg","width":"1024","height":"1024","caption":"Lis Joyas"},"image":{"@id":"https:\/\/lisjoyas.com\/#\/schema\/logo\/image\/"},"sameAs":["https:\/\/www.facebook.com\/joyascontemporaneaslis?locale=es_LA","https:\/\/www.instagram.com\/lisjoyas_\/"]}]}},"_links":{"self":[{"href":"http:\/\/lisjoyas.com\/en\/wp-json\/wp\/v2\/product\/2573","targetHints":{"allow":["GET"]}}],"collection":[{"href":"http:\/\/lisjoyas.com\/en\/wp-json\/wp\/v2\/product"}],"about":[{"href":"http:\/\/lisjoyas.com\/en\/wp-json\/wp\/v2\/types\/product"}],"wp:featuredmedia":[{"embeddable":true,"href":"http:\/\/lisjoyas.com\/en\/wp-json\/wp\/v2\/media\/2578"}],"wp:attachment":[{"href":"http:\/\/lisjoyas.com\/en\/wp-json\/wp\/v2\/media?parent=2573"}],"wp:term":[{"taxonomy":"product_cat","embeddable":true,"href":"http:\/\/lisjoyas.com\/en\/wp-json\/wp\/v2\/product_cat?post=2573"},{"taxonomy":"product_tag","embeddable":true,"href":"http:\/\/lisjoyas.com\/en\/wp-json\/wp\/v2\/product_tag?post=2573"}],"curies":[{"name":"wp","href":"https:\/\/api.w.org\/{rel}","templated":true}]}}