{"id":2609,"date":"2024-05-02T15:18:59","date_gmt":"2024-05-02T15:18:59","guid":{"rendered":"https:\/\/lisjoyas.com\/?post_type=product&#038;p=2609"},"modified":"2024-05-29T12:25:51","modified_gmt":"2024-05-29T12:25:51","slug":"brazalete-hexa","status":"publish","type":"product","link":"http:\/\/lisjoyas.com\/en\/product\/brazalete-hexa\/","title":{"rendered":"Hexa Bracelet"},"content":{"rendered":"","protected":false},"excerpt":{"rendered":"<p><span style=\"font-weight: 400;\">Elevate Your Style with Our Natural Leather Hexa Bracelet!<\/span><\/p>\n<p><span style=\"font-weight: 400;\">Add a touch of modernity and sophistication to your outfits with our \u201cHexa\u201d bracelet. This elegant accessory features a line of openwork hexagons, carefully designed in natural leather to create a unique and eye-catching effect.<\/span><\/p>\n<p><span style=\"font-weight: 400;\">The snap closure ensures a comfortable and secure fit, while the versatile design of the bracelet makes it a must-have staple in your accessories collection. Whether you want to add a touch of style to your everyday outfit or complement a more elegant look for a special occasion, the Hexa bracelet is the perfect choice.<\/span><\/p>\n<p><span style=\"font-weight: 400;\">Lightweight and easy to wear, our bracelet is the ideal accessory for any occasion. Its minimalist and modern design adapts to any style and personality, making it a versatile basic that will never go out of style.<\/span><\/p>\n<p><span style=\"font-weight: 400;\">At our store, we pride ourselves on providing quality products and an exceptional shopping experience. With fast and secure shipping, as well as attentive and professional customer service, we are here to help you find the perfect complement to your outfits.<\/span><\/p>\n<p><span style=\"font-weight: 400;\">Dare to stand out with our natural leather \u201cHexa\u201d bracelet. Explore our collection now and discover the unique style it will add to your look!<\/span><\/p>","protected":false},"featured_media":2615,"template":"","meta":{"inline_featured_image":false,"_joinchat":[]},"product_cat":[17],"product_tag":[173,174,176,177,170,64,171,172,175],"class_list":{"0":"post-2609","1":"product","2":"type-product","3":"status-publish","4":"has-post-thumbnail","6":"product_cat-brazaletes","7":"product_tag-accesorios-de-vanguardia-modern-jewelry","8":"product_tag-contemporary-design","9":"product_tag-current-trends","10":"product_tag-cutting-edge-accessories","11":"product_tag-diseno-contemporaneo","12":"product_tag-joyeria-moderna","13":"product_tag-piezas-unicas","14":"product_tag-tendencias-actuales","15":"product_tag-unique-pieces","17":"first","18":"instock","19":"shipping-taxable","20":"purchasable","21":"product-type-variable"},"yoast_head":"<!-- This site is optimized with the Yoast SEO plugin v23.2 - https:\/\/yoast.com\/wordpress\/plugins\/seo\/ -->\n<title>Brazalete Hexa - Lis Joyas<\/title>\n<meta name=\"description\" content=\"Brazalete Hexa est\u00e1 hecho en cuero natural 100% uruguayo, un dise\u00f1o abstracto con calados y broche a presi\u00f3n. De 4 cm de ancho aprox.\" \/>\n<meta name=\"robots\" content=\"index, follow, max-snippet:-1, max-image-preview:large, max-video-preview:-1\" \/>\n<link rel=\"canonical\" href=\"http:\/\/lisjoyas.com\/en\/product\/brazalete-hexa\/\" \/>\n<meta property=\"og:locale\" content=\"en_US\" \/>\n<meta property=\"og:type\" content=\"article\" \/>\n<meta property=\"og:title\" content=\"Brazalete Hexa - Lis Joyas\" \/>\n<meta property=\"og:description\" content=\"Brazalete Hexa est\u00e1 hecho en cuero natural 100% uruguayo, un dise\u00f1o abstracto con calados y broche a presi\u00f3n. De 4 cm de ancho aprox.\" \/>\n<meta property=\"og:url\" content=\"http:\/\/lisjoyas.com\/en\/product\/brazalete-hexa\/\" \/>\n<meta property=\"og:site_name\" content=\"Lis Joyas\" \/>\n<meta property=\"article:publisher\" content=\"https:\/\/www.facebook.com\/joyascontemporaneaslis?locale=es_LA\" \/>\n<meta property=\"article:modified_time\" content=\"2024-05-29T12:25:51+00:00\" \/>\n<meta property=\"og:image\" content=\"https:\/\/lisjoyas.com\/wp-content\/uploads\/2024\/05\/brazalete-hexa-dorado.jpg\" \/>\n\t<meta property=\"og:image:width\" content=\"500\" \/>\n\t<meta property=\"og:image:height\" content=\"566\" \/>\n\t<meta property=\"og:image:type\" content=\"image\/jpeg\" \/>\n<meta name=\"twitter:card\" content=\"summary_large_image\" \/>\n<meta name=\"twitter:label1\" content=\"Est. reading time\" \/>\n\t<meta name=\"twitter:data1\" content=\"3 minutes\" \/>\n<script type=\"application\/ld+json\" class=\"yoast-schema-graph\">{\"@context\":\"https:\/\/schema.org\",\"@graph\":[{\"@type\":\"WebPage\",\"@id\":\"https:\/\/lisjoyas.com\/producto\/brazalete-hexa\/\",\"url\":\"https:\/\/lisjoyas.com\/producto\/brazalete-hexa\/\",\"name\":\"Brazalete Hexa - Lis Joyas\",\"isPartOf\":{\"@id\":\"https:\/\/lisjoyas.com\/#website\"},\"primaryImageOfPage\":{\"@id\":\"https:\/\/lisjoyas.com\/producto\/brazalete-hexa\/#primaryimage\"},\"image\":{\"@id\":\"https:\/\/lisjoyas.com\/producto\/brazalete-hexa\/#primaryimage\"},\"thumbnailUrl\":\"https:\/\/lisjoyas.com\/wp-content\/uploads\/2024\/05\/brazalete-hexa-dorado.jpg\",\"datePublished\":\"2024-05-02T15:18:59+00:00\",\"dateModified\":\"2024-05-29T12:25:51+00:00\",\"description\":\"Brazalete Hexa est\u00e1 hecho en cuero natural 100% uruguayo, un dise\u00f1o abstracto con calados y broche a presi\u00f3n. De 4 cm de ancho aprox.\",\"breadcrumb\":{\"@id\":\"https:\/\/lisjoyas.com\/producto\/brazalete-hexa\/#breadcrumb\"},\"inLanguage\":\"en-US\",\"potentialAction\":[{\"@type\":\"ReadAction\",\"target\":[\"https:\/\/lisjoyas.com\/producto\/brazalete-hexa\/\"]}]},{\"@type\":\"ImageObject\",\"inLanguage\":\"en-US\",\"@id\":\"https:\/\/lisjoyas.com\/producto\/brazalete-hexa\/#primaryimage\",\"url\":\"https:\/\/lisjoyas.com\/wp-content\/uploads\/2024\/05\/brazalete-hexa-dorado.jpg\",\"contentUrl\":\"https:\/\/lisjoyas.com\/wp-content\/uploads\/2024\/05\/brazalete-hexa-dorado.jpg\",\"width\":500,\"height\":566},{\"@type\":\"BreadcrumbList\",\"@id\":\"https:\/\/lisjoyas.com\/producto\/brazalete-hexa\/#breadcrumb\",\"itemListElement\":[{\"@type\":\"ListItem\",\"position\":1,\"name\":\"Portada\",\"item\":\"https:\/\/lisjoyas.com\/\"},{\"@type\":\"ListItem\",\"position\":2,\"name\":\"Tienda\",\"item\":\"https:\/\/lisjoyas.com\/tienda\/\"},{\"@type\":\"ListItem\",\"position\":3,\"name\":\"Brazalete Hexa\"}]},{\"@type\":\"WebSite\",\"@id\":\"https:\/\/lisjoyas.com\/#website\",\"url\":\"https:\/\/lisjoyas.com\/\",\"name\":\"LIS Joyas\",\"description\":\"LIS Joyas\",\"publisher\":{\"@id\":\"https:\/\/lisjoyas.com\/#organization\"},\"potentialAction\":[{\"@type\":\"SearchAction\",\"target\":{\"@type\":\"EntryPoint\",\"urlTemplate\":\"https:\/\/lisjoyas.com\/?s={search_term_string}\"},\"query-input\":\"required name=search_term_string\"}],\"inLanguage\":\"en-US\"},{\"@type\":\"Organization\",\"@id\":\"https:\/\/lisjoyas.com\/#organization\",\"name\":\"Lis Joyas\",\"url\":\"https:\/\/lisjoyas.com\/\",\"logo\":{\"@type\":\"ImageObject\",\"inLanguage\":\"en-US\",\"@id\":\"https:\/\/lisjoyas.com\/#\/schema\/logo\/image\/\",\"url\":\"https:\/\/lisjoyas.com\/wp-content\/uploads\/2024\/04\/Lis_logo_color.svg\",\"contentUrl\":\"https:\/\/lisjoyas.com\/wp-content\/uploads\/2024\/04\/Lis_logo_color.svg\",\"width\":\"1024\",\"height\":\"1024\",\"caption\":\"Lis Joyas\"},\"image\":{\"@id\":\"https:\/\/lisjoyas.com\/#\/schema\/logo\/image\/\"},\"sameAs\":[\"https:\/\/www.facebook.com\/joyascontemporaneaslis?locale=es_LA\",\"https:\/\/www.instagram.com\/lisjoyas_\/\"]}]}<\/script>\n<!-- \/ Yoast SEO plugin. -->","yoast_head_json":{"title":"Brazalete Hexa - Lis Joyas","description":"Brazalete Hexa est\u00e1 hecho en cuero natural 100% uruguayo, un dise\u00f1o abstracto con calados y broche a presi\u00f3n. De 4 cm de ancho aprox.","robots":{"index":"index","follow":"follow","max-snippet":"max-snippet:-1","max-image-preview":"max-image-preview:large","max-video-preview":"max-video-preview:-1"},"canonical":"http:\/\/lisjoyas.com\/en\/product\/brazalete-hexa\/","og_locale":"en_US","og_type":"article","og_title":"Brazalete Hexa - Lis Joyas","og_description":"Brazalete Hexa est\u00e1 hecho en cuero natural 100% uruguayo, un dise\u00f1o abstracto con calados y broche a presi\u00f3n. De 4 cm de ancho aprox.","og_url":"http:\/\/lisjoyas.com\/en\/product\/brazalete-hexa\/","og_site_name":"Lis Joyas","article_publisher":"https:\/\/www.facebook.com\/joyascontemporaneaslis?locale=es_LA","article_modified_time":"2024-05-29T12:25:51+00:00","og_image":[{"width":500,"height":566,"url":"https:\/\/lisjoyas.com\/wp-content\/uploads\/2024\/05\/brazalete-hexa-dorado.jpg","type":"image\/jpeg"}],"twitter_card":"summary_large_image","twitter_misc":{"Est. reading time":"3 minutes"},"schema":{"@context":"https:\/\/schema.org","@graph":[{"@type":"WebPage","@id":"https:\/\/lisjoyas.com\/producto\/brazalete-hexa\/","url":"https:\/\/lisjoyas.com\/producto\/brazalete-hexa\/","name":"Brazalete Hexa - Lis Joyas","isPartOf":{"@id":"https:\/\/lisjoyas.com\/#website"},"primaryImageOfPage":{"@id":"https:\/\/lisjoyas.com\/producto\/brazalete-hexa\/#primaryimage"},"image":{"@id":"https:\/\/lisjoyas.com\/producto\/brazalete-hexa\/#primaryimage"},"thumbnailUrl":"https:\/\/lisjoyas.com\/wp-content\/uploads\/2024\/05\/brazalete-hexa-dorado.jpg","datePublished":"2024-05-02T15:18:59+00:00","dateModified":"2024-05-29T12:25:51+00:00","description":"Brazalete Hexa est\u00e1 hecho en cuero natural 100% uruguayo, un dise\u00f1o abstracto con calados y broche a presi\u00f3n. De 4 cm de ancho aprox.","breadcrumb":{"@id":"https:\/\/lisjoyas.com\/producto\/brazalete-hexa\/#breadcrumb"},"inLanguage":"en-US","potentialAction":[{"@type":"ReadAction","target":["https:\/\/lisjoyas.com\/producto\/brazalete-hexa\/"]}]},{"@type":"ImageObject","inLanguage":"en-US","@id":"https:\/\/lisjoyas.com\/producto\/brazalete-hexa\/#primaryimage","url":"https:\/\/lisjoyas.com\/wp-content\/uploads\/2024\/05\/brazalete-hexa-dorado.jpg","contentUrl":"https:\/\/lisjoyas.com\/wp-content\/uploads\/2024\/05\/brazalete-hexa-dorado.jpg","width":500,"height":566},{"@type":"BreadcrumbList","@id":"https:\/\/lisjoyas.com\/producto\/brazalete-hexa\/#breadcrumb","itemListElement":[{"@type":"ListItem","position":1,"name":"Portada","item":"https:\/\/lisjoyas.com\/"},{"@type":"ListItem","position":2,"name":"Tienda","item":"https:\/\/lisjoyas.com\/tienda\/"},{"@type":"ListItem","position":3,"name":"Brazalete Hexa"}]},{"@type":"WebSite","@id":"https:\/\/lisjoyas.com\/#website","url":"https:\/\/lisjoyas.com\/","name":"LIS Joyas","description":"LIS Joyas","publisher":{"@id":"https:\/\/lisjoyas.com\/#organization"},"potentialAction":[{"@type":"SearchAction","target":{"@type":"EntryPoint","urlTemplate":"https:\/\/lisjoyas.com\/?s={search_term_string}"},"query-input":"required name=search_term_string"}],"inLanguage":"en-US"},{"@type":"Organization","@id":"https:\/\/lisjoyas.com\/#organization","name":"Lis Joyas","url":"https:\/\/lisjoyas.com\/","logo":{"@type":"ImageObject","inLanguage":"en-US","@id":"https:\/\/lisjoyas.com\/#\/schema\/logo\/image\/","url":"https:\/\/lisjoyas.com\/wp-content\/uploads\/2024\/04\/Lis_logo_color.svg","contentUrl":"https:\/\/lisjoyas.com\/wp-content\/uploads\/2024\/04\/Lis_logo_color.svg","width":"1024","height":"1024","caption":"Lis Joyas"},"image":{"@id":"https:\/\/lisjoyas.com\/#\/schema\/logo\/image\/"},"sameAs":["https:\/\/www.facebook.com\/joyascontemporaneaslis?locale=es_LA","https:\/\/www.instagram.com\/lisjoyas_\/"]}]}},"_links":{"self":[{"href":"http:\/\/lisjoyas.com\/en\/wp-json\/wp\/v2\/product\/2609","targetHints":{"allow":["GET"]}}],"collection":[{"href":"http:\/\/lisjoyas.com\/en\/wp-json\/wp\/v2\/product"}],"about":[{"href":"http:\/\/lisjoyas.com\/en\/wp-json\/wp\/v2\/types\/product"}],"wp:featuredmedia":[{"embeddable":true,"href":"http:\/\/lisjoyas.com\/en\/wp-json\/wp\/v2\/media\/2615"}],"wp:attachment":[{"href":"http:\/\/lisjoyas.com\/en\/wp-json\/wp\/v2\/media?parent=2609"}],"wp:term":[{"taxonomy":"product_cat","embeddable":true,"href":"http:\/\/lisjoyas.com\/en\/wp-json\/wp\/v2\/product_cat?post=2609"},{"taxonomy":"product_tag","embeddable":true,"href":"http:\/\/lisjoyas.com\/en\/wp-json\/wp\/v2\/product_tag?post=2609"}],"curies":[{"name":"wp","href":"https:\/\/api.w.org\/{rel}","templated":true}]}}