{"id":2637,"date":"2024-05-02T15:38:58","date_gmt":"2024-05-02T15:38:58","guid":{"rendered":"https:\/\/lisjoyas.com\/?post_type=product&#038;p=2637"},"modified":"2025-12-21T14:45:09","modified_gmt":"2025-12-21T14:45:09","slug":"brazalete-mariposas","status":"publish","type":"product","link":"http:\/\/lisjoyas.com\/en\/product\/brazalete-mariposas\/","title":{"rendered":"Butterflies Bracelet"},"content":{"rendered":"","protected":false},"excerpt":{"rendered":"<p><span style=\"font-weight: 400;\">Butterfly Bracelet Elevate your style with our exquisite openwork butterfly bracelet!<\/span><\/p>\n<p><span style=\"font-weight: 400;\">Let yourself be captivated by the beauty and elegance of our openwork butterfly bracelet, a true work of art for your wrist. Each butterfly follows the monarch in gold and silver, creating a charming and graceful butterfly bracelet design.<\/span><\/p>\n<p><span style=\"font-weight: 400;\">With a width of approx. 4cm, this butterfly bracelet is a divine style statement. Its meticulous detailing and exquisite design make it a must-have piece for any occasion. Whether you use it to add a touch of glamour to your everyday outfit or to complement a more elegant look for a special occasion, this bracelet is simply stunning.<\/span><\/p>\n<p><span style=\"font-weight: 400;\">Made with the highest quality standards of Uruguayan leather, our bracelet guarantees durability and comfort. In addition, its versatile design makes it suitable for all ages and styles.<\/span><\/p>\n<p><span style=\"font-weight: 400;\">At our online store, we pride ourselves on providing quality products and an exceptional shopping experience. With fast, secure shipping, as well as exceptional customer service, we are here to help you find the perfect bracelet to complement your unique style.<\/span><\/p>\n<p><span style=\"font-weight: 400;\">Dare to shine with our openwork butterfly bracelet. Explore our collection now and discover the divine elegance it will add to your style!<\/span><\/p>\n<p>You may also like the <a href=\"https:\/\/lisjoyas.com\/en\/product\/pendientes-margarita\/\">Marga Bracelet<\/a><\/p>","protected":false},"featured_media":2646,"template":"","meta":{"inline_featured_image":false,"_joinchat":[]},"product_cat":[17],"product_tag":[166,162,163,161,159,160,165,158,167,164],"class_list":{"0":"post-2637","1":"product","2":"type-product","3":"status-publish","4":"has-post-thumbnail","6":"product_cat-brazaletes","7":"product_tag-art-in-accessories","8":"product_tag-arte-en-accesorios-handcrafted-contemporary-jewelry","9":"product_tag-avant-garde-design","10":"product_tag-creaciones-innovadoras","11":"product_tag-diseno-vanguardista","12":"product_tag-estilo-unico","13":"product_tag-innovative-creations","14":"product_tag-joyas-contemporaneas-artesanales","15":"product_tag-mariposas","16":"product_tag-unique-style","18":"first","19":"instock","20":"shipping-taxable","21":"purchasable","22":"product-type-variable"},"yoast_head":"<!-- This site is optimized with the Yoast SEO plugin v23.2 - https:\/\/yoast.com\/wordpress\/plugins\/seo\/ -->\n<title>Brazalete Mariposas - Lis Joyas<\/title>\n<meta name=\"description\" content=\"Brazalete Mariposas es un dise\u00f1o en cuero natural 100% uruguayo, de 3 cm de ancho aprox. un accesorio que ser\u00e1 tu comod\u00edn. Ya elegiste el tuyo?\" \/>\n<meta name=\"robots\" content=\"index, follow, max-snippet:-1, max-image-preview:large, max-video-preview:-1\" \/>\n<link rel=\"canonical\" href=\"http:\/\/lisjoyas.com\/en\/product\/brazalete-mariposas\/\" \/>\n<meta property=\"og:locale\" content=\"en_US\" \/>\n<meta property=\"og:type\" content=\"article\" \/>\n<meta property=\"og:title\" content=\"Brazalete Mariposas - Lis Joyas\" \/>\n<meta property=\"og:description\" content=\"Brazalete Mariposas es un dise\u00f1o en cuero natural 100% uruguayo, de 3 cm de ancho aprox. un accesorio que ser\u00e1 tu comod\u00edn. Ya elegiste el tuyo?\" \/>\n<meta property=\"og:url\" content=\"http:\/\/lisjoyas.com\/en\/product\/brazalete-mariposas\/\" \/>\n<meta property=\"og:site_name\" content=\"Lis Joyas\" \/>\n<meta property=\"article:publisher\" content=\"https:\/\/www.facebook.com\/joyascontemporaneaslis?locale=es_LA\" \/>\n<meta property=\"article:modified_time\" content=\"2025-12-21T14:45:09+00:00\" \/>\n<meta property=\"og:image\" content=\"https:\/\/lisjoyas.com\/wp-content\/uploads\/2024\/05\/brazalete-mariposa-dorado1.jpg\" \/>\n\t<meta property=\"og:image:width\" content=\"500\" \/>\n\t<meta property=\"og:image:height\" content=\"423\" \/>\n\t<meta property=\"og:image:type\" content=\"image\/jpeg\" \/>\n<meta name=\"twitter:card\" content=\"summary_large_image\" \/>\n<meta name=\"twitter:label1\" content=\"Est. reading time\" \/>\n\t<meta name=\"twitter:data1\" content=\"3 minutes\" \/>\n<script type=\"application\/ld+json\" class=\"yoast-schema-graph\">{\"@context\":\"https:\/\/schema.org\",\"@graph\":[{\"@type\":\"WebPage\",\"@id\":\"https:\/\/lisjoyas.com\/producto\/brazalete-mariposas\/\",\"url\":\"https:\/\/lisjoyas.com\/producto\/brazalete-mariposas\/\",\"name\":\"Brazalete Mariposas - Lis Joyas\",\"isPartOf\":{\"@id\":\"https:\/\/lisjoyas.com\/#website\"},\"primaryImageOfPage\":{\"@id\":\"https:\/\/lisjoyas.com\/producto\/brazalete-mariposas\/#primaryimage\"},\"image\":{\"@id\":\"https:\/\/lisjoyas.com\/producto\/brazalete-mariposas\/#primaryimage\"},\"thumbnailUrl\":\"https:\/\/lisjoyas.com\/wp-content\/uploads\/2024\/05\/brazalete-mariposa-dorado1.jpg\",\"datePublished\":\"2024-05-02T15:38:58+00:00\",\"dateModified\":\"2025-12-21T14:45:09+00:00\",\"description\":\"Brazalete Mariposas es un dise\u00f1o en cuero natural 100% uruguayo, de 3 cm de ancho aprox. un accesorio que ser\u00e1 tu comod\u00edn. Ya elegiste el tuyo?\",\"breadcrumb\":{\"@id\":\"https:\/\/lisjoyas.com\/producto\/brazalete-mariposas\/#breadcrumb\"},\"inLanguage\":\"en-US\",\"potentialAction\":[{\"@type\":\"ReadAction\",\"target\":[\"https:\/\/lisjoyas.com\/producto\/brazalete-mariposas\/\"]}]},{\"@type\":\"ImageObject\",\"inLanguage\":\"en-US\",\"@id\":\"https:\/\/lisjoyas.com\/producto\/brazalete-mariposas\/#primaryimage\",\"url\":\"https:\/\/lisjoyas.com\/wp-content\/uploads\/2024\/05\/brazalete-mariposa-dorado1.jpg\",\"contentUrl\":\"https:\/\/lisjoyas.com\/wp-content\/uploads\/2024\/05\/brazalete-mariposa-dorado1.jpg\",\"width\":500,\"height\":423},{\"@type\":\"BreadcrumbList\",\"@id\":\"https:\/\/lisjoyas.com\/producto\/brazalete-mariposas\/#breadcrumb\",\"itemListElement\":[{\"@type\":\"ListItem\",\"position\":1,\"name\":\"Portada\",\"item\":\"https:\/\/lisjoyas.com\/\"},{\"@type\":\"ListItem\",\"position\":2,\"name\":\"Tienda\",\"item\":\"https:\/\/lisjoyas.com\/tienda\/\"},{\"@type\":\"ListItem\",\"position\":3,\"name\":\"Brazalete Mariposas\"}]},{\"@type\":\"WebSite\",\"@id\":\"https:\/\/lisjoyas.com\/#website\",\"url\":\"https:\/\/lisjoyas.com\/\",\"name\":\"LIS Joyas\",\"description\":\"LIS Joyas\",\"publisher\":{\"@id\":\"https:\/\/lisjoyas.com\/#organization\"},\"potentialAction\":[{\"@type\":\"SearchAction\",\"target\":{\"@type\":\"EntryPoint\",\"urlTemplate\":\"https:\/\/lisjoyas.com\/?s={search_term_string}\"},\"query-input\":\"required name=search_term_string\"}],\"inLanguage\":\"en-US\"},{\"@type\":\"Organization\",\"@id\":\"https:\/\/lisjoyas.com\/#organization\",\"name\":\"Lis Joyas\",\"url\":\"https:\/\/lisjoyas.com\/\",\"logo\":{\"@type\":\"ImageObject\",\"inLanguage\":\"en-US\",\"@id\":\"https:\/\/lisjoyas.com\/#\/schema\/logo\/image\/\",\"url\":\"https:\/\/lisjoyas.com\/wp-content\/uploads\/2024\/04\/Lis_logo_color.svg\",\"contentUrl\":\"https:\/\/lisjoyas.com\/wp-content\/uploads\/2024\/04\/Lis_logo_color.svg\",\"width\":\"1024\",\"height\":\"1024\",\"caption\":\"Lis Joyas\"},\"image\":{\"@id\":\"https:\/\/lisjoyas.com\/#\/schema\/logo\/image\/\"},\"sameAs\":[\"https:\/\/www.facebook.com\/joyascontemporaneaslis?locale=es_LA\",\"https:\/\/www.instagram.com\/lisjoyas_\/\"]}]}<\/script>\n<!-- \/ Yoast SEO plugin. -->","yoast_head_json":{"title":"Brazalete Mariposas - Lis Joyas","description":"Brazalete Mariposas es un dise\u00f1o en cuero natural 100% uruguayo, de 3 cm de ancho aprox. un accesorio que ser\u00e1 tu comod\u00edn. Ya elegiste el tuyo?","robots":{"index":"index","follow":"follow","max-snippet":"max-snippet:-1","max-image-preview":"max-image-preview:large","max-video-preview":"max-video-preview:-1"},"canonical":"http:\/\/lisjoyas.com\/en\/product\/brazalete-mariposas\/","og_locale":"en_US","og_type":"article","og_title":"Brazalete Mariposas - Lis Joyas","og_description":"Brazalete Mariposas es un dise\u00f1o en cuero natural 100% uruguayo, de 3 cm de ancho aprox. un accesorio que ser\u00e1 tu comod\u00edn. Ya elegiste el tuyo?","og_url":"http:\/\/lisjoyas.com\/en\/product\/brazalete-mariposas\/","og_site_name":"Lis Joyas","article_publisher":"https:\/\/www.facebook.com\/joyascontemporaneaslis?locale=es_LA","article_modified_time":"2025-12-21T14:45:09+00:00","og_image":[{"width":500,"height":423,"url":"https:\/\/lisjoyas.com\/wp-content\/uploads\/2024\/05\/brazalete-mariposa-dorado1.jpg","type":"image\/jpeg"}],"twitter_card":"summary_large_image","twitter_misc":{"Est. reading time":"3 minutes"},"schema":{"@context":"https:\/\/schema.org","@graph":[{"@type":"WebPage","@id":"https:\/\/lisjoyas.com\/producto\/brazalete-mariposas\/","url":"https:\/\/lisjoyas.com\/producto\/brazalete-mariposas\/","name":"Brazalete Mariposas - Lis Joyas","isPartOf":{"@id":"https:\/\/lisjoyas.com\/#website"},"primaryImageOfPage":{"@id":"https:\/\/lisjoyas.com\/producto\/brazalete-mariposas\/#primaryimage"},"image":{"@id":"https:\/\/lisjoyas.com\/producto\/brazalete-mariposas\/#primaryimage"},"thumbnailUrl":"https:\/\/lisjoyas.com\/wp-content\/uploads\/2024\/05\/brazalete-mariposa-dorado1.jpg","datePublished":"2024-05-02T15:38:58+00:00","dateModified":"2025-12-21T14:45:09+00:00","description":"Brazalete Mariposas es un dise\u00f1o en cuero natural 100% uruguayo, de 3 cm de ancho aprox. un accesorio que ser\u00e1 tu comod\u00edn. Ya elegiste el tuyo?","breadcrumb":{"@id":"https:\/\/lisjoyas.com\/producto\/brazalete-mariposas\/#breadcrumb"},"inLanguage":"en-US","potentialAction":[{"@type":"ReadAction","target":["https:\/\/lisjoyas.com\/producto\/brazalete-mariposas\/"]}]},{"@type":"ImageObject","inLanguage":"en-US","@id":"https:\/\/lisjoyas.com\/producto\/brazalete-mariposas\/#primaryimage","url":"https:\/\/lisjoyas.com\/wp-content\/uploads\/2024\/05\/brazalete-mariposa-dorado1.jpg","contentUrl":"https:\/\/lisjoyas.com\/wp-content\/uploads\/2024\/05\/brazalete-mariposa-dorado1.jpg","width":500,"height":423},{"@type":"BreadcrumbList","@id":"https:\/\/lisjoyas.com\/producto\/brazalete-mariposas\/#breadcrumb","itemListElement":[{"@type":"ListItem","position":1,"name":"Portada","item":"https:\/\/lisjoyas.com\/"},{"@type":"ListItem","position":2,"name":"Tienda","item":"https:\/\/lisjoyas.com\/tienda\/"},{"@type":"ListItem","position":3,"name":"Brazalete Mariposas"}]},{"@type":"WebSite","@id":"https:\/\/lisjoyas.com\/#website","url":"https:\/\/lisjoyas.com\/","name":"LIS Joyas","description":"LIS Joyas","publisher":{"@id":"https:\/\/lisjoyas.com\/#organization"},"potentialAction":[{"@type":"SearchAction","target":{"@type":"EntryPoint","urlTemplate":"https:\/\/lisjoyas.com\/?s={search_term_string}"},"query-input":"required name=search_term_string"}],"inLanguage":"en-US"},{"@type":"Organization","@id":"https:\/\/lisjoyas.com\/#organization","name":"Lis Joyas","url":"https:\/\/lisjoyas.com\/","logo":{"@type":"ImageObject","inLanguage":"en-US","@id":"https:\/\/lisjoyas.com\/#\/schema\/logo\/image\/","url":"https:\/\/lisjoyas.com\/wp-content\/uploads\/2024\/04\/Lis_logo_color.svg","contentUrl":"https:\/\/lisjoyas.com\/wp-content\/uploads\/2024\/04\/Lis_logo_color.svg","width":"1024","height":"1024","caption":"Lis Joyas"},"image":{"@id":"https:\/\/lisjoyas.com\/#\/schema\/logo\/image\/"},"sameAs":["https:\/\/www.facebook.com\/joyascontemporaneaslis?locale=es_LA","https:\/\/www.instagram.com\/lisjoyas_\/"]}]}},"_links":{"self":[{"href":"http:\/\/lisjoyas.com\/en\/wp-json\/wp\/v2\/product\/2637","targetHints":{"allow":["GET"]}}],"collection":[{"href":"http:\/\/lisjoyas.com\/en\/wp-json\/wp\/v2\/product"}],"about":[{"href":"http:\/\/lisjoyas.com\/en\/wp-json\/wp\/v2\/types\/product"}],"wp:featuredmedia":[{"embeddable":true,"href":"http:\/\/lisjoyas.com\/en\/wp-json\/wp\/v2\/media\/2646"}],"wp:attachment":[{"href":"http:\/\/lisjoyas.com\/en\/wp-json\/wp\/v2\/media?parent=2637"}],"wp:term":[{"taxonomy":"product_cat","embeddable":true,"href":"http:\/\/lisjoyas.com\/en\/wp-json\/wp\/v2\/product_cat?post=2637"},{"taxonomy":"product_tag","embeddable":true,"href":"http:\/\/lisjoyas.com\/en\/wp-json\/wp\/v2\/product_tag?post=2637"}],"curies":[{"name":"wp","href":"https:\/\/api.w.org\/{rel}","templated":true}]}}