{"id":3569,"date":"2024-05-20T23:07:09","date_gmt":"2024-05-20T23:07:09","guid":{"rendered":"https:\/\/lisjoyas.com\/?post_type=product&#038;p=3569"},"modified":"2024-05-29T13:22:10","modified_gmt":"2024-05-29T13:22:10","slug":"tarjeta-regalo-anillos","status":"publish","type":"product","link":"http:\/\/lisjoyas.com\/en\/product\/tarjeta-regalo-anillos\/","title":{"rendered":"Gift card \u2013 Rings"},"content":{"rendered":"<h2>Gift Card \u2013 The Perfect Gift to give a ring.<\/h2>\n<p>With our Gift Card, giving happiness has never been easier. Whether it&#039;s for a birthday, anniversary, graduation, or just to show your appreciation, our gift cards are the perfect option.<\/p>\n<h3>Why choose our Gift Card?<\/h3>\n<ul>\n<li><strong>Easy to use<\/strong>: Our gift cards can be easily redeemed on our website, offering a simple and hassle-free purchasing experience.<\/li>\n<li><strong>Valid for the entire Store<\/strong>: From the most popular products to the most exclusive, the gift card can be used on any item available in our store.<\/li>\n<li><strong>Immediate delivery<\/strong>: We have email delivery so your gift arrives instantly, ideal for last minute gifts.<\/li>\n<\/ul>\n<h3>How does it work<\/h3>\n<ol>\n<li><strong>Select the gift card product<\/strong>: Choose the value for your category.<\/li>\n<li><strong>Personalize your Message<\/strong>: Add a personal touch with a special message for the recipient.<\/li>\n<li><strong>Method of delivery<\/strong>: You will receive an email with an instant surprise.<\/li>\n<li><strong>Finalize your purchase<\/strong>: Complete the purchase process and the gift card will be ready to make someone special smile.<\/li>\n<\/ol>\n<p>&nbsp;<\/p>","protected":false},"excerpt":{"rendered":"<h3>Perfect for everyone<\/h3>\n<p>No matter the occasion or the person, our gift cards are a versatile option appreciated by everyone. From friends and family to colleagues and loved ones, gifting a personalized shopping experience has never been easier or more satisfying.<\/p>\n<p>Do not wait more! Buy your gift card today and offer the gift of choice and happiness.<\/p>","protected":false},"featured_media":3558,"template":"","meta":{"inline_featured_image":false,"_joinchat":[]},"product_cat":[21,220],"product_tag":[231,215,232,251],"class_list":{"0":"post-3569","1":"product","2":"type-product","3":"status-publish","4":"has-post-thumbnail","6":"product_cat-anillos","7":"product_cat-gift-card-2","8":"product_tag-gift-card","9":"product_tag-joyas-contemporaneas","10":"product_tag-regalos","11":"product_tag-tarjeta-de-regalo","13":"first","14":"instock","15":"purchasable","16":"product-type-pw-gift-card"},"yoast_head":"<!-- This site is optimized with the Yoast SEO plugin v23.2 - https:\/\/yoast.com\/wordpress\/plugins\/seo\/ -->\n<title>Tarjeta regalo - Anillos - Lis Joyas<\/title>\n<meta name=\"robots\" content=\"index, follow, max-snippet:-1, max-image-preview:large, max-video-preview:-1\" \/>\n<link rel=\"canonical\" href=\"http:\/\/lisjoyas.com\/en\/product\/tarjeta-regalo-anillos\/\" \/>\n<meta property=\"og:locale\" content=\"en_US\" \/>\n<meta property=\"og:type\" content=\"article\" \/>\n<meta property=\"og:title\" content=\"Tarjeta regalo - Anillos - Lis Joyas\" \/>\n<meta property=\"og:description\" content=\"Perfecta para Todos No importa la ocasi\u00f3n o la persona, nuestras gift cards son una opci\u00f3n vers\u00e1til y apreciada por todos. Desde amigos y familiares hasta colegas y seres queridos, regalar una experiencia de compra personalizada nunca ha sido tan f\u00e1cil y satisfactorio.  \u00a1No esperes m\u00e1s! Compra tu gift card hoy y ofrece el regalo de la elecci\u00f3n y la felicidad.\" \/>\n<meta property=\"og:url\" content=\"http:\/\/lisjoyas.com\/en\/product\/tarjeta-regalo-anillos\/\" \/>\n<meta property=\"og:site_name\" content=\"Lis Joyas\" \/>\n<meta property=\"article:publisher\" content=\"https:\/\/www.facebook.com\/joyascontemporaneaslis?locale=es_LA\" \/>\n<meta property=\"article:modified_time\" content=\"2024-05-29T13:22:10+00:00\" \/>\n<meta property=\"og:image\" content=\"https:\/\/lisjoyas.com\/wp-content\/uploads\/2024\/05\/pw-gift-card.png\" \/>\n\t<meta property=\"og:image:width\" content=\"512\" \/>\n\t<meta property=\"og:image:height\" content=\"512\" \/>\n\t<meta property=\"og:image:type\" content=\"image\/png\" \/>\n<meta name=\"twitter:card\" content=\"summary_large_image\" \/>\n<meta name=\"twitter:label1\" content=\"Est. reading time\" \/>\n\t<meta name=\"twitter:data1\" content=\"2 minutes\" \/>\n<script type=\"application\/ld+json\" class=\"yoast-schema-graph\">{\"@context\":\"https:\/\/schema.org\",\"@graph\":[{\"@type\":\"WebPage\",\"@id\":\"https:\/\/lisjoyas.com\/producto\/tarjeta-regalo-anillos\/\",\"url\":\"https:\/\/lisjoyas.com\/producto\/tarjeta-regalo-anillos\/\",\"name\":\"Tarjeta regalo - Anillos - Lis Joyas\",\"isPartOf\":{\"@id\":\"https:\/\/lisjoyas.com\/#website\"},\"primaryImageOfPage\":{\"@id\":\"https:\/\/lisjoyas.com\/producto\/tarjeta-regalo-anillos\/#primaryimage\"},\"image\":{\"@id\":\"https:\/\/lisjoyas.com\/producto\/tarjeta-regalo-anillos\/#primaryimage\"},\"thumbnailUrl\":\"https:\/\/lisjoyas.com\/wp-content\/uploads\/2024\/05\/pw-gift-card.png\",\"datePublished\":\"2024-05-20T23:07:09+00:00\",\"dateModified\":\"2024-05-29T13:22:10+00:00\",\"breadcrumb\":{\"@id\":\"https:\/\/lisjoyas.com\/producto\/tarjeta-regalo-anillos\/#breadcrumb\"},\"inLanguage\":\"en-US\",\"potentialAction\":[{\"@type\":\"ReadAction\",\"target\":[\"https:\/\/lisjoyas.com\/producto\/tarjeta-regalo-anillos\/\"]}]},{\"@type\":\"ImageObject\",\"inLanguage\":\"en-US\",\"@id\":\"https:\/\/lisjoyas.com\/producto\/tarjeta-regalo-anillos\/#primaryimage\",\"url\":\"https:\/\/lisjoyas.com\/wp-content\/uploads\/2024\/05\/pw-gift-card.png\",\"contentUrl\":\"https:\/\/lisjoyas.com\/wp-content\/uploads\/2024\/05\/pw-gift-card.png\",\"width\":512,\"height\":512},{\"@type\":\"BreadcrumbList\",\"@id\":\"https:\/\/lisjoyas.com\/producto\/tarjeta-regalo-anillos\/#breadcrumb\",\"itemListElement\":[{\"@type\":\"ListItem\",\"position\":1,\"name\":\"Portada\",\"item\":\"https:\/\/lisjoyas.com\/\"},{\"@type\":\"ListItem\",\"position\":2,\"name\":\"Tienda\",\"item\":\"https:\/\/lisjoyas.com\/tienda\/\"},{\"@type\":\"ListItem\",\"position\":3,\"name\":\"Tarjeta regalo &#8211; Anillos\"}]},{\"@type\":\"WebSite\",\"@id\":\"https:\/\/lisjoyas.com\/#website\",\"url\":\"https:\/\/lisjoyas.com\/\",\"name\":\"LIS Joyas\",\"description\":\"LIS Joyas\",\"publisher\":{\"@id\":\"https:\/\/lisjoyas.com\/#organization\"},\"potentialAction\":[{\"@type\":\"SearchAction\",\"target\":{\"@type\":\"EntryPoint\",\"urlTemplate\":\"https:\/\/lisjoyas.com\/?s={search_term_string}\"},\"query-input\":\"required name=search_term_string\"}],\"inLanguage\":\"en-US\"},{\"@type\":\"Organization\",\"@id\":\"https:\/\/lisjoyas.com\/#organization\",\"name\":\"Lis Joyas\",\"url\":\"https:\/\/lisjoyas.com\/\",\"logo\":{\"@type\":\"ImageObject\",\"inLanguage\":\"en-US\",\"@id\":\"https:\/\/lisjoyas.com\/#\/schema\/logo\/image\/\",\"url\":\"https:\/\/lisjoyas.com\/wp-content\/uploads\/2024\/04\/Lis_logo_color.svg\",\"contentUrl\":\"https:\/\/lisjoyas.com\/wp-content\/uploads\/2024\/04\/Lis_logo_color.svg\",\"width\":\"1024\",\"height\":\"1024\",\"caption\":\"Lis Joyas\"},\"image\":{\"@id\":\"https:\/\/lisjoyas.com\/#\/schema\/logo\/image\/\"},\"sameAs\":[\"https:\/\/www.facebook.com\/joyascontemporaneaslis?locale=es_LA\",\"https:\/\/www.instagram.com\/lisjoyas_\/\"]}]}<\/script>\n<!-- \/ Yoast SEO plugin. -->","yoast_head_json":{"title":"Tarjeta regalo - Anillos - Lis Joyas","robots":{"index":"index","follow":"follow","max-snippet":"max-snippet:-1","max-image-preview":"max-image-preview:large","max-video-preview":"max-video-preview:-1"},"canonical":"http:\/\/lisjoyas.com\/en\/product\/tarjeta-regalo-anillos\/","og_locale":"en_US","og_type":"article","og_title":"Tarjeta regalo - Anillos - Lis Joyas","og_description":"Perfecta para Todos No importa la ocasi\u00f3n o la persona, nuestras gift cards son una opci\u00f3n vers\u00e1til y apreciada por todos. Desde amigos y familiares hasta colegas y seres queridos, regalar una experiencia de compra personalizada nunca ha sido tan f\u00e1cil y satisfactorio.  \u00a1No esperes m\u00e1s! Compra tu gift card hoy y ofrece el regalo de la elecci\u00f3n y la felicidad.","og_url":"http:\/\/lisjoyas.com\/en\/product\/tarjeta-regalo-anillos\/","og_site_name":"Lis Joyas","article_publisher":"https:\/\/www.facebook.com\/joyascontemporaneaslis?locale=es_LA","article_modified_time":"2024-05-29T13:22:10+00:00","og_image":[{"width":512,"height":512,"url":"https:\/\/lisjoyas.com\/wp-content\/uploads\/2024\/05\/pw-gift-card.png","type":"image\/png"}],"twitter_card":"summary_large_image","twitter_misc":{"Est. reading time":"2 minutes"},"schema":{"@context":"https:\/\/schema.org","@graph":[{"@type":"WebPage","@id":"https:\/\/lisjoyas.com\/producto\/tarjeta-regalo-anillos\/","url":"https:\/\/lisjoyas.com\/producto\/tarjeta-regalo-anillos\/","name":"Tarjeta regalo - Anillos - Lis Joyas","isPartOf":{"@id":"https:\/\/lisjoyas.com\/#website"},"primaryImageOfPage":{"@id":"https:\/\/lisjoyas.com\/producto\/tarjeta-regalo-anillos\/#primaryimage"},"image":{"@id":"https:\/\/lisjoyas.com\/producto\/tarjeta-regalo-anillos\/#primaryimage"},"thumbnailUrl":"https:\/\/lisjoyas.com\/wp-content\/uploads\/2024\/05\/pw-gift-card.png","datePublished":"2024-05-20T23:07:09+00:00","dateModified":"2024-05-29T13:22:10+00:00","breadcrumb":{"@id":"https:\/\/lisjoyas.com\/producto\/tarjeta-regalo-anillos\/#breadcrumb"},"inLanguage":"en-US","potentialAction":[{"@type":"ReadAction","target":["https:\/\/lisjoyas.com\/producto\/tarjeta-regalo-anillos\/"]}]},{"@type":"ImageObject","inLanguage":"en-US","@id":"https:\/\/lisjoyas.com\/producto\/tarjeta-regalo-anillos\/#primaryimage","url":"https:\/\/lisjoyas.com\/wp-content\/uploads\/2024\/05\/pw-gift-card.png","contentUrl":"https:\/\/lisjoyas.com\/wp-content\/uploads\/2024\/05\/pw-gift-card.png","width":512,"height":512},{"@type":"BreadcrumbList","@id":"https:\/\/lisjoyas.com\/producto\/tarjeta-regalo-anillos\/#breadcrumb","itemListElement":[{"@type":"ListItem","position":1,"name":"Portada","item":"https:\/\/lisjoyas.com\/"},{"@type":"ListItem","position":2,"name":"Tienda","item":"https:\/\/lisjoyas.com\/tienda\/"},{"@type":"ListItem","position":3,"name":"Tarjeta regalo &#8211; Anillos"}]},{"@type":"WebSite","@id":"https:\/\/lisjoyas.com\/#website","url":"https:\/\/lisjoyas.com\/","name":"LIS Joyas","description":"LIS Joyas","publisher":{"@id":"https:\/\/lisjoyas.com\/#organization"},"potentialAction":[{"@type":"SearchAction","target":{"@type":"EntryPoint","urlTemplate":"https:\/\/lisjoyas.com\/?s={search_term_string}"},"query-input":"required name=search_term_string"}],"inLanguage":"en-US"},{"@type":"Organization","@id":"https:\/\/lisjoyas.com\/#organization","name":"Lis Joyas","url":"https:\/\/lisjoyas.com\/","logo":{"@type":"ImageObject","inLanguage":"en-US","@id":"https:\/\/lisjoyas.com\/#\/schema\/logo\/image\/","url":"https:\/\/lisjoyas.com\/wp-content\/uploads\/2024\/04\/Lis_logo_color.svg","contentUrl":"https:\/\/lisjoyas.com\/wp-content\/uploads\/2024\/04\/Lis_logo_color.svg","width":"1024","height":"1024","caption":"Lis Joyas"},"image":{"@id":"https:\/\/lisjoyas.com\/#\/schema\/logo\/image\/"},"sameAs":["https:\/\/www.facebook.com\/joyascontemporaneaslis?locale=es_LA","https:\/\/www.instagram.com\/lisjoyas_\/"]}]}},"_links":{"self":[{"href":"http:\/\/lisjoyas.com\/en\/wp-json\/wp\/v2\/product\/3569","targetHints":{"allow":["GET"]}}],"collection":[{"href":"http:\/\/lisjoyas.com\/en\/wp-json\/wp\/v2\/product"}],"about":[{"href":"http:\/\/lisjoyas.com\/en\/wp-json\/wp\/v2\/types\/product"}],"wp:featuredmedia":[{"embeddable":true,"href":"http:\/\/lisjoyas.com\/en\/wp-json\/wp\/v2\/media\/3558"}],"wp:attachment":[{"href":"http:\/\/lisjoyas.com\/en\/wp-json\/wp\/v2\/media?parent=3569"}],"wp:term":[{"taxonomy":"product_cat","embeddable":true,"href":"http:\/\/lisjoyas.com\/en\/wp-json\/wp\/v2\/product_cat?post=3569"},{"taxonomy":"product_tag","embeddable":true,"href":"http:\/\/lisjoyas.com\/en\/wp-json\/wp\/v2\/product_tag?post=3569"}],"curies":[{"name":"wp","href":"https:\/\/api.w.org\/{rel}","templated":true}]}}