{"id":3716,"date":"2024-05-27T12:48:30","date_gmt":"2024-05-27T12:48:30","guid":{"rendered":"https:\/\/lisjoyas.com\/?post_type=product&#038;p=3716"},"modified":"2025-05-12T13:08:42","modified_gmt":"2025-05-12T13:08:42","slug":"brazalete-marilyn","status":"publish","type":"product","link":"http:\/\/lisjoyas.com\/en\/product\/brazalete-marilyn\/","title":{"rendered":"Marilyn bracelet"},"content":{"rendered":"","protected":false},"excerpt":{"rendered":"<p>\u201cMarilyn\u201d bracelet, a captivating and daring version of our iconic \u201cPassion\u201d bracelet from the 23 Collection. Inspired by the beauty of asymmetrical shapes and lines, this bracelet features a unique design that goes from large to small, defying the traditional jewelry conventions.<\/p>\n<p>The Marilyn bracelet captures the essence of classic glamor with a contemporary twist. Its asymmetrical design and soft curvature adapt perfectly to the wrist, highlighting its femininity and grace. Made from the highest quality natural Uruguayan leather, this accessory is a statement of style and sophistication.<\/p>\n<p>Whether you wear it to complement a casual outfit or add a touch of glamor to a special occasion, the Marilyn bracelet is the perfect accessory to express your passion for fashion. Turn every moment into an unforgettable experience with this bracelet that captivates eyes and awakens emotions.<\/p>\n<p>Discover the magic of the Marilyn bracelet and let yourself be carried away by its irresistible charm. Express your unique style and leave a lasting impression wherever you go!<\/p>","protected":false},"featured_media":3724,"template":"","meta":{"inline_featured_image":false,"_joinchat":[]},"product_cat":[17],"product_tag":[173,42,84,178,174,176,177,170,64,171,179,172,175],"class_list":{"0":"post-3716","1":"product","2":"type-product","3":"status-publish","4":"has-post-thumbnail","6":"product_cat-brazaletes","7":"product_tag-accesorios-de-vanguardia-modern-jewelry","8":"product_tag-brazalete","9":"product_tag-brazalete-de-cuero","10":"product_tag-brazaletes","11":"product_tag-contemporary-design","12":"product_tag-current-trends","13":"product_tag-cutting-edge-accessories","14":"product_tag-diseno-contemporaneo","15":"product_tag-joyeria-moderna","16":"product_tag-piezas-unicas","17":"product_tag-pulseras","18":"product_tag-tendencias-actuales","19":"product_tag-unique-pieces","21":"first","22":"instock","23":"shipping-taxable","24":"purchasable","25":"product-type-variable"},"yoast_head":"<!-- This site is optimized with the Yoast SEO plugin v23.2 - https:\/\/yoast.com\/wordpress\/plugins\/seo\/ -->\n<title>Brazalete Marilyn - Lis Joyas<\/title>\n<meta name=\"description\" content=\"Brazalete Marilyn es un accesorio comod\u00edn dentro de tu outfit. Asim\u00e9trico y en varios colores est\u00e1 hecho a mano en cuero natural 100% uruguayo\" \/>\n<meta name=\"robots\" content=\"index, follow, max-snippet:-1, max-image-preview:large, max-video-preview:-1\" \/>\n<link rel=\"canonical\" href=\"http:\/\/lisjoyas.com\/en\/product\/brazalete-marilyn\/\" \/>\n<meta property=\"og:locale\" content=\"en_US\" \/>\n<meta property=\"og:type\" content=\"article\" \/>\n<meta property=\"og:title\" content=\"Brazalete Marilyn - Lis Joyas\" \/>\n<meta property=\"og:description\" content=\"Brazalete Marilyn es un accesorio comod\u00edn dentro de tu outfit. Asim\u00e9trico y en varios colores est\u00e1 hecho a mano en cuero natural 100% uruguayo\" \/>\n<meta property=\"og:url\" content=\"http:\/\/lisjoyas.com\/en\/product\/brazalete-marilyn\/\" \/>\n<meta property=\"og:site_name\" content=\"Lis Joyas\" \/>\n<meta property=\"article:publisher\" content=\"https:\/\/www.facebook.com\/joyascontemporaneaslis?locale=es_LA\" \/>\n<meta property=\"article:modified_time\" content=\"2025-05-12T13:08:42+00:00\" \/>\n<meta property=\"og:image\" content=\"https:\/\/lisjoyas.com\/wp-content\/uploads\/2024\/05\/brazalete-marilyn-croco1.png\" \/>\n\t<meta property=\"og:image:width\" content=\"500\" \/>\n\t<meta property=\"og:image:height\" content=\"500\" \/>\n\t<meta property=\"og:image:type\" content=\"image\/png\" \/>\n<meta name=\"twitter:card\" content=\"summary_large_image\" \/>\n<meta name=\"twitter:label1\" content=\"Est. reading time\" \/>\n\t<meta name=\"twitter:data1\" content=\"3 minutes\" \/>\n<script type=\"application\/ld+json\" class=\"yoast-schema-graph\">{\"@context\":\"https:\/\/schema.org\",\"@graph\":[{\"@type\":\"WebPage\",\"@id\":\"https:\/\/lisjoyas.com\/producto\/brazalete-marilyn\/\",\"url\":\"https:\/\/lisjoyas.com\/producto\/brazalete-marilyn\/\",\"name\":\"Brazalete Marilyn - Lis Joyas\",\"isPartOf\":{\"@id\":\"https:\/\/lisjoyas.com\/#website\"},\"primaryImageOfPage\":{\"@id\":\"https:\/\/lisjoyas.com\/producto\/brazalete-marilyn\/#primaryimage\"},\"image\":{\"@id\":\"https:\/\/lisjoyas.com\/producto\/brazalete-marilyn\/#primaryimage\"},\"thumbnailUrl\":\"https:\/\/lisjoyas.com\/wp-content\/uploads\/2024\/05\/brazalete-marilyn-croco1.png\",\"datePublished\":\"2024-05-27T12:48:30+00:00\",\"dateModified\":\"2025-05-12T13:08:42+00:00\",\"description\":\"Brazalete Marilyn es un accesorio comod\u00edn dentro de tu outfit. Asim\u00e9trico y en varios colores est\u00e1 hecho a mano en cuero natural 100% uruguayo\",\"breadcrumb\":{\"@id\":\"https:\/\/lisjoyas.com\/producto\/brazalete-marilyn\/#breadcrumb\"},\"inLanguage\":\"en-US\",\"potentialAction\":[{\"@type\":\"ReadAction\",\"target\":[\"https:\/\/lisjoyas.com\/producto\/brazalete-marilyn\/\"]}]},{\"@type\":\"ImageObject\",\"inLanguage\":\"en-US\",\"@id\":\"https:\/\/lisjoyas.com\/producto\/brazalete-marilyn\/#primaryimage\",\"url\":\"https:\/\/lisjoyas.com\/wp-content\/uploads\/2024\/05\/brazalete-marilyn-croco1.png\",\"contentUrl\":\"https:\/\/lisjoyas.com\/wp-content\/uploads\/2024\/05\/brazalete-marilyn-croco1.png\",\"width\":500,\"height\":500},{\"@type\":\"BreadcrumbList\",\"@id\":\"https:\/\/lisjoyas.com\/producto\/brazalete-marilyn\/#breadcrumb\",\"itemListElement\":[{\"@type\":\"ListItem\",\"position\":1,\"name\":\"Portada\",\"item\":\"https:\/\/lisjoyas.com\/\"},{\"@type\":\"ListItem\",\"position\":2,\"name\":\"Tienda\",\"item\":\"https:\/\/lisjoyas.com\/tienda\/\"},{\"@type\":\"ListItem\",\"position\":3,\"name\":\"Brazalete Marilyn\"}]},{\"@type\":\"WebSite\",\"@id\":\"https:\/\/lisjoyas.com\/#website\",\"url\":\"https:\/\/lisjoyas.com\/\",\"name\":\"LIS Joyas\",\"description\":\"LIS Joyas\",\"publisher\":{\"@id\":\"https:\/\/lisjoyas.com\/#organization\"},\"potentialAction\":[{\"@type\":\"SearchAction\",\"target\":{\"@type\":\"EntryPoint\",\"urlTemplate\":\"https:\/\/lisjoyas.com\/?s={search_term_string}\"},\"query-input\":\"required name=search_term_string\"}],\"inLanguage\":\"en-US\"},{\"@type\":\"Organization\",\"@id\":\"https:\/\/lisjoyas.com\/#organization\",\"name\":\"Lis Joyas\",\"url\":\"https:\/\/lisjoyas.com\/\",\"logo\":{\"@type\":\"ImageObject\",\"inLanguage\":\"en-US\",\"@id\":\"https:\/\/lisjoyas.com\/#\/schema\/logo\/image\/\",\"url\":\"https:\/\/lisjoyas.com\/wp-content\/uploads\/2024\/04\/Lis_logo_color.svg\",\"contentUrl\":\"https:\/\/lisjoyas.com\/wp-content\/uploads\/2024\/04\/Lis_logo_color.svg\",\"width\":\"1024\",\"height\":\"1024\",\"caption\":\"Lis Joyas\"},\"image\":{\"@id\":\"https:\/\/lisjoyas.com\/#\/schema\/logo\/image\/\"},\"sameAs\":[\"https:\/\/www.facebook.com\/joyascontemporaneaslis?locale=es_LA\",\"https:\/\/www.instagram.com\/lisjoyas_\/\"]}]}<\/script>\n<!-- \/ Yoast SEO plugin. -->","yoast_head_json":{"title":"Brazalete Marilyn - Lis Joyas","description":"Brazalete Marilyn es un accesorio comod\u00edn dentro de tu outfit. Asim\u00e9trico y en varios colores est\u00e1 hecho a mano en cuero natural 100% uruguayo","robots":{"index":"index","follow":"follow","max-snippet":"max-snippet:-1","max-image-preview":"max-image-preview:large","max-video-preview":"max-video-preview:-1"},"canonical":"http:\/\/lisjoyas.com\/en\/product\/brazalete-marilyn\/","og_locale":"en_US","og_type":"article","og_title":"Brazalete Marilyn - Lis Joyas","og_description":"Brazalete Marilyn es un accesorio comod\u00edn dentro de tu outfit. Asim\u00e9trico y en varios colores est\u00e1 hecho a mano en cuero natural 100% uruguayo","og_url":"http:\/\/lisjoyas.com\/en\/product\/brazalete-marilyn\/","og_site_name":"Lis Joyas","article_publisher":"https:\/\/www.facebook.com\/joyascontemporaneaslis?locale=es_LA","article_modified_time":"2025-05-12T13:08:42+00:00","og_image":[{"width":500,"height":500,"url":"https:\/\/lisjoyas.com\/wp-content\/uploads\/2024\/05\/brazalete-marilyn-croco1.png","type":"image\/png"}],"twitter_card":"summary_large_image","twitter_misc":{"Est. reading time":"3 minutes"},"schema":{"@context":"https:\/\/schema.org","@graph":[{"@type":"WebPage","@id":"https:\/\/lisjoyas.com\/producto\/brazalete-marilyn\/","url":"https:\/\/lisjoyas.com\/producto\/brazalete-marilyn\/","name":"Brazalete Marilyn - Lis Joyas","isPartOf":{"@id":"https:\/\/lisjoyas.com\/#website"},"primaryImageOfPage":{"@id":"https:\/\/lisjoyas.com\/producto\/brazalete-marilyn\/#primaryimage"},"image":{"@id":"https:\/\/lisjoyas.com\/producto\/brazalete-marilyn\/#primaryimage"},"thumbnailUrl":"https:\/\/lisjoyas.com\/wp-content\/uploads\/2024\/05\/brazalete-marilyn-croco1.png","datePublished":"2024-05-27T12:48:30+00:00","dateModified":"2025-05-12T13:08:42+00:00","description":"Brazalete Marilyn es un accesorio comod\u00edn dentro de tu outfit. Asim\u00e9trico y en varios colores est\u00e1 hecho a mano en cuero natural 100% uruguayo","breadcrumb":{"@id":"https:\/\/lisjoyas.com\/producto\/brazalete-marilyn\/#breadcrumb"},"inLanguage":"en-US","potentialAction":[{"@type":"ReadAction","target":["https:\/\/lisjoyas.com\/producto\/brazalete-marilyn\/"]}]},{"@type":"ImageObject","inLanguage":"en-US","@id":"https:\/\/lisjoyas.com\/producto\/brazalete-marilyn\/#primaryimage","url":"https:\/\/lisjoyas.com\/wp-content\/uploads\/2024\/05\/brazalete-marilyn-croco1.png","contentUrl":"https:\/\/lisjoyas.com\/wp-content\/uploads\/2024\/05\/brazalete-marilyn-croco1.png","width":500,"height":500},{"@type":"BreadcrumbList","@id":"https:\/\/lisjoyas.com\/producto\/brazalete-marilyn\/#breadcrumb","itemListElement":[{"@type":"ListItem","position":1,"name":"Portada","item":"https:\/\/lisjoyas.com\/"},{"@type":"ListItem","position":2,"name":"Tienda","item":"https:\/\/lisjoyas.com\/tienda\/"},{"@type":"ListItem","position":3,"name":"Brazalete Marilyn"}]},{"@type":"WebSite","@id":"https:\/\/lisjoyas.com\/#website","url":"https:\/\/lisjoyas.com\/","name":"LIS Joyas","description":"LIS Joyas","publisher":{"@id":"https:\/\/lisjoyas.com\/#organization"},"potentialAction":[{"@type":"SearchAction","target":{"@type":"EntryPoint","urlTemplate":"https:\/\/lisjoyas.com\/?s={search_term_string}"},"query-input":"required name=search_term_string"}],"inLanguage":"en-US"},{"@type":"Organization","@id":"https:\/\/lisjoyas.com\/#organization","name":"Lis Joyas","url":"https:\/\/lisjoyas.com\/","logo":{"@type":"ImageObject","inLanguage":"en-US","@id":"https:\/\/lisjoyas.com\/#\/schema\/logo\/image\/","url":"https:\/\/lisjoyas.com\/wp-content\/uploads\/2024\/04\/Lis_logo_color.svg","contentUrl":"https:\/\/lisjoyas.com\/wp-content\/uploads\/2024\/04\/Lis_logo_color.svg","width":"1024","height":"1024","caption":"Lis Joyas"},"image":{"@id":"https:\/\/lisjoyas.com\/#\/schema\/logo\/image\/"},"sameAs":["https:\/\/www.facebook.com\/joyascontemporaneaslis?locale=es_LA","https:\/\/www.instagram.com\/lisjoyas_\/"]}]}},"_links":{"self":[{"href":"http:\/\/lisjoyas.com\/en\/wp-json\/wp\/v2\/product\/3716","targetHints":{"allow":["GET"]}}],"collection":[{"href":"http:\/\/lisjoyas.com\/en\/wp-json\/wp\/v2\/product"}],"about":[{"href":"http:\/\/lisjoyas.com\/en\/wp-json\/wp\/v2\/types\/product"}],"wp:featuredmedia":[{"embeddable":true,"href":"http:\/\/lisjoyas.com\/en\/wp-json\/wp\/v2\/media\/3724"}],"wp:attachment":[{"href":"http:\/\/lisjoyas.com\/en\/wp-json\/wp\/v2\/media?parent=3716"}],"wp:term":[{"taxonomy":"product_cat","embeddable":true,"href":"http:\/\/lisjoyas.com\/en\/wp-json\/wp\/v2\/product_cat?post=3716"},{"taxonomy":"product_tag","embeddable":true,"href":"http:\/\/lisjoyas.com\/en\/wp-json\/wp\/v2\/product_tag?post=3716"}],"curies":[{"name":"wp","href":"https:\/\/api.w.org\/{rel}","templated":true}]}}