{"id":4217,"date":"2025-01-30T13:47:35","date_gmt":"2025-01-30T13:47:35","guid":{"rendered":"https:\/\/lisjoyas.com\/?post_type=product&#038;p=4217"},"modified":"2025-01-30T14:29:58","modified_gmt":"2025-01-30T14:29:58","slug":"pendientes-petalina","status":"publish","type":"product","link":"http:\/\/lisjoyas.com\/en\/product\/pendientes-petalina\/","title":{"rendered":"Petalina earrings"},"content":{"rendered":"","protected":false},"excerpt":{"rendered":"<p>A design that blossoms with character and style. Inspired by the delicacy of moving petals, the earrings <strong>Petalina<\/strong> combine shades of blue and green in a structure of organic shapes that enhance the natural beauty of the wearer. Their lightweight design allows for comfortable use throughout the day, while their size and volume make them the center of attention of any look.<\/p>\n<p>Each petal has been carefully crafted to achieve a balance between texture and fluidity, creating a versatile accessory that can be worn alone or in combination with other pieces from the collection. Its enveloping structure and fusion of colours evoke the harmony of nature in a modern and sophisticated design.<\/p>\n<p>The earrings <strong>Petalina<\/strong> They are ideal for those looking for a distinctive and authentic touch in their accessories. Perfect to elevate any outfit, from the most elegant to the most casual, providing a unique freshness with their presence. Complete your outfit with the <a href=\"http:\/\/lisjoyas.com\/en\/product\/brazalete-petalina\/\">Petalina Bracelet<\/a><\/p>","protected":false},"featured_media":4219,"template":"","meta":{"inline_featured_image":false,"_joinchat":[]},"product_cat":[25],"product_tag":[81,215,64,68,102,90,104,65],"class_list":{"0":"post-4217","1":"product","2":"type-product","3":"status-publish","4":"has-post-thumbnail","6":"product_cat-pendientes","7":"product_tag-accesorios-de-cuero-natural","8":"product_tag-joyas-contemporaneas","9":"product_tag-joyeria-moderna","10":"product_tag-laser-cut","11":"product_tag-leather","12":"product_tag-leather-accessories","13":"product_tag-pendientes-trio","14":"product_tag-tendencias-en-accesorios","16":"first","17":"instock","18":"shipping-taxable","19":"purchasable","20":"product-type-variable"},"yoast_head":"<!-- This site is optimized with the Yoast SEO plugin v23.2 - https:\/\/yoast.com\/wordpress\/plugins\/seo\/ -->\n<title>Pendientes Petalina - Lis Joyas<\/title>\n<meta name=\"description\" content=\"Pendientes Petalina Perfectos para elevar cualquier outfit, desde los m\u00e1s elegantes hasta los m\u00e1s casuales, aportando una frescura \u00fanica con su presencia.\" \/>\n<meta name=\"robots\" content=\"index, follow, max-snippet:-1, max-image-preview:large, max-video-preview:-1\" \/>\n<link rel=\"canonical\" href=\"http:\/\/lisjoyas.com\/en\/product\/pendientes-petalina\/\" \/>\n<meta property=\"og:locale\" content=\"en_US\" \/>\n<meta property=\"og:type\" content=\"article\" \/>\n<meta property=\"og:title\" content=\"Pendientes Petalina - Lis Joyas\" \/>\n<meta property=\"og:description\" content=\"Pendientes Petalina Perfectos para elevar cualquier outfit, desde los m\u00e1s elegantes hasta los m\u00e1s casuales, aportando una frescura \u00fanica con su presencia.\" \/>\n<meta property=\"og:url\" content=\"http:\/\/lisjoyas.com\/en\/product\/pendientes-petalina\/\" \/>\n<meta property=\"og:site_name\" content=\"Lis Joyas\" \/>\n<meta property=\"article:publisher\" content=\"https:\/\/www.facebook.com\/joyascontemporaneaslis?locale=es_LA\" \/>\n<meta property=\"article:modified_time\" content=\"2025-01-30T14:29:58+00:00\" \/>\n<meta property=\"og:image\" content=\"https:\/\/lisjoyas.com\/wp-content\/uploads\/2025\/01\/MG_0194-e1738245019991.jpg\" \/>\n\t<meta property=\"og:image:width\" content=\"247\" \/>\n\t<meta property=\"og:image:height\" content=\"409\" \/>\n\t<meta property=\"og:image:type\" content=\"image\/jpeg\" \/>\n<meta name=\"twitter:card\" content=\"summary_large_image\" \/>\n<meta name=\"twitter:label1\" content=\"Est. reading time\" \/>\n\t<meta name=\"twitter:data1\" content=\"3 minutes\" \/>\n<script type=\"application\/ld+json\" class=\"yoast-schema-graph\">{\"@context\":\"https:\/\/schema.org\",\"@graph\":[{\"@type\":\"WebPage\",\"@id\":\"https:\/\/lisjoyas.com\/producto\/pendientes-petalina\/\",\"url\":\"https:\/\/lisjoyas.com\/producto\/pendientes-petalina\/\",\"name\":\"Pendientes Petalina - Lis Joyas\",\"isPartOf\":{\"@id\":\"https:\/\/lisjoyas.com\/#website\"},\"primaryImageOfPage\":{\"@id\":\"https:\/\/lisjoyas.com\/producto\/pendientes-petalina\/#primaryimage\"},\"image\":{\"@id\":\"https:\/\/lisjoyas.com\/producto\/pendientes-petalina\/#primaryimage\"},\"thumbnailUrl\":\"https:\/\/lisjoyas.com\/wp-content\/uploads\/2025\/01\/MG_0194-e1738245019991.jpg\",\"datePublished\":\"2025-01-30T13:47:35+00:00\",\"dateModified\":\"2025-01-30T14:29:58+00:00\",\"description\":\"Pendientes Petalina Perfectos para elevar cualquier outfit, desde los m\u00e1s elegantes hasta los m\u00e1s casuales, aportando una frescura \u00fanica con su presencia.\",\"breadcrumb\":{\"@id\":\"https:\/\/lisjoyas.com\/producto\/pendientes-petalina\/#breadcrumb\"},\"inLanguage\":\"en-US\",\"potentialAction\":[{\"@type\":\"ReadAction\",\"target\":[\"https:\/\/lisjoyas.com\/producto\/pendientes-petalina\/\"]}]},{\"@type\":\"ImageObject\",\"inLanguage\":\"en-US\",\"@id\":\"https:\/\/lisjoyas.com\/producto\/pendientes-petalina\/#primaryimage\",\"url\":\"https:\/\/lisjoyas.com\/wp-content\/uploads\/2025\/01\/MG_0194-e1738245019991.jpg\",\"contentUrl\":\"https:\/\/lisjoyas.com\/wp-content\/uploads\/2025\/01\/MG_0194-e1738245019991.jpg\",\"width\":247,\"height\":409},{\"@type\":\"BreadcrumbList\",\"@id\":\"https:\/\/lisjoyas.com\/producto\/pendientes-petalina\/#breadcrumb\",\"itemListElement\":[{\"@type\":\"ListItem\",\"position\":1,\"name\":\"Portada\",\"item\":\"https:\/\/lisjoyas.com\/\"},{\"@type\":\"ListItem\",\"position\":2,\"name\":\"Tienda\",\"item\":\"https:\/\/lisjoyas.com\/tienda\/\"},{\"@type\":\"ListItem\",\"position\":3,\"name\":\"Pendientes Petalina\"}]},{\"@type\":\"WebSite\",\"@id\":\"https:\/\/lisjoyas.com\/#website\",\"url\":\"https:\/\/lisjoyas.com\/\",\"name\":\"LIS Joyas\",\"description\":\"LIS Joyas\",\"publisher\":{\"@id\":\"https:\/\/lisjoyas.com\/#organization\"},\"potentialAction\":[{\"@type\":\"SearchAction\",\"target\":{\"@type\":\"EntryPoint\",\"urlTemplate\":\"https:\/\/lisjoyas.com\/?s={search_term_string}\"},\"query-input\":\"required name=search_term_string\"}],\"inLanguage\":\"en-US\"},{\"@type\":\"Organization\",\"@id\":\"https:\/\/lisjoyas.com\/#organization\",\"name\":\"Lis Joyas\",\"url\":\"https:\/\/lisjoyas.com\/\",\"logo\":{\"@type\":\"ImageObject\",\"inLanguage\":\"en-US\",\"@id\":\"https:\/\/lisjoyas.com\/#\/schema\/logo\/image\/\",\"url\":\"https:\/\/lisjoyas.com\/wp-content\/uploads\/2024\/04\/Lis_logo_color.svg\",\"contentUrl\":\"https:\/\/lisjoyas.com\/wp-content\/uploads\/2024\/04\/Lis_logo_color.svg\",\"width\":\"1024\",\"height\":\"1024\",\"caption\":\"Lis Joyas\"},\"image\":{\"@id\":\"https:\/\/lisjoyas.com\/#\/schema\/logo\/image\/\"},\"sameAs\":[\"https:\/\/www.facebook.com\/joyascontemporaneaslis?locale=es_LA\",\"https:\/\/www.instagram.com\/lisjoyas_\/\"]}]}<\/script>\n<!-- \/ Yoast SEO plugin. -->","yoast_head_json":{"title":"Pendientes Petalina - Lis Joyas","description":"Pendientes Petalina Perfectos para elevar cualquier outfit, desde los m\u00e1s elegantes hasta los m\u00e1s casuales, aportando una frescura \u00fanica con su presencia.","robots":{"index":"index","follow":"follow","max-snippet":"max-snippet:-1","max-image-preview":"max-image-preview:large","max-video-preview":"max-video-preview:-1"},"canonical":"http:\/\/lisjoyas.com\/en\/product\/pendientes-petalina\/","og_locale":"en_US","og_type":"article","og_title":"Pendientes Petalina - Lis Joyas","og_description":"Pendientes Petalina Perfectos para elevar cualquier outfit, desde los m\u00e1s elegantes hasta los m\u00e1s casuales, aportando una frescura \u00fanica con su presencia.","og_url":"http:\/\/lisjoyas.com\/en\/product\/pendientes-petalina\/","og_site_name":"Lis Joyas","article_publisher":"https:\/\/www.facebook.com\/joyascontemporaneaslis?locale=es_LA","article_modified_time":"2025-01-30T14:29:58+00:00","og_image":[{"width":247,"height":409,"url":"https:\/\/lisjoyas.com\/wp-content\/uploads\/2025\/01\/MG_0194-e1738245019991.jpg","type":"image\/jpeg"}],"twitter_card":"summary_large_image","twitter_misc":{"Est. reading time":"3 minutes"},"schema":{"@context":"https:\/\/schema.org","@graph":[{"@type":"WebPage","@id":"https:\/\/lisjoyas.com\/producto\/pendientes-petalina\/","url":"https:\/\/lisjoyas.com\/producto\/pendientes-petalina\/","name":"Pendientes Petalina - Lis Joyas","isPartOf":{"@id":"https:\/\/lisjoyas.com\/#website"},"primaryImageOfPage":{"@id":"https:\/\/lisjoyas.com\/producto\/pendientes-petalina\/#primaryimage"},"image":{"@id":"https:\/\/lisjoyas.com\/producto\/pendientes-petalina\/#primaryimage"},"thumbnailUrl":"https:\/\/lisjoyas.com\/wp-content\/uploads\/2025\/01\/MG_0194-e1738245019991.jpg","datePublished":"2025-01-30T13:47:35+00:00","dateModified":"2025-01-30T14:29:58+00:00","description":"Pendientes Petalina Perfectos para elevar cualquier outfit, desde los m\u00e1s elegantes hasta los m\u00e1s casuales, aportando una frescura \u00fanica con su presencia.","breadcrumb":{"@id":"https:\/\/lisjoyas.com\/producto\/pendientes-petalina\/#breadcrumb"},"inLanguage":"en-US","potentialAction":[{"@type":"ReadAction","target":["https:\/\/lisjoyas.com\/producto\/pendientes-petalina\/"]}]},{"@type":"ImageObject","inLanguage":"en-US","@id":"https:\/\/lisjoyas.com\/producto\/pendientes-petalina\/#primaryimage","url":"https:\/\/lisjoyas.com\/wp-content\/uploads\/2025\/01\/MG_0194-e1738245019991.jpg","contentUrl":"https:\/\/lisjoyas.com\/wp-content\/uploads\/2025\/01\/MG_0194-e1738245019991.jpg","width":247,"height":409},{"@type":"BreadcrumbList","@id":"https:\/\/lisjoyas.com\/producto\/pendientes-petalina\/#breadcrumb","itemListElement":[{"@type":"ListItem","position":1,"name":"Portada","item":"https:\/\/lisjoyas.com\/"},{"@type":"ListItem","position":2,"name":"Tienda","item":"https:\/\/lisjoyas.com\/tienda\/"},{"@type":"ListItem","position":3,"name":"Pendientes Petalina"}]},{"@type":"WebSite","@id":"https:\/\/lisjoyas.com\/#website","url":"https:\/\/lisjoyas.com\/","name":"LIS Joyas","description":"LIS Joyas","publisher":{"@id":"https:\/\/lisjoyas.com\/#organization"},"potentialAction":[{"@type":"SearchAction","target":{"@type":"EntryPoint","urlTemplate":"https:\/\/lisjoyas.com\/?s={search_term_string}"},"query-input":"required name=search_term_string"}],"inLanguage":"en-US"},{"@type":"Organization","@id":"https:\/\/lisjoyas.com\/#organization","name":"Lis Joyas","url":"https:\/\/lisjoyas.com\/","logo":{"@type":"ImageObject","inLanguage":"en-US","@id":"https:\/\/lisjoyas.com\/#\/schema\/logo\/image\/","url":"https:\/\/lisjoyas.com\/wp-content\/uploads\/2024\/04\/Lis_logo_color.svg","contentUrl":"https:\/\/lisjoyas.com\/wp-content\/uploads\/2024\/04\/Lis_logo_color.svg","width":"1024","height":"1024","caption":"Lis Joyas"},"image":{"@id":"https:\/\/lisjoyas.com\/#\/schema\/logo\/image\/"},"sameAs":["https:\/\/www.facebook.com\/joyascontemporaneaslis?locale=es_LA","https:\/\/www.instagram.com\/lisjoyas_\/"]}]}},"_links":{"self":[{"href":"http:\/\/lisjoyas.com\/en\/wp-json\/wp\/v2\/product\/4217","targetHints":{"allow":["GET"]}}],"collection":[{"href":"http:\/\/lisjoyas.com\/en\/wp-json\/wp\/v2\/product"}],"about":[{"href":"http:\/\/lisjoyas.com\/en\/wp-json\/wp\/v2\/types\/product"}],"wp:featuredmedia":[{"embeddable":true,"href":"http:\/\/lisjoyas.com\/en\/wp-json\/wp\/v2\/media\/4219"}],"wp:attachment":[{"href":"http:\/\/lisjoyas.com\/en\/wp-json\/wp\/v2\/media?parent=4217"}],"wp:term":[{"taxonomy":"product_cat","embeddable":true,"href":"http:\/\/lisjoyas.com\/en\/wp-json\/wp\/v2\/product_cat?post=4217"},{"taxonomy":"product_tag","embeddable":true,"href":"http:\/\/lisjoyas.com\/en\/wp-json\/wp\/v2\/product_tag?post=4217"}],"curies":[{"name":"wp","href":"https:\/\/api.w.org\/{rel}","templated":true}]}}