{"id":2006,"date":"2024-04-11T16:05:08","date_gmt":"2024-04-11T16:05:08","guid":{"rendered":"https:\/\/lisjoyas.com\/?post_type=product&#038;p=2006"},"modified":"2024-08-16T14:07:23","modified_gmt":"2024-08-16T14:07:23","slug":"collar-petalos","status":"publish","type":"product","link":"http:\/\/lisjoyas.com\/es\/producto\/collar-petalos\/","title":{"rendered":"Collar P\u00e9talos"},"content":{"rendered":"\n","protected":false},"excerpt":{"rendered":"<p class=\"s4\"><span class=\"s3\">Collar P\u00e9talos, a\u00f1ade un toque de elegancia y distinci\u00f3n a tu estilo con nuestro exquisito Collar P\u00e9talos Dor\u00e9! Este encantador accesorio, elaborado a mano en cuero natural uruguayo, presenta un dise\u00f1o \u00fanico y sofisticado que seguramente capturar\u00e1 miradas.<\/span><\/p>\n<p class=\"s5\"><span class=\"s3\">Con un cierre magn\u00e9tico para mayor comodidad, este collar est\u00e1 compuesto por p\u00e9talos unidos sim\u00e9tricamente en su parte media, creando una pieza visualmente impresionante y equilibrada. Los detalles en plateado a\u00f1aden un toque de versatilidad, permiti\u00e9ndote combinar este collar con una amplia variedad de conjuntos y estilos.<\/span><\/p>\n<p class=\"s5\"><span class=\"s3\">En Lis Atelier, valoramos la precisi\u00f3n y la calidad en cada etapa de la elaboraci\u00f3n. Nuestros artesanos emplean t\u00e9cnicas meticulosas para trabajar el cuero natural, asegurando que cada pieza sea una obra maestra \u00fanica en s\u00ed misma.<\/span><\/p>\n<p class=\"s5\"><span class=\"s3\">El Collar P\u00e9talos Dor\u00e9 es m\u00e1s que un simple accesorio: es una expresi\u00f3n de estilo y refinamiento. Con su dise\u00f1o llamativo y detalles cuidadosamente elaborados, este collar se convertir\u00e1 en el centro de atenci\u00f3n dondequiera que vayas.<\/span><\/p>\n<p>Explora nuestra variaci\u00f3n del collar P\u00e9talos con dos tonos, negro y nude o dorado y plateado donde los colores y formas se entrelazan y separan creando una combinaci\u00f3n \u00fanica y llamativa. Este collar ofrece un toque de originalidad y estilo a tu look, permiti\u00e9ndote jugar con la combinaci\u00f3n de colores para destacar tu personalidad con elegancia y sofisticaci\u00f3n.<\/p>\n<p class=\"s5\"><span class=\"s3\">Como todos nuestros productos, este collar es una pieza de edici\u00f3n limitada. Cada art\u00edculo est\u00e1 dise\u00f1ado y confeccionado a mano en nuestro Atelier en Uruguay, garantizando la calidad artesanal y el encanto exclusivo que nos distingue.<\/span><\/p>\n","protected":false},"featured_media":2329,"template":"","meta":{"inline_featured_image":false,"_joinchat":[]},"product_cat":[18],"product_tag":[140,151,141,145,144,114,152,83,139,148,47,153,137,143,142,149,108,150,146,147,136,138],"class_list":{"0":"post-2006","1":"product","2":"type-product","3":"status-publish","4":"has-post-thumbnail","6":"product_cat-collares","7":"product_tag-accesorio-de-moda","8":"product_tag-accesorio-versatil","9":"product_tag-artesania","10":"product_tag-autenticidad","11":"product_tag-calidad","12":"product_tag-collar","13":"product_tag-collar-artesanal","14":"product_tag-collar-de-cuero","15":"product_tag-comodo","16":"product_tag-complemento","17":"product_tag-cuero-natural","18":"product_tag-cuero-uruguayo","19":"product_tag-diseno-unico","20":"product_tag-elegancia","21":"product_tag-estilo","22":"product_tag-exclusivo","23":"product_tag-hecho-a-mano","24":"product_tag-joyeria","25":"product_tag-lujo","26":"product_tag-moda","27":"product_tag-uruguay","28":"product_tag-versatil","30":"first","31":"instock","32":"shipping-taxable","33":"purchasable","34":"product-type-variable"},"yoast_head":"<!-- This site is optimized with the Yoast SEO plugin v23.2 - https:\/\/yoast.com\/wordpress\/plugins\/seo\/ -->\n<title>Collar P\u00e9talos - Lis Joyas<\/title>\n<meta name=\"description\" content=\"Este encantador accesorio, elaborado a mano en cuero natural uruguayo, presenta un dise\u00f1o \u00fanico y sofisticado que seguramente capturar\u00e1 miradas. Lo quiero!\" \/>\n<meta name=\"robots\" content=\"index, follow, max-snippet:-1, max-image-preview:large, max-video-preview:-1\" \/>\n<link rel=\"canonical\" href=\"http:\/\/lisjoyas.com\/es\/producto\/collar-petalos\/\" \/>\n<meta property=\"og:locale\" content=\"es_ES\" \/>\n<meta property=\"og:type\" content=\"article\" \/>\n<meta property=\"og:title\" content=\"Collar P\u00e9talos - Lis Joyas\" \/>\n<meta property=\"og:description\" content=\"Este encantador accesorio, elaborado a mano en cuero natural uruguayo, presenta un dise\u00f1o \u00fanico y sofisticado que seguramente capturar\u00e1 miradas. Lo quiero!\" \/>\n<meta property=\"og:url\" content=\"http:\/\/lisjoyas.com\/es\/producto\/collar-petalos\/\" \/>\n<meta property=\"og:site_name\" content=\"Lis Joyas\" \/>\n<meta property=\"article:publisher\" content=\"https:\/\/www.facebook.com\/joyascontemporaneaslis?locale=es_LA\" \/>\n<meta property=\"article:modified_time\" content=\"2024-08-16T14:07:23+00:00\" \/>\n<meta property=\"og:image\" content=\"https:\/\/lisjoyas.com\/wp-content\/uploads\/2024\/05\/collar-petalos-dorado-y-plateado.jpg\" \/>\n\t<meta property=\"og:image:width\" content=\"500\" \/>\n\t<meta property=\"og:image:height\" content=\"500\" \/>\n\t<meta property=\"og:image:type\" content=\"image\/jpeg\" \/>\n<meta name=\"twitter:card\" content=\"summary_large_image\" \/>\n<meta name=\"twitter:label1\" content=\"Tiempo de lectura\" \/>\n\t<meta name=\"twitter:data1\" content=\"4 minutos\" \/>\n<script type=\"application\/ld+json\" class=\"yoast-schema-graph\">{\"@context\":\"https:\/\/schema.org\",\"@graph\":[{\"@type\":\"WebPage\",\"@id\":\"https:\/\/lisjoyas.com\/producto\/collar-petalos\/\",\"url\":\"https:\/\/lisjoyas.com\/producto\/collar-petalos\/\",\"name\":\"Collar P\u00e9talos - Lis Joyas\",\"isPartOf\":{\"@id\":\"https:\/\/lisjoyas.com\/#website\"},\"primaryImageOfPage\":{\"@id\":\"https:\/\/lisjoyas.com\/producto\/collar-petalos\/#primaryimage\"},\"image\":{\"@id\":\"https:\/\/lisjoyas.com\/producto\/collar-petalos\/#primaryimage\"},\"thumbnailUrl\":\"https:\/\/lisjoyas.com\/wp-content\/uploads\/2024\/05\/collar-petalos-dorado-y-plateado.jpg\",\"datePublished\":\"2024-04-11T16:05:08+00:00\",\"dateModified\":\"2024-08-16T14:07:23+00:00\",\"description\":\"Este encantador accesorio, elaborado a mano en cuero natural uruguayo, presenta un dise\u00f1o \u00fanico y sofisticado que seguramente capturar\u00e1 miradas. Lo quiero!\",\"breadcrumb\":{\"@id\":\"https:\/\/lisjoyas.com\/producto\/collar-petalos\/#breadcrumb\"},\"inLanguage\":\"es\",\"potentialAction\":[{\"@type\":\"ReadAction\",\"target\":[\"https:\/\/lisjoyas.com\/producto\/collar-petalos\/\"]}]},{\"@type\":\"ImageObject\",\"inLanguage\":\"es\",\"@id\":\"https:\/\/lisjoyas.com\/producto\/collar-petalos\/#primaryimage\",\"url\":\"https:\/\/lisjoyas.com\/wp-content\/uploads\/2024\/05\/collar-petalos-dorado-y-plateado.jpg\",\"contentUrl\":\"https:\/\/lisjoyas.com\/wp-content\/uploads\/2024\/05\/collar-petalos-dorado-y-plateado.jpg\",\"width\":500,\"height\":500},{\"@type\":\"BreadcrumbList\",\"@id\":\"https:\/\/lisjoyas.com\/producto\/collar-petalos\/#breadcrumb\",\"itemListElement\":[{\"@type\":\"ListItem\",\"position\":1,\"name\":\"Portada\",\"item\":\"https:\/\/lisjoyas.com\/\"},{\"@type\":\"ListItem\",\"position\":2,\"name\":\"Tienda\",\"item\":\"https:\/\/lisjoyas.com\/tienda\/\"},{\"@type\":\"ListItem\",\"position\":3,\"name\":\"Collar P\u00e9talos\"}]},{\"@type\":\"WebSite\",\"@id\":\"https:\/\/lisjoyas.com\/#website\",\"url\":\"https:\/\/lisjoyas.com\/\",\"name\":\"LIS Joyas\",\"description\":\"LIS Joyas\",\"publisher\":{\"@id\":\"https:\/\/lisjoyas.com\/#organization\"},\"potentialAction\":[{\"@type\":\"SearchAction\",\"target\":{\"@type\":\"EntryPoint\",\"urlTemplate\":\"https:\/\/lisjoyas.com\/?s={search_term_string}\"},\"query-input\":\"required name=search_term_string\"}],\"inLanguage\":\"es\"},{\"@type\":\"Organization\",\"@id\":\"https:\/\/lisjoyas.com\/#organization\",\"name\":\"Lis Joyas\",\"url\":\"https:\/\/lisjoyas.com\/\",\"logo\":{\"@type\":\"ImageObject\",\"inLanguage\":\"es\",\"@id\":\"https:\/\/lisjoyas.com\/#\/schema\/logo\/image\/\",\"url\":\"https:\/\/lisjoyas.com\/wp-content\/uploads\/2024\/04\/Lis_logo_color.svg\",\"contentUrl\":\"https:\/\/lisjoyas.com\/wp-content\/uploads\/2024\/04\/Lis_logo_color.svg\",\"width\":\"1024\",\"height\":\"1024\",\"caption\":\"Lis Joyas\"},\"image\":{\"@id\":\"https:\/\/lisjoyas.com\/#\/schema\/logo\/image\/\"},\"sameAs\":[\"https:\/\/www.facebook.com\/joyascontemporaneaslis?locale=es_LA\",\"https:\/\/www.instagram.com\/lisjoyas_\/\"]}]}<\/script>\n<!-- \/ Yoast SEO plugin. -->","yoast_head_json":{"title":"Collar P\u00e9talos - Lis Joyas","description":"Este encantador accesorio, elaborado a mano en cuero natural uruguayo, presenta un dise\u00f1o \u00fanico y sofisticado que seguramente capturar\u00e1 miradas. Lo quiero!","robots":{"index":"index","follow":"follow","max-snippet":"max-snippet:-1","max-image-preview":"max-image-preview:large","max-video-preview":"max-video-preview:-1"},"canonical":"http:\/\/lisjoyas.com\/es\/producto\/collar-petalos\/","og_locale":"es_ES","og_type":"article","og_title":"Collar P\u00e9talos - Lis Joyas","og_description":"Este encantador accesorio, elaborado a mano en cuero natural uruguayo, presenta un dise\u00f1o \u00fanico y sofisticado que seguramente capturar\u00e1 miradas. Lo quiero!","og_url":"http:\/\/lisjoyas.com\/es\/producto\/collar-petalos\/","og_site_name":"Lis Joyas","article_publisher":"https:\/\/www.facebook.com\/joyascontemporaneaslis?locale=es_LA","article_modified_time":"2024-08-16T14:07:23+00:00","og_image":[{"width":500,"height":500,"url":"https:\/\/lisjoyas.com\/wp-content\/uploads\/2024\/05\/collar-petalos-dorado-y-plateado.jpg","type":"image\/jpeg"}],"twitter_card":"summary_large_image","twitter_misc":{"Tiempo de lectura":"4 minutos"},"schema":{"@context":"https:\/\/schema.org","@graph":[{"@type":"WebPage","@id":"https:\/\/lisjoyas.com\/producto\/collar-petalos\/","url":"https:\/\/lisjoyas.com\/producto\/collar-petalos\/","name":"Collar P\u00e9talos - Lis Joyas","isPartOf":{"@id":"https:\/\/lisjoyas.com\/#website"},"primaryImageOfPage":{"@id":"https:\/\/lisjoyas.com\/producto\/collar-petalos\/#primaryimage"},"image":{"@id":"https:\/\/lisjoyas.com\/producto\/collar-petalos\/#primaryimage"},"thumbnailUrl":"https:\/\/lisjoyas.com\/wp-content\/uploads\/2024\/05\/collar-petalos-dorado-y-plateado.jpg","datePublished":"2024-04-11T16:05:08+00:00","dateModified":"2024-08-16T14:07:23+00:00","description":"Este encantador accesorio, elaborado a mano en cuero natural uruguayo, presenta un dise\u00f1o \u00fanico y sofisticado que seguramente capturar\u00e1 miradas. Lo quiero!","breadcrumb":{"@id":"https:\/\/lisjoyas.com\/producto\/collar-petalos\/#breadcrumb"},"inLanguage":"es","potentialAction":[{"@type":"ReadAction","target":["https:\/\/lisjoyas.com\/producto\/collar-petalos\/"]}]},{"@type":"ImageObject","inLanguage":"es","@id":"https:\/\/lisjoyas.com\/producto\/collar-petalos\/#primaryimage","url":"https:\/\/lisjoyas.com\/wp-content\/uploads\/2024\/05\/collar-petalos-dorado-y-plateado.jpg","contentUrl":"https:\/\/lisjoyas.com\/wp-content\/uploads\/2024\/05\/collar-petalos-dorado-y-plateado.jpg","width":500,"height":500},{"@type":"BreadcrumbList","@id":"https:\/\/lisjoyas.com\/producto\/collar-petalos\/#breadcrumb","itemListElement":[{"@type":"ListItem","position":1,"name":"Portada","item":"https:\/\/lisjoyas.com\/"},{"@type":"ListItem","position":2,"name":"Tienda","item":"https:\/\/lisjoyas.com\/tienda\/"},{"@type":"ListItem","position":3,"name":"Collar P\u00e9talos"}]},{"@type":"WebSite","@id":"https:\/\/lisjoyas.com\/#website","url":"https:\/\/lisjoyas.com\/","name":"LIS Joyas","description":"LIS Joyas","publisher":{"@id":"https:\/\/lisjoyas.com\/#organization"},"potentialAction":[{"@type":"SearchAction","target":{"@type":"EntryPoint","urlTemplate":"https:\/\/lisjoyas.com\/?s={search_term_string}"},"query-input":"required name=search_term_string"}],"inLanguage":"es"},{"@type":"Organization","@id":"https:\/\/lisjoyas.com\/#organization","name":"Lis Joyas","url":"https:\/\/lisjoyas.com\/","logo":{"@type":"ImageObject","inLanguage":"es","@id":"https:\/\/lisjoyas.com\/#\/schema\/logo\/image\/","url":"https:\/\/lisjoyas.com\/wp-content\/uploads\/2024\/04\/Lis_logo_color.svg","contentUrl":"https:\/\/lisjoyas.com\/wp-content\/uploads\/2024\/04\/Lis_logo_color.svg","width":"1024","height":"1024","caption":"Lis Joyas"},"image":{"@id":"https:\/\/lisjoyas.com\/#\/schema\/logo\/image\/"},"sameAs":["https:\/\/www.facebook.com\/joyascontemporaneaslis?locale=es_LA","https:\/\/www.instagram.com\/lisjoyas_\/"]}]}},"_links":{"self":[{"href":"http:\/\/lisjoyas.com\/es\/wp-json\/wp\/v2\/product\/2006","targetHints":{"allow":["GET"]}}],"collection":[{"href":"http:\/\/lisjoyas.com\/es\/wp-json\/wp\/v2\/product"}],"about":[{"href":"http:\/\/lisjoyas.com\/es\/wp-json\/wp\/v2\/types\/product"}],"wp:featuredmedia":[{"embeddable":true,"href":"http:\/\/lisjoyas.com\/es\/wp-json\/wp\/v2\/media\/2329"}],"wp:attachment":[{"href":"http:\/\/lisjoyas.com\/es\/wp-json\/wp\/v2\/media?parent=2006"}],"wp:term":[{"taxonomy":"product_cat","embeddable":true,"href":"http:\/\/lisjoyas.com\/es\/wp-json\/wp\/v2\/product_cat?post=2006"},{"taxonomy":"product_tag","embeddable":true,"href":"http:\/\/lisjoyas.com\/es\/wp-json\/wp\/v2\/product_tag?post=2006"}],"curies":[{"name":"wp","href":"https:\/\/api.w.org\/{rel}","templated":true}]}}