{"id":2097,"date":"2024-04-11T16:46:55","date_gmt":"2024-04-11T16:46:55","guid":{"rendered":"https:\/\/lisjoyas.com\/?post_type=product&#038;p=2097"},"modified":"2025-10-28T22:00:06","modified_gmt":"2025-10-28T22:00:06","slug":"collar-kate","status":"publish","type":"product","link":"http:\/\/lisjoyas.com\/es\/producto\/collar-kate\/","title":{"rendered":"Collar Kate"},"content":{"rendered":"\n","protected":false},"excerpt":{"rendered":"<p><span class=\"s2\">El collar Kate, tu accesorio imprescindible para cualquier ocasi\u00f3n! Con un dise\u00f1o vers\u00e1til que se adapta tanto a looks casuales como a eventos de fiesta, este collar es la pieza perfecta para a\u00f1adir un toque de estilo a tu outfit. Ya sea que est\u00e9s disfrutando de un d\u00eda relajado o bailando toda la noche, el collar Kate te acompa\u00f1ar\u00e1 con su elegancia y sofisticaci\u00f3n. Fabricado con los mejores materiales y cuidadosamente dise\u00f1ado para brindar versatilidad y estilo, este collar se convertir\u00e1 en tu compa\u00f1ero de moda favorito. Completa tu look con el<\/span><span class=\"s2\"> brazalete Kate.<\/span><\/p>\n<p><span class=\"s2\">\u00a1Hazte con el collar Kate y prep\u00e1rate para brillar en cualquier momento y lugar! Descubre el Conjunto Kate y aprovecha el 10% OFF <a href=\"https:\/\/lisjoyas.com\/es\/producto\/conjunto-kate\/\">https:\/\/lisjoyas.com\/es\/producto\/conjunto-kate\/<\/a><\/span><\/p>\n","protected":false},"featured_media":2101,"template":"","meta":{"inline_featured_image":false,"_joinchat":[]},"product_cat":[18],"product_tag":[114,157,139,47,137,154,108,57,155,136,138,156],"class_list":{"0":"post-2097","1":"product","2":"type-product","3":"status-publish","4":"has-post-thumbnail","6":"product_cat-collares","7":"product_tag-collar","8":"product_tag-comfortable","9":"product_tag-comodo","10":"product_tag-cuero-natural","11":"product_tag-diseno-unico","12":"product_tag-handmade","13":"product_tag-hecho-a-mano","14":"product_tag-natural-leather","15":"product_tag-unique-design","16":"product_tag-uruguay","17":"product_tag-versatil","18":"product_tag-versatile","20":"first","21":"instock","22":"shipping-taxable","23":"purchasable","24":"product-type-variable"},"yoast_head":"<!-- This site is optimized with the Yoast SEO plugin v23.2 - https:\/\/yoast.com\/wordpress\/plugins\/seo\/ -->\n<title>Collar Kate - Lis Joyas<\/title>\n<meta name=\"description\" content=\"Collar Kate en cuero natural 100% uruguayo, una joya contempor\u00e1nea divina con un dise\u00f1o \u00fanico. Conoces el conjunto de brazalete y pendientes?\" \/>\n<meta name=\"robots\" content=\"index, follow, max-snippet:-1, max-image-preview:large, max-video-preview:-1\" \/>\n<link rel=\"canonical\" href=\"http:\/\/lisjoyas.com\/es\/producto\/collar-kate\/\" \/>\n<meta property=\"og:locale\" content=\"es_ES\" \/>\n<meta property=\"og:type\" content=\"article\" \/>\n<meta property=\"og:title\" content=\"Collar Kate - Lis Joyas\" \/>\n<meta property=\"og:description\" content=\"Collar Kate en cuero natural 100% uruguayo, una joya contempor\u00e1nea divina con un dise\u00f1o \u00fanico. Conoces el conjunto de brazalete y pendientes?\" \/>\n<meta property=\"og:url\" content=\"http:\/\/lisjoyas.com\/es\/producto\/collar-kate\/\" \/>\n<meta property=\"og:site_name\" content=\"Lis Joyas\" \/>\n<meta property=\"article:publisher\" content=\"https:\/\/www.facebook.com\/joyascontemporaneaslis?locale=es_LA\" \/>\n<meta property=\"article:modified_time\" content=\"2025-10-28T22:00:06+00:00\" \/>\n<meta property=\"og:image\" content=\"https:\/\/lisjoyas.com\/wp-content\/uploads\/2024\/04\/collar-y-brazalete-kate.jpg\" \/>\n\t<meta property=\"og:image:width\" content=\"1080\" \/>\n\t<meta property=\"og:image:height\" content=\"1920\" \/>\n\t<meta property=\"og:image:type\" content=\"image\/jpeg\" \/>\n<meta name=\"twitter:card\" content=\"summary_large_image\" \/>\n<meta name=\"twitter:label1\" content=\"Tiempo de lectura\" \/>\n\t<meta name=\"twitter:data1\" content=\"4 minutos\" \/>\n<script type=\"application\/ld+json\" class=\"yoast-schema-graph\">{\"@context\":\"https:\/\/schema.org\",\"@graph\":[{\"@type\":\"WebPage\",\"@id\":\"https:\/\/lisjoyas.com\/producto\/collar-kate\/\",\"url\":\"https:\/\/lisjoyas.com\/producto\/collar-kate\/\",\"name\":\"Collar Kate - Lis Joyas\",\"isPartOf\":{\"@id\":\"https:\/\/lisjoyas.com\/#website\"},\"primaryImageOfPage\":{\"@id\":\"https:\/\/lisjoyas.com\/producto\/collar-kate\/#primaryimage\"},\"image\":{\"@id\":\"https:\/\/lisjoyas.com\/producto\/collar-kate\/#primaryimage\"},\"thumbnailUrl\":\"https:\/\/lisjoyas.com\/wp-content\/uploads\/2024\/04\/collar-y-brazalete-kate.jpg\",\"datePublished\":\"2024-04-11T16:46:55+00:00\",\"dateModified\":\"2025-10-28T22:00:06+00:00\",\"description\":\"Collar Kate en cuero natural 100% uruguayo, una joya contempor\u00e1nea divina con un dise\u00f1o \u00fanico. Conoces el conjunto de brazalete y pendientes?\",\"breadcrumb\":{\"@id\":\"https:\/\/lisjoyas.com\/producto\/collar-kate\/#breadcrumb\"},\"inLanguage\":\"es\",\"potentialAction\":[{\"@type\":\"ReadAction\",\"target\":[\"https:\/\/lisjoyas.com\/producto\/collar-kate\/\"]}]},{\"@type\":\"ImageObject\",\"inLanguage\":\"es\",\"@id\":\"https:\/\/lisjoyas.com\/producto\/collar-kate\/#primaryimage\",\"url\":\"https:\/\/lisjoyas.com\/wp-content\/uploads\/2024\/04\/collar-y-brazalete-kate.jpg\",\"contentUrl\":\"https:\/\/lisjoyas.com\/wp-content\/uploads\/2024\/04\/collar-y-brazalete-kate.jpg\",\"width\":1080,\"height\":1920},{\"@type\":\"BreadcrumbList\",\"@id\":\"https:\/\/lisjoyas.com\/producto\/collar-kate\/#breadcrumb\",\"itemListElement\":[{\"@type\":\"ListItem\",\"position\":1,\"name\":\"Portada\",\"item\":\"https:\/\/lisjoyas.com\/\"},{\"@type\":\"ListItem\",\"position\":2,\"name\":\"Tienda\",\"item\":\"https:\/\/lisjoyas.com\/tienda\/\"},{\"@type\":\"ListItem\",\"position\":3,\"name\":\"Collar Kate\"}]},{\"@type\":\"WebSite\",\"@id\":\"https:\/\/lisjoyas.com\/#website\",\"url\":\"https:\/\/lisjoyas.com\/\",\"name\":\"LIS Joyas\",\"description\":\"LIS Joyas\",\"publisher\":{\"@id\":\"https:\/\/lisjoyas.com\/#organization\"},\"potentialAction\":[{\"@type\":\"SearchAction\",\"target\":{\"@type\":\"EntryPoint\",\"urlTemplate\":\"https:\/\/lisjoyas.com\/?s={search_term_string}\"},\"query-input\":\"required name=search_term_string\"}],\"inLanguage\":\"es\"},{\"@type\":\"Organization\",\"@id\":\"https:\/\/lisjoyas.com\/#organization\",\"name\":\"Lis Joyas\",\"url\":\"https:\/\/lisjoyas.com\/\",\"logo\":{\"@type\":\"ImageObject\",\"inLanguage\":\"es\",\"@id\":\"https:\/\/lisjoyas.com\/#\/schema\/logo\/image\/\",\"url\":\"https:\/\/lisjoyas.com\/wp-content\/uploads\/2024\/04\/Lis_logo_color.svg\",\"contentUrl\":\"https:\/\/lisjoyas.com\/wp-content\/uploads\/2024\/04\/Lis_logo_color.svg\",\"width\":\"1024\",\"height\":\"1024\",\"caption\":\"Lis Joyas\"},\"image\":{\"@id\":\"https:\/\/lisjoyas.com\/#\/schema\/logo\/image\/\"},\"sameAs\":[\"https:\/\/www.facebook.com\/joyascontemporaneaslis?locale=es_LA\",\"https:\/\/www.instagram.com\/lisjoyas_\/\"]}]}<\/script>\n<!-- \/ Yoast SEO plugin. -->","yoast_head_json":{"title":"Collar Kate - Lis Joyas","description":"Collar Kate en cuero natural 100% uruguayo, una joya contempor\u00e1nea divina con un dise\u00f1o \u00fanico. Conoces el conjunto de brazalete y pendientes?","robots":{"index":"index","follow":"follow","max-snippet":"max-snippet:-1","max-image-preview":"max-image-preview:large","max-video-preview":"max-video-preview:-1"},"canonical":"http:\/\/lisjoyas.com\/es\/producto\/collar-kate\/","og_locale":"es_ES","og_type":"article","og_title":"Collar Kate - Lis Joyas","og_description":"Collar Kate en cuero natural 100% uruguayo, una joya contempor\u00e1nea divina con un dise\u00f1o \u00fanico. Conoces el conjunto de brazalete y pendientes?","og_url":"http:\/\/lisjoyas.com\/es\/producto\/collar-kate\/","og_site_name":"Lis Joyas","article_publisher":"https:\/\/www.facebook.com\/joyascontemporaneaslis?locale=es_LA","article_modified_time":"2025-10-28T22:00:06+00:00","og_image":[{"width":1080,"height":1920,"url":"https:\/\/lisjoyas.com\/wp-content\/uploads\/2024\/04\/collar-y-brazalete-kate.jpg","type":"image\/jpeg"}],"twitter_card":"summary_large_image","twitter_misc":{"Tiempo de lectura":"4 minutos"},"schema":{"@context":"https:\/\/schema.org","@graph":[{"@type":"WebPage","@id":"https:\/\/lisjoyas.com\/producto\/collar-kate\/","url":"https:\/\/lisjoyas.com\/producto\/collar-kate\/","name":"Collar Kate - Lis Joyas","isPartOf":{"@id":"https:\/\/lisjoyas.com\/#website"},"primaryImageOfPage":{"@id":"https:\/\/lisjoyas.com\/producto\/collar-kate\/#primaryimage"},"image":{"@id":"https:\/\/lisjoyas.com\/producto\/collar-kate\/#primaryimage"},"thumbnailUrl":"https:\/\/lisjoyas.com\/wp-content\/uploads\/2024\/04\/collar-y-brazalete-kate.jpg","datePublished":"2024-04-11T16:46:55+00:00","dateModified":"2025-10-28T22:00:06+00:00","description":"Collar Kate en cuero natural 100% uruguayo, una joya contempor\u00e1nea divina con un dise\u00f1o \u00fanico. Conoces el conjunto de brazalete y pendientes?","breadcrumb":{"@id":"https:\/\/lisjoyas.com\/producto\/collar-kate\/#breadcrumb"},"inLanguage":"es","potentialAction":[{"@type":"ReadAction","target":["https:\/\/lisjoyas.com\/producto\/collar-kate\/"]}]},{"@type":"ImageObject","inLanguage":"es","@id":"https:\/\/lisjoyas.com\/producto\/collar-kate\/#primaryimage","url":"https:\/\/lisjoyas.com\/wp-content\/uploads\/2024\/04\/collar-y-brazalete-kate.jpg","contentUrl":"https:\/\/lisjoyas.com\/wp-content\/uploads\/2024\/04\/collar-y-brazalete-kate.jpg","width":1080,"height":1920},{"@type":"BreadcrumbList","@id":"https:\/\/lisjoyas.com\/producto\/collar-kate\/#breadcrumb","itemListElement":[{"@type":"ListItem","position":1,"name":"Portada","item":"https:\/\/lisjoyas.com\/"},{"@type":"ListItem","position":2,"name":"Tienda","item":"https:\/\/lisjoyas.com\/tienda\/"},{"@type":"ListItem","position":3,"name":"Collar Kate"}]},{"@type":"WebSite","@id":"https:\/\/lisjoyas.com\/#website","url":"https:\/\/lisjoyas.com\/","name":"LIS Joyas","description":"LIS Joyas","publisher":{"@id":"https:\/\/lisjoyas.com\/#organization"},"potentialAction":[{"@type":"SearchAction","target":{"@type":"EntryPoint","urlTemplate":"https:\/\/lisjoyas.com\/?s={search_term_string}"},"query-input":"required name=search_term_string"}],"inLanguage":"es"},{"@type":"Organization","@id":"https:\/\/lisjoyas.com\/#organization","name":"Lis Joyas","url":"https:\/\/lisjoyas.com\/","logo":{"@type":"ImageObject","inLanguage":"es","@id":"https:\/\/lisjoyas.com\/#\/schema\/logo\/image\/","url":"https:\/\/lisjoyas.com\/wp-content\/uploads\/2024\/04\/Lis_logo_color.svg","contentUrl":"https:\/\/lisjoyas.com\/wp-content\/uploads\/2024\/04\/Lis_logo_color.svg","width":"1024","height":"1024","caption":"Lis Joyas"},"image":{"@id":"https:\/\/lisjoyas.com\/#\/schema\/logo\/image\/"},"sameAs":["https:\/\/www.facebook.com\/joyascontemporaneaslis?locale=es_LA","https:\/\/www.instagram.com\/lisjoyas_\/"]}]}},"_links":{"self":[{"href":"http:\/\/lisjoyas.com\/es\/wp-json\/wp\/v2\/product\/2097","targetHints":{"allow":["GET"]}}],"collection":[{"href":"http:\/\/lisjoyas.com\/es\/wp-json\/wp\/v2\/product"}],"about":[{"href":"http:\/\/lisjoyas.com\/es\/wp-json\/wp\/v2\/types\/product"}],"wp:featuredmedia":[{"embeddable":true,"href":"http:\/\/lisjoyas.com\/es\/wp-json\/wp\/v2\/media\/2101"}],"wp:attachment":[{"href":"http:\/\/lisjoyas.com\/es\/wp-json\/wp\/v2\/media?parent=2097"}],"wp:term":[{"taxonomy":"product_cat","embeddable":true,"href":"http:\/\/lisjoyas.com\/es\/wp-json\/wp\/v2\/product_cat?post=2097"},{"taxonomy":"product_tag","embeddable":true,"href":"http:\/\/lisjoyas.com\/es\/wp-json\/wp\/v2\/product_tag?post=2097"}],"curies":[{"name":"wp","href":"https:\/\/api.w.org\/{rel}","templated":true}]}}