{"id":2568,"date":"2024-05-02T14:44:06","date_gmt":"2024-05-02T14:44:06","guid":{"rendered":"https:\/\/lisjoyas.com\/?post_type=product&#038;p=2568"},"modified":"2025-12-29T20:03:58","modified_gmt":"2025-12-29T20:03:58","slug":"brazalete-emma","status":"publish","type":"product","link":"http:\/\/lisjoyas.com\/es\/producto\/brazalete-emma\/","title":{"rendered":"Brazalete Emma"},"content":{"rendered":"\n","protected":false},"excerpt":{"rendered":"<p><span style=\"font-weight: 400;\">\u00a1Descubre la Elegancia de Nuestra L\u00ednea de Brazalete de Cuero Uruguayo \u00abEmma\u00bb!<\/span><\/p>\n<p><span style=\"font-weight: 400;\">Sum\u00e9rgete en el mundo del lujo y la sofisticaci\u00f3n con nuestra exclusiva l\u00ednea de brazalete de cuero uruguayo \u00abEmma\u00bb. Cada brazalete est\u00e1 cuidadosamente confeccionado con cuero de la m\u00e1s alta calidad, proveniente de Uruguay, conocido por su excepcional suavidad y durabilidad.<\/span><\/p>\n<p><span style=\"font-weight: 400;\">El dise\u00f1o de dos vueltas, con cada una de aproximadamente 2 cm de ancho, ofrece un estilo \u00fanico y distintivo que complementar\u00e1 tu look con elegancia. Los detalles var\u00edan en cierre en los laterales y los cierres de broche gemelo, o tachas y cierre de hebilla. Son hechos a mano con meticulosa atenci\u00f3n al detalle, agregan un toque de sofisticaci\u00f3n y funcionalidad a cada pieza.<\/span><\/p>\n<p><span style=\"font-weight: 400;\">Nuestros brazaletes \u00abEmma\u00bb son la combinaci\u00f3n perfecta de estilo y practicidad. Ya sea que est\u00e9s buscando un accesorio llamativo para una ocasi\u00f3n especial o un complemento vers\u00e1til para tu outfit diario, nuestra selecci\u00f3n tiene algo para cada estilo y ocasi\u00f3n.<\/span><\/p>\n<p><span style=\"font-weight: 400;\">En nuestra tienda en l\u00ednea, nos comprometemos a ofrecer productos de calidad y una experiencia de compra excepcional. Con env\u00edo r\u00e1pido y seguro, as\u00ed como un servicio al cliente atento y profesional, estamos aqu\u00ed para ayudarte a encontrar el complemento perfecto para tu look.<\/span><\/p>\n<p><span style=\"font-weight: 400;\">Explora nuestra selecci\u00f3n de brazalete de cuero uruguayo \u00abEmma\u00bb hoy mismo y descubre el lujo y la elegancia que a\u00f1adir\u00e1 a tu estilo \u00fanico. Tambi\u00e9n te puede gustar el\u00a0<a href=\"https:\/\/lisjoyas.com\/producto\/brazalete-sonar-despierto\/\">Brazalete So\u00f1ar despierto<\/a><\/span><\/p>\n","protected":false},"featured_media":3763,"template":"","meta":{"inline_featured_image":false,"_joinchat":[]},"product_cat":[17],"product_tag":[173,183,182,174,176,177,170,64,171,179,172,175],"class_list":{"0":"post-2568","1":"product","2":"type-product","3":"status-publish","4":"has-post-thumbnail","6":"product_cat-brazaletes","7":"product_tag-accesorios-de-vanguardia-modern-jewelry","8":"product_tag-brazalete-con-hebilla","9":"product_tag-brazalete-en-cuero","10":"product_tag-contemporary-design","11":"product_tag-current-trends","12":"product_tag-cutting-edge-accessories","13":"product_tag-diseno-contemporaneo","14":"product_tag-joyeria-moderna","15":"product_tag-piezas-unicas","16":"product_tag-pulseras","17":"product_tag-tendencias-actuales","18":"product_tag-unique-pieces","20":"first","21":"instock","22":"shipping-taxable","23":"purchasable","24":"product-type-variable"},"yoast_head":"<!-- This site is optimized with the Yoast SEO plugin v23.2 - https:\/\/yoast.com\/wordpress\/plugins\/seo\/ -->\n<title>Brazalete Emma - Lis Joyas<\/title>\n<meta name=\"description\" content=\"Brazalete Emma en cuero natural 100 % uruguayo, hecho a mano en Lis Atelier. Dos opciones una con el detalle de tachas y otra con el detalle de cierre\" \/>\n<meta name=\"robots\" content=\"index, follow, max-snippet:-1, max-image-preview:large, max-video-preview:-1\" \/>\n<link rel=\"canonical\" href=\"http:\/\/lisjoyas.com\/es\/producto\/brazalete-emma\/\" \/>\n<meta property=\"og:locale\" content=\"es_ES\" \/>\n<meta property=\"og:type\" content=\"article\" \/>\n<meta property=\"og:title\" content=\"Brazalete Emma - Lis Joyas\" \/>\n<meta property=\"og:description\" content=\"Brazalete Emma en cuero natural 100 % uruguayo, hecho a mano en Lis Atelier. Dos opciones una con el detalle de tachas y otra con el detalle de cierre\" \/>\n<meta property=\"og:url\" content=\"http:\/\/lisjoyas.com\/es\/producto\/brazalete-emma\/\" \/>\n<meta property=\"og:site_name\" content=\"Lis Joyas\" \/>\n<meta property=\"article:publisher\" content=\"https:\/\/www.facebook.com\/joyascontemporaneaslis?locale=es_LA\" \/>\n<meta property=\"article:modified_time\" content=\"2025-12-29T20:03:58+00:00\" \/>\n<meta property=\"og:image\" content=\"https:\/\/lisjoyas.com\/wp-content\/uploads\/2024\/05\/brazalete-emma-doble-blanco.jpg\" \/>\n\t<meta property=\"og:image:width\" content=\"500\" \/>\n\t<meta property=\"og:image:height\" content=\"667\" \/>\n\t<meta property=\"og:image:type\" content=\"image\/jpeg\" \/>\n<meta name=\"twitter:card\" content=\"summary_large_image\" \/>\n<meta name=\"twitter:label1\" content=\"Tiempo de lectura\" \/>\n\t<meta name=\"twitter:data1\" content=\"3 minutos\" \/>\n<script type=\"application\/ld+json\" class=\"yoast-schema-graph\">{\"@context\":\"https:\/\/schema.org\",\"@graph\":[{\"@type\":\"WebPage\",\"@id\":\"https:\/\/lisjoyas.com\/producto\/brazalete-emma\/\",\"url\":\"https:\/\/lisjoyas.com\/producto\/brazalete-emma\/\",\"name\":\"Brazalete Emma - Lis Joyas\",\"isPartOf\":{\"@id\":\"https:\/\/lisjoyas.com\/#website\"},\"primaryImageOfPage\":{\"@id\":\"https:\/\/lisjoyas.com\/producto\/brazalete-emma\/#primaryimage\"},\"image\":{\"@id\":\"https:\/\/lisjoyas.com\/producto\/brazalete-emma\/#primaryimage\"},\"thumbnailUrl\":\"https:\/\/lisjoyas.com\/wp-content\/uploads\/2024\/05\/brazalete-emma-doble-blanco.jpg\",\"datePublished\":\"2024-05-02T14:44:06+00:00\",\"dateModified\":\"2025-12-29T20:03:58+00:00\",\"description\":\"Brazalete Emma en cuero natural 100 % uruguayo, hecho a mano en Lis Atelier. Dos opciones una con el detalle de tachas y otra con el detalle de cierre\",\"breadcrumb\":{\"@id\":\"https:\/\/lisjoyas.com\/producto\/brazalete-emma\/#breadcrumb\"},\"inLanguage\":\"es\",\"potentialAction\":[{\"@type\":\"ReadAction\",\"target\":[\"https:\/\/lisjoyas.com\/producto\/brazalete-emma\/\"]}]},{\"@type\":\"ImageObject\",\"inLanguage\":\"es\",\"@id\":\"https:\/\/lisjoyas.com\/producto\/brazalete-emma\/#primaryimage\",\"url\":\"https:\/\/lisjoyas.com\/wp-content\/uploads\/2024\/05\/brazalete-emma-doble-blanco.jpg\",\"contentUrl\":\"https:\/\/lisjoyas.com\/wp-content\/uploads\/2024\/05\/brazalete-emma-doble-blanco.jpg\",\"width\":500,\"height\":667},{\"@type\":\"BreadcrumbList\",\"@id\":\"https:\/\/lisjoyas.com\/producto\/brazalete-emma\/#breadcrumb\",\"itemListElement\":[{\"@type\":\"ListItem\",\"position\":1,\"name\":\"Portada\",\"item\":\"https:\/\/lisjoyas.com\/\"},{\"@type\":\"ListItem\",\"position\":2,\"name\":\"Tienda\",\"item\":\"https:\/\/lisjoyas.com\/tienda\/\"},{\"@type\":\"ListItem\",\"position\":3,\"name\":\"Brazalete Emma\"}]},{\"@type\":\"WebSite\",\"@id\":\"https:\/\/lisjoyas.com\/#website\",\"url\":\"https:\/\/lisjoyas.com\/\",\"name\":\"LIS Joyas\",\"description\":\"LIS Joyas\",\"publisher\":{\"@id\":\"https:\/\/lisjoyas.com\/#organization\"},\"potentialAction\":[{\"@type\":\"SearchAction\",\"target\":{\"@type\":\"EntryPoint\",\"urlTemplate\":\"https:\/\/lisjoyas.com\/?s={search_term_string}\"},\"query-input\":\"required name=search_term_string\"}],\"inLanguage\":\"es\"},{\"@type\":\"Organization\",\"@id\":\"https:\/\/lisjoyas.com\/#organization\",\"name\":\"Lis Joyas\",\"url\":\"https:\/\/lisjoyas.com\/\",\"logo\":{\"@type\":\"ImageObject\",\"inLanguage\":\"es\",\"@id\":\"https:\/\/lisjoyas.com\/#\/schema\/logo\/image\/\",\"url\":\"https:\/\/lisjoyas.com\/wp-content\/uploads\/2024\/04\/Lis_logo_color.svg\",\"contentUrl\":\"https:\/\/lisjoyas.com\/wp-content\/uploads\/2024\/04\/Lis_logo_color.svg\",\"width\":\"1024\",\"height\":\"1024\",\"caption\":\"Lis Joyas\"},\"image\":{\"@id\":\"https:\/\/lisjoyas.com\/#\/schema\/logo\/image\/\"},\"sameAs\":[\"https:\/\/www.facebook.com\/joyascontemporaneaslis?locale=es_LA\",\"https:\/\/www.instagram.com\/lisjoyas_\/\"]}]}<\/script>\n<!-- \/ Yoast SEO plugin. -->","yoast_head_json":{"title":"Brazalete Emma - Lis Joyas","description":"Brazalete Emma en cuero natural 100 % uruguayo, hecho a mano en Lis Atelier. Dos opciones una con el detalle de tachas y otra con el detalle de cierre","robots":{"index":"index","follow":"follow","max-snippet":"max-snippet:-1","max-image-preview":"max-image-preview:large","max-video-preview":"max-video-preview:-1"},"canonical":"http:\/\/lisjoyas.com\/es\/producto\/brazalete-emma\/","og_locale":"es_ES","og_type":"article","og_title":"Brazalete Emma - Lis Joyas","og_description":"Brazalete Emma en cuero natural 100 % uruguayo, hecho a mano en Lis Atelier. Dos opciones una con el detalle de tachas y otra con el detalle de cierre","og_url":"http:\/\/lisjoyas.com\/es\/producto\/brazalete-emma\/","og_site_name":"Lis Joyas","article_publisher":"https:\/\/www.facebook.com\/joyascontemporaneaslis?locale=es_LA","article_modified_time":"2025-12-29T20:03:58+00:00","og_image":[{"width":500,"height":667,"url":"https:\/\/lisjoyas.com\/wp-content\/uploads\/2024\/05\/brazalete-emma-doble-blanco.jpg","type":"image\/jpeg"}],"twitter_card":"summary_large_image","twitter_misc":{"Tiempo de lectura":"3 minutos"},"schema":{"@context":"https:\/\/schema.org","@graph":[{"@type":"WebPage","@id":"https:\/\/lisjoyas.com\/producto\/brazalete-emma\/","url":"https:\/\/lisjoyas.com\/producto\/brazalete-emma\/","name":"Brazalete Emma - Lis Joyas","isPartOf":{"@id":"https:\/\/lisjoyas.com\/#website"},"primaryImageOfPage":{"@id":"https:\/\/lisjoyas.com\/producto\/brazalete-emma\/#primaryimage"},"image":{"@id":"https:\/\/lisjoyas.com\/producto\/brazalete-emma\/#primaryimage"},"thumbnailUrl":"https:\/\/lisjoyas.com\/wp-content\/uploads\/2024\/05\/brazalete-emma-doble-blanco.jpg","datePublished":"2024-05-02T14:44:06+00:00","dateModified":"2025-12-29T20:03:58+00:00","description":"Brazalete Emma en cuero natural 100 % uruguayo, hecho a mano en Lis Atelier. Dos opciones una con el detalle de tachas y otra con el detalle de cierre","breadcrumb":{"@id":"https:\/\/lisjoyas.com\/producto\/brazalete-emma\/#breadcrumb"},"inLanguage":"es","potentialAction":[{"@type":"ReadAction","target":["https:\/\/lisjoyas.com\/producto\/brazalete-emma\/"]}]},{"@type":"ImageObject","inLanguage":"es","@id":"https:\/\/lisjoyas.com\/producto\/brazalete-emma\/#primaryimage","url":"https:\/\/lisjoyas.com\/wp-content\/uploads\/2024\/05\/brazalete-emma-doble-blanco.jpg","contentUrl":"https:\/\/lisjoyas.com\/wp-content\/uploads\/2024\/05\/brazalete-emma-doble-blanco.jpg","width":500,"height":667},{"@type":"BreadcrumbList","@id":"https:\/\/lisjoyas.com\/producto\/brazalete-emma\/#breadcrumb","itemListElement":[{"@type":"ListItem","position":1,"name":"Portada","item":"https:\/\/lisjoyas.com\/"},{"@type":"ListItem","position":2,"name":"Tienda","item":"https:\/\/lisjoyas.com\/tienda\/"},{"@type":"ListItem","position":3,"name":"Brazalete Emma"}]},{"@type":"WebSite","@id":"https:\/\/lisjoyas.com\/#website","url":"https:\/\/lisjoyas.com\/","name":"LIS Joyas","description":"LIS Joyas","publisher":{"@id":"https:\/\/lisjoyas.com\/#organization"},"potentialAction":[{"@type":"SearchAction","target":{"@type":"EntryPoint","urlTemplate":"https:\/\/lisjoyas.com\/?s={search_term_string}"},"query-input":"required name=search_term_string"}],"inLanguage":"es"},{"@type":"Organization","@id":"https:\/\/lisjoyas.com\/#organization","name":"Lis Joyas","url":"https:\/\/lisjoyas.com\/","logo":{"@type":"ImageObject","inLanguage":"es","@id":"https:\/\/lisjoyas.com\/#\/schema\/logo\/image\/","url":"https:\/\/lisjoyas.com\/wp-content\/uploads\/2024\/04\/Lis_logo_color.svg","contentUrl":"https:\/\/lisjoyas.com\/wp-content\/uploads\/2024\/04\/Lis_logo_color.svg","width":"1024","height":"1024","caption":"Lis Joyas"},"image":{"@id":"https:\/\/lisjoyas.com\/#\/schema\/logo\/image\/"},"sameAs":["https:\/\/www.facebook.com\/joyascontemporaneaslis?locale=es_LA","https:\/\/www.instagram.com\/lisjoyas_\/"]}]}},"_links":{"self":[{"href":"http:\/\/lisjoyas.com\/es\/wp-json\/wp\/v2\/product\/2568","targetHints":{"allow":["GET"]}}],"collection":[{"href":"http:\/\/lisjoyas.com\/es\/wp-json\/wp\/v2\/product"}],"about":[{"href":"http:\/\/lisjoyas.com\/es\/wp-json\/wp\/v2\/types\/product"}],"wp:featuredmedia":[{"embeddable":true,"href":"http:\/\/lisjoyas.com\/es\/wp-json\/wp\/v2\/media\/3763"}],"wp:attachment":[{"href":"http:\/\/lisjoyas.com\/es\/wp-json\/wp\/v2\/media?parent=2568"}],"wp:term":[{"taxonomy":"product_cat","embeddable":true,"href":"http:\/\/lisjoyas.com\/es\/wp-json\/wp\/v2\/product_cat?post=2568"},{"taxonomy":"product_tag","embeddable":true,"href":"http:\/\/lisjoyas.com\/es\/wp-json\/wp\/v2\/product_tag?post=2568"}],"curies":[{"name":"wp","href":"https:\/\/api.w.org\/{rel}","templated":true}]}}