{"id":3472,"date":"2024-05-12T21:15:42","date_gmt":"2024-05-12T21:15:42","guid":{"rendered":"https:\/\/lisjoyas.com\/?post_type=product&#038;p=3472"},"modified":"2025-09-05T00:15:36","modified_gmt":"2025-09-05T00:15:36","slug":"brazalete-cali","status":"publish","type":"product","link":"http:\/\/lisjoyas.com\/es\/producto\/brazalete-cali\/","title":{"rendered":"Brazalete Cali"},"content":{"rendered":"\n","protected":false},"excerpt":{"rendered":"<p class=\"s3\"><span class=\"s2\">Brazalete Cali, <\/span>Sum\u00e9rgete en la elegancia atemporal con el brazalete Cali de Lis Atelier. Este cautivador brazalete, confeccionado con cuero natural uruguayo, combina magistralmente dos tipos diferentes de cuero: uno liso y otro con textura, creando una armon\u00eda de contrastes que cautiva la mirada.<\/p>\n<div class=\"flex-1 overflow-hidden\">\n<div class=\"react-scroll-to-bottom--css-gcwyy-79elbk h-full\">\n<div class=\"react-scroll-to-bottom--css-gcwyy-1n7m0yu\">\n<div class=\"flex flex-col text-sm pb-9\">\n<div class=\"w-full text-token-text-primary\" dir=\"auto\" data-testid=\"conversation-turn-13\" data-scroll-anchor=\"true\">\n<div class=\"py-2 px-3 text-base md:px-4 m-auto md:px-5 lg:px-1 xl:px-5\">\n<div class=\"mx-auto flex flex-1 gap-3 text-base juice:gap-4 juice:md:gap-6 md:max-w-3xl lg:max-w-[40rem] xl:max-w-[48rem]\">\n<div class=\"relative flex w-full min-w-0 flex-col agent-turn\">\n<div class=\"flex-col gap-1 md:gap-3\">\n<div class=\"flex flex-grow flex-col max-w-full\">\n<div class=\"min-h-[20px] text-message flex flex-col items-start whitespace-pre-wrap break-words [.text-message+&amp;]:mt-5 juice:w-full juice:items-end overflow-x-auto gap-3\" dir=\"auto\" data-message-author-role=\"assistant\" data-message-id=\"f043559f-7b97-47ab-9ec8-ca231fd019f7\">\n<div class=\"markdown prose w-full break-words dark:prose-invert light\">\n<p>Con un ancho de 3 cm, el brazalete Cali presenta una sofisticada delicadeza que complementa cualquier conjunto con elegancia discreta. El brazalete Cali cautiva con su dise\u00f1o \u00fanico, sus dos herrajes en color oro viejo, uno redondo que act\u00faa como cierre principal y otro ovalado que recibe el cierre con gracia y estilo, a\u00f1aden un toque de distinci\u00f3n \u00fanico.<\/p>\n<p>La artesan\u00eda excepcional y la atenci\u00f3n al detalle hacen del brazalete Cali m\u00e1s que un simple accesorio; es una declaraci\u00f3n de estilo y distinci\u00f3n. Ideal para aquellos que buscan resaltar con sofisticaci\u00f3n, este brazalete es la elecci\u00f3n perfecta para cualquier ocasi\u00f3n, ya sea para un evento especial o para el d\u00eda a d\u00eda.<\/p>\n<p>Haz una elecci\u00f3n sostenible y elegante con nuestros brazaletes de cuero natural, destacando tu compromiso con la moda consciente. En Lis Atelier, nos enorgullece ofrecerte accesorios exclusivos que no solo resaltan tu estilo, sino que tambi\u00e9n honran nuestro compromiso con el medio ambiente.<\/p>\n<p>Que es la moda circular? <a href=\"https:\/\/www.tpop.com\/es\/blog\/what-is-circular-fashion#:~:text=La%20moda%20circular%20es%20un,se%20acaba%20tirando%20y%20destruyendo.\">https:\/\/www.tpop.com\/es\/blog\/what-is-circular-fashion#:~:text=La%20moda%20circular%20es%20un,se%20acaba%20tirando%20y%20destruyendo.<\/a><\/p>\n<p>Utilizamos descartes de cuero en algunas de nuestras confecciones, d\u00e1ndoles una nueva vida y contribuyendo a reducir el desperdicio. Cada brazalete es una muestra de artesan\u00eda excepcional y dise\u00f1o innovador, fusionando la belleza del cuero natural con la sostenibilidad.<\/p>\n<p>Descubre la belleza \u00fanica del brazalete Cali de Lis Atelier y lleva contigo la esencia del buen gusto y la exclusividad. \u00a1Hazlo tuyo hoy mismo y permite que tu estilo hable por ti con cada detalle!<\/p>\n<p>Tambi\u00e9n te puede gustar el\u00a0<a href=\"https:\/\/lisjoyas.com\/producto\/brazalete-loto\/\">Brazalete Loto<\/a><\/p>\n<\/div>\n<\/div>\n<\/div>\n<div class=\"mt-1 flex gap-3 empty:hidden juice:-ml-3\">\n<div class=\"-ml-1 mt-0 flex h-7 items-center justify-center gap-[2px] self-end text-gray-400 lg:justify-start lg:self-center visible\"><\/div>\n<\/div>\n<div class=\"pr-2 lg:pr-0\"><\/div>\n<\/div>\n<div class=\"absolute\">\n<div class=\"flex w-full gap-2 items-center justify-center\"><\/div>\n<\/div>\n<\/div>\n<\/div>\n<\/div>\n<\/div>\n<\/div>\n<\/div>\n<\/div>\n<\/div>\n<div class=\"w-full md:pt-0 dark:border-white\/20 md:border-transparent md:dark:border-transparent md:w-[calc(100%-.5rem)] juice:w-full\">\n<div class=\"px-3 text-base md:px-4 m-auto md:px-5 lg:px-1 xl:px-5\">\n<div class=\"mx-auto flex flex-1 gap-3 text-base juice:gap-4 juice:md:gap-6 md:max-w-3xl lg:max-w-[40rem] xl:max-w-[48rem]\">\n<form class=\"w-full\">\n<div class=\"relative flex h-full max-w-full flex-1 flex-col\">\n<div class=\"absolute bottom-full left-0 right-0\"><\/div>\n<div class=\"flex w-full items-center\"><\/div>\n<\/div>\n<\/form>\n<\/div>\n<\/div>\n<\/div>\n","protected":false},"featured_media":3486,"template":"","meta":{"inline_featured_image":false,"_joinchat":[]},"product_cat":[17],"product_tag":[166,162,163,42,84,186,211,161,159,160,165,192,158,179,181,213,164,210],"class_list":{"0":"post-3472","1":"product","2":"type-product","3":"status-publish","4":"has-post-thumbnail","6":"product_cat-brazaletes","7":"product_tag-art-in-accessories","8":"product_tag-arte-en-accesorios-handcrafted-contemporary-jewelry","9":"product_tag-avant-garde-design","10":"product_tag-brazalete","11":"product_tag-brazalete-de-cuero","12":"product_tag-brazalete-de-cuero-natural","13":"product_tag-color-vison","14":"product_tag-creaciones-innovadoras","15":"product_tag-diseno-vanguardista","16":"product_tag-estilo-unico","17":"product_tag-innovative-creations","18":"product_tag-joyas","19":"product_tag-joyas-contemporaneas-artesanales","20":"product_tag-pulseras","21":"product_tag-pulseras-en-cuero","22":"product_tag-sostenible","23":"product_tag-unique-style","24":"product_tag-zerowaste","26":"first","27":"instock","28":"shipping-taxable","29":"purchasable","30":"product-type-variable"},"yoast_head":"<!-- This site is optimized with the Yoast SEO plugin v23.2 - https:\/\/yoast.com\/wordpress\/plugins\/seo\/ -->\n<title>Brazalete Cali - Lis Joyas<\/title>\n<meta name=\"description\" content=\"Brazalete Cali hecho en cuero natural 100% uruguayo, una combinaci\u00f3n de cueros lisos con textura en color vis\u00f3n con herrajes en oro viejo.\" \/>\n<meta name=\"robots\" content=\"index, follow, max-snippet:-1, max-image-preview:large, max-video-preview:-1\" \/>\n<link rel=\"canonical\" href=\"http:\/\/lisjoyas.com\/es\/producto\/brazalete-cali\/\" \/>\n<meta property=\"og:locale\" content=\"es_ES\" \/>\n<meta property=\"og:type\" content=\"article\" \/>\n<meta property=\"og:title\" content=\"Brazalete Cali - Lis Joyas\" \/>\n<meta property=\"og:description\" content=\"Brazalete Cali hecho en cuero natural 100% uruguayo, una combinaci\u00f3n de cueros lisos con textura en color vis\u00f3n con herrajes en oro viejo.\" \/>\n<meta property=\"og:url\" content=\"http:\/\/lisjoyas.com\/es\/producto\/brazalete-cali\/\" \/>\n<meta property=\"og:site_name\" content=\"Lis Joyas\" \/>\n<meta property=\"article:publisher\" content=\"https:\/\/www.facebook.com\/joyascontemporaneaslis?locale=es_LA\" \/>\n<meta property=\"article:modified_time\" content=\"2025-09-05T00:15:36+00:00\" \/>\n<meta property=\"og:image\" content=\"https:\/\/lisjoyas.com\/wp-content\/uploads\/2024\/05\/brazalete-cali11.jpg\" \/>\n\t<meta property=\"og:image:width\" content=\"500\" \/>\n\t<meta property=\"og:image:height\" content=\"523\" \/>\n\t<meta property=\"og:image:type\" content=\"image\/jpeg\" \/>\n<meta name=\"twitter:card\" content=\"summary_large_image\" \/>\n<meta name=\"twitter:label1\" content=\"Tiempo de lectura\" \/>\n\t<meta name=\"twitter:data1\" content=\"3 minutos\" \/>\n<script type=\"application\/ld+json\" class=\"yoast-schema-graph\">{\"@context\":\"https:\/\/schema.org\",\"@graph\":[{\"@type\":\"WebPage\",\"@id\":\"https:\/\/lisjoyas.com\/producto\/brazalete-cali\/\",\"url\":\"https:\/\/lisjoyas.com\/producto\/brazalete-cali\/\",\"name\":\"Brazalete Cali - Lis Joyas\",\"isPartOf\":{\"@id\":\"https:\/\/lisjoyas.com\/#website\"},\"primaryImageOfPage\":{\"@id\":\"https:\/\/lisjoyas.com\/producto\/brazalete-cali\/#primaryimage\"},\"image\":{\"@id\":\"https:\/\/lisjoyas.com\/producto\/brazalete-cali\/#primaryimage\"},\"thumbnailUrl\":\"https:\/\/lisjoyas.com\/wp-content\/uploads\/2024\/05\/brazalete-cali11.jpg\",\"datePublished\":\"2024-05-12T21:15:42+00:00\",\"dateModified\":\"2025-09-05T00:15:36+00:00\",\"description\":\"Brazalete Cali hecho en cuero natural 100% uruguayo, una combinaci\u00f3n de cueros lisos con textura en color vis\u00f3n con herrajes en oro viejo.\",\"breadcrumb\":{\"@id\":\"https:\/\/lisjoyas.com\/producto\/brazalete-cali\/#breadcrumb\"},\"inLanguage\":\"es\",\"potentialAction\":[{\"@type\":\"ReadAction\",\"target\":[\"https:\/\/lisjoyas.com\/producto\/brazalete-cali\/\"]}]},{\"@type\":\"ImageObject\",\"inLanguage\":\"es\",\"@id\":\"https:\/\/lisjoyas.com\/producto\/brazalete-cali\/#primaryimage\",\"url\":\"https:\/\/lisjoyas.com\/wp-content\/uploads\/2024\/05\/brazalete-cali11.jpg\",\"contentUrl\":\"https:\/\/lisjoyas.com\/wp-content\/uploads\/2024\/05\/brazalete-cali11.jpg\",\"width\":500,\"height\":523},{\"@type\":\"BreadcrumbList\",\"@id\":\"https:\/\/lisjoyas.com\/producto\/brazalete-cali\/#breadcrumb\",\"itemListElement\":[{\"@type\":\"ListItem\",\"position\":1,\"name\":\"Portada\",\"item\":\"https:\/\/lisjoyas.com\/\"},{\"@type\":\"ListItem\",\"position\":2,\"name\":\"Tienda\",\"item\":\"https:\/\/lisjoyas.com\/tienda\/\"},{\"@type\":\"ListItem\",\"position\":3,\"name\":\"Brazalete Cali\"}]},{\"@type\":\"WebSite\",\"@id\":\"https:\/\/lisjoyas.com\/#website\",\"url\":\"https:\/\/lisjoyas.com\/\",\"name\":\"LIS Joyas\",\"description\":\"LIS Joyas\",\"publisher\":{\"@id\":\"https:\/\/lisjoyas.com\/#organization\"},\"potentialAction\":[{\"@type\":\"SearchAction\",\"target\":{\"@type\":\"EntryPoint\",\"urlTemplate\":\"https:\/\/lisjoyas.com\/?s={search_term_string}\"},\"query-input\":\"required name=search_term_string\"}],\"inLanguage\":\"es\"},{\"@type\":\"Organization\",\"@id\":\"https:\/\/lisjoyas.com\/#organization\",\"name\":\"Lis Joyas\",\"url\":\"https:\/\/lisjoyas.com\/\",\"logo\":{\"@type\":\"ImageObject\",\"inLanguage\":\"es\",\"@id\":\"https:\/\/lisjoyas.com\/#\/schema\/logo\/image\/\",\"url\":\"https:\/\/lisjoyas.com\/wp-content\/uploads\/2024\/04\/Lis_logo_color.svg\",\"contentUrl\":\"https:\/\/lisjoyas.com\/wp-content\/uploads\/2024\/04\/Lis_logo_color.svg\",\"width\":\"1024\",\"height\":\"1024\",\"caption\":\"Lis Joyas\"},\"image\":{\"@id\":\"https:\/\/lisjoyas.com\/#\/schema\/logo\/image\/\"},\"sameAs\":[\"https:\/\/www.facebook.com\/joyascontemporaneaslis?locale=es_LA\",\"https:\/\/www.instagram.com\/lisjoyas_\/\"]}]}<\/script>\n<!-- \/ Yoast SEO plugin. -->","yoast_head_json":{"title":"Brazalete Cali - Lis Joyas","description":"Brazalete Cali hecho en cuero natural 100% uruguayo, una combinaci\u00f3n de cueros lisos con textura en color vis\u00f3n con herrajes en oro viejo.","robots":{"index":"index","follow":"follow","max-snippet":"max-snippet:-1","max-image-preview":"max-image-preview:large","max-video-preview":"max-video-preview:-1"},"canonical":"http:\/\/lisjoyas.com\/es\/producto\/brazalete-cali\/","og_locale":"es_ES","og_type":"article","og_title":"Brazalete Cali - Lis Joyas","og_description":"Brazalete Cali hecho en cuero natural 100% uruguayo, una combinaci\u00f3n de cueros lisos con textura en color vis\u00f3n con herrajes en oro viejo.","og_url":"http:\/\/lisjoyas.com\/es\/producto\/brazalete-cali\/","og_site_name":"Lis Joyas","article_publisher":"https:\/\/www.facebook.com\/joyascontemporaneaslis?locale=es_LA","article_modified_time":"2025-09-05T00:15:36+00:00","og_image":[{"width":500,"height":523,"url":"https:\/\/lisjoyas.com\/wp-content\/uploads\/2024\/05\/brazalete-cali11.jpg","type":"image\/jpeg"}],"twitter_card":"summary_large_image","twitter_misc":{"Tiempo de lectura":"3 minutos"},"schema":{"@context":"https:\/\/schema.org","@graph":[{"@type":"WebPage","@id":"https:\/\/lisjoyas.com\/producto\/brazalete-cali\/","url":"https:\/\/lisjoyas.com\/producto\/brazalete-cali\/","name":"Brazalete Cali - Lis Joyas","isPartOf":{"@id":"https:\/\/lisjoyas.com\/#website"},"primaryImageOfPage":{"@id":"https:\/\/lisjoyas.com\/producto\/brazalete-cali\/#primaryimage"},"image":{"@id":"https:\/\/lisjoyas.com\/producto\/brazalete-cali\/#primaryimage"},"thumbnailUrl":"https:\/\/lisjoyas.com\/wp-content\/uploads\/2024\/05\/brazalete-cali11.jpg","datePublished":"2024-05-12T21:15:42+00:00","dateModified":"2025-09-05T00:15:36+00:00","description":"Brazalete Cali hecho en cuero natural 100% uruguayo, una combinaci\u00f3n de cueros lisos con textura en color vis\u00f3n con herrajes en oro viejo.","breadcrumb":{"@id":"https:\/\/lisjoyas.com\/producto\/brazalete-cali\/#breadcrumb"},"inLanguage":"es","potentialAction":[{"@type":"ReadAction","target":["https:\/\/lisjoyas.com\/producto\/brazalete-cali\/"]}]},{"@type":"ImageObject","inLanguage":"es","@id":"https:\/\/lisjoyas.com\/producto\/brazalete-cali\/#primaryimage","url":"https:\/\/lisjoyas.com\/wp-content\/uploads\/2024\/05\/brazalete-cali11.jpg","contentUrl":"https:\/\/lisjoyas.com\/wp-content\/uploads\/2024\/05\/brazalete-cali11.jpg","width":500,"height":523},{"@type":"BreadcrumbList","@id":"https:\/\/lisjoyas.com\/producto\/brazalete-cali\/#breadcrumb","itemListElement":[{"@type":"ListItem","position":1,"name":"Portada","item":"https:\/\/lisjoyas.com\/"},{"@type":"ListItem","position":2,"name":"Tienda","item":"https:\/\/lisjoyas.com\/tienda\/"},{"@type":"ListItem","position":3,"name":"Brazalete Cali"}]},{"@type":"WebSite","@id":"https:\/\/lisjoyas.com\/#website","url":"https:\/\/lisjoyas.com\/","name":"LIS Joyas","description":"LIS Joyas","publisher":{"@id":"https:\/\/lisjoyas.com\/#organization"},"potentialAction":[{"@type":"SearchAction","target":{"@type":"EntryPoint","urlTemplate":"https:\/\/lisjoyas.com\/?s={search_term_string}"},"query-input":"required name=search_term_string"}],"inLanguage":"es"},{"@type":"Organization","@id":"https:\/\/lisjoyas.com\/#organization","name":"Lis Joyas","url":"https:\/\/lisjoyas.com\/","logo":{"@type":"ImageObject","inLanguage":"es","@id":"https:\/\/lisjoyas.com\/#\/schema\/logo\/image\/","url":"https:\/\/lisjoyas.com\/wp-content\/uploads\/2024\/04\/Lis_logo_color.svg","contentUrl":"https:\/\/lisjoyas.com\/wp-content\/uploads\/2024\/04\/Lis_logo_color.svg","width":"1024","height":"1024","caption":"Lis Joyas"},"image":{"@id":"https:\/\/lisjoyas.com\/#\/schema\/logo\/image\/"},"sameAs":["https:\/\/www.facebook.com\/joyascontemporaneaslis?locale=es_LA","https:\/\/www.instagram.com\/lisjoyas_\/"]}]}},"_links":{"self":[{"href":"http:\/\/lisjoyas.com\/es\/wp-json\/wp\/v2\/product\/3472","targetHints":{"allow":["GET"]}}],"collection":[{"href":"http:\/\/lisjoyas.com\/es\/wp-json\/wp\/v2\/product"}],"about":[{"href":"http:\/\/lisjoyas.com\/es\/wp-json\/wp\/v2\/types\/product"}],"wp:featuredmedia":[{"embeddable":true,"href":"http:\/\/lisjoyas.com\/es\/wp-json\/wp\/v2\/media\/3486"}],"wp:attachment":[{"href":"http:\/\/lisjoyas.com\/es\/wp-json\/wp\/v2\/media?parent=3472"}],"wp:term":[{"taxonomy":"product_cat","embeddable":true,"href":"http:\/\/lisjoyas.com\/es\/wp-json\/wp\/v2\/product_cat?post=3472"},{"taxonomy":"product_tag","embeddable":true,"href":"http:\/\/lisjoyas.com\/es\/wp-json\/wp\/v2\/product_tag?post=3472"}],"curies":[{"name":"wp","href":"https:\/\/api.w.org\/{rel}","templated":true}]}}