{"id":3733,"date":"2024-05-27T13:07:21","date_gmt":"2024-05-27T13:07:21","guid":{"rendered":"https:\/\/lisjoyas.com\/?post_type=product&#038;p=3733"},"modified":"2025-05-12T13:05:39","modified_gmt":"2025-05-12T13:05:39","slug":"brazalete-pasion","status":"publish","type":"product","link":"http:\/\/lisjoyas.com\/es\/producto\/brazalete-pasion\/","title":{"rendered":"Brazalete Pasi\u00f3n"},"content":{"rendered":"\n","protected":false},"excerpt":{"rendered":"<p>Brazalete Pasi\u00f3n, descubre su esencia y estilo aut\u00e9ntico en cuero natural 100% uruguayo, una pieza \u00fanica que se convierte en el comod\u00edn esencial de tus accesorios. Su dise\u00f1o asim\u00e9trico, c\u00f3modo y vers\u00e1til, se adapta a cualquier ocasi\u00f3n con elegancia y distinci\u00f3n.<\/p>\n<p>Cada brazalete \u00abPasi\u00f3n\u00bb es elaborado a mano con meticulosidad en el Lis Atelier, fusionando la artesan\u00eda tradicional con la modernidad del dise\u00f1o. El cierre con broche gemelo no solo aporta seguridad, sino tambi\u00e9n un toque de sofisticaci\u00f3n adicional.<\/p>\n<p>Para mantener su belleza a lo largo del tiempo, recomendamos colocar el perfume y las cremas antes de ponerse el brazalete, asegurando as\u00ed los mejores cuidados para esta joya de cuero natural uruguayo. Con el brazalete \u00abPasi\u00f3n\u00bb, lleva contigo m\u00e1s que un accesorio, lleva una expresi\u00f3n de tu estilo y pasi\u00f3n por la autenticidad.<\/p>\n<p>Tambi\u00e9n te puede gustar el\u00a0<a href=\"https:\/\/lisjoyas.com\/producto\/brazalete-marilyn\/\">Brazalete Marilyn<\/a><\/p>\n","protected":false},"featured_media":3746,"template":"","meta":{"inline_featured_image":false,"_joinchat":[]},"product_cat":[17],"product_tag":[173,84,178,174,176,177,170,64,171,179,172,175],"class_list":{"0":"post-3733","1":"product","2":"type-product","3":"status-publish","4":"has-post-thumbnail","6":"product_cat-brazaletes","7":"product_tag-accesorios-de-vanguardia-modern-jewelry","8":"product_tag-brazalete-de-cuero","9":"product_tag-brazaletes","10":"product_tag-contemporary-design","11":"product_tag-current-trends","12":"product_tag-cutting-edge-accessories","13":"product_tag-diseno-contemporaneo","14":"product_tag-joyeria-moderna","15":"product_tag-piezas-unicas","16":"product_tag-pulseras","17":"product_tag-tendencias-actuales","18":"product_tag-unique-pieces","20":"first","21":"instock","22":"shipping-taxable","23":"purchasable","24":"product-type-variable"},"yoast_head":"<!-- This site is optimized with the Yoast SEO plugin v23.2 - https:\/\/yoast.com\/wordpress\/plugins\/seo\/ -->\n<title>Brazalete Pasi\u00f3n - Lis Joyas<\/title>\n<meta name=\"description\" content=\"Brazalete Marilyn es un accesorio comod\u00edn dentro de tu outfit. Asim\u00e9trico y en varios colores est\u00e1 hecho a mano en cuero natural 100% uruguayo\" \/>\n<meta name=\"robots\" content=\"index, follow, max-snippet:-1, max-image-preview:large, max-video-preview:-1\" \/>\n<link rel=\"canonical\" href=\"http:\/\/lisjoyas.com\/es\/producto\/brazalete-pasion\/\" \/>\n<meta property=\"og:locale\" content=\"es_ES\" \/>\n<meta property=\"og:type\" content=\"article\" \/>\n<meta property=\"og:title\" content=\"Brazalete Pasi\u00f3n - Lis Joyas\" \/>\n<meta property=\"og:description\" content=\"Brazalete Marilyn es un accesorio comod\u00edn dentro de tu outfit. Asim\u00e9trico y en varios colores est\u00e1 hecho a mano en cuero natural 100% uruguayo\" \/>\n<meta property=\"og:url\" content=\"http:\/\/lisjoyas.com\/es\/producto\/brazalete-pasion\/\" \/>\n<meta property=\"og:site_name\" content=\"Lis Joyas\" \/>\n<meta property=\"article:publisher\" content=\"https:\/\/www.facebook.com\/joyascontemporaneaslis?locale=es_LA\" \/>\n<meta property=\"article:modified_time\" content=\"2025-05-12T13:05:39+00:00\" \/>\n<meta property=\"og:image\" content=\"https:\/\/lisjoyas.com\/wp-content\/uploads\/2024\/05\/pasion-negro.jpg\" \/>\n\t<meta property=\"og:image:width\" content=\"530\" \/>\n\t<meta property=\"og:image:height\" content=\"494\" \/>\n\t<meta property=\"og:image:type\" content=\"image\/jpeg\" \/>\n<meta name=\"twitter:card\" content=\"summary_large_image\" \/>\n<meta name=\"twitter:label1\" content=\"Tiempo de lectura\" \/>\n\t<meta name=\"twitter:data1\" content=\"3 minutos\" \/>\n<script type=\"application\/ld+json\" class=\"yoast-schema-graph\">{\"@context\":\"https:\/\/schema.org\",\"@graph\":[{\"@type\":\"WebPage\",\"@id\":\"https:\/\/lisjoyas.com\/producto\/brazalete-pasion\/\",\"url\":\"https:\/\/lisjoyas.com\/producto\/brazalete-pasion\/\",\"name\":\"Brazalete Pasi\u00f3n - Lis Joyas\",\"isPartOf\":{\"@id\":\"https:\/\/lisjoyas.com\/#website\"},\"primaryImageOfPage\":{\"@id\":\"https:\/\/lisjoyas.com\/producto\/brazalete-pasion\/#primaryimage\"},\"image\":{\"@id\":\"https:\/\/lisjoyas.com\/producto\/brazalete-pasion\/#primaryimage\"},\"thumbnailUrl\":\"https:\/\/lisjoyas.com\/wp-content\/uploads\/2024\/05\/pasion-negro.jpg\",\"datePublished\":\"2024-05-27T13:07:21+00:00\",\"dateModified\":\"2025-05-12T13:05:39+00:00\",\"description\":\"Brazalete Marilyn es un accesorio comod\u00edn dentro de tu outfit. Asim\u00e9trico y en varios colores est\u00e1 hecho a mano en cuero natural 100% uruguayo\",\"breadcrumb\":{\"@id\":\"https:\/\/lisjoyas.com\/producto\/brazalete-pasion\/#breadcrumb\"},\"inLanguage\":\"es\",\"potentialAction\":[{\"@type\":\"ReadAction\",\"target\":[\"https:\/\/lisjoyas.com\/producto\/brazalete-pasion\/\"]}]},{\"@type\":\"ImageObject\",\"inLanguage\":\"es\",\"@id\":\"https:\/\/lisjoyas.com\/producto\/brazalete-pasion\/#primaryimage\",\"url\":\"https:\/\/lisjoyas.com\/wp-content\/uploads\/2024\/05\/pasion-negro.jpg\",\"contentUrl\":\"https:\/\/lisjoyas.com\/wp-content\/uploads\/2024\/05\/pasion-negro.jpg\",\"width\":530,\"height\":494},{\"@type\":\"BreadcrumbList\",\"@id\":\"https:\/\/lisjoyas.com\/producto\/brazalete-pasion\/#breadcrumb\",\"itemListElement\":[{\"@type\":\"ListItem\",\"position\":1,\"name\":\"Portada\",\"item\":\"https:\/\/lisjoyas.com\/\"},{\"@type\":\"ListItem\",\"position\":2,\"name\":\"Tienda\",\"item\":\"https:\/\/lisjoyas.com\/tienda\/\"},{\"@type\":\"ListItem\",\"position\":3,\"name\":\"Brazalete Pasi\u00f3n\"}]},{\"@type\":\"WebSite\",\"@id\":\"https:\/\/lisjoyas.com\/#website\",\"url\":\"https:\/\/lisjoyas.com\/\",\"name\":\"LIS Joyas\",\"description\":\"LIS Joyas\",\"publisher\":{\"@id\":\"https:\/\/lisjoyas.com\/#organization\"},\"potentialAction\":[{\"@type\":\"SearchAction\",\"target\":{\"@type\":\"EntryPoint\",\"urlTemplate\":\"https:\/\/lisjoyas.com\/?s={search_term_string}\"},\"query-input\":\"required name=search_term_string\"}],\"inLanguage\":\"es\"},{\"@type\":\"Organization\",\"@id\":\"https:\/\/lisjoyas.com\/#organization\",\"name\":\"Lis Joyas\",\"url\":\"https:\/\/lisjoyas.com\/\",\"logo\":{\"@type\":\"ImageObject\",\"inLanguage\":\"es\",\"@id\":\"https:\/\/lisjoyas.com\/#\/schema\/logo\/image\/\",\"url\":\"https:\/\/lisjoyas.com\/wp-content\/uploads\/2024\/04\/Lis_logo_color.svg\",\"contentUrl\":\"https:\/\/lisjoyas.com\/wp-content\/uploads\/2024\/04\/Lis_logo_color.svg\",\"width\":\"1024\",\"height\":\"1024\",\"caption\":\"Lis Joyas\"},\"image\":{\"@id\":\"https:\/\/lisjoyas.com\/#\/schema\/logo\/image\/\"},\"sameAs\":[\"https:\/\/www.facebook.com\/joyascontemporaneaslis?locale=es_LA\",\"https:\/\/www.instagram.com\/lisjoyas_\/\"]}]}<\/script>\n<!-- \/ Yoast SEO plugin. -->","yoast_head_json":{"title":"Brazalete Pasi\u00f3n - Lis Joyas","description":"Brazalete Marilyn es un accesorio comod\u00edn dentro de tu outfit. Asim\u00e9trico y en varios colores est\u00e1 hecho a mano en cuero natural 100% uruguayo","robots":{"index":"index","follow":"follow","max-snippet":"max-snippet:-1","max-image-preview":"max-image-preview:large","max-video-preview":"max-video-preview:-1"},"canonical":"http:\/\/lisjoyas.com\/es\/producto\/brazalete-pasion\/","og_locale":"es_ES","og_type":"article","og_title":"Brazalete Pasi\u00f3n - Lis Joyas","og_description":"Brazalete Marilyn es un accesorio comod\u00edn dentro de tu outfit. Asim\u00e9trico y en varios colores est\u00e1 hecho a mano en cuero natural 100% uruguayo","og_url":"http:\/\/lisjoyas.com\/es\/producto\/brazalete-pasion\/","og_site_name":"Lis Joyas","article_publisher":"https:\/\/www.facebook.com\/joyascontemporaneaslis?locale=es_LA","article_modified_time":"2025-05-12T13:05:39+00:00","og_image":[{"width":530,"height":494,"url":"https:\/\/lisjoyas.com\/wp-content\/uploads\/2024\/05\/pasion-negro.jpg","type":"image\/jpeg"}],"twitter_card":"summary_large_image","twitter_misc":{"Tiempo de lectura":"3 minutos"},"schema":{"@context":"https:\/\/schema.org","@graph":[{"@type":"WebPage","@id":"https:\/\/lisjoyas.com\/producto\/brazalete-pasion\/","url":"https:\/\/lisjoyas.com\/producto\/brazalete-pasion\/","name":"Brazalete Pasi\u00f3n - Lis Joyas","isPartOf":{"@id":"https:\/\/lisjoyas.com\/#website"},"primaryImageOfPage":{"@id":"https:\/\/lisjoyas.com\/producto\/brazalete-pasion\/#primaryimage"},"image":{"@id":"https:\/\/lisjoyas.com\/producto\/brazalete-pasion\/#primaryimage"},"thumbnailUrl":"https:\/\/lisjoyas.com\/wp-content\/uploads\/2024\/05\/pasion-negro.jpg","datePublished":"2024-05-27T13:07:21+00:00","dateModified":"2025-05-12T13:05:39+00:00","description":"Brazalete Marilyn es un accesorio comod\u00edn dentro de tu outfit. Asim\u00e9trico y en varios colores est\u00e1 hecho a mano en cuero natural 100% uruguayo","breadcrumb":{"@id":"https:\/\/lisjoyas.com\/producto\/brazalete-pasion\/#breadcrumb"},"inLanguage":"es","potentialAction":[{"@type":"ReadAction","target":["https:\/\/lisjoyas.com\/producto\/brazalete-pasion\/"]}]},{"@type":"ImageObject","inLanguage":"es","@id":"https:\/\/lisjoyas.com\/producto\/brazalete-pasion\/#primaryimage","url":"https:\/\/lisjoyas.com\/wp-content\/uploads\/2024\/05\/pasion-negro.jpg","contentUrl":"https:\/\/lisjoyas.com\/wp-content\/uploads\/2024\/05\/pasion-negro.jpg","width":530,"height":494},{"@type":"BreadcrumbList","@id":"https:\/\/lisjoyas.com\/producto\/brazalete-pasion\/#breadcrumb","itemListElement":[{"@type":"ListItem","position":1,"name":"Portada","item":"https:\/\/lisjoyas.com\/"},{"@type":"ListItem","position":2,"name":"Tienda","item":"https:\/\/lisjoyas.com\/tienda\/"},{"@type":"ListItem","position":3,"name":"Brazalete Pasi\u00f3n"}]},{"@type":"WebSite","@id":"https:\/\/lisjoyas.com\/#website","url":"https:\/\/lisjoyas.com\/","name":"LIS Joyas","description":"LIS Joyas","publisher":{"@id":"https:\/\/lisjoyas.com\/#organization"},"potentialAction":[{"@type":"SearchAction","target":{"@type":"EntryPoint","urlTemplate":"https:\/\/lisjoyas.com\/?s={search_term_string}"},"query-input":"required name=search_term_string"}],"inLanguage":"es"},{"@type":"Organization","@id":"https:\/\/lisjoyas.com\/#organization","name":"Lis Joyas","url":"https:\/\/lisjoyas.com\/","logo":{"@type":"ImageObject","inLanguage":"es","@id":"https:\/\/lisjoyas.com\/#\/schema\/logo\/image\/","url":"https:\/\/lisjoyas.com\/wp-content\/uploads\/2024\/04\/Lis_logo_color.svg","contentUrl":"https:\/\/lisjoyas.com\/wp-content\/uploads\/2024\/04\/Lis_logo_color.svg","width":"1024","height":"1024","caption":"Lis Joyas"},"image":{"@id":"https:\/\/lisjoyas.com\/#\/schema\/logo\/image\/"},"sameAs":["https:\/\/www.facebook.com\/joyascontemporaneaslis?locale=es_LA","https:\/\/www.instagram.com\/lisjoyas_\/"]}]}},"_links":{"self":[{"href":"http:\/\/lisjoyas.com\/es\/wp-json\/wp\/v2\/product\/3733","targetHints":{"allow":["GET"]}}],"collection":[{"href":"http:\/\/lisjoyas.com\/es\/wp-json\/wp\/v2\/product"}],"about":[{"href":"http:\/\/lisjoyas.com\/es\/wp-json\/wp\/v2\/types\/product"}],"wp:featuredmedia":[{"embeddable":true,"href":"http:\/\/lisjoyas.com\/es\/wp-json\/wp\/v2\/media\/3746"}],"wp:attachment":[{"href":"http:\/\/lisjoyas.com\/es\/wp-json\/wp\/v2\/media?parent=3733"}],"wp:term":[{"taxonomy":"product_cat","embeddable":true,"href":"http:\/\/lisjoyas.com\/es\/wp-json\/wp\/v2\/product_cat?post=3733"},{"taxonomy":"product_tag","embeddable":true,"href":"http:\/\/lisjoyas.com\/es\/wp-json\/wp\/v2\/product_tag?post=3733"}],"curies":[{"name":"wp","href":"https:\/\/api.w.org\/{rel}","templated":true}]}}