{"id":3870,"date":"2024-07-17T19:41:35","date_gmt":"2024-07-17T19:41:35","guid":{"rendered":"https:\/\/lisjoyas.com\/?post_type=product&#038;p=3870"},"modified":"2024-07-17T19:52:28","modified_gmt":"2024-07-17T19:52:28","slug":"tocado-de-novia","status":"publish","type":"product","link":"http:\/\/lisjoyas.com\/es\/producto\/tocado-de-novia\/","title":{"rendered":"Tocado de Novia"},"content":{"rendered":"\n","protected":false},"excerpt":{"rendered":"<p>Descubre la elegancia contempor\u00e1nea de nuestros tocados de cuero natural, dise\u00f1ados no solo para novias, sino tambi\u00e9n para quincea\u00f1eras y madrinas. Cada pieza es una declaraci\u00f3n de individualidad y sofisticaci\u00f3n, perfecta para cualquier ocasi\u00f3n especial.<\/p>\n<p>Nuestros tocados son completamente personalizados y hechos a mano. Trabajamos contigo para crear un dise\u00f1o que complemente a la perfecci\u00f3n tu vestido y refleje tu estilo \u00fanico. Cada tocado es una obra maestra \u00fanica, asegurando que no habr\u00e1 otro igual ni similar.<\/p>\n<p>Ya sea para bodas, fiestas de quince a\u00f1os o eventos importantes, nuestros tocados a\u00f1aden un toque de frescura y originalidad a tu look. Reserva tu cita al <strong>091 410 369<\/strong> y comienza a dise\u00f1ar el tocado de tus sue\u00f1os. \u00a1Haz de tu d\u00eda especial una experiencia inolvidable!<\/p>\n","protected":false},"featured_media":3879,"template":"","meta":{"inline_featured_image":false,"_joinchat":[]},"product_cat":[15],"product_tag":[173,174,176,177,170,64,171,172,266,267,268,269,175],"class_list":{"0":"post-3870","1":"product","2":"type-product","3":"status-publish","4":"has-post-thumbnail","6":"product_cat-piezas-arte-veneciano","7":"product_tag-accesorios-de-vanguardia-modern-jewelry","8":"product_tag-contemporary-design","9":"product_tag-current-trends","10":"product_tag-cutting-edge-accessories","11":"product_tag-diseno-contemporaneo","12":"product_tag-joyeria-moderna","13":"product_tag-piezas-unicas","14":"product_tag-tendencias-actuales","15":"product_tag-tocado-de-novia","16":"product_tag-tocado-quinceanera","17":"product_tag-tocados-en-cuero","18":"product_tag-tocados-quinceaneras","19":"product_tag-unique-pieces","21":"first","22":"instock","23":"shipping-taxable","24":"product-type-variable"},"yoast_head":"<!-- This site is optimized with the Yoast SEO plugin v23.2 - https:\/\/yoast.com\/wordpress\/plugins\/seo\/ -->\n<title>Tocado de Novia - Lis Joyas<\/title>\n<meta name=\"description\" content=\"Tocado de novia en cuero, piezas hechas a mano de dise\u00f1o \u00fanicas en su estilo. Caladas con el toque de tu estilo. Hace tu consulta\" \/>\n<meta name=\"robots\" content=\"index, follow, max-snippet:-1, max-image-preview:large, max-video-preview:-1\" \/>\n<link rel=\"canonical\" href=\"http:\/\/lisjoyas.com\/es\/producto\/tocado-de-novia\/\" \/>\n<meta property=\"og:locale\" content=\"es_ES\" \/>\n<meta property=\"og:type\" content=\"article\" \/>\n<meta property=\"og:title\" content=\"Tocado de Novia - Lis Joyas\" \/>\n<meta property=\"og:description\" content=\"Tocado de novia en cuero, piezas hechas a mano de dise\u00f1o \u00fanicas en su estilo. Caladas con el toque de tu estilo. Hace tu consulta\" \/>\n<meta property=\"og:url\" content=\"http:\/\/lisjoyas.com\/es\/producto\/tocado-de-novia\/\" \/>\n<meta property=\"og:site_name\" content=\"Lis Joyas\" \/>\n<meta property=\"article:publisher\" content=\"https:\/\/www.facebook.com\/joyascontemporaneaslis?locale=es_LA\" \/>\n<meta property=\"article:modified_time\" content=\"2024-07-17T19:52:28+00:00\" \/>\n<meta property=\"og:image\" content=\"https:\/\/lisjoyas.com\/wp-content\/uploads\/2024\/07\/TOCADO-WEB1.jpg\" \/>\n\t<meta property=\"og:image:width\" content=\"500\" \/>\n\t<meta property=\"og:image:height\" content=\"465\" \/>\n\t<meta property=\"og:image:type\" content=\"image\/jpeg\" \/>\n<meta name=\"twitter:card\" content=\"summary_large_image\" \/>\n<meta name=\"twitter:label1\" content=\"Tiempo de lectura\" \/>\n\t<meta name=\"twitter:data1\" content=\"3 minutos\" \/>\n<script type=\"application\/ld+json\" class=\"yoast-schema-graph\">{\"@context\":\"https:\/\/schema.org\",\"@graph\":[{\"@type\":\"WebPage\",\"@id\":\"https:\/\/lisjoyas.com\/producto\/tocado-de-novia\/\",\"url\":\"https:\/\/lisjoyas.com\/producto\/tocado-de-novia\/\",\"name\":\"Tocado de Novia - Lis Joyas\",\"isPartOf\":{\"@id\":\"https:\/\/lisjoyas.com\/#website\"},\"primaryImageOfPage\":{\"@id\":\"https:\/\/lisjoyas.com\/producto\/tocado-de-novia\/#primaryimage\"},\"image\":{\"@id\":\"https:\/\/lisjoyas.com\/producto\/tocado-de-novia\/#primaryimage\"},\"thumbnailUrl\":\"https:\/\/lisjoyas.com\/wp-content\/uploads\/2024\/07\/TOCADO-WEB1.jpg\",\"datePublished\":\"2024-07-17T19:41:35+00:00\",\"dateModified\":\"2024-07-17T19:52:28+00:00\",\"description\":\"Tocado de novia en cuero, piezas hechas a mano de dise\u00f1o \u00fanicas en su estilo. Caladas con el toque de tu estilo. Hace tu consulta\",\"breadcrumb\":{\"@id\":\"https:\/\/lisjoyas.com\/producto\/tocado-de-novia\/#breadcrumb\"},\"inLanguage\":\"es\",\"potentialAction\":[{\"@type\":\"ReadAction\",\"target\":[\"https:\/\/lisjoyas.com\/producto\/tocado-de-novia\/\"]}]},{\"@type\":\"ImageObject\",\"inLanguage\":\"es\",\"@id\":\"https:\/\/lisjoyas.com\/producto\/tocado-de-novia\/#primaryimage\",\"url\":\"https:\/\/lisjoyas.com\/wp-content\/uploads\/2024\/07\/TOCADO-WEB1.jpg\",\"contentUrl\":\"https:\/\/lisjoyas.com\/wp-content\/uploads\/2024\/07\/TOCADO-WEB1.jpg\",\"width\":500,\"height\":465},{\"@type\":\"BreadcrumbList\",\"@id\":\"https:\/\/lisjoyas.com\/producto\/tocado-de-novia\/#breadcrumb\",\"itemListElement\":[{\"@type\":\"ListItem\",\"position\":1,\"name\":\"Portada\",\"item\":\"https:\/\/lisjoyas.com\/\"},{\"@type\":\"ListItem\",\"position\":2,\"name\":\"Tienda\",\"item\":\"https:\/\/lisjoyas.com\/tienda\/\"},{\"@type\":\"ListItem\",\"position\":3,\"name\":\"Tocado de Novia\"}]},{\"@type\":\"WebSite\",\"@id\":\"https:\/\/lisjoyas.com\/#website\",\"url\":\"https:\/\/lisjoyas.com\/\",\"name\":\"LIS Joyas\",\"description\":\"LIS Joyas\",\"publisher\":{\"@id\":\"https:\/\/lisjoyas.com\/#organization\"},\"potentialAction\":[{\"@type\":\"SearchAction\",\"target\":{\"@type\":\"EntryPoint\",\"urlTemplate\":\"https:\/\/lisjoyas.com\/?s={search_term_string}\"},\"query-input\":\"required name=search_term_string\"}],\"inLanguage\":\"es\"},{\"@type\":\"Organization\",\"@id\":\"https:\/\/lisjoyas.com\/#organization\",\"name\":\"Lis Joyas\",\"url\":\"https:\/\/lisjoyas.com\/\",\"logo\":{\"@type\":\"ImageObject\",\"inLanguage\":\"es\",\"@id\":\"https:\/\/lisjoyas.com\/#\/schema\/logo\/image\/\",\"url\":\"https:\/\/lisjoyas.com\/wp-content\/uploads\/2024\/04\/Lis_logo_color.svg\",\"contentUrl\":\"https:\/\/lisjoyas.com\/wp-content\/uploads\/2024\/04\/Lis_logo_color.svg\",\"width\":\"1024\",\"height\":\"1024\",\"caption\":\"Lis Joyas\"},\"image\":{\"@id\":\"https:\/\/lisjoyas.com\/#\/schema\/logo\/image\/\"},\"sameAs\":[\"https:\/\/www.facebook.com\/joyascontemporaneaslis?locale=es_LA\",\"https:\/\/www.instagram.com\/lisjoyas_\/\"]}]}<\/script>\n<!-- \/ Yoast SEO plugin. -->","yoast_head_json":{"title":"Tocado de Novia - Lis Joyas","description":"Tocado de novia en cuero, piezas hechas a mano de dise\u00f1o \u00fanicas en su estilo. Caladas con el toque de tu estilo. Hace tu consulta","robots":{"index":"index","follow":"follow","max-snippet":"max-snippet:-1","max-image-preview":"max-image-preview:large","max-video-preview":"max-video-preview:-1"},"canonical":"http:\/\/lisjoyas.com\/es\/producto\/tocado-de-novia\/","og_locale":"es_ES","og_type":"article","og_title":"Tocado de Novia - Lis Joyas","og_description":"Tocado de novia en cuero, piezas hechas a mano de dise\u00f1o \u00fanicas en su estilo. Caladas con el toque de tu estilo. Hace tu consulta","og_url":"http:\/\/lisjoyas.com\/es\/producto\/tocado-de-novia\/","og_site_name":"Lis Joyas","article_publisher":"https:\/\/www.facebook.com\/joyascontemporaneaslis?locale=es_LA","article_modified_time":"2024-07-17T19:52:28+00:00","og_image":[{"width":500,"height":465,"url":"https:\/\/lisjoyas.com\/wp-content\/uploads\/2024\/07\/TOCADO-WEB1.jpg","type":"image\/jpeg"}],"twitter_card":"summary_large_image","twitter_misc":{"Tiempo de lectura":"3 minutos"},"schema":{"@context":"https:\/\/schema.org","@graph":[{"@type":"WebPage","@id":"https:\/\/lisjoyas.com\/producto\/tocado-de-novia\/","url":"https:\/\/lisjoyas.com\/producto\/tocado-de-novia\/","name":"Tocado de Novia - Lis Joyas","isPartOf":{"@id":"https:\/\/lisjoyas.com\/#website"},"primaryImageOfPage":{"@id":"https:\/\/lisjoyas.com\/producto\/tocado-de-novia\/#primaryimage"},"image":{"@id":"https:\/\/lisjoyas.com\/producto\/tocado-de-novia\/#primaryimage"},"thumbnailUrl":"https:\/\/lisjoyas.com\/wp-content\/uploads\/2024\/07\/TOCADO-WEB1.jpg","datePublished":"2024-07-17T19:41:35+00:00","dateModified":"2024-07-17T19:52:28+00:00","description":"Tocado de novia en cuero, piezas hechas a mano de dise\u00f1o \u00fanicas en su estilo. Caladas con el toque de tu estilo. Hace tu consulta","breadcrumb":{"@id":"https:\/\/lisjoyas.com\/producto\/tocado-de-novia\/#breadcrumb"},"inLanguage":"es","potentialAction":[{"@type":"ReadAction","target":["https:\/\/lisjoyas.com\/producto\/tocado-de-novia\/"]}]},{"@type":"ImageObject","inLanguage":"es","@id":"https:\/\/lisjoyas.com\/producto\/tocado-de-novia\/#primaryimage","url":"https:\/\/lisjoyas.com\/wp-content\/uploads\/2024\/07\/TOCADO-WEB1.jpg","contentUrl":"https:\/\/lisjoyas.com\/wp-content\/uploads\/2024\/07\/TOCADO-WEB1.jpg","width":500,"height":465},{"@type":"BreadcrumbList","@id":"https:\/\/lisjoyas.com\/producto\/tocado-de-novia\/#breadcrumb","itemListElement":[{"@type":"ListItem","position":1,"name":"Portada","item":"https:\/\/lisjoyas.com\/"},{"@type":"ListItem","position":2,"name":"Tienda","item":"https:\/\/lisjoyas.com\/tienda\/"},{"@type":"ListItem","position":3,"name":"Tocado de Novia"}]},{"@type":"WebSite","@id":"https:\/\/lisjoyas.com\/#website","url":"https:\/\/lisjoyas.com\/","name":"LIS Joyas","description":"LIS Joyas","publisher":{"@id":"https:\/\/lisjoyas.com\/#organization"},"potentialAction":[{"@type":"SearchAction","target":{"@type":"EntryPoint","urlTemplate":"https:\/\/lisjoyas.com\/?s={search_term_string}"},"query-input":"required name=search_term_string"}],"inLanguage":"es"},{"@type":"Organization","@id":"https:\/\/lisjoyas.com\/#organization","name":"Lis Joyas","url":"https:\/\/lisjoyas.com\/","logo":{"@type":"ImageObject","inLanguage":"es","@id":"https:\/\/lisjoyas.com\/#\/schema\/logo\/image\/","url":"https:\/\/lisjoyas.com\/wp-content\/uploads\/2024\/04\/Lis_logo_color.svg","contentUrl":"https:\/\/lisjoyas.com\/wp-content\/uploads\/2024\/04\/Lis_logo_color.svg","width":"1024","height":"1024","caption":"Lis Joyas"},"image":{"@id":"https:\/\/lisjoyas.com\/#\/schema\/logo\/image\/"},"sameAs":["https:\/\/www.facebook.com\/joyascontemporaneaslis?locale=es_LA","https:\/\/www.instagram.com\/lisjoyas_\/"]}]}},"_links":{"self":[{"href":"http:\/\/lisjoyas.com\/es\/wp-json\/wp\/v2\/product\/3870","targetHints":{"allow":["GET"]}}],"collection":[{"href":"http:\/\/lisjoyas.com\/es\/wp-json\/wp\/v2\/product"}],"about":[{"href":"http:\/\/lisjoyas.com\/es\/wp-json\/wp\/v2\/types\/product"}],"wp:featuredmedia":[{"embeddable":true,"href":"http:\/\/lisjoyas.com\/es\/wp-json\/wp\/v2\/media\/3879"}],"wp:attachment":[{"href":"http:\/\/lisjoyas.com\/es\/wp-json\/wp\/v2\/media?parent=3870"}],"wp:term":[{"taxonomy":"product_cat","embeddable":true,"href":"http:\/\/lisjoyas.com\/es\/wp-json\/wp\/v2\/product_cat?post=3870"},{"taxonomy":"product_tag","embeddable":true,"href":"http:\/\/lisjoyas.com\/es\/wp-json\/wp\/v2\/product_tag?post=3870"}],"curies":[{"name":"wp","href":"https:\/\/api.w.org\/{rel}","templated":true}]}}