{"id":4034,"date":"2024-08-30T14:45:36","date_gmt":"2024-08-30T14:45:36","guid":{"rendered":"https:\/\/lisjoyas.com\/?post_type=product&#038;p=4034"},"modified":"2025-12-29T14:52:41","modified_gmt":"2025-12-29T14:52:41","slug":"anillo-flowers","status":"publish","type":"product","link":"http:\/\/lisjoyas.com\/es\/producto\/anillo-flowers\/","title":{"rendered":"Anillo Flowers"},"content":{"rendered":"\n","protected":false},"excerpt":{"rendered":"<p>Este anillo con forma de flor en 3D es una obra de dise\u00f1o que combina la belleza natural con un toque contempor\u00e1neo. Elaborado en cuero, cada p\u00e9talo de la flor ha sido minuciosamente esculpido para crear una pieza tridimensional que destaca por su realismo y sofisticaci\u00f3n.<\/p>\n<p>El cuero, cuidadosamente seleccionado, le confiere al anillo una textura suave y una durabilidad excepcional, mientras que el dise\u00f1o en 3D aporta un volumen que resalta su car\u00e1cter \u00fanico. Este anillo es m\u00e1s que un accesorio; es una expresi\u00f3n de estilo que complementa cualquier look con elegancia y originalidad.<\/p>\n<p>Perfecto para quienes buscan una joya que combine modernidad y encanto natural, este anillo es la elecci\u00f3n ideal para a\u00f1adir un toque distintivo a tu colecci\u00f3n. Su dise\u00f1o exclusivo lo convierte en una pieza que atrae todas las miradas, elevando tu estilo a un nivel superior.<\/p>\n<p>Tambi\u00e9n te pueden gustar los <a href=\"https:\/\/lisjoyas.com\/producto\/pendientes-flowers\/\">Pendientes Flowers<\/a><\/p>\n<p>&nbsp;<\/p>\n","protected":false},"featured_media":4041,"template":"","meta":{"inline_featured_image":false,"_joinchat":[]},"product_cat":[21],"product_tag":[106,107,153,283,192,215],"class_list":{"0":"post-4034","1":"product","2":"type-product","3":"status-publish","4":"has-post-thumbnail","6":"product_cat-anillos","7":"product_tag-anillos","8":"product_tag-anillos-de-cuero","9":"product_tag-cuero-uruguayo","10":"product_tag-flores-3d","11":"product_tag-joyas","12":"product_tag-joyas-contemporaneas","14":"first","15":"instock","16":"shipping-taxable","17":"purchasable","18":"product-type-variable"},"yoast_head":"<!-- This site is optimized with the Yoast SEO plugin v23.2 - https:\/\/yoast.com\/wordpress\/plugins\/seo\/ -->\n<title>Anillo Flowers - Lis Joyas<\/title>\n<meta name=\"description\" content=\"Anillo Flowers, cada p\u00e9talo de la flor ha sido minuciosamente esculpido para crear una pieza tridimensional que destaca por su realismo y sofisticaci\u00f3n.\" \/>\n<meta name=\"robots\" content=\"index, follow, max-snippet:-1, max-image-preview:large, max-video-preview:-1\" \/>\n<link rel=\"canonical\" href=\"http:\/\/lisjoyas.com\/es\/producto\/anillo-flowers\/\" \/>\n<meta property=\"og:locale\" content=\"es_ES\" \/>\n<meta property=\"og:type\" content=\"article\" \/>\n<meta property=\"og:title\" content=\"Anillo Flowers - Lis Joyas\" \/>\n<meta property=\"og:description\" content=\"Anillo Flowers, cada p\u00e9talo de la flor ha sido minuciosamente esculpido para crear una pieza tridimensional que destaca por su realismo y sofisticaci\u00f3n.\" \/>\n<meta property=\"og:url\" content=\"http:\/\/lisjoyas.com\/es\/producto\/anillo-flowers\/\" \/>\n<meta property=\"og:site_name\" content=\"Lis Joyas\" \/>\n<meta property=\"article:publisher\" content=\"https:\/\/www.facebook.com\/joyascontemporaneaslis?locale=es_LA\" \/>\n<meta property=\"article:modified_time\" content=\"2025-12-29T14:52:41+00:00\" \/>\n<meta property=\"og:image\" content=\"https:\/\/lisjoyas.com\/wp-content\/uploads\/2024\/08\/anillo-floral.jpg\" \/>\n\t<meta property=\"og:image:width\" content=\"288\" \/>\n\t<meta property=\"og:image:height\" content=\"333\" \/>\n\t<meta property=\"og:image:type\" content=\"image\/jpeg\" \/>\n<meta name=\"twitter:card\" content=\"summary_large_image\" \/>\n<meta name=\"twitter:label1\" content=\"Tiempo de lectura\" \/>\n\t<meta name=\"twitter:data1\" content=\"4 minutos\" \/>\n<script type=\"application\/ld+json\" class=\"yoast-schema-graph\">{\"@context\":\"https:\/\/schema.org\",\"@graph\":[{\"@type\":\"WebPage\",\"@id\":\"https:\/\/lisjoyas.com\/producto\/anillo-flowers\/\",\"url\":\"https:\/\/lisjoyas.com\/producto\/anillo-flowers\/\",\"name\":\"Anillo Flowers - Lis Joyas\",\"isPartOf\":{\"@id\":\"https:\/\/lisjoyas.com\/#website\"},\"primaryImageOfPage\":{\"@id\":\"https:\/\/lisjoyas.com\/producto\/anillo-flowers\/#primaryimage\"},\"image\":{\"@id\":\"https:\/\/lisjoyas.com\/producto\/anillo-flowers\/#primaryimage\"},\"thumbnailUrl\":\"https:\/\/lisjoyas.com\/wp-content\/uploads\/2024\/08\/anillo-floral.jpg\",\"datePublished\":\"2024-08-30T14:45:36+00:00\",\"dateModified\":\"2025-12-29T14:52:41+00:00\",\"description\":\"Anillo Flowers, cada p\u00e9talo de la flor ha sido minuciosamente esculpido para crear una pieza tridimensional que destaca por su realismo y sofisticaci\u00f3n.\",\"breadcrumb\":{\"@id\":\"https:\/\/lisjoyas.com\/producto\/anillo-flowers\/#breadcrumb\"},\"inLanguage\":\"es\",\"potentialAction\":[{\"@type\":\"ReadAction\",\"target\":[\"https:\/\/lisjoyas.com\/producto\/anillo-flowers\/\"]}]},{\"@type\":\"ImageObject\",\"inLanguage\":\"es\",\"@id\":\"https:\/\/lisjoyas.com\/producto\/anillo-flowers\/#primaryimage\",\"url\":\"https:\/\/lisjoyas.com\/wp-content\/uploads\/2024\/08\/anillo-floral.jpg\",\"contentUrl\":\"https:\/\/lisjoyas.com\/wp-content\/uploads\/2024\/08\/anillo-floral.jpg\",\"width\":288,\"height\":333},{\"@type\":\"BreadcrumbList\",\"@id\":\"https:\/\/lisjoyas.com\/producto\/anillo-flowers\/#breadcrumb\",\"itemListElement\":[{\"@type\":\"ListItem\",\"position\":1,\"name\":\"Portada\",\"item\":\"https:\/\/lisjoyas.com\/\"},{\"@type\":\"ListItem\",\"position\":2,\"name\":\"Tienda\",\"item\":\"https:\/\/lisjoyas.com\/tienda\/\"},{\"@type\":\"ListItem\",\"position\":3,\"name\":\"Anillo Flowers\"}]},{\"@type\":\"WebSite\",\"@id\":\"https:\/\/lisjoyas.com\/#website\",\"url\":\"https:\/\/lisjoyas.com\/\",\"name\":\"LIS Joyas\",\"description\":\"LIS Joyas\",\"publisher\":{\"@id\":\"https:\/\/lisjoyas.com\/#organization\"},\"potentialAction\":[{\"@type\":\"SearchAction\",\"target\":{\"@type\":\"EntryPoint\",\"urlTemplate\":\"https:\/\/lisjoyas.com\/?s={search_term_string}\"},\"query-input\":\"required name=search_term_string\"}],\"inLanguage\":\"es\"},{\"@type\":\"Organization\",\"@id\":\"https:\/\/lisjoyas.com\/#organization\",\"name\":\"Lis Joyas\",\"url\":\"https:\/\/lisjoyas.com\/\",\"logo\":{\"@type\":\"ImageObject\",\"inLanguage\":\"es\",\"@id\":\"https:\/\/lisjoyas.com\/#\/schema\/logo\/image\/\",\"url\":\"https:\/\/lisjoyas.com\/wp-content\/uploads\/2024\/04\/Lis_logo_color.svg\",\"contentUrl\":\"https:\/\/lisjoyas.com\/wp-content\/uploads\/2024\/04\/Lis_logo_color.svg\",\"width\":\"1024\",\"height\":\"1024\",\"caption\":\"Lis Joyas\"},\"image\":{\"@id\":\"https:\/\/lisjoyas.com\/#\/schema\/logo\/image\/\"},\"sameAs\":[\"https:\/\/www.facebook.com\/joyascontemporaneaslis?locale=es_LA\",\"https:\/\/www.instagram.com\/lisjoyas_\/\"]}]}<\/script>\n<!-- \/ Yoast SEO plugin. -->","yoast_head_json":{"title":"Anillo Flowers - Lis Joyas","description":"Anillo Flowers, cada p\u00e9talo de la flor ha sido minuciosamente esculpido para crear una pieza tridimensional que destaca por su realismo y sofisticaci\u00f3n.","robots":{"index":"index","follow":"follow","max-snippet":"max-snippet:-1","max-image-preview":"max-image-preview:large","max-video-preview":"max-video-preview:-1"},"canonical":"http:\/\/lisjoyas.com\/es\/producto\/anillo-flowers\/","og_locale":"es_ES","og_type":"article","og_title":"Anillo Flowers - Lis Joyas","og_description":"Anillo Flowers, cada p\u00e9talo de la flor ha sido minuciosamente esculpido para crear una pieza tridimensional que destaca por su realismo y sofisticaci\u00f3n.","og_url":"http:\/\/lisjoyas.com\/es\/producto\/anillo-flowers\/","og_site_name":"Lis Joyas","article_publisher":"https:\/\/www.facebook.com\/joyascontemporaneaslis?locale=es_LA","article_modified_time":"2025-12-29T14:52:41+00:00","og_image":[{"width":288,"height":333,"url":"https:\/\/lisjoyas.com\/wp-content\/uploads\/2024\/08\/anillo-floral.jpg","type":"image\/jpeg"}],"twitter_card":"summary_large_image","twitter_misc":{"Tiempo de lectura":"4 minutos"},"schema":{"@context":"https:\/\/schema.org","@graph":[{"@type":"WebPage","@id":"https:\/\/lisjoyas.com\/producto\/anillo-flowers\/","url":"https:\/\/lisjoyas.com\/producto\/anillo-flowers\/","name":"Anillo Flowers - Lis Joyas","isPartOf":{"@id":"https:\/\/lisjoyas.com\/#website"},"primaryImageOfPage":{"@id":"https:\/\/lisjoyas.com\/producto\/anillo-flowers\/#primaryimage"},"image":{"@id":"https:\/\/lisjoyas.com\/producto\/anillo-flowers\/#primaryimage"},"thumbnailUrl":"https:\/\/lisjoyas.com\/wp-content\/uploads\/2024\/08\/anillo-floral.jpg","datePublished":"2024-08-30T14:45:36+00:00","dateModified":"2025-12-29T14:52:41+00:00","description":"Anillo Flowers, cada p\u00e9talo de la flor ha sido minuciosamente esculpido para crear una pieza tridimensional que destaca por su realismo y sofisticaci\u00f3n.","breadcrumb":{"@id":"https:\/\/lisjoyas.com\/producto\/anillo-flowers\/#breadcrumb"},"inLanguage":"es","potentialAction":[{"@type":"ReadAction","target":["https:\/\/lisjoyas.com\/producto\/anillo-flowers\/"]}]},{"@type":"ImageObject","inLanguage":"es","@id":"https:\/\/lisjoyas.com\/producto\/anillo-flowers\/#primaryimage","url":"https:\/\/lisjoyas.com\/wp-content\/uploads\/2024\/08\/anillo-floral.jpg","contentUrl":"https:\/\/lisjoyas.com\/wp-content\/uploads\/2024\/08\/anillo-floral.jpg","width":288,"height":333},{"@type":"BreadcrumbList","@id":"https:\/\/lisjoyas.com\/producto\/anillo-flowers\/#breadcrumb","itemListElement":[{"@type":"ListItem","position":1,"name":"Portada","item":"https:\/\/lisjoyas.com\/"},{"@type":"ListItem","position":2,"name":"Tienda","item":"https:\/\/lisjoyas.com\/tienda\/"},{"@type":"ListItem","position":3,"name":"Anillo Flowers"}]},{"@type":"WebSite","@id":"https:\/\/lisjoyas.com\/#website","url":"https:\/\/lisjoyas.com\/","name":"LIS Joyas","description":"LIS Joyas","publisher":{"@id":"https:\/\/lisjoyas.com\/#organization"},"potentialAction":[{"@type":"SearchAction","target":{"@type":"EntryPoint","urlTemplate":"https:\/\/lisjoyas.com\/?s={search_term_string}"},"query-input":"required name=search_term_string"}],"inLanguage":"es"},{"@type":"Organization","@id":"https:\/\/lisjoyas.com\/#organization","name":"Lis Joyas","url":"https:\/\/lisjoyas.com\/","logo":{"@type":"ImageObject","inLanguage":"es","@id":"https:\/\/lisjoyas.com\/#\/schema\/logo\/image\/","url":"https:\/\/lisjoyas.com\/wp-content\/uploads\/2024\/04\/Lis_logo_color.svg","contentUrl":"https:\/\/lisjoyas.com\/wp-content\/uploads\/2024\/04\/Lis_logo_color.svg","width":"1024","height":"1024","caption":"Lis Joyas"},"image":{"@id":"https:\/\/lisjoyas.com\/#\/schema\/logo\/image\/"},"sameAs":["https:\/\/www.facebook.com\/joyascontemporaneaslis?locale=es_LA","https:\/\/www.instagram.com\/lisjoyas_\/"]}]}},"_links":{"self":[{"href":"http:\/\/lisjoyas.com\/es\/wp-json\/wp\/v2\/product\/4034","targetHints":{"allow":["GET"]}}],"collection":[{"href":"http:\/\/lisjoyas.com\/es\/wp-json\/wp\/v2\/product"}],"about":[{"href":"http:\/\/lisjoyas.com\/es\/wp-json\/wp\/v2\/types\/product"}],"wp:featuredmedia":[{"embeddable":true,"href":"http:\/\/lisjoyas.com\/es\/wp-json\/wp\/v2\/media\/4041"}],"wp:attachment":[{"href":"http:\/\/lisjoyas.com\/es\/wp-json\/wp\/v2\/media?parent=4034"}],"wp:term":[{"taxonomy":"product_cat","embeddable":true,"href":"http:\/\/lisjoyas.com\/es\/wp-json\/wp\/v2\/product_cat?post=4034"},{"taxonomy":"product_tag","embeddable":true,"href":"http:\/\/lisjoyas.com\/es\/wp-json\/wp\/v2\/product_tag?post=4034"}],"curies":[{"name":"wp","href":"https:\/\/api.w.org\/{rel}","templated":true}]}}