{"id":4217,"date":"2025-01-30T13:47:35","date_gmt":"2025-01-30T13:47:35","guid":{"rendered":"https:\/\/lisjoyas.com\/?post_type=product&#038;p=4217"},"modified":"2025-01-30T14:29:58","modified_gmt":"2025-01-30T14:29:58","slug":"pendientes-petalina","status":"publish","type":"product","link":"http:\/\/lisjoyas.com\/es\/producto\/pendientes-petalina\/","title":{"rendered":"Pendientes Petalina"},"content":{"rendered":"\n","protected":false},"excerpt":{"rendered":"<p>Un dise\u00f1o que florece con car\u00e1cter y estilo.\u00a0Inspirados en la delicadeza de los p\u00e9talos en movimiento, los pendientes <strong>Petalina<\/strong> combinan tonos azul y verde en una estructura de formas org\u00e1nicas que realzan la belleza natural de quien los lleva. Su dise\u00f1o liviano permite un uso c\u00f3modo durante todo el d\u00eda, mientras que su tama\u00f1o y volumen los convierten en el centro de atenci\u00f3n de cualquier look.<\/p>\n<p>Cada p\u00e9talo ha sido cuidadosamente trabajado para lograr un equilibrio entre textura y fluidez, creando un accesorio vers\u00e1til que puede llevarse solo o en combinaci\u00f3n con otras piezas de la colecci\u00f3n. Su estructura envolvente y su fusi\u00f3n de colores evocan la armon\u00eda de la naturaleza en un dise\u00f1o moderno y sofisticado.<\/p>\n<p>Los pendientes <strong>Petalina<\/strong> son ideales para quienes buscan un toque distintivo y aut\u00e9ntico en sus accesorios. Perfectos para elevar cualquier outfit, desde los m\u00e1s elegantes hasta los m\u00e1s casuales, aportando una frescura \u00fanica con su presencia. Completa tu conjunto con el <a href=\"https:\/\/lisjoyas.com\/producto\/brazalete-petalina\/\">Brazalete Petalina<\/a><\/p>\n","protected":false},"featured_media":4219,"template":"","meta":{"inline_featured_image":false,"_joinchat":[]},"product_cat":[25],"product_tag":[81,215,64,68,102,90,104,65],"class_list":{"0":"post-4217","1":"product","2":"type-product","3":"status-publish","4":"has-post-thumbnail","6":"product_cat-pendientes","7":"product_tag-accesorios-de-cuero-natural","8":"product_tag-joyas-contemporaneas","9":"product_tag-joyeria-moderna","10":"product_tag-laser-cut","11":"product_tag-leather","12":"product_tag-leather-accessories","13":"product_tag-pendientes-trio","14":"product_tag-tendencias-en-accesorios","16":"first","17":"instock","18":"shipping-taxable","19":"purchasable","20":"product-type-variable"},"yoast_head":"<!-- This site is optimized with the Yoast SEO plugin v23.2 - https:\/\/yoast.com\/wordpress\/plugins\/seo\/ -->\n<title>Pendientes Petalina - Lis Joyas<\/title>\n<meta name=\"description\" content=\"Pendientes Petalina Perfectos para elevar cualquier outfit, desde los m\u00e1s elegantes hasta los m\u00e1s casuales, aportando una frescura \u00fanica con su presencia.\" \/>\n<meta name=\"robots\" content=\"index, follow, max-snippet:-1, max-image-preview:large, max-video-preview:-1\" \/>\n<link rel=\"canonical\" href=\"http:\/\/lisjoyas.com\/es\/producto\/pendientes-petalina\/\" \/>\n<meta property=\"og:locale\" content=\"es_ES\" \/>\n<meta property=\"og:type\" content=\"article\" \/>\n<meta property=\"og:title\" content=\"Pendientes Petalina - Lis Joyas\" \/>\n<meta property=\"og:description\" content=\"Pendientes Petalina Perfectos para elevar cualquier outfit, desde los m\u00e1s elegantes hasta los m\u00e1s casuales, aportando una frescura \u00fanica con su presencia.\" \/>\n<meta property=\"og:url\" content=\"http:\/\/lisjoyas.com\/es\/producto\/pendientes-petalina\/\" \/>\n<meta property=\"og:site_name\" content=\"Lis Joyas\" \/>\n<meta property=\"article:publisher\" content=\"https:\/\/www.facebook.com\/joyascontemporaneaslis?locale=es_LA\" \/>\n<meta property=\"article:modified_time\" content=\"2025-01-30T14:29:58+00:00\" \/>\n<meta property=\"og:image\" content=\"https:\/\/lisjoyas.com\/wp-content\/uploads\/2025\/01\/MG_0194-e1738245019991.jpg\" \/>\n\t<meta property=\"og:image:width\" content=\"247\" \/>\n\t<meta property=\"og:image:height\" content=\"409\" \/>\n\t<meta property=\"og:image:type\" content=\"image\/jpeg\" \/>\n<meta name=\"twitter:card\" content=\"summary_large_image\" \/>\n<meta name=\"twitter:label1\" content=\"Tiempo de lectura\" \/>\n\t<meta name=\"twitter:data1\" content=\"3 minutos\" \/>\n<script type=\"application\/ld+json\" class=\"yoast-schema-graph\">{\"@context\":\"https:\/\/schema.org\",\"@graph\":[{\"@type\":\"WebPage\",\"@id\":\"https:\/\/lisjoyas.com\/producto\/pendientes-petalina\/\",\"url\":\"https:\/\/lisjoyas.com\/producto\/pendientes-petalina\/\",\"name\":\"Pendientes Petalina - Lis Joyas\",\"isPartOf\":{\"@id\":\"https:\/\/lisjoyas.com\/#website\"},\"primaryImageOfPage\":{\"@id\":\"https:\/\/lisjoyas.com\/producto\/pendientes-petalina\/#primaryimage\"},\"image\":{\"@id\":\"https:\/\/lisjoyas.com\/producto\/pendientes-petalina\/#primaryimage\"},\"thumbnailUrl\":\"https:\/\/lisjoyas.com\/wp-content\/uploads\/2025\/01\/MG_0194-e1738245019991.jpg\",\"datePublished\":\"2025-01-30T13:47:35+00:00\",\"dateModified\":\"2025-01-30T14:29:58+00:00\",\"description\":\"Pendientes Petalina Perfectos para elevar cualquier outfit, desde los m\u00e1s elegantes hasta los m\u00e1s casuales, aportando una frescura \u00fanica con su presencia.\",\"breadcrumb\":{\"@id\":\"https:\/\/lisjoyas.com\/producto\/pendientes-petalina\/#breadcrumb\"},\"inLanguage\":\"es\",\"potentialAction\":[{\"@type\":\"ReadAction\",\"target\":[\"https:\/\/lisjoyas.com\/producto\/pendientes-petalina\/\"]}]},{\"@type\":\"ImageObject\",\"inLanguage\":\"es\",\"@id\":\"https:\/\/lisjoyas.com\/producto\/pendientes-petalina\/#primaryimage\",\"url\":\"https:\/\/lisjoyas.com\/wp-content\/uploads\/2025\/01\/MG_0194-e1738245019991.jpg\",\"contentUrl\":\"https:\/\/lisjoyas.com\/wp-content\/uploads\/2025\/01\/MG_0194-e1738245019991.jpg\",\"width\":247,\"height\":409},{\"@type\":\"BreadcrumbList\",\"@id\":\"https:\/\/lisjoyas.com\/producto\/pendientes-petalina\/#breadcrumb\",\"itemListElement\":[{\"@type\":\"ListItem\",\"position\":1,\"name\":\"Portada\",\"item\":\"https:\/\/lisjoyas.com\/\"},{\"@type\":\"ListItem\",\"position\":2,\"name\":\"Tienda\",\"item\":\"https:\/\/lisjoyas.com\/tienda\/\"},{\"@type\":\"ListItem\",\"position\":3,\"name\":\"Pendientes Petalina\"}]},{\"@type\":\"WebSite\",\"@id\":\"https:\/\/lisjoyas.com\/#website\",\"url\":\"https:\/\/lisjoyas.com\/\",\"name\":\"LIS Joyas\",\"description\":\"LIS Joyas\",\"publisher\":{\"@id\":\"https:\/\/lisjoyas.com\/#organization\"},\"potentialAction\":[{\"@type\":\"SearchAction\",\"target\":{\"@type\":\"EntryPoint\",\"urlTemplate\":\"https:\/\/lisjoyas.com\/?s={search_term_string}\"},\"query-input\":\"required name=search_term_string\"}],\"inLanguage\":\"es\"},{\"@type\":\"Organization\",\"@id\":\"https:\/\/lisjoyas.com\/#organization\",\"name\":\"Lis Joyas\",\"url\":\"https:\/\/lisjoyas.com\/\",\"logo\":{\"@type\":\"ImageObject\",\"inLanguage\":\"es\",\"@id\":\"https:\/\/lisjoyas.com\/#\/schema\/logo\/image\/\",\"url\":\"https:\/\/lisjoyas.com\/wp-content\/uploads\/2024\/04\/Lis_logo_color.svg\",\"contentUrl\":\"https:\/\/lisjoyas.com\/wp-content\/uploads\/2024\/04\/Lis_logo_color.svg\",\"width\":\"1024\",\"height\":\"1024\",\"caption\":\"Lis Joyas\"},\"image\":{\"@id\":\"https:\/\/lisjoyas.com\/#\/schema\/logo\/image\/\"},\"sameAs\":[\"https:\/\/www.facebook.com\/joyascontemporaneaslis?locale=es_LA\",\"https:\/\/www.instagram.com\/lisjoyas_\/\"]}]}<\/script>\n<!-- \/ Yoast SEO plugin. -->","yoast_head_json":{"title":"Pendientes Petalina - Lis Joyas","description":"Pendientes Petalina Perfectos para elevar cualquier outfit, desde los m\u00e1s elegantes hasta los m\u00e1s casuales, aportando una frescura \u00fanica con su presencia.","robots":{"index":"index","follow":"follow","max-snippet":"max-snippet:-1","max-image-preview":"max-image-preview:large","max-video-preview":"max-video-preview:-1"},"canonical":"http:\/\/lisjoyas.com\/es\/producto\/pendientes-petalina\/","og_locale":"es_ES","og_type":"article","og_title":"Pendientes Petalina - Lis Joyas","og_description":"Pendientes Petalina Perfectos para elevar cualquier outfit, desde los m\u00e1s elegantes hasta los m\u00e1s casuales, aportando una frescura \u00fanica con su presencia.","og_url":"http:\/\/lisjoyas.com\/es\/producto\/pendientes-petalina\/","og_site_name":"Lis Joyas","article_publisher":"https:\/\/www.facebook.com\/joyascontemporaneaslis?locale=es_LA","article_modified_time":"2025-01-30T14:29:58+00:00","og_image":[{"width":247,"height":409,"url":"https:\/\/lisjoyas.com\/wp-content\/uploads\/2025\/01\/MG_0194-e1738245019991.jpg","type":"image\/jpeg"}],"twitter_card":"summary_large_image","twitter_misc":{"Tiempo de lectura":"3 minutos"},"schema":{"@context":"https:\/\/schema.org","@graph":[{"@type":"WebPage","@id":"https:\/\/lisjoyas.com\/producto\/pendientes-petalina\/","url":"https:\/\/lisjoyas.com\/producto\/pendientes-petalina\/","name":"Pendientes Petalina - Lis Joyas","isPartOf":{"@id":"https:\/\/lisjoyas.com\/#website"},"primaryImageOfPage":{"@id":"https:\/\/lisjoyas.com\/producto\/pendientes-petalina\/#primaryimage"},"image":{"@id":"https:\/\/lisjoyas.com\/producto\/pendientes-petalina\/#primaryimage"},"thumbnailUrl":"https:\/\/lisjoyas.com\/wp-content\/uploads\/2025\/01\/MG_0194-e1738245019991.jpg","datePublished":"2025-01-30T13:47:35+00:00","dateModified":"2025-01-30T14:29:58+00:00","description":"Pendientes Petalina Perfectos para elevar cualquier outfit, desde los m\u00e1s elegantes hasta los m\u00e1s casuales, aportando una frescura \u00fanica con su presencia.","breadcrumb":{"@id":"https:\/\/lisjoyas.com\/producto\/pendientes-petalina\/#breadcrumb"},"inLanguage":"es","potentialAction":[{"@type":"ReadAction","target":["https:\/\/lisjoyas.com\/producto\/pendientes-petalina\/"]}]},{"@type":"ImageObject","inLanguage":"es","@id":"https:\/\/lisjoyas.com\/producto\/pendientes-petalina\/#primaryimage","url":"https:\/\/lisjoyas.com\/wp-content\/uploads\/2025\/01\/MG_0194-e1738245019991.jpg","contentUrl":"https:\/\/lisjoyas.com\/wp-content\/uploads\/2025\/01\/MG_0194-e1738245019991.jpg","width":247,"height":409},{"@type":"BreadcrumbList","@id":"https:\/\/lisjoyas.com\/producto\/pendientes-petalina\/#breadcrumb","itemListElement":[{"@type":"ListItem","position":1,"name":"Portada","item":"https:\/\/lisjoyas.com\/"},{"@type":"ListItem","position":2,"name":"Tienda","item":"https:\/\/lisjoyas.com\/tienda\/"},{"@type":"ListItem","position":3,"name":"Pendientes Petalina"}]},{"@type":"WebSite","@id":"https:\/\/lisjoyas.com\/#website","url":"https:\/\/lisjoyas.com\/","name":"LIS Joyas","description":"LIS Joyas","publisher":{"@id":"https:\/\/lisjoyas.com\/#organization"},"potentialAction":[{"@type":"SearchAction","target":{"@type":"EntryPoint","urlTemplate":"https:\/\/lisjoyas.com\/?s={search_term_string}"},"query-input":"required name=search_term_string"}],"inLanguage":"es"},{"@type":"Organization","@id":"https:\/\/lisjoyas.com\/#organization","name":"Lis Joyas","url":"https:\/\/lisjoyas.com\/","logo":{"@type":"ImageObject","inLanguage":"es","@id":"https:\/\/lisjoyas.com\/#\/schema\/logo\/image\/","url":"https:\/\/lisjoyas.com\/wp-content\/uploads\/2024\/04\/Lis_logo_color.svg","contentUrl":"https:\/\/lisjoyas.com\/wp-content\/uploads\/2024\/04\/Lis_logo_color.svg","width":"1024","height":"1024","caption":"Lis Joyas"},"image":{"@id":"https:\/\/lisjoyas.com\/#\/schema\/logo\/image\/"},"sameAs":["https:\/\/www.facebook.com\/joyascontemporaneaslis?locale=es_LA","https:\/\/www.instagram.com\/lisjoyas_\/"]}]}},"_links":{"self":[{"href":"http:\/\/lisjoyas.com\/es\/wp-json\/wp\/v2\/product\/4217","targetHints":{"allow":["GET"]}}],"collection":[{"href":"http:\/\/lisjoyas.com\/es\/wp-json\/wp\/v2\/product"}],"about":[{"href":"http:\/\/lisjoyas.com\/es\/wp-json\/wp\/v2\/types\/product"}],"wp:featuredmedia":[{"embeddable":true,"href":"http:\/\/lisjoyas.com\/es\/wp-json\/wp\/v2\/media\/4219"}],"wp:attachment":[{"href":"http:\/\/lisjoyas.com\/es\/wp-json\/wp\/v2\/media?parent=4217"}],"wp:term":[{"taxonomy":"product_cat","embeddable":true,"href":"http:\/\/lisjoyas.com\/es\/wp-json\/wp\/v2\/product_cat?post=4217"},{"taxonomy":"product_tag","embeddable":true,"href":"http:\/\/lisjoyas.com\/es\/wp-json\/wp\/v2\/product_tag?post=4217"}],"curies":[{"name":"wp","href":"https:\/\/api.w.org\/{rel}","templated":true}]}}