{"id":1477,"date":"2021-02-14T20:06:54","date_gmt":"2021-02-14T20:06:54","guid":{"rendered":"http:\/\/themenectar.com\/demo\/salient-ecommerce-robust\/?post_type=product&#038;p=1477"},"modified":"2024-05-26T01:20:56","modified_gmt":"2024-05-26T01:20:56","slug":"conjunto-bright","status":"publish","type":"product","link":"https:\/\/lisjoyas.com\/en\/product\/conjunto-bright\/","title":{"rendered":"Bright Set"},"content":{"rendered":"","protected":false},"excerpt":{"rendered":"<p><span style=\"font-weight: 400;\">Discover our exclusive collection of &quot;Bright&quot; accessories, carefully handcrafted in authentic natural leather. Each piece is unique and reflects the care and attention we put into every detail. With this set, you can combine the accessories to your liking, adding a touch of style and distinction to your look. Plus, being meticulously made, each accessory has its own personality and character, making them even more special. Experience the beauty of natural leather and the quality of our \u201cBright\u201d collection!<\/span><\/p>\n<p>By carrying two pieces you get a 10% discount\u00a0<a href=\"https:\/\/lisjoyas.com\/en\/product\/pendientes-bright\/\">Bright Earrings<\/a> <a href=\"https:\/\/lisjoyas.com\/en\/product\/brazalete-bright\/\">Bright Bracelet<\/a>\u00a0 and the\u00a0<a href=\"https:\/\/lisjoyas.com\/en\/product\/collar-bright\/\">Bright Necklace<\/a><\/p>","protected":false},"featured_media":1701,"template":"","meta":{"inline_featured_image":false,"_joinchat":[]},"product_cat":[22],"product_tag":[81,84,83,87,98,82,47,95,90,93,94,99,92,91,88,96,97,89,85,86],"class_list":{"0":"post-1477","1":"product","2":"type-product","3":"status-publish","4":"has-post-thumbnail","6":"product_cat-conjuntos","7":"product_tag-accesorios-de-cuero-natural","8":"product_tag-brazalete-de-cuero","9":"product_tag-collar-de-cuero","10":"product_tag-combinar-accesorios","11":"product_tag-complete-look","12":"product_tag-conjunto-de-cuero","13":"product_tag-cuero-natural","14":"product_tag-genuine-leather","15":"product_tag-leather-accessories","16":"product_tag-leather-bracelet","17":"product_tag-leather-earrings","18":"product_tag-leather-fashion","19":"product_tag-leather-necklace","20":"product_tag-leather-set","21":"product_tag-look-completo","22":"product_tag-metallic-green","23":"product_tag-mix-and-match-accessories","24":"product_tag-moda-en-cuero","25":"product_tag-pendientes-de-cuero","26":"product_tag-verde-metalizado","28":"first","29":"instock","30":"shipping-taxable","31":"purchasable","32":"product-type-variable"},"yoast_head":"<!-- This site is optimized with the Yoast SEO plugin v23.2 - https:\/\/yoast.com\/wordpress\/plugins\/seo\/ -->\n<title>Conjunto Bright - Lis Joyas<\/title>\n<meta name=\"description\" content=\"Conjunto Bright en cuero natural 100 % uruguayo. Joyas Contempor\u00e1neas atemporales, vers\u00e1tiles y c\u00f3modas. Ya elegiste tu color?\" \/>\n<meta name=\"robots\" content=\"index, follow, max-snippet:-1, max-image-preview:large, max-video-preview:-1\" \/>\n<link rel=\"canonical\" href=\"https:\/\/lisjoyas.com\/en\/product\/conjunto-bright\/\" \/>\n<meta property=\"og:locale\" content=\"en_US\" \/>\n<meta property=\"og:type\" content=\"article\" \/>\n<meta property=\"og:title\" content=\"Conjunto Bright - Lis Joyas\" \/>\n<meta property=\"og:description\" content=\"Conjunto Bright en cuero natural 100 % uruguayo. Joyas Contempor\u00e1neas atemporales, vers\u00e1tiles y c\u00f3modas. Ya elegiste tu color?\" \/>\n<meta property=\"og:url\" content=\"https:\/\/lisjoyas.com\/en\/product\/conjunto-bright\/\" \/>\n<meta property=\"og:site_name\" content=\"Lis Joyas\" \/>\n<meta property=\"article:publisher\" content=\"https:\/\/www.facebook.com\/joyascontemporaneaslis?locale=es_LA\" \/>\n<meta property=\"article:modified_time\" content=\"2024-05-26T01:20:56+00:00\" \/>\n<meta property=\"og:image\" content=\"https:\/\/lisjoyas.com\/wp-content\/uploads\/2024\/04\/collar-pendientes-y-brazalete-bright.jpg\" \/>\n\t<meta property=\"og:image:width\" content=\"1785\" \/>\n\t<meta property=\"og:image:height\" content=\"1629\" \/>\n\t<meta property=\"og:image:type\" content=\"image\/jpeg\" \/>\n<meta name=\"twitter:card\" content=\"summary_large_image\" \/>\n<meta name=\"twitter:label1\" content=\"Est. reading time\" \/>\n\t<meta name=\"twitter:data1\" content=\"5 minutes\" \/>\n<script type=\"application\/ld+json\" class=\"yoast-schema-graph\">{\"@context\":\"https:\/\/schema.org\",\"@graph\":[{\"@type\":\"WebPage\",\"@id\":\"https:\/\/lisjoyas.com\/producto\/conjunto-bright\/\",\"url\":\"https:\/\/lisjoyas.com\/producto\/conjunto-bright\/\",\"name\":\"Conjunto Bright - Lis Joyas\",\"isPartOf\":{\"@id\":\"https:\/\/lisjoyas.com\/#website\"},\"primaryImageOfPage\":{\"@id\":\"https:\/\/lisjoyas.com\/producto\/conjunto-bright\/#primaryimage\"},\"image\":{\"@id\":\"https:\/\/lisjoyas.com\/producto\/conjunto-bright\/#primaryimage\"},\"thumbnailUrl\":\"https:\/\/lisjoyas.com\/wp-content\/uploads\/2024\/04\/collar-pendientes-y-brazalete-bright.jpg\",\"datePublished\":\"2021-02-14T20:06:54+00:00\",\"dateModified\":\"2024-05-26T01:20:56+00:00\",\"description\":\"Conjunto Bright en cuero natural 100 % uruguayo. Joyas Contempor\u00e1neas atemporales, vers\u00e1tiles y c\u00f3modas. Ya elegiste tu color?\",\"breadcrumb\":{\"@id\":\"https:\/\/lisjoyas.com\/producto\/conjunto-bright\/#breadcrumb\"},\"inLanguage\":\"en-US\",\"potentialAction\":[{\"@type\":\"ReadAction\",\"target\":[\"https:\/\/lisjoyas.com\/producto\/conjunto-bright\/\"]}]},{\"@type\":\"ImageObject\",\"inLanguage\":\"en-US\",\"@id\":\"https:\/\/lisjoyas.com\/producto\/conjunto-bright\/#primaryimage\",\"url\":\"https:\/\/lisjoyas.com\/wp-content\/uploads\/2024\/04\/collar-pendientes-y-brazalete-bright.jpg\",\"contentUrl\":\"https:\/\/lisjoyas.com\/wp-content\/uploads\/2024\/04\/collar-pendientes-y-brazalete-bright.jpg\",\"width\":1785,\"height\":1629},{\"@type\":\"BreadcrumbList\",\"@id\":\"https:\/\/lisjoyas.com\/producto\/conjunto-bright\/#breadcrumb\",\"itemListElement\":[{\"@type\":\"ListItem\",\"position\":1,\"name\":\"Portada\",\"item\":\"https:\/\/lisjoyas.com\/\"},{\"@type\":\"ListItem\",\"position\":2,\"name\":\"Tienda\",\"item\":\"https:\/\/lisjoyas.com\/tienda\/\"},{\"@type\":\"ListItem\",\"position\":3,\"name\":\"Conjunto Bright\"}]},{\"@type\":\"WebSite\",\"@id\":\"https:\/\/lisjoyas.com\/#website\",\"url\":\"https:\/\/lisjoyas.com\/\",\"name\":\"LIS Joyas\",\"description\":\"LIS Joyas\",\"publisher\":{\"@id\":\"https:\/\/lisjoyas.com\/#organization\"},\"potentialAction\":[{\"@type\":\"SearchAction\",\"target\":{\"@type\":\"EntryPoint\",\"urlTemplate\":\"https:\/\/lisjoyas.com\/?s={search_term_string}\"},\"query-input\":\"required name=search_term_string\"}],\"inLanguage\":\"en-US\"},{\"@type\":\"Organization\",\"@id\":\"https:\/\/lisjoyas.com\/#organization\",\"name\":\"Lis Joyas\",\"url\":\"https:\/\/lisjoyas.com\/\",\"logo\":{\"@type\":\"ImageObject\",\"inLanguage\":\"en-US\",\"@id\":\"https:\/\/lisjoyas.com\/#\/schema\/logo\/image\/\",\"url\":\"https:\/\/lisjoyas.com\/wp-content\/uploads\/2024\/04\/Lis_logo_color.svg\",\"contentUrl\":\"https:\/\/lisjoyas.com\/wp-content\/uploads\/2024\/04\/Lis_logo_color.svg\",\"width\":\"1024\",\"height\":\"1024\",\"caption\":\"Lis Joyas\"},\"image\":{\"@id\":\"https:\/\/lisjoyas.com\/#\/schema\/logo\/image\/\"},\"sameAs\":[\"https:\/\/www.facebook.com\/joyascontemporaneaslis?locale=es_LA\",\"https:\/\/www.instagram.com\/lisjoyas_\/\"]}]}<\/script>\n<!-- \/ Yoast SEO plugin. -->","yoast_head_json":{"title":"Conjunto Bright - Lis Joyas","description":"Conjunto Bright en cuero natural 100 % uruguayo. Joyas Contempor\u00e1neas atemporales, vers\u00e1tiles y c\u00f3modas. Ya elegiste tu color?","robots":{"index":"index","follow":"follow","max-snippet":"max-snippet:-1","max-image-preview":"max-image-preview:large","max-video-preview":"max-video-preview:-1"},"canonical":"https:\/\/lisjoyas.com\/en\/product\/conjunto-bright\/","og_locale":"en_US","og_type":"article","og_title":"Conjunto Bright - Lis Joyas","og_description":"Conjunto Bright en cuero natural 100 % uruguayo. Joyas Contempor\u00e1neas atemporales, vers\u00e1tiles y c\u00f3modas. Ya elegiste tu color?","og_url":"https:\/\/lisjoyas.com\/en\/product\/conjunto-bright\/","og_site_name":"Lis Joyas","article_publisher":"https:\/\/www.facebook.com\/joyascontemporaneaslis?locale=es_LA","article_modified_time":"2024-05-26T01:20:56+00:00","og_image":[{"width":1785,"height":1629,"url":"https:\/\/lisjoyas.com\/wp-content\/uploads\/2024\/04\/collar-pendientes-y-brazalete-bright.jpg","type":"image\/jpeg"}],"twitter_card":"summary_large_image","twitter_misc":{"Est. reading time":"5 minutes"},"schema":{"@context":"https:\/\/schema.org","@graph":[{"@type":"WebPage","@id":"https:\/\/lisjoyas.com\/producto\/conjunto-bright\/","url":"https:\/\/lisjoyas.com\/producto\/conjunto-bright\/","name":"Conjunto Bright - Lis Joyas","isPartOf":{"@id":"https:\/\/lisjoyas.com\/#website"},"primaryImageOfPage":{"@id":"https:\/\/lisjoyas.com\/producto\/conjunto-bright\/#primaryimage"},"image":{"@id":"https:\/\/lisjoyas.com\/producto\/conjunto-bright\/#primaryimage"},"thumbnailUrl":"https:\/\/lisjoyas.com\/wp-content\/uploads\/2024\/04\/collar-pendientes-y-brazalete-bright.jpg","datePublished":"2021-02-14T20:06:54+00:00","dateModified":"2024-05-26T01:20:56+00:00","description":"Conjunto Bright en cuero natural 100 % uruguayo. Joyas Contempor\u00e1neas atemporales, vers\u00e1tiles y c\u00f3modas. Ya elegiste tu color?","breadcrumb":{"@id":"https:\/\/lisjoyas.com\/producto\/conjunto-bright\/#breadcrumb"},"inLanguage":"en-US","potentialAction":[{"@type":"ReadAction","target":["https:\/\/lisjoyas.com\/producto\/conjunto-bright\/"]}]},{"@type":"ImageObject","inLanguage":"en-US","@id":"https:\/\/lisjoyas.com\/producto\/conjunto-bright\/#primaryimage","url":"https:\/\/lisjoyas.com\/wp-content\/uploads\/2024\/04\/collar-pendientes-y-brazalete-bright.jpg","contentUrl":"https:\/\/lisjoyas.com\/wp-content\/uploads\/2024\/04\/collar-pendientes-y-brazalete-bright.jpg","width":1785,"height":1629},{"@type":"BreadcrumbList","@id":"https:\/\/lisjoyas.com\/producto\/conjunto-bright\/#breadcrumb","itemListElement":[{"@type":"ListItem","position":1,"name":"Portada","item":"https:\/\/lisjoyas.com\/"},{"@type":"ListItem","position":2,"name":"Tienda","item":"https:\/\/lisjoyas.com\/tienda\/"},{"@type":"ListItem","position":3,"name":"Conjunto Bright"}]},{"@type":"WebSite","@id":"https:\/\/lisjoyas.com\/#website","url":"https:\/\/lisjoyas.com\/","name":"LIS Joyas","description":"LIS Joyas","publisher":{"@id":"https:\/\/lisjoyas.com\/#organization"},"potentialAction":[{"@type":"SearchAction","target":{"@type":"EntryPoint","urlTemplate":"https:\/\/lisjoyas.com\/?s={search_term_string}"},"query-input":"required name=search_term_string"}],"inLanguage":"en-US"},{"@type":"Organization","@id":"https:\/\/lisjoyas.com\/#organization","name":"Lis Joyas","url":"https:\/\/lisjoyas.com\/","logo":{"@type":"ImageObject","inLanguage":"en-US","@id":"https:\/\/lisjoyas.com\/#\/schema\/logo\/image\/","url":"https:\/\/lisjoyas.com\/wp-content\/uploads\/2024\/04\/Lis_logo_color.svg","contentUrl":"https:\/\/lisjoyas.com\/wp-content\/uploads\/2024\/04\/Lis_logo_color.svg","width":"1024","height":"1024","caption":"Lis Joyas"},"image":{"@id":"https:\/\/lisjoyas.com\/#\/schema\/logo\/image\/"},"sameAs":["https:\/\/www.facebook.com\/joyascontemporaneaslis?locale=es_LA","https:\/\/www.instagram.com\/lisjoyas_\/"]}]}},"_links":{"self":[{"href":"https:\/\/lisjoyas.com\/en\/wp-json\/wp\/v2\/product\/1477","targetHints":{"allow":["GET"]}}],"collection":[{"href":"https:\/\/lisjoyas.com\/en\/wp-json\/wp\/v2\/product"}],"about":[{"href":"https:\/\/lisjoyas.com\/en\/wp-json\/wp\/v2\/types\/product"}],"wp:featuredmedia":[{"embeddable":true,"href":"https:\/\/lisjoyas.com\/en\/wp-json\/wp\/v2\/media\/1701"}],"wp:attachment":[{"href":"https:\/\/lisjoyas.com\/en\/wp-json\/wp\/v2\/media?parent=1477"}],"wp:term":[{"taxonomy":"product_cat","embeddable":true,"href":"https:\/\/lisjoyas.com\/en\/wp-json\/wp\/v2\/product_cat?post=1477"},{"taxonomy":"product_tag","embeddable":true,"href":"https:\/\/lisjoyas.com\/en\/wp-json\/wp\/v2\/product_tag?post=1477"}],"curies":[{"name":"wp","href":"https:\/\/api.w.org\/{rel}","templated":true}]}}