{"id":2065,"date":"2024-04-11T16:31:03","date_gmt":"2024-04-11T16:31:03","guid":{"rendered":"https:\/\/lisjoyas.com\/?post_type=product&#038;p=2065"},"modified":"2025-01-17T19:32:48","modified_gmt":"2025-01-17T19:32:48","slug":"collar-nilo","status":"publish","type":"product","link":"https:\/\/lisjoyas.com\/en\/product\/collar-nilo\/","title":{"rendered":"Nile Choker"},"content":{"rendered":"","protected":false},"excerpt":{"rendered":"<p class=\"s3\"><span class=\"s2\">Nilo Choker, Discover the unique charm of this choker <\/span><span class=\"s2\">\u00a0Meticulously designed to attract everyone&#039;s attention with its elegant and contemporary style. Made with natural leather <\/span><span class=\"s2\">Uruguayan<\/span><span class=\"s2\">, guarantees a comfortable and long-lasting user experience, accompanying you on all your adventures with a touch of sophistication.<\/span><\/p>\n<p class=\"s4\"><span class=\"s2\">With symmetrical geometric shapes and a carefully crafted design, this necklace highlights your style with a touch of class. In addition, the strategic openwork detail allows light to filter through the necklace, creating a play of shadows and shine that enhances its unique beauty.<\/span><\/p>\n<p class=\"s4\"><span class=\"s2\">Complete your look with the triangle-shaped pendant, adding a touch of sophistication and style to your outfit. With its snap closure, this collar combines security and ease of use in one piece.<\/span><\/p>","protected":false},"featured_media":4195,"template":"","meta":{"inline_featured_image":false,"_joinchat":[]},"product_cat":[18],"product_tag":[51,114,157,139,47,137,154,108,274,57,155,136,138],"class_list":{"0":"post-2065","1":"product","2":"type-product","3":"status-publish","4":"has-post-thumbnail","6":"product_cat-collares","7":"product_tag-choker","8":"product_tag-collar","9":"product_tag-comfortable","10":"product_tag-comodo","11":"product_tag-cuero-natural","12":"product_tag-diseno-unico","13":"product_tag-handmade","14":"product_tag-hecho-a-mano","15":"product_tag-liviano-como-pluma","16":"product_tag-natural-leather","17":"product_tag-unique-design","18":"product_tag-uruguay","19":"product_tag-versatil","21":"first","22":"instock","23":"shipping-taxable","24":"purchasable","25":"product-type-variable"},"yoast_head":"<!-- This site is optimized with the Yoast SEO plugin v23.2 - https:\/\/yoast.com\/wordpress\/plugins\/seo\/ -->\n<title>Choker Nilo - Lis Joyas<\/title>\n<meta name=\"description\" content=\"Choker Nilo en cuero natural de formas geom\u00e9tricas sim\u00e9tricas y un dise\u00f1o cuidadosamente elaborado, este collar resalta tu estilo con un toque de distinci\u00f3n\" \/>\n<meta name=\"robots\" content=\"index, follow, max-snippet:-1, max-image-preview:large, max-video-preview:-1\" \/>\n<link rel=\"canonical\" href=\"https:\/\/lisjoyas.com\/en\/product\/collar-nilo\/\" \/>\n<meta property=\"og:locale\" content=\"en_US\" \/>\n<meta property=\"og:type\" content=\"article\" \/>\n<meta property=\"og:title\" content=\"Choker Nilo - Lis Joyas\" \/>\n<meta property=\"og:description\" content=\"Choker Nilo en cuero natural de formas geom\u00e9tricas sim\u00e9tricas y un dise\u00f1o cuidadosamente elaborado, este collar resalta tu estilo con un toque de distinci\u00f3n\" \/>\n<meta property=\"og:url\" content=\"https:\/\/lisjoyas.com\/en\/product\/collar-nilo\/\" \/>\n<meta property=\"og:site_name\" content=\"Lis Joyas\" \/>\n<meta property=\"article:publisher\" content=\"https:\/\/www.facebook.com\/joyascontemporaneaslis?locale=es_LA\" \/>\n<meta property=\"article:modified_time\" content=\"2025-01-17T19:32:48+00:00\" \/>\n<meta property=\"og:image\" content=\"https:\/\/lisjoyas.com\/wp-content\/uploads\/2024\/04\/collar-nilo-1.jpg\" \/>\n\t<meta property=\"og:image:width\" content=\"500\" \/>\n\t<meta property=\"og:image:height\" content=\"500\" \/>\n\t<meta property=\"og:image:type\" content=\"image\/jpeg\" \/>\n<meta name=\"twitter:card\" content=\"summary_large_image\" \/>\n<meta name=\"twitter:label1\" content=\"Est. reading time\" \/>\n\t<meta name=\"twitter:data1\" content=\"4 minutes\" \/>\n<script type=\"application\/ld+json\" class=\"yoast-schema-graph\">{\"@context\":\"https:\/\/schema.org\",\"@graph\":[{\"@type\":\"WebPage\",\"@id\":\"https:\/\/lisjoyas.com\/producto\/collar-nilo\/\",\"url\":\"https:\/\/lisjoyas.com\/producto\/collar-nilo\/\",\"name\":\"Choker Nilo - Lis Joyas\",\"isPartOf\":{\"@id\":\"https:\/\/lisjoyas.com\/#website\"},\"primaryImageOfPage\":{\"@id\":\"https:\/\/lisjoyas.com\/producto\/collar-nilo\/#primaryimage\"},\"image\":{\"@id\":\"https:\/\/lisjoyas.com\/producto\/collar-nilo\/#primaryimage\"},\"thumbnailUrl\":\"https:\/\/lisjoyas.com\/wp-content\/uploads\/2024\/04\/collar-nilo-1.jpg\",\"datePublished\":\"2024-04-11T16:31:03+00:00\",\"dateModified\":\"2025-01-17T19:32:48+00:00\",\"description\":\"Choker Nilo en cuero natural de formas geom\u00e9tricas sim\u00e9tricas y un dise\u00f1o cuidadosamente elaborado, este collar resalta tu estilo con un toque de distinci\u00f3n\",\"breadcrumb\":{\"@id\":\"https:\/\/lisjoyas.com\/producto\/collar-nilo\/#breadcrumb\"},\"inLanguage\":\"en-US\",\"potentialAction\":[{\"@type\":\"ReadAction\",\"target\":[\"https:\/\/lisjoyas.com\/producto\/collar-nilo\/\"]}]},{\"@type\":\"ImageObject\",\"inLanguage\":\"en-US\",\"@id\":\"https:\/\/lisjoyas.com\/producto\/collar-nilo\/#primaryimage\",\"url\":\"https:\/\/lisjoyas.com\/wp-content\/uploads\/2024\/04\/collar-nilo-1.jpg\",\"contentUrl\":\"https:\/\/lisjoyas.com\/wp-content\/uploads\/2024\/04\/collar-nilo-1.jpg\",\"width\":500,\"height\":500},{\"@type\":\"BreadcrumbList\",\"@id\":\"https:\/\/lisjoyas.com\/producto\/collar-nilo\/#breadcrumb\",\"itemListElement\":[{\"@type\":\"ListItem\",\"position\":1,\"name\":\"Portada\",\"item\":\"https:\/\/lisjoyas.com\/\"},{\"@type\":\"ListItem\",\"position\":2,\"name\":\"Tienda\",\"item\":\"https:\/\/lisjoyas.com\/tienda\/\"},{\"@type\":\"ListItem\",\"position\":3,\"name\":\"Choker Nilo\"}]},{\"@type\":\"WebSite\",\"@id\":\"https:\/\/lisjoyas.com\/#website\",\"url\":\"https:\/\/lisjoyas.com\/\",\"name\":\"LIS Joyas\",\"description\":\"LIS Joyas\",\"publisher\":{\"@id\":\"https:\/\/lisjoyas.com\/#organization\"},\"potentialAction\":[{\"@type\":\"SearchAction\",\"target\":{\"@type\":\"EntryPoint\",\"urlTemplate\":\"https:\/\/lisjoyas.com\/?s={search_term_string}\"},\"query-input\":\"required name=search_term_string\"}],\"inLanguage\":\"en-US\"},{\"@type\":\"Organization\",\"@id\":\"https:\/\/lisjoyas.com\/#organization\",\"name\":\"Lis Joyas\",\"url\":\"https:\/\/lisjoyas.com\/\",\"logo\":{\"@type\":\"ImageObject\",\"inLanguage\":\"en-US\",\"@id\":\"https:\/\/lisjoyas.com\/#\/schema\/logo\/image\/\",\"url\":\"https:\/\/lisjoyas.com\/wp-content\/uploads\/2024\/04\/Lis_logo_color.svg\",\"contentUrl\":\"https:\/\/lisjoyas.com\/wp-content\/uploads\/2024\/04\/Lis_logo_color.svg\",\"width\":\"1024\",\"height\":\"1024\",\"caption\":\"Lis Joyas\"},\"image\":{\"@id\":\"https:\/\/lisjoyas.com\/#\/schema\/logo\/image\/\"},\"sameAs\":[\"https:\/\/www.facebook.com\/joyascontemporaneaslis?locale=es_LA\",\"https:\/\/www.instagram.com\/lisjoyas_\/\"]}]}<\/script>\n<!-- \/ Yoast SEO plugin. -->","yoast_head_json":{"title":"Choker Nilo - Lis Joyas","description":"Choker Nilo en cuero natural de formas geom\u00e9tricas sim\u00e9tricas y un dise\u00f1o cuidadosamente elaborado, este collar resalta tu estilo con un toque de distinci\u00f3n","robots":{"index":"index","follow":"follow","max-snippet":"max-snippet:-1","max-image-preview":"max-image-preview:large","max-video-preview":"max-video-preview:-1"},"canonical":"https:\/\/lisjoyas.com\/en\/product\/collar-nilo\/","og_locale":"en_US","og_type":"article","og_title":"Choker Nilo - Lis Joyas","og_description":"Choker Nilo en cuero natural de formas geom\u00e9tricas sim\u00e9tricas y un dise\u00f1o cuidadosamente elaborado, este collar resalta tu estilo con un toque de distinci\u00f3n","og_url":"https:\/\/lisjoyas.com\/en\/product\/collar-nilo\/","og_site_name":"Lis Joyas","article_publisher":"https:\/\/www.facebook.com\/joyascontemporaneaslis?locale=es_LA","article_modified_time":"2025-01-17T19:32:48+00:00","og_image":[{"width":500,"height":500,"url":"https:\/\/lisjoyas.com\/wp-content\/uploads\/2024\/04\/collar-nilo-1.jpg","type":"image\/jpeg"}],"twitter_card":"summary_large_image","twitter_misc":{"Est. reading time":"4 minutes"},"schema":{"@context":"https:\/\/schema.org","@graph":[{"@type":"WebPage","@id":"https:\/\/lisjoyas.com\/producto\/collar-nilo\/","url":"https:\/\/lisjoyas.com\/producto\/collar-nilo\/","name":"Choker Nilo - Lis Joyas","isPartOf":{"@id":"https:\/\/lisjoyas.com\/#website"},"primaryImageOfPage":{"@id":"https:\/\/lisjoyas.com\/producto\/collar-nilo\/#primaryimage"},"image":{"@id":"https:\/\/lisjoyas.com\/producto\/collar-nilo\/#primaryimage"},"thumbnailUrl":"https:\/\/lisjoyas.com\/wp-content\/uploads\/2024\/04\/collar-nilo-1.jpg","datePublished":"2024-04-11T16:31:03+00:00","dateModified":"2025-01-17T19:32:48+00:00","description":"Choker Nilo en cuero natural de formas geom\u00e9tricas sim\u00e9tricas y un dise\u00f1o cuidadosamente elaborado, este collar resalta tu estilo con un toque de distinci\u00f3n","breadcrumb":{"@id":"https:\/\/lisjoyas.com\/producto\/collar-nilo\/#breadcrumb"},"inLanguage":"en-US","potentialAction":[{"@type":"ReadAction","target":["https:\/\/lisjoyas.com\/producto\/collar-nilo\/"]}]},{"@type":"ImageObject","inLanguage":"en-US","@id":"https:\/\/lisjoyas.com\/producto\/collar-nilo\/#primaryimage","url":"https:\/\/lisjoyas.com\/wp-content\/uploads\/2024\/04\/collar-nilo-1.jpg","contentUrl":"https:\/\/lisjoyas.com\/wp-content\/uploads\/2024\/04\/collar-nilo-1.jpg","width":500,"height":500},{"@type":"BreadcrumbList","@id":"https:\/\/lisjoyas.com\/producto\/collar-nilo\/#breadcrumb","itemListElement":[{"@type":"ListItem","position":1,"name":"Portada","item":"https:\/\/lisjoyas.com\/"},{"@type":"ListItem","position":2,"name":"Tienda","item":"https:\/\/lisjoyas.com\/tienda\/"},{"@type":"ListItem","position":3,"name":"Choker Nilo"}]},{"@type":"WebSite","@id":"https:\/\/lisjoyas.com\/#website","url":"https:\/\/lisjoyas.com\/","name":"LIS Joyas","description":"LIS Joyas","publisher":{"@id":"https:\/\/lisjoyas.com\/#organization"},"potentialAction":[{"@type":"SearchAction","target":{"@type":"EntryPoint","urlTemplate":"https:\/\/lisjoyas.com\/?s={search_term_string}"},"query-input":"required name=search_term_string"}],"inLanguage":"en-US"},{"@type":"Organization","@id":"https:\/\/lisjoyas.com\/#organization","name":"Lis Joyas","url":"https:\/\/lisjoyas.com\/","logo":{"@type":"ImageObject","inLanguage":"en-US","@id":"https:\/\/lisjoyas.com\/#\/schema\/logo\/image\/","url":"https:\/\/lisjoyas.com\/wp-content\/uploads\/2024\/04\/Lis_logo_color.svg","contentUrl":"https:\/\/lisjoyas.com\/wp-content\/uploads\/2024\/04\/Lis_logo_color.svg","width":"1024","height":"1024","caption":"Lis Joyas"},"image":{"@id":"https:\/\/lisjoyas.com\/#\/schema\/logo\/image\/"},"sameAs":["https:\/\/www.facebook.com\/joyascontemporaneaslis?locale=es_LA","https:\/\/www.instagram.com\/lisjoyas_\/"]}]}},"_links":{"self":[{"href":"https:\/\/lisjoyas.com\/en\/wp-json\/wp\/v2\/product\/2065","targetHints":{"allow":["GET"]}}],"collection":[{"href":"https:\/\/lisjoyas.com\/en\/wp-json\/wp\/v2\/product"}],"about":[{"href":"https:\/\/lisjoyas.com\/en\/wp-json\/wp\/v2\/types\/product"}],"wp:featuredmedia":[{"embeddable":true,"href":"https:\/\/lisjoyas.com\/en\/wp-json\/wp\/v2\/media\/4195"}],"wp:attachment":[{"href":"https:\/\/lisjoyas.com\/en\/wp-json\/wp\/v2\/media?parent=2065"}],"wp:term":[{"taxonomy":"product_cat","embeddable":true,"href":"https:\/\/lisjoyas.com\/en\/wp-json\/wp\/v2\/product_cat?post=2065"},{"taxonomy":"product_tag","embeddable":true,"href":"https:\/\/lisjoyas.com\/en\/wp-json\/wp\/v2\/product_tag?post=2065"}],"curies":[{"name":"wp","href":"https:\/\/api.w.org\/{rel}","templated":true}]}}