{"id":2097,"date":"2024-04-11T16:46:55","date_gmt":"2024-04-11T16:46:55","guid":{"rendered":"https:\/\/lisjoyas.com\/?post_type=product&#038;p=2097"},"modified":"2025-10-28T22:00:06","modified_gmt":"2025-10-28T22:00:06","slug":"collar-kate","status":"publish","type":"product","link":"https:\/\/lisjoyas.com\/en\/product\/collar-kate\/","title":{"rendered":"Kate Necklace"},"content":{"rendered":"","protected":false},"excerpt":{"rendered":"<p><span class=\"s2\">The Kate necklace, your essential accessory for any occasion! With a versatile design that adapts to both casual looks and party events, this necklace is the perfect piece to add a touch of style to your outfit. Whether you&#039;re enjoying a relaxing day or dancing the night away, the Kate necklace will accompany you with its elegance and sophistication. Made from the finest materials and carefully designed for versatility and style, this necklace will become your favorite fashion companion. Complete your look with the<\/span><span class=\"s2\"> Kate bracelet.<\/span><\/p>\n<p><span class=\"s2\">Get the Kate necklace and get ready to shine anytime, anywhere! Discover the Kate Set and take advantage of the 10% OFF <a href=\"https:\/\/lisjoyas.com\/en\/product\/conjunto-kate\/\">https:\/\/lisjoyas.com\/es\/producto\/conjunto-kate\/<\/a><\/span><\/p>","protected":false},"featured_media":2101,"template":"","meta":{"inline_featured_image":false,"_joinchat":[]},"product_cat":[18],"product_tag":[114,157,139,47,137,154,108,57,155,136,138,156],"class_list":{"0":"post-2097","1":"product","2":"type-product","3":"status-publish","4":"has-post-thumbnail","6":"product_cat-collares","7":"product_tag-collar","8":"product_tag-comfortable","9":"product_tag-comodo","10":"product_tag-cuero-natural","11":"product_tag-diseno-unico","12":"product_tag-handmade","13":"product_tag-hecho-a-mano","14":"product_tag-natural-leather","15":"product_tag-unique-design","16":"product_tag-uruguay","17":"product_tag-versatil","18":"product_tag-versatile","20":"first","21":"instock","22":"shipping-taxable","23":"purchasable","24":"product-type-variable"},"yoast_head":"<!-- This site is optimized with the Yoast SEO plugin v23.2 - https:\/\/yoast.com\/wordpress\/plugins\/seo\/ -->\n<title>Collar Kate - Lis Joyas<\/title>\n<meta name=\"description\" content=\"Collar Kate en cuero natural 100% uruguayo, una joya contempor\u00e1nea divina con un dise\u00f1o \u00fanico. Conoces el conjunto de brazalete y pendientes?\" \/>\n<meta name=\"robots\" content=\"index, follow, max-snippet:-1, max-image-preview:large, max-video-preview:-1\" \/>\n<link rel=\"canonical\" href=\"https:\/\/lisjoyas.com\/en\/product\/collar-kate\/\" \/>\n<meta property=\"og:locale\" content=\"en_US\" \/>\n<meta property=\"og:type\" content=\"article\" \/>\n<meta property=\"og:title\" content=\"Collar Kate - Lis Joyas\" \/>\n<meta property=\"og:description\" content=\"Collar Kate en cuero natural 100% uruguayo, una joya contempor\u00e1nea divina con un dise\u00f1o \u00fanico. Conoces el conjunto de brazalete y pendientes?\" \/>\n<meta property=\"og:url\" content=\"https:\/\/lisjoyas.com\/en\/product\/collar-kate\/\" \/>\n<meta property=\"og:site_name\" content=\"Lis Joyas\" \/>\n<meta property=\"article:publisher\" content=\"https:\/\/www.facebook.com\/joyascontemporaneaslis?locale=es_LA\" \/>\n<meta property=\"article:modified_time\" content=\"2025-10-28T22:00:06+00:00\" \/>\n<meta property=\"og:image\" content=\"https:\/\/lisjoyas.com\/wp-content\/uploads\/2024\/04\/collar-y-brazalete-kate.jpg\" \/>\n\t<meta property=\"og:image:width\" content=\"1080\" \/>\n\t<meta property=\"og:image:height\" content=\"1920\" \/>\n\t<meta property=\"og:image:type\" content=\"image\/jpeg\" \/>\n<meta name=\"twitter:card\" content=\"summary_large_image\" \/>\n<meta name=\"twitter:label1\" content=\"Est. reading time\" \/>\n\t<meta name=\"twitter:data1\" content=\"4 minutes\" \/>\n<script type=\"application\/ld+json\" class=\"yoast-schema-graph\">{\"@context\":\"https:\/\/schema.org\",\"@graph\":[{\"@type\":\"WebPage\",\"@id\":\"https:\/\/lisjoyas.com\/producto\/collar-kate\/\",\"url\":\"https:\/\/lisjoyas.com\/producto\/collar-kate\/\",\"name\":\"Collar Kate - Lis Joyas\",\"isPartOf\":{\"@id\":\"https:\/\/lisjoyas.com\/#website\"},\"primaryImageOfPage\":{\"@id\":\"https:\/\/lisjoyas.com\/producto\/collar-kate\/#primaryimage\"},\"image\":{\"@id\":\"https:\/\/lisjoyas.com\/producto\/collar-kate\/#primaryimage\"},\"thumbnailUrl\":\"https:\/\/lisjoyas.com\/wp-content\/uploads\/2024\/04\/collar-y-brazalete-kate.jpg\",\"datePublished\":\"2024-04-11T16:46:55+00:00\",\"dateModified\":\"2025-10-28T22:00:06+00:00\",\"description\":\"Collar Kate en cuero natural 100% uruguayo, una joya contempor\u00e1nea divina con un dise\u00f1o \u00fanico. Conoces el conjunto de brazalete y pendientes?\",\"breadcrumb\":{\"@id\":\"https:\/\/lisjoyas.com\/producto\/collar-kate\/#breadcrumb\"},\"inLanguage\":\"en-US\",\"potentialAction\":[{\"@type\":\"ReadAction\",\"target\":[\"https:\/\/lisjoyas.com\/producto\/collar-kate\/\"]}]},{\"@type\":\"ImageObject\",\"inLanguage\":\"en-US\",\"@id\":\"https:\/\/lisjoyas.com\/producto\/collar-kate\/#primaryimage\",\"url\":\"https:\/\/lisjoyas.com\/wp-content\/uploads\/2024\/04\/collar-y-brazalete-kate.jpg\",\"contentUrl\":\"https:\/\/lisjoyas.com\/wp-content\/uploads\/2024\/04\/collar-y-brazalete-kate.jpg\",\"width\":1080,\"height\":1920},{\"@type\":\"BreadcrumbList\",\"@id\":\"https:\/\/lisjoyas.com\/producto\/collar-kate\/#breadcrumb\",\"itemListElement\":[{\"@type\":\"ListItem\",\"position\":1,\"name\":\"Portada\",\"item\":\"https:\/\/lisjoyas.com\/\"},{\"@type\":\"ListItem\",\"position\":2,\"name\":\"Tienda\",\"item\":\"https:\/\/lisjoyas.com\/tienda\/\"},{\"@type\":\"ListItem\",\"position\":3,\"name\":\"Collar Kate\"}]},{\"@type\":\"WebSite\",\"@id\":\"https:\/\/lisjoyas.com\/#website\",\"url\":\"https:\/\/lisjoyas.com\/\",\"name\":\"LIS Joyas\",\"description\":\"LIS Joyas\",\"publisher\":{\"@id\":\"https:\/\/lisjoyas.com\/#organization\"},\"potentialAction\":[{\"@type\":\"SearchAction\",\"target\":{\"@type\":\"EntryPoint\",\"urlTemplate\":\"https:\/\/lisjoyas.com\/?s={search_term_string}\"},\"query-input\":\"required name=search_term_string\"}],\"inLanguage\":\"en-US\"},{\"@type\":\"Organization\",\"@id\":\"https:\/\/lisjoyas.com\/#organization\",\"name\":\"Lis Joyas\",\"url\":\"https:\/\/lisjoyas.com\/\",\"logo\":{\"@type\":\"ImageObject\",\"inLanguage\":\"en-US\",\"@id\":\"https:\/\/lisjoyas.com\/#\/schema\/logo\/image\/\",\"url\":\"https:\/\/lisjoyas.com\/wp-content\/uploads\/2024\/04\/Lis_logo_color.svg\",\"contentUrl\":\"https:\/\/lisjoyas.com\/wp-content\/uploads\/2024\/04\/Lis_logo_color.svg\",\"width\":\"1024\",\"height\":\"1024\",\"caption\":\"Lis Joyas\"},\"image\":{\"@id\":\"https:\/\/lisjoyas.com\/#\/schema\/logo\/image\/\"},\"sameAs\":[\"https:\/\/www.facebook.com\/joyascontemporaneaslis?locale=es_LA\",\"https:\/\/www.instagram.com\/lisjoyas_\/\"]}]}<\/script>\n<!-- \/ Yoast SEO plugin. -->","yoast_head_json":{"title":"Collar Kate - Lis Joyas","description":"Collar Kate en cuero natural 100% uruguayo, una joya contempor\u00e1nea divina con un dise\u00f1o \u00fanico. Conoces el conjunto de brazalete y pendientes?","robots":{"index":"index","follow":"follow","max-snippet":"max-snippet:-1","max-image-preview":"max-image-preview:large","max-video-preview":"max-video-preview:-1"},"canonical":"https:\/\/lisjoyas.com\/en\/product\/collar-kate\/","og_locale":"en_US","og_type":"article","og_title":"Collar Kate - Lis Joyas","og_description":"Collar Kate en cuero natural 100% uruguayo, una joya contempor\u00e1nea divina con un dise\u00f1o \u00fanico. Conoces el conjunto de brazalete y pendientes?","og_url":"https:\/\/lisjoyas.com\/en\/product\/collar-kate\/","og_site_name":"Lis Joyas","article_publisher":"https:\/\/www.facebook.com\/joyascontemporaneaslis?locale=es_LA","article_modified_time":"2025-10-28T22:00:06+00:00","og_image":[{"width":1080,"height":1920,"url":"https:\/\/lisjoyas.com\/wp-content\/uploads\/2024\/04\/collar-y-brazalete-kate.jpg","type":"image\/jpeg"}],"twitter_card":"summary_large_image","twitter_misc":{"Est. reading time":"4 minutes"},"schema":{"@context":"https:\/\/schema.org","@graph":[{"@type":"WebPage","@id":"https:\/\/lisjoyas.com\/producto\/collar-kate\/","url":"https:\/\/lisjoyas.com\/producto\/collar-kate\/","name":"Collar Kate - Lis Joyas","isPartOf":{"@id":"https:\/\/lisjoyas.com\/#website"},"primaryImageOfPage":{"@id":"https:\/\/lisjoyas.com\/producto\/collar-kate\/#primaryimage"},"image":{"@id":"https:\/\/lisjoyas.com\/producto\/collar-kate\/#primaryimage"},"thumbnailUrl":"https:\/\/lisjoyas.com\/wp-content\/uploads\/2024\/04\/collar-y-brazalete-kate.jpg","datePublished":"2024-04-11T16:46:55+00:00","dateModified":"2025-10-28T22:00:06+00:00","description":"Collar Kate en cuero natural 100% uruguayo, una joya contempor\u00e1nea divina con un dise\u00f1o \u00fanico. Conoces el conjunto de brazalete y pendientes?","breadcrumb":{"@id":"https:\/\/lisjoyas.com\/producto\/collar-kate\/#breadcrumb"},"inLanguage":"en-US","potentialAction":[{"@type":"ReadAction","target":["https:\/\/lisjoyas.com\/producto\/collar-kate\/"]}]},{"@type":"ImageObject","inLanguage":"en-US","@id":"https:\/\/lisjoyas.com\/producto\/collar-kate\/#primaryimage","url":"https:\/\/lisjoyas.com\/wp-content\/uploads\/2024\/04\/collar-y-brazalete-kate.jpg","contentUrl":"https:\/\/lisjoyas.com\/wp-content\/uploads\/2024\/04\/collar-y-brazalete-kate.jpg","width":1080,"height":1920},{"@type":"BreadcrumbList","@id":"https:\/\/lisjoyas.com\/producto\/collar-kate\/#breadcrumb","itemListElement":[{"@type":"ListItem","position":1,"name":"Portada","item":"https:\/\/lisjoyas.com\/"},{"@type":"ListItem","position":2,"name":"Tienda","item":"https:\/\/lisjoyas.com\/tienda\/"},{"@type":"ListItem","position":3,"name":"Collar Kate"}]},{"@type":"WebSite","@id":"https:\/\/lisjoyas.com\/#website","url":"https:\/\/lisjoyas.com\/","name":"LIS Joyas","description":"LIS Joyas","publisher":{"@id":"https:\/\/lisjoyas.com\/#organization"},"potentialAction":[{"@type":"SearchAction","target":{"@type":"EntryPoint","urlTemplate":"https:\/\/lisjoyas.com\/?s={search_term_string}"},"query-input":"required name=search_term_string"}],"inLanguage":"en-US"},{"@type":"Organization","@id":"https:\/\/lisjoyas.com\/#organization","name":"Lis Joyas","url":"https:\/\/lisjoyas.com\/","logo":{"@type":"ImageObject","inLanguage":"en-US","@id":"https:\/\/lisjoyas.com\/#\/schema\/logo\/image\/","url":"https:\/\/lisjoyas.com\/wp-content\/uploads\/2024\/04\/Lis_logo_color.svg","contentUrl":"https:\/\/lisjoyas.com\/wp-content\/uploads\/2024\/04\/Lis_logo_color.svg","width":"1024","height":"1024","caption":"Lis Joyas"},"image":{"@id":"https:\/\/lisjoyas.com\/#\/schema\/logo\/image\/"},"sameAs":["https:\/\/www.facebook.com\/joyascontemporaneaslis?locale=es_LA","https:\/\/www.instagram.com\/lisjoyas_\/"]}]}},"_links":{"self":[{"href":"https:\/\/lisjoyas.com\/en\/wp-json\/wp\/v2\/product\/2097","targetHints":{"allow":["GET"]}}],"collection":[{"href":"https:\/\/lisjoyas.com\/en\/wp-json\/wp\/v2\/product"}],"about":[{"href":"https:\/\/lisjoyas.com\/en\/wp-json\/wp\/v2\/types\/product"}],"wp:featuredmedia":[{"embeddable":true,"href":"https:\/\/lisjoyas.com\/en\/wp-json\/wp\/v2\/media\/2101"}],"wp:attachment":[{"href":"https:\/\/lisjoyas.com\/en\/wp-json\/wp\/v2\/media?parent=2097"}],"wp:term":[{"taxonomy":"product_cat","embeddable":true,"href":"https:\/\/lisjoyas.com\/en\/wp-json\/wp\/v2\/product_cat?post=2097"},{"taxonomy":"product_tag","embeddable":true,"href":"https:\/\/lisjoyas.com\/en\/wp-json\/wp\/v2\/product_tag?post=2097"}],"curies":[{"name":"wp","href":"https:\/\/api.w.org\/{rel}","templated":true}]}}