{"id":2136,"date":"2024-04-11T20:05:35","date_gmt":"2024-04-11T20:05:35","guid":{"rendered":"https:\/\/lisjoyas.com\/?post_type=product&#038;p=2136"},"modified":"2026-04-16T14:27:11","modified_gmt":"2026-04-16T14:27:11","slug":"conjunto-kate","status":"publish","type":"product","link":"https:\/\/lisjoyas.com\/en\/product\/conjunto-kate\/","title":{"rendered":"Kate set"},"content":{"rendered":"","protected":false},"excerpt":{"rendered":"<p><span class=\"s2\">Discover the Kate necklace options, your essential accessories for any occasion! With a versatile design that adapts to both casual looks and party events, this set is the perfect piece to add a touch of style to your outfit. <\/span><\/p>\n<p><span class=\"s2\">Whether you&#039;re enjoying a relaxing day or dancing the night away, the Kate ensemble will accompany you with its elegance and sophistication. Made from the finest materials and carefully designed for versatility and style, this necklace will become your favorite fashion companion. <\/span><\/p>\n<p><span class=\"s2\">Complete your look with the<\/span><span class=\"s2\"> Kate bracelet.\u00a0<\/span><\/p>\n<p><span class=\"s2\">Get the Kate set in its two options and get ready to shine anytime, anywhere!<\/span><\/p>\n<p>By wearing the set you get a 10% discount <a href=\"https:\/\/lisjoyas.com\/en\/product\/pendientes-kate\/\">Kate Earrings<\/a>\u00a0<a href=\"https:\/\/lisjoyas.com\/en\/product\/collar-kate\/\">kate necklace<\/a>\u00a0<a href=\"https:\/\/lisjoyas.com\/en\/product\/brazalete-kate\/\">Kate bracelet <\/a><\/p>","protected":false},"featured_media":2296,"template":"","meta":{"inline_featured_image":false,"_joinchat":[]},"product_cat":[22],"product_tag":[63,66,61,70,73,64,68,62,71,67,65,69],"class_list":{"0":"post-2136","1":"product","2":"type-product","3":"status-publish","4":"has-post-thumbnail","6":"product_cat-conjuntos","7":"product_tag-accesorios-elegantes","8":"product_tag-accesorios-exclusivos","9":"product_tag-corte-a-laser","10":"product_tag-elegant-accessories","11":"product_tag-exclusive-accessories","12":"product_tag-joyeria-moderna","13":"product_tag-laser-cut","14":"product_tag-moda-femenina","15":"product_tag-modern-jewelry","16":"product_tag-necklace-and-bracelet","17":"product_tag-tendencias-en-accesorios","18":"product_tag-womens-fashion","20":"first","21":"instock","22":"shipping-taxable","23":"purchasable","24":"product-type-variable"},"yoast_head":"<!-- This site is optimized with the Yoast SEO plugin v23.2 - https:\/\/yoast.com\/wordpress\/plugins\/seo\/ -->\n<title>Conjunto Kate - Lis Joyas<\/title>\n<meta name=\"description\" content=\"Conjunto Kate en cuero natural 100% uruguayo, un dise\u00f1o, \u00fanico elegante y con estilo. Joyas Contempor\u00e1neas son hechas a mano con tecnolog\u00eda l\u00e1ser.\" \/>\n<meta name=\"robots\" content=\"index, follow, max-snippet:-1, max-image-preview:large, max-video-preview:-1\" \/>\n<link rel=\"canonical\" href=\"https:\/\/lisjoyas.com\/en\/product\/conjunto-kate\/\" \/>\n<meta property=\"og:locale\" content=\"en_US\" \/>\n<meta property=\"og:type\" content=\"article\" \/>\n<meta property=\"og:title\" content=\"Conjunto Kate - Lis Joyas\" \/>\n<meta property=\"og:description\" content=\"Conjunto Kate en cuero natural 100% uruguayo, un dise\u00f1o, \u00fanico elegante y con estilo. Joyas Contempor\u00e1neas son hechas a mano con tecnolog\u00eda l\u00e1ser.\" \/>\n<meta property=\"og:url\" content=\"https:\/\/lisjoyas.com\/en\/product\/conjunto-kate\/\" \/>\n<meta property=\"og:site_name\" content=\"Lis Joyas\" \/>\n<meta property=\"article:publisher\" content=\"https:\/\/www.facebook.com\/joyascontemporaneaslis?locale=es_LA\" \/>\n<meta property=\"article:modified_time\" content=\"2026-04-16T14:27:11+00:00\" \/>\n<meta property=\"og:image\" content=\"https:\/\/lisjoyas.com\/wp-content\/uploads\/2024\/04\/collar-kate-dorado.jpg\" \/>\n\t<meta property=\"og:image:width\" content=\"615\" \/>\n\t<meta property=\"og:image:height\" content=\"768\" \/>\n\t<meta property=\"og:image:type\" content=\"image\/jpeg\" \/>\n<meta name=\"twitter:card\" content=\"summary_large_image\" \/>\n<meta name=\"twitter:label1\" content=\"Est. reading time\" \/>\n\t<meta name=\"twitter:data1\" content=\"4 minutes\" \/>\n<script type=\"application\/ld+json\" class=\"yoast-schema-graph\">{\"@context\":\"https:\/\/schema.org\",\"@graph\":[{\"@type\":\"WebPage\",\"@id\":\"https:\/\/lisjoyas.com\/producto\/conjunto-kate\/\",\"url\":\"https:\/\/lisjoyas.com\/producto\/conjunto-kate\/\",\"name\":\"Conjunto Kate - Lis Joyas\",\"isPartOf\":{\"@id\":\"https:\/\/lisjoyas.com\/#website\"},\"primaryImageOfPage\":{\"@id\":\"https:\/\/lisjoyas.com\/producto\/conjunto-kate\/#primaryimage\"},\"image\":{\"@id\":\"https:\/\/lisjoyas.com\/producto\/conjunto-kate\/#primaryimage\"},\"thumbnailUrl\":\"https:\/\/lisjoyas.com\/wp-content\/uploads\/2024\/04\/collar-kate-dorado.jpg\",\"datePublished\":\"2024-04-11T20:05:35+00:00\",\"dateModified\":\"2026-04-16T14:27:11+00:00\",\"description\":\"Conjunto Kate en cuero natural 100% uruguayo, un dise\u00f1o, \u00fanico elegante y con estilo. Joyas Contempor\u00e1neas son hechas a mano con tecnolog\u00eda l\u00e1ser.\",\"breadcrumb\":{\"@id\":\"https:\/\/lisjoyas.com\/producto\/conjunto-kate\/#breadcrumb\"},\"inLanguage\":\"en-US\",\"potentialAction\":[{\"@type\":\"ReadAction\",\"target\":[\"https:\/\/lisjoyas.com\/producto\/conjunto-kate\/\"]}]},{\"@type\":\"ImageObject\",\"inLanguage\":\"en-US\",\"@id\":\"https:\/\/lisjoyas.com\/producto\/conjunto-kate\/#primaryimage\",\"url\":\"https:\/\/lisjoyas.com\/wp-content\/uploads\/2024\/04\/collar-kate-dorado.jpg\",\"contentUrl\":\"https:\/\/lisjoyas.com\/wp-content\/uploads\/2024\/04\/collar-kate-dorado.jpg\",\"width\":615,\"height\":768},{\"@type\":\"BreadcrumbList\",\"@id\":\"https:\/\/lisjoyas.com\/producto\/conjunto-kate\/#breadcrumb\",\"itemListElement\":[{\"@type\":\"ListItem\",\"position\":1,\"name\":\"Portada\",\"item\":\"https:\/\/lisjoyas.com\/\"},{\"@type\":\"ListItem\",\"position\":2,\"name\":\"Tienda\",\"item\":\"https:\/\/lisjoyas.com\/tienda\/\"},{\"@type\":\"ListItem\",\"position\":3,\"name\":\"Conjunto Kate\"}]},{\"@type\":\"WebSite\",\"@id\":\"https:\/\/lisjoyas.com\/#website\",\"url\":\"https:\/\/lisjoyas.com\/\",\"name\":\"LIS Joyas\",\"description\":\"LIS Joyas\",\"publisher\":{\"@id\":\"https:\/\/lisjoyas.com\/#organization\"},\"potentialAction\":[{\"@type\":\"SearchAction\",\"target\":{\"@type\":\"EntryPoint\",\"urlTemplate\":\"https:\/\/lisjoyas.com\/?s={search_term_string}\"},\"query-input\":\"required name=search_term_string\"}],\"inLanguage\":\"en-US\"},{\"@type\":\"Organization\",\"@id\":\"https:\/\/lisjoyas.com\/#organization\",\"name\":\"Lis Joyas\",\"url\":\"https:\/\/lisjoyas.com\/\",\"logo\":{\"@type\":\"ImageObject\",\"inLanguage\":\"en-US\",\"@id\":\"https:\/\/lisjoyas.com\/#\/schema\/logo\/image\/\",\"url\":\"https:\/\/lisjoyas.com\/wp-content\/uploads\/2024\/04\/Lis_logo_color.svg\",\"contentUrl\":\"https:\/\/lisjoyas.com\/wp-content\/uploads\/2024\/04\/Lis_logo_color.svg\",\"width\":\"1024\",\"height\":\"1024\",\"caption\":\"Lis Joyas\"},\"image\":{\"@id\":\"https:\/\/lisjoyas.com\/#\/schema\/logo\/image\/\"},\"sameAs\":[\"https:\/\/www.facebook.com\/joyascontemporaneaslis?locale=es_LA\",\"https:\/\/www.instagram.com\/lisjoyas_\/\"]}]}<\/script>\n<!-- \/ Yoast SEO plugin. -->","yoast_head_json":{"title":"Conjunto Kate - Lis Joyas","description":"Conjunto Kate en cuero natural 100% uruguayo, un dise\u00f1o, \u00fanico elegante y con estilo. Joyas Contempor\u00e1neas son hechas a mano con tecnolog\u00eda l\u00e1ser.","robots":{"index":"index","follow":"follow","max-snippet":"max-snippet:-1","max-image-preview":"max-image-preview:large","max-video-preview":"max-video-preview:-1"},"canonical":"https:\/\/lisjoyas.com\/en\/product\/conjunto-kate\/","og_locale":"en_US","og_type":"article","og_title":"Conjunto Kate - Lis Joyas","og_description":"Conjunto Kate en cuero natural 100% uruguayo, un dise\u00f1o, \u00fanico elegante y con estilo. Joyas Contempor\u00e1neas son hechas a mano con tecnolog\u00eda l\u00e1ser.","og_url":"https:\/\/lisjoyas.com\/en\/product\/conjunto-kate\/","og_site_name":"Lis Joyas","article_publisher":"https:\/\/www.facebook.com\/joyascontemporaneaslis?locale=es_LA","article_modified_time":"2026-04-16T14:27:11+00:00","og_image":[{"width":615,"height":768,"url":"https:\/\/lisjoyas.com\/wp-content\/uploads\/2024\/04\/collar-kate-dorado.jpg","type":"image\/jpeg"}],"twitter_card":"summary_large_image","twitter_misc":{"Est. reading time":"4 minutes"},"schema":{"@context":"https:\/\/schema.org","@graph":[{"@type":"WebPage","@id":"https:\/\/lisjoyas.com\/producto\/conjunto-kate\/","url":"https:\/\/lisjoyas.com\/producto\/conjunto-kate\/","name":"Conjunto Kate - Lis Joyas","isPartOf":{"@id":"https:\/\/lisjoyas.com\/#website"},"primaryImageOfPage":{"@id":"https:\/\/lisjoyas.com\/producto\/conjunto-kate\/#primaryimage"},"image":{"@id":"https:\/\/lisjoyas.com\/producto\/conjunto-kate\/#primaryimage"},"thumbnailUrl":"https:\/\/lisjoyas.com\/wp-content\/uploads\/2024\/04\/collar-kate-dorado.jpg","datePublished":"2024-04-11T20:05:35+00:00","dateModified":"2026-04-16T14:27:11+00:00","description":"Conjunto Kate en cuero natural 100% uruguayo, un dise\u00f1o, \u00fanico elegante y con estilo. Joyas Contempor\u00e1neas son hechas a mano con tecnolog\u00eda l\u00e1ser.","breadcrumb":{"@id":"https:\/\/lisjoyas.com\/producto\/conjunto-kate\/#breadcrumb"},"inLanguage":"en-US","potentialAction":[{"@type":"ReadAction","target":["https:\/\/lisjoyas.com\/producto\/conjunto-kate\/"]}]},{"@type":"ImageObject","inLanguage":"en-US","@id":"https:\/\/lisjoyas.com\/producto\/conjunto-kate\/#primaryimage","url":"https:\/\/lisjoyas.com\/wp-content\/uploads\/2024\/04\/collar-kate-dorado.jpg","contentUrl":"https:\/\/lisjoyas.com\/wp-content\/uploads\/2024\/04\/collar-kate-dorado.jpg","width":615,"height":768},{"@type":"BreadcrumbList","@id":"https:\/\/lisjoyas.com\/producto\/conjunto-kate\/#breadcrumb","itemListElement":[{"@type":"ListItem","position":1,"name":"Portada","item":"https:\/\/lisjoyas.com\/"},{"@type":"ListItem","position":2,"name":"Tienda","item":"https:\/\/lisjoyas.com\/tienda\/"},{"@type":"ListItem","position":3,"name":"Conjunto Kate"}]},{"@type":"WebSite","@id":"https:\/\/lisjoyas.com\/#website","url":"https:\/\/lisjoyas.com\/","name":"LIS Joyas","description":"LIS Joyas","publisher":{"@id":"https:\/\/lisjoyas.com\/#organization"},"potentialAction":[{"@type":"SearchAction","target":{"@type":"EntryPoint","urlTemplate":"https:\/\/lisjoyas.com\/?s={search_term_string}"},"query-input":"required name=search_term_string"}],"inLanguage":"en-US"},{"@type":"Organization","@id":"https:\/\/lisjoyas.com\/#organization","name":"Lis Joyas","url":"https:\/\/lisjoyas.com\/","logo":{"@type":"ImageObject","inLanguage":"en-US","@id":"https:\/\/lisjoyas.com\/#\/schema\/logo\/image\/","url":"https:\/\/lisjoyas.com\/wp-content\/uploads\/2024\/04\/Lis_logo_color.svg","contentUrl":"https:\/\/lisjoyas.com\/wp-content\/uploads\/2024\/04\/Lis_logo_color.svg","width":"1024","height":"1024","caption":"Lis Joyas"},"image":{"@id":"https:\/\/lisjoyas.com\/#\/schema\/logo\/image\/"},"sameAs":["https:\/\/www.facebook.com\/joyascontemporaneaslis?locale=es_LA","https:\/\/www.instagram.com\/lisjoyas_\/"]}]}},"_links":{"self":[{"href":"https:\/\/lisjoyas.com\/en\/wp-json\/wp\/v2\/product\/2136","targetHints":{"allow":["GET"]}}],"collection":[{"href":"https:\/\/lisjoyas.com\/en\/wp-json\/wp\/v2\/product"}],"about":[{"href":"https:\/\/lisjoyas.com\/en\/wp-json\/wp\/v2\/types\/product"}],"wp:featuredmedia":[{"embeddable":true,"href":"https:\/\/lisjoyas.com\/en\/wp-json\/wp\/v2\/media\/2296"}],"wp:attachment":[{"href":"https:\/\/lisjoyas.com\/en\/wp-json\/wp\/v2\/media?parent=2136"}],"wp:term":[{"taxonomy":"product_cat","embeddable":true,"href":"https:\/\/lisjoyas.com\/en\/wp-json\/wp\/v2\/product_cat?post=2136"},{"taxonomy":"product_tag","embeddable":true,"href":"https:\/\/lisjoyas.com\/en\/wp-json\/wp\/v2\/product_tag?post=2136"}],"curies":[{"name":"wp","href":"https:\/\/api.w.org\/{rel}","templated":true}]}}