{"id":2840,"date":"2024-05-03T01:47:39","date_gmt":"2024-05-03T01:47:39","guid":{"rendered":"https:\/\/lisjoyas.com\/?post_type=product&#038;p=2840"},"modified":"2024-05-18T14:40:39","modified_gmt":"2024-05-18T14:40:39","slug":"pendientes-flo","status":"publish","type":"product","link":"https:\/\/lisjoyas.com\/en\/product\/pendientes-flo\/","title":{"rendered":"Flo Earrings"},"content":{"rendered":"","protected":false},"excerpt":{"rendered":"<p class=\"p1\">Flo earrings are made from natural Uruguayan leather, these earrings are incredibly lightweight, providing a comfortable and effortless wearing experience. Their featherweight makes them ideal for all-day wear, without compromising your style or comfort.<\/p>\n<p class=\"p1\">Each pair of Flo earrings adds a touch of sophistication and elegance to your everyday look with these earrings that stand out for their beauty and lightness.<\/p>\n<p class=\"p1\">Discover beauty in the details with the Flo de Lis Atelier earrings. Perfect for any occasion, these earrings are an expression of style and refinement that will make you shine with your own light.<\/p>\n<p class=\"p2\">SEO Keywords: Flo earrings, unique design, openwork triangles, natural leather, anti-allergy stem, featherweight, craftsmanship, elegance, sophistication.<\/p>","protected":false},"featured_media":2843,"template":"","meta":{"inline_featured_image":false,"_joinchat":[]},"product_cat":[25],"product_tag":[81,131,126,63,66,129,123,121,118,120,128,127,122,124,133,119,132,130,134,89,85,135,125],"class_list":{"0":"post-2840","1":"product","2":"type-product","3":"status-publish","4":"has-post-thumbnail","6":"product_cat-pendientes","7":"product_tag-accesorios-de-cuero-natural","8":"product_tag-accesorios-de-lujo","9":"product_tag-accesorios-de-moda","10":"product_tag-accesorios-elegantes","11":"product_tag-accesorios-exclusivos","12":"product_tag-accesorios-hechos-a-mano","13":"product_tag-accesorios-unicos","14":"product_tag-artesania-en-cuero","15":"product_tag-caravanas-de-cuero","16":"product_tag-complementos-de-cuero","17":"product_tag-cuero-de-calidad","18":"product_tag-cuero-genuino","19":"product_tag-diseno-en-cuero","20":"product_tag-estilo-en-cuero","21":"product_tag-joyas-artesanales","22":"product_tag-joyeria-antialergenica","23":"product_tag-joyeria-de-cuero","24":"product_tag-moda-artesanal","25":"product_tag-moda-contemporanea","26":"product_tag-moda-en-cuero","27":"product_tag-pendientes-de-cuero","28":"product_tag-tendencias-de-estilo","29":"product_tag-tendencias-de-moda","31":"first","32":"instock","33":"shipping-taxable","34":"purchasable","35":"product-type-variable"},"yoast_head":"<!-- This site is optimized with the Yoast SEO plugin v23.2 - https:\/\/yoast.com\/wordpress\/plugins\/seo\/ -->\n<title>Pendientes Flo - Lis Joyas<\/title>\n<meta name=\"description\" content=\"Pendientes Flo con un dise\u00f1o de formas geom\u00e9tricas ideales para todas los looks, tanto de d\u00eda como de noche. Ya pediste los tuyos?\" \/>\n<meta name=\"robots\" content=\"index, follow, max-snippet:-1, max-image-preview:large, max-video-preview:-1\" \/>\n<link rel=\"canonical\" href=\"https:\/\/lisjoyas.com\/en\/product\/pendientes-flo\/\" \/>\n<meta property=\"og:locale\" content=\"en_US\" \/>\n<meta property=\"og:type\" content=\"article\" \/>\n<meta property=\"og:title\" content=\"Pendientes Flo - Lis Joyas\" \/>\n<meta property=\"og:description\" content=\"Pendientes Flo con un dise\u00f1o de formas geom\u00e9tricas ideales para todas los looks, tanto de d\u00eda como de noche. Ya pediste los tuyos?\" \/>\n<meta property=\"og:url\" content=\"https:\/\/lisjoyas.com\/en\/product\/pendientes-flo\/\" \/>\n<meta property=\"og:site_name\" content=\"Lis Joyas\" \/>\n<meta property=\"article:publisher\" content=\"https:\/\/www.facebook.com\/joyascontemporaneaslis?locale=es_LA\" \/>\n<meta property=\"article:modified_time\" content=\"2024-05-18T14:40:39+00:00\" \/>\n<meta property=\"og:image\" content=\"https:\/\/lisjoyas.com\/wp-content\/uploads\/2024\/05\/Copia-de-Pendientes-Flo-scaled.jpg\" \/>\n\t<meta property=\"og:image:width\" content=\"1920\" \/>\n\t<meta property=\"og:image:height\" content=\"2560\" \/>\n\t<meta property=\"og:image:type\" content=\"image\/jpeg\" \/>\n<meta name=\"twitter:card\" content=\"summary_large_image\" \/>\n<meta name=\"twitter:label1\" content=\"Est. reading time\" \/>\n\t<meta name=\"twitter:data1\" content=\"3 minutes\" \/>\n<script type=\"application\/ld+json\" class=\"yoast-schema-graph\">{\"@context\":\"https:\/\/schema.org\",\"@graph\":[{\"@type\":\"WebPage\",\"@id\":\"https:\/\/lisjoyas.com\/producto\/pendientes-flo\/\",\"url\":\"https:\/\/lisjoyas.com\/producto\/pendientes-flo\/\",\"name\":\"Pendientes Flo - Lis Joyas\",\"isPartOf\":{\"@id\":\"https:\/\/lisjoyas.com\/#website\"},\"primaryImageOfPage\":{\"@id\":\"https:\/\/lisjoyas.com\/producto\/pendientes-flo\/#primaryimage\"},\"image\":{\"@id\":\"https:\/\/lisjoyas.com\/producto\/pendientes-flo\/#primaryimage\"},\"thumbnailUrl\":\"https:\/\/lisjoyas.com\/wp-content\/uploads\/2024\/05\/Copia-de-Pendientes-Flo-scaled.jpg\",\"datePublished\":\"2024-05-03T01:47:39+00:00\",\"dateModified\":\"2024-05-18T14:40:39+00:00\",\"description\":\"Pendientes Flo con un dise\u00f1o de formas geom\u00e9tricas ideales para todas los looks, tanto de d\u00eda como de noche. Ya pediste los tuyos?\",\"breadcrumb\":{\"@id\":\"https:\/\/lisjoyas.com\/producto\/pendientes-flo\/#breadcrumb\"},\"inLanguage\":\"en-US\",\"potentialAction\":[{\"@type\":\"ReadAction\",\"target\":[\"https:\/\/lisjoyas.com\/producto\/pendientes-flo\/\"]}]},{\"@type\":\"ImageObject\",\"inLanguage\":\"en-US\",\"@id\":\"https:\/\/lisjoyas.com\/producto\/pendientes-flo\/#primaryimage\",\"url\":\"https:\/\/lisjoyas.com\/wp-content\/uploads\/2024\/05\/Copia-de-Pendientes-Flo-scaled.jpg\",\"contentUrl\":\"https:\/\/lisjoyas.com\/wp-content\/uploads\/2024\/05\/Copia-de-Pendientes-Flo-scaled.jpg\",\"width\":1440,\"height\":1920},{\"@type\":\"BreadcrumbList\",\"@id\":\"https:\/\/lisjoyas.com\/producto\/pendientes-flo\/#breadcrumb\",\"itemListElement\":[{\"@type\":\"ListItem\",\"position\":1,\"name\":\"Portada\",\"item\":\"https:\/\/lisjoyas.com\/\"},{\"@type\":\"ListItem\",\"position\":2,\"name\":\"Tienda\",\"item\":\"https:\/\/lisjoyas.com\/tienda\/\"},{\"@type\":\"ListItem\",\"position\":3,\"name\":\"Pendientes Flo\"}]},{\"@type\":\"WebSite\",\"@id\":\"https:\/\/lisjoyas.com\/#website\",\"url\":\"https:\/\/lisjoyas.com\/\",\"name\":\"LIS Joyas\",\"description\":\"LIS Joyas\",\"publisher\":{\"@id\":\"https:\/\/lisjoyas.com\/#organization\"},\"potentialAction\":[{\"@type\":\"SearchAction\",\"target\":{\"@type\":\"EntryPoint\",\"urlTemplate\":\"https:\/\/lisjoyas.com\/?s={search_term_string}\"},\"query-input\":\"required name=search_term_string\"}],\"inLanguage\":\"en-US\"},{\"@type\":\"Organization\",\"@id\":\"https:\/\/lisjoyas.com\/#organization\",\"name\":\"Lis Joyas\",\"url\":\"https:\/\/lisjoyas.com\/\",\"logo\":{\"@type\":\"ImageObject\",\"inLanguage\":\"en-US\",\"@id\":\"https:\/\/lisjoyas.com\/#\/schema\/logo\/image\/\",\"url\":\"https:\/\/lisjoyas.com\/wp-content\/uploads\/2024\/04\/Lis_logo_color.svg\",\"contentUrl\":\"https:\/\/lisjoyas.com\/wp-content\/uploads\/2024\/04\/Lis_logo_color.svg\",\"width\":\"1024\",\"height\":\"1024\",\"caption\":\"Lis Joyas\"},\"image\":{\"@id\":\"https:\/\/lisjoyas.com\/#\/schema\/logo\/image\/\"},\"sameAs\":[\"https:\/\/www.facebook.com\/joyascontemporaneaslis?locale=es_LA\",\"https:\/\/www.instagram.com\/lisjoyas_\/\"]}]}<\/script>\n<!-- \/ Yoast SEO plugin. -->","yoast_head_json":{"title":"Pendientes Flo - Lis Joyas","description":"Pendientes Flo con un dise\u00f1o de formas geom\u00e9tricas ideales para todas los looks, tanto de d\u00eda como de noche. Ya pediste los tuyos?","robots":{"index":"index","follow":"follow","max-snippet":"max-snippet:-1","max-image-preview":"max-image-preview:large","max-video-preview":"max-video-preview:-1"},"canonical":"https:\/\/lisjoyas.com\/en\/product\/pendientes-flo\/","og_locale":"en_US","og_type":"article","og_title":"Pendientes Flo - Lis Joyas","og_description":"Pendientes Flo con un dise\u00f1o de formas geom\u00e9tricas ideales para todas los looks, tanto de d\u00eda como de noche. Ya pediste los tuyos?","og_url":"https:\/\/lisjoyas.com\/en\/product\/pendientes-flo\/","og_site_name":"Lis Joyas","article_publisher":"https:\/\/www.facebook.com\/joyascontemporaneaslis?locale=es_LA","article_modified_time":"2024-05-18T14:40:39+00:00","og_image":[{"width":1920,"height":2560,"url":"https:\/\/lisjoyas.com\/wp-content\/uploads\/2024\/05\/Copia-de-Pendientes-Flo-scaled.jpg","type":"image\/jpeg"}],"twitter_card":"summary_large_image","twitter_misc":{"Est. reading time":"3 minutes"},"schema":{"@context":"https:\/\/schema.org","@graph":[{"@type":"WebPage","@id":"https:\/\/lisjoyas.com\/producto\/pendientes-flo\/","url":"https:\/\/lisjoyas.com\/producto\/pendientes-flo\/","name":"Pendientes Flo - Lis Joyas","isPartOf":{"@id":"https:\/\/lisjoyas.com\/#website"},"primaryImageOfPage":{"@id":"https:\/\/lisjoyas.com\/producto\/pendientes-flo\/#primaryimage"},"image":{"@id":"https:\/\/lisjoyas.com\/producto\/pendientes-flo\/#primaryimage"},"thumbnailUrl":"https:\/\/lisjoyas.com\/wp-content\/uploads\/2024\/05\/Copia-de-Pendientes-Flo-scaled.jpg","datePublished":"2024-05-03T01:47:39+00:00","dateModified":"2024-05-18T14:40:39+00:00","description":"Pendientes Flo con un dise\u00f1o de formas geom\u00e9tricas ideales para todas los looks, tanto de d\u00eda como de noche. Ya pediste los tuyos?","breadcrumb":{"@id":"https:\/\/lisjoyas.com\/producto\/pendientes-flo\/#breadcrumb"},"inLanguage":"en-US","potentialAction":[{"@type":"ReadAction","target":["https:\/\/lisjoyas.com\/producto\/pendientes-flo\/"]}]},{"@type":"ImageObject","inLanguage":"en-US","@id":"https:\/\/lisjoyas.com\/producto\/pendientes-flo\/#primaryimage","url":"https:\/\/lisjoyas.com\/wp-content\/uploads\/2024\/05\/Copia-de-Pendientes-Flo-scaled.jpg","contentUrl":"https:\/\/lisjoyas.com\/wp-content\/uploads\/2024\/05\/Copia-de-Pendientes-Flo-scaled.jpg","width":1440,"height":1920},{"@type":"BreadcrumbList","@id":"https:\/\/lisjoyas.com\/producto\/pendientes-flo\/#breadcrumb","itemListElement":[{"@type":"ListItem","position":1,"name":"Portada","item":"https:\/\/lisjoyas.com\/"},{"@type":"ListItem","position":2,"name":"Tienda","item":"https:\/\/lisjoyas.com\/tienda\/"},{"@type":"ListItem","position":3,"name":"Pendientes Flo"}]},{"@type":"WebSite","@id":"https:\/\/lisjoyas.com\/#website","url":"https:\/\/lisjoyas.com\/","name":"LIS Joyas","description":"LIS Joyas","publisher":{"@id":"https:\/\/lisjoyas.com\/#organization"},"potentialAction":[{"@type":"SearchAction","target":{"@type":"EntryPoint","urlTemplate":"https:\/\/lisjoyas.com\/?s={search_term_string}"},"query-input":"required name=search_term_string"}],"inLanguage":"en-US"},{"@type":"Organization","@id":"https:\/\/lisjoyas.com\/#organization","name":"Lis Joyas","url":"https:\/\/lisjoyas.com\/","logo":{"@type":"ImageObject","inLanguage":"en-US","@id":"https:\/\/lisjoyas.com\/#\/schema\/logo\/image\/","url":"https:\/\/lisjoyas.com\/wp-content\/uploads\/2024\/04\/Lis_logo_color.svg","contentUrl":"https:\/\/lisjoyas.com\/wp-content\/uploads\/2024\/04\/Lis_logo_color.svg","width":"1024","height":"1024","caption":"Lis Joyas"},"image":{"@id":"https:\/\/lisjoyas.com\/#\/schema\/logo\/image\/"},"sameAs":["https:\/\/www.facebook.com\/joyascontemporaneaslis?locale=es_LA","https:\/\/www.instagram.com\/lisjoyas_\/"]}]}},"_links":{"self":[{"href":"https:\/\/lisjoyas.com\/en\/wp-json\/wp\/v2\/product\/2840","targetHints":{"allow":["GET"]}}],"collection":[{"href":"https:\/\/lisjoyas.com\/en\/wp-json\/wp\/v2\/product"}],"about":[{"href":"https:\/\/lisjoyas.com\/en\/wp-json\/wp\/v2\/types\/product"}],"wp:featuredmedia":[{"embeddable":true,"href":"https:\/\/lisjoyas.com\/en\/wp-json\/wp\/v2\/media\/2843"}],"wp:attachment":[{"href":"https:\/\/lisjoyas.com\/en\/wp-json\/wp\/v2\/media?parent=2840"}],"wp:term":[{"taxonomy":"product_cat","embeddable":true,"href":"https:\/\/lisjoyas.com\/en\/wp-json\/wp\/v2\/product_cat?post=2840"},{"taxonomy":"product_tag","embeddable":true,"href":"https:\/\/lisjoyas.com\/en\/wp-json\/wp\/v2\/product_tag?post=2840"}],"curies":[{"name":"wp","href":"https:\/\/api.w.org\/{rel}","templated":true}]}}