{"id":2904,"date":"2024-05-03T20:23:21","date_gmt":"2024-05-03T20:23:21","guid":{"rendered":"https:\/\/lisjoyas.com\/?post_type=product&#038;p=2904"},"modified":"2024-05-18T14:18:51","modified_gmt":"2024-05-18T14:18:51","slug":"pendientes-maia","status":"publish","type":"product","link":"https:\/\/lisjoyas.com\/en\/product\/pendientes-maia\/","title":{"rendered":"Maia Earrings"},"content":{"rendered":"","protected":false},"excerpt":{"rendered":"<p class=\"p1\">Maia Earrings, experience the ultimate lightness with our earrings combined in silver and black, or also gold and red, designed to be as light as air. Made with natural Uruguayan leather and an anti-allergic stem, these earrings are the perfect combination of style and comfort.<\/p>\n<p class=\"p1\">The teardrop design offers a touch of elegance and sophistication, while the silver and black color combination adds a modern and versatile touch to your look. Plus, their featherweight allows you to wear them all day without even noticing that you&#039;re wearing them.<\/p>\n<p class=\"p2\">Whether you&#039;re looking for the perfect accessory for a special night out or just want to add a touch of style to your everyday outfit, these earrings are the ideal choice. Discover the feeling of wearing jewellery that is as light as a feather with our Maia earrings.<\/p>","protected":false},"featured_media":2911,"template":"","meta":{"inline_featured_image":false,"_joinchat":[]},"product_cat":[25],"product_tag":[81,131,126,63,66,129,123,121,118,120,128,127,122,124,133,119,132,130,134,89,85,135,125],"class_list":{"0":"post-2904","1":"product","2":"type-product","3":"status-publish","4":"has-post-thumbnail","6":"product_cat-pendientes","7":"product_tag-accesorios-de-cuero-natural","8":"product_tag-accesorios-de-lujo","9":"product_tag-accesorios-de-moda","10":"product_tag-accesorios-elegantes","11":"product_tag-accesorios-exclusivos","12":"product_tag-accesorios-hechos-a-mano","13":"product_tag-accesorios-unicos","14":"product_tag-artesania-en-cuero","15":"product_tag-caravanas-de-cuero","16":"product_tag-complementos-de-cuero","17":"product_tag-cuero-de-calidad","18":"product_tag-cuero-genuino","19":"product_tag-diseno-en-cuero","20":"product_tag-estilo-en-cuero","21":"product_tag-joyas-artesanales","22":"product_tag-joyeria-antialergenica","23":"product_tag-joyeria-de-cuero","24":"product_tag-moda-artesanal","25":"product_tag-moda-contemporanea","26":"product_tag-moda-en-cuero","27":"product_tag-pendientes-de-cuero","28":"product_tag-tendencias-de-estilo","29":"product_tag-tendencias-de-moda","31":"first","32":"instock","33":"shipping-taxable","34":"purchasable","35":"product-type-variable"},"yoast_head":"<!-- This site is optimized with the Yoast SEO plugin v23.2 - https:\/\/yoast.com\/wordpress\/plugins\/seo\/ -->\n<title>Pendientes Maia - Lis Joyas<\/title>\n<meta name=\"description\" content=\"Pendientes Maia una combinaci\u00f3n perfecta de colores, s\u00faper vers\u00e1til y c\u00f3modos. Tan livianos como una pluma. Hechos en Uruguay\" \/>\n<meta name=\"robots\" content=\"index, follow, max-snippet:-1, max-image-preview:large, max-video-preview:-1\" \/>\n<link rel=\"canonical\" href=\"https:\/\/lisjoyas.com\/en\/product\/pendientes-maia\/\" \/>\n<meta property=\"og:locale\" content=\"en_US\" \/>\n<meta property=\"og:type\" content=\"article\" \/>\n<meta property=\"og:title\" content=\"Pendientes Maia - Lis Joyas\" \/>\n<meta property=\"og:description\" content=\"Pendientes Maia una combinaci\u00f3n perfecta de colores, s\u00faper vers\u00e1til y c\u00f3modos. Tan livianos como una pluma. Hechos en Uruguay\" \/>\n<meta property=\"og:url\" content=\"https:\/\/lisjoyas.com\/en\/product\/pendientes-maia\/\" \/>\n<meta property=\"og:site_name\" content=\"Lis Joyas\" \/>\n<meta property=\"article:publisher\" content=\"https:\/\/www.facebook.com\/joyascontemporaneaslis?locale=es_LA\" \/>\n<meta property=\"article:modified_time\" content=\"2024-05-18T14:18:51+00:00\" \/>\n<meta property=\"og:image\" content=\"https:\/\/lisjoyas.com\/wp-content\/uploads\/2024\/05\/pendientes-maia-negro.jpg\" \/>\n\t<meta property=\"og:image:width\" content=\"500\" \/>\n\t<meta property=\"og:image:height\" content=\"505\" \/>\n\t<meta property=\"og:image:type\" content=\"image\/jpeg\" \/>\n<meta name=\"twitter:card\" content=\"summary_large_image\" \/>\n<meta name=\"twitter:label1\" content=\"Est. reading time\" \/>\n\t<meta name=\"twitter:data1\" content=\"3 minutes\" \/>\n<script type=\"application\/ld+json\" class=\"yoast-schema-graph\">{\"@context\":\"https:\/\/schema.org\",\"@graph\":[{\"@type\":\"WebPage\",\"@id\":\"https:\/\/lisjoyas.com\/producto\/pendientes-maia\/\",\"url\":\"https:\/\/lisjoyas.com\/producto\/pendientes-maia\/\",\"name\":\"Pendientes Maia - Lis Joyas\",\"isPartOf\":{\"@id\":\"https:\/\/lisjoyas.com\/#website\"},\"primaryImageOfPage\":{\"@id\":\"https:\/\/lisjoyas.com\/producto\/pendientes-maia\/#primaryimage\"},\"image\":{\"@id\":\"https:\/\/lisjoyas.com\/producto\/pendientes-maia\/#primaryimage\"},\"thumbnailUrl\":\"https:\/\/lisjoyas.com\/wp-content\/uploads\/2024\/05\/pendientes-maia-negro.jpg\",\"datePublished\":\"2024-05-03T20:23:21+00:00\",\"dateModified\":\"2024-05-18T14:18:51+00:00\",\"description\":\"Pendientes Maia una combinaci\u00f3n perfecta de colores, s\u00faper vers\u00e1til y c\u00f3modos. Tan livianos como una pluma. Hechos en Uruguay\",\"breadcrumb\":{\"@id\":\"https:\/\/lisjoyas.com\/producto\/pendientes-maia\/#breadcrumb\"},\"inLanguage\":\"en-US\",\"potentialAction\":[{\"@type\":\"ReadAction\",\"target\":[\"https:\/\/lisjoyas.com\/producto\/pendientes-maia\/\"]}]},{\"@type\":\"ImageObject\",\"inLanguage\":\"en-US\",\"@id\":\"https:\/\/lisjoyas.com\/producto\/pendientes-maia\/#primaryimage\",\"url\":\"https:\/\/lisjoyas.com\/wp-content\/uploads\/2024\/05\/pendientes-maia-negro.jpg\",\"contentUrl\":\"https:\/\/lisjoyas.com\/wp-content\/uploads\/2024\/05\/pendientes-maia-negro.jpg\",\"width\":500,\"height\":505},{\"@type\":\"BreadcrumbList\",\"@id\":\"https:\/\/lisjoyas.com\/producto\/pendientes-maia\/#breadcrumb\",\"itemListElement\":[{\"@type\":\"ListItem\",\"position\":1,\"name\":\"Portada\",\"item\":\"https:\/\/lisjoyas.com\/\"},{\"@type\":\"ListItem\",\"position\":2,\"name\":\"Tienda\",\"item\":\"https:\/\/lisjoyas.com\/tienda\/\"},{\"@type\":\"ListItem\",\"position\":3,\"name\":\"Pendientes Maia\"}]},{\"@type\":\"WebSite\",\"@id\":\"https:\/\/lisjoyas.com\/#website\",\"url\":\"https:\/\/lisjoyas.com\/\",\"name\":\"LIS Joyas\",\"description\":\"LIS Joyas\",\"publisher\":{\"@id\":\"https:\/\/lisjoyas.com\/#organization\"},\"potentialAction\":[{\"@type\":\"SearchAction\",\"target\":{\"@type\":\"EntryPoint\",\"urlTemplate\":\"https:\/\/lisjoyas.com\/?s={search_term_string}\"},\"query-input\":\"required name=search_term_string\"}],\"inLanguage\":\"en-US\"},{\"@type\":\"Organization\",\"@id\":\"https:\/\/lisjoyas.com\/#organization\",\"name\":\"Lis Joyas\",\"url\":\"https:\/\/lisjoyas.com\/\",\"logo\":{\"@type\":\"ImageObject\",\"inLanguage\":\"en-US\",\"@id\":\"https:\/\/lisjoyas.com\/#\/schema\/logo\/image\/\",\"url\":\"https:\/\/lisjoyas.com\/wp-content\/uploads\/2024\/04\/Lis_logo_color.svg\",\"contentUrl\":\"https:\/\/lisjoyas.com\/wp-content\/uploads\/2024\/04\/Lis_logo_color.svg\",\"width\":\"1024\",\"height\":\"1024\",\"caption\":\"Lis Joyas\"},\"image\":{\"@id\":\"https:\/\/lisjoyas.com\/#\/schema\/logo\/image\/\"},\"sameAs\":[\"https:\/\/www.facebook.com\/joyascontemporaneaslis?locale=es_LA\",\"https:\/\/www.instagram.com\/lisjoyas_\/\"]}]}<\/script>\n<!-- \/ Yoast SEO plugin. -->","yoast_head_json":{"title":"Pendientes Maia - Lis Joyas","description":"Pendientes Maia una combinaci\u00f3n perfecta de colores, s\u00faper vers\u00e1til y c\u00f3modos. Tan livianos como una pluma. Hechos en Uruguay","robots":{"index":"index","follow":"follow","max-snippet":"max-snippet:-1","max-image-preview":"max-image-preview:large","max-video-preview":"max-video-preview:-1"},"canonical":"https:\/\/lisjoyas.com\/en\/product\/pendientes-maia\/","og_locale":"en_US","og_type":"article","og_title":"Pendientes Maia - Lis Joyas","og_description":"Pendientes Maia una combinaci\u00f3n perfecta de colores, s\u00faper vers\u00e1til y c\u00f3modos. Tan livianos como una pluma. Hechos en Uruguay","og_url":"https:\/\/lisjoyas.com\/en\/product\/pendientes-maia\/","og_site_name":"Lis Joyas","article_publisher":"https:\/\/www.facebook.com\/joyascontemporaneaslis?locale=es_LA","article_modified_time":"2024-05-18T14:18:51+00:00","og_image":[{"width":500,"height":505,"url":"https:\/\/lisjoyas.com\/wp-content\/uploads\/2024\/05\/pendientes-maia-negro.jpg","type":"image\/jpeg"}],"twitter_card":"summary_large_image","twitter_misc":{"Est. reading time":"3 minutes"},"schema":{"@context":"https:\/\/schema.org","@graph":[{"@type":"WebPage","@id":"https:\/\/lisjoyas.com\/producto\/pendientes-maia\/","url":"https:\/\/lisjoyas.com\/producto\/pendientes-maia\/","name":"Pendientes Maia - Lis Joyas","isPartOf":{"@id":"https:\/\/lisjoyas.com\/#website"},"primaryImageOfPage":{"@id":"https:\/\/lisjoyas.com\/producto\/pendientes-maia\/#primaryimage"},"image":{"@id":"https:\/\/lisjoyas.com\/producto\/pendientes-maia\/#primaryimage"},"thumbnailUrl":"https:\/\/lisjoyas.com\/wp-content\/uploads\/2024\/05\/pendientes-maia-negro.jpg","datePublished":"2024-05-03T20:23:21+00:00","dateModified":"2024-05-18T14:18:51+00:00","description":"Pendientes Maia una combinaci\u00f3n perfecta de colores, s\u00faper vers\u00e1til y c\u00f3modos. Tan livianos como una pluma. Hechos en Uruguay","breadcrumb":{"@id":"https:\/\/lisjoyas.com\/producto\/pendientes-maia\/#breadcrumb"},"inLanguage":"en-US","potentialAction":[{"@type":"ReadAction","target":["https:\/\/lisjoyas.com\/producto\/pendientes-maia\/"]}]},{"@type":"ImageObject","inLanguage":"en-US","@id":"https:\/\/lisjoyas.com\/producto\/pendientes-maia\/#primaryimage","url":"https:\/\/lisjoyas.com\/wp-content\/uploads\/2024\/05\/pendientes-maia-negro.jpg","contentUrl":"https:\/\/lisjoyas.com\/wp-content\/uploads\/2024\/05\/pendientes-maia-negro.jpg","width":500,"height":505},{"@type":"BreadcrumbList","@id":"https:\/\/lisjoyas.com\/producto\/pendientes-maia\/#breadcrumb","itemListElement":[{"@type":"ListItem","position":1,"name":"Portada","item":"https:\/\/lisjoyas.com\/"},{"@type":"ListItem","position":2,"name":"Tienda","item":"https:\/\/lisjoyas.com\/tienda\/"},{"@type":"ListItem","position":3,"name":"Pendientes Maia"}]},{"@type":"WebSite","@id":"https:\/\/lisjoyas.com\/#website","url":"https:\/\/lisjoyas.com\/","name":"LIS Joyas","description":"LIS Joyas","publisher":{"@id":"https:\/\/lisjoyas.com\/#organization"},"potentialAction":[{"@type":"SearchAction","target":{"@type":"EntryPoint","urlTemplate":"https:\/\/lisjoyas.com\/?s={search_term_string}"},"query-input":"required name=search_term_string"}],"inLanguage":"en-US"},{"@type":"Organization","@id":"https:\/\/lisjoyas.com\/#organization","name":"Lis Joyas","url":"https:\/\/lisjoyas.com\/","logo":{"@type":"ImageObject","inLanguage":"en-US","@id":"https:\/\/lisjoyas.com\/#\/schema\/logo\/image\/","url":"https:\/\/lisjoyas.com\/wp-content\/uploads\/2024\/04\/Lis_logo_color.svg","contentUrl":"https:\/\/lisjoyas.com\/wp-content\/uploads\/2024\/04\/Lis_logo_color.svg","width":"1024","height":"1024","caption":"Lis Joyas"},"image":{"@id":"https:\/\/lisjoyas.com\/#\/schema\/logo\/image\/"},"sameAs":["https:\/\/www.facebook.com\/joyascontemporaneaslis?locale=es_LA","https:\/\/www.instagram.com\/lisjoyas_\/"]}]}},"_links":{"self":[{"href":"https:\/\/lisjoyas.com\/en\/wp-json\/wp\/v2\/product\/2904","targetHints":{"allow":["GET"]}}],"collection":[{"href":"https:\/\/lisjoyas.com\/en\/wp-json\/wp\/v2\/product"}],"about":[{"href":"https:\/\/lisjoyas.com\/en\/wp-json\/wp\/v2\/types\/product"}],"wp:featuredmedia":[{"embeddable":true,"href":"https:\/\/lisjoyas.com\/en\/wp-json\/wp\/v2\/media\/2911"}],"wp:attachment":[{"href":"https:\/\/lisjoyas.com\/en\/wp-json\/wp\/v2\/media?parent=2904"}],"wp:term":[{"taxonomy":"product_cat","embeddable":true,"href":"https:\/\/lisjoyas.com\/en\/wp-json\/wp\/v2\/product_cat?post=2904"},{"taxonomy":"product_tag","embeddable":true,"href":"https:\/\/lisjoyas.com\/en\/wp-json\/wp\/v2\/product_tag?post=2904"}],"curies":[{"name":"wp","href":"https:\/\/api.w.org\/{rel}","templated":true}]}}