{"id":3404,"date":"2024-05-11T19:17:23","date_gmt":"2024-05-11T19:17:23","guid":{"rendered":"https:\/\/lisjoyas.com\/?post_type=product&#038;p=3404"},"modified":"2024-05-16T20:17:18","modified_gmt":"2024-05-16T20:17:18","slug":"collar-lunas","status":"publish","type":"product","link":"https:\/\/lisjoyas.com\/en\/product\/collar-lunas\/","title":{"rendered":"Moons Necklace"},"content":{"rendered":"","protected":false},"excerpt":{"rendered":"<p>Lunas Necklace Welcome to our collection of Uruguayan natural leather necklaces! Each piece in our exclusive line is meticulously handcrafted, fusing traditional craftsmanship with a unique and versatile design.<\/p>\n<p>Our necklaces are made from the highest quality natural leather from Uruguay, known for its unparalleled durability and beauty. Every detail reflects the passion and care we put into each creation, ensuring that each necklace is a work of art in itself.<\/p>\n<p>In addition to their exquisite aesthetics, our necklaces are incredibly comfortable to wear, perfectly adapting to your style and lifestyle. Whether you are looking for a touch of elegance for your everyday outfit or the perfect accessory for a special occasion, our necklaces are the ideal choice.<\/p>\n<p>You may also like\u00a0<a href=\"https:\/\/lisjoyas.com\/en\/product\/collar-eva\/\">Eva Necklace<\/a><\/p>\n<p>&nbsp;<\/p>","protected":false},"featured_media":3411,"template":"","meta":{"inline_featured_image":false,"_joinchat":[]},"product_cat":[18],"product_tag":[140,151,141,145,144,114,152,83,139,148,47,153,137,143,142,149,108,150,146,147,136,138],"class_list":{"0":"post-3404","1":"product","2":"type-product","3":"status-publish","4":"has-post-thumbnail","6":"product_cat-collares","7":"product_tag-accesorio-de-moda","8":"product_tag-accesorio-versatil","9":"product_tag-artesania","10":"product_tag-autenticidad","11":"product_tag-calidad","12":"product_tag-collar","13":"product_tag-collar-artesanal","14":"product_tag-collar-de-cuero","15":"product_tag-comodo","16":"product_tag-complemento","17":"product_tag-cuero-natural","18":"product_tag-cuero-uruguayo","19":"product_tag-diseno-unico","20":"product_tag-elegancia","21":"product_tag-estilo","22":"product_tag-exclusivo","23":"product_tag-hecho-a-mano","24":"product_tag-joyeria","25":"product_tag-lujo","26":"product_tag-moda","27":"product_tag-uruguay","28":"product_tag-versatil","30":"first","31":"instock","32":"shipping-taxable","33":"purchasable","34":"product-type-variable"},"yoast_head":"<!-- This site is optimized with the Yoast SEO plugin v23.2 - https:\/\/yoast.com\/wordpress\/plugins\/seo\/ -->\n<title>Collar Lunas - Lis Joyas<\/title>\n<meta name=\"description\" content=\"Collar Lunas en cuero natural, un dise\u00f1o que te encantar\u00e1. S\u00faper c\u00f3modo y liviano las joyas en cuero natural son eternas. Obt\u00e9n la tuya\" \/>\n<meta name=\"robots\" content=\"index, follow, max-snippet:-1, max-image-preview:large, max-video-preview:-1\" \/>\n<link rel=\"canonical\" href=\"https:\/\/lisjoyas.com\/en\/product\/collar-lunas\/\" \/>\n<meta property=\"og:locale\" content=\"en_US\" \/>\n<meta property=\"og:type\" content=\"article\" \/>\n<meta property=\"og:title\" content=\"Collar Lunas - Lis Joyas\" \/>\n<meta property=\"og:description\" content=\"Collar Lunas en cuero natural, un dise\u00f1o que te encantar\u00e1. S\u00faper c\u00f3modo y liviano las joyas en cuero natural son eternas. Obt\u00e9n la tuya\" \/>\n<meta property=\"og:url\" content=\"https:\/\/lisjoyas.com\/en\/product\/collar-lunas\/\" \/>\n<meta property=\"og:site_name\" content=\"Lis Joyas\" \/>\n<meta property=\"article:publisher\" content=\"https:\/\/www.facebook.com\/joyascontemporaneaslis?locale=es_LA\" \/>\n<meta property=\"article:modified_time\" content=\"2024-05-16T20:17:18+00:00\" \/>\n<meta property=\"og:image\" content=\"https:\/\/lisjoyas.com\/wp-content\/uploads\/2024\/05\/collar-lunas-duo.png\" \/>\n\t<meta property=\"og:image:width\" content=\"500\" \/>\n\t<meta property=\"og:image:height\" content=\"707\" \/>\n\t<meta property=\"og:image:type\" content=\"image\/png\" \/>\n<meta name=\"twitter:card\" content=\"summary_large_image\" \/>\n<meta name=\"twitter:label1\" content=\"Est. reading time\" \/>\n\t<meta name=\"twitter:data1\" content=\"4 minutes\" \/>\n<script type=\"application\/ld+json\" class=\"yoast-schema-graph\">{\"@context\":\"https:\/\/schema.org\",\"@graph\":[{\"@type\":\"WebPage\",\"@id\":\"https:\/\/lisjoyas.com\/producto\/collar-lunas\/\",\"url\":\"https:\/\/lisjoyas.com\/producto\/collar-lunas\/\",\"name\":\"Collar Lunas - Lis Joyas\",\"isPartOf\":{\"@id\":\"https:\/\/lisjoyas.com\/#website\"},\"primaryImageOfPage\":{\"@id\":\"https:\/\/lisjoyas.com\/producto\/collar-lunas\/#primaryimage\"},\"image\":{\"@id\":\"https:\/\/lisjoyas.com\/producto\/collar-lunas\/#primaryimage\"},\"thumbnailUrl\":\"https:\/\/lisjoyas.com\/wp-content\/uploads\/2024\/05\/collar-lunas-duo.png\",\"datePublished\":\"2024-05-11T19:17:23+00:00\",\"dateModified\":\"2024-05-16T20:17:18+00:00\",\"description\":\"Collar Lunas en cuero natural, un dise\u00f1o que te encantar\u00e1. S\u00faper c\u00f3modo y liviano las joyas en cuero natural son eternas. Obt\u00e9n la tuya\",\"breadcrumb\":{\"@id\":\"https:\/\/lisjoyas.com\/producto\/collar-lunas\/#breadcrumb\"},\"inLanguage\":\"en-US\",\"potentialAction\":[{\"@type\":\"ReadAction\",\"target\":[\"https:\/\/lisjoyas.com\/producto\/collar-lunas\/\"]}]},{\"@type\":\"ImageObject\",\"inLanguage\":\"en-US\",\"@id\":\"https:\/\/lisjoyas.com\/producto\/collar-lunas\/#primaryimage\",\"url\":\"https:\/\/lisjoyas.com\/wp-content\/uploads\/2024\/05\/collar-lunas-duo.png\",\"contentUrl\":\"https:\/\/lisjoyas.com\/wp-content\/uploads\/2024\/05\/collar-lunas-duo.png\",\"width\":500,\"height\":707},{\"@type\":\"BreadcrumbList\",\"@id\":\"https:\/\/lisjoyas.com\/producto\/collar-lunas\/#breadcrumb\",\"itemListElement\":[{\"@type\":\"ListItem\",\"position\":1,\"name\":\"Portada\",\"item\":\"https:\/\/lisjoyas.com\/\"},{\"@type\":\"ListItem\",\"position\":2,\"name\":\"Tienda\",\"item\":\"https:\/\/lisjoyas.com\/tienda\/\"},{\"@type\":\"ListItem\",\"position\":3,\"name\":\"Collar Lunas\"}]},{\"@type\":\"WebSite\",\"@id\":\"https:\/\/lisjoyas.com\/#website\",\"url\":\"https:\/\/lisjoyas.com\/\",\"name\":\"LIS Joyas\",\"description\":\"LIS Joyas\",\"publisher\":{\"@id\":\"https:\/\/lisjoyas.com\/#organization\"},\"potentialAction\":[{\"@type\":\"SearchAction\",\"target\":{\"@type\":\"EntryPoint\",\"urlTemplate\":\"https:\/\/lisjoyas.com\/?s={search_term_string}\"},\"query-input\":\"required name=search_term_string\"}],\"inLanguage\":\"en-US\"},{\"@type\":\"Organization\",\"@id\":\"https:\/\/lisjoyas.com\/#organization\",\"name\":\"Lis Joyas\",\"url\":\"https:\/\/lisjoyas.com\/\",\"logo\":{\"@type\":\"ImageObject\",\"inLanguage\":\"en-US\",\"@id\":\"https:\/\/lisjoyas.com\/#\/schema\/logo\/image\/\",\"url\":\"https:\/\/lisjoyas.com\/wp-content\/uploads\/2024\/04\/Lis_logo_color.svg\",\"contentUrl\":\"https:\/\/lisjoyas.com\/wp-content\/uploads\/2024\/04\/Lis_logo_color.svg\",\"width\":\"1024\",\"height\":\"1024\",\"caption\":\"Lis Joyas\"},\"image\":{\"@id\":\"https:\/\/lisjoyas.com\/#\/schema\/logo\/image\/\"},\"sameAs\":[\"https:\/\/www.facebook.com\/joyascontemporaneaslis?locale=es_LA\",\"https:\/\/www.instagram.com\/lisjoyas_\/\"]}]}<\/script>\n<!-- \/ Yoast SEO plugin. -->","yoast_head_json":{"title":"Collar Lunas - Lis Joyas","description":"Collar Lunas en cuero natural, un dise\u00f1o que te encantar\u00e1. S\u00faper c\u00f3modo y liviano las joyas en cuero natural son eternas. Obt\u00e9n la tuya","robots":{"index":"index","follow":"follow","max-snippet":"max-snippet:-1","max-image-preview":"max-image-preview:large","max-video-preview":"max-video-preview:-1"},"canonical":"https:\/\/lisjoyas.com\/en\/product\/collar-lunas\/","og_locale":"en_US","og_type":"article","og_title":"Collar Lunas - Lis Joyas","og_description":"Collar Lunas en cuero natural, un dise\u00f1o que te encantar\u00e1. S\u00faper c\u00f3modo y liviano las joyas en cuero natural son eternas. Obt\u00e9n la tuya","og_url":"https:\/\/lisjoyas.com\/en\/product\/collar-lunas\/","og_site_name":"Lis Joyas","article_publisher":"https:\/\/www.facebook.com\/joyascontemporaneaslis?locale=es_LA","article_modified_time":"2024-05-16T20:17:18+00:00","og_image":[{"width":500,"height":707,"url":"https:\/\/lisjoyas.com\/wp-content\/uploads\/2024\/05\/collar-lunas-duo.png","type":"image\/png"}],"twitter_card":"summary_large_image","twitter_misc":{"Est. reading time":"4 minutes"},"schema":{"@context":"https:\/\/schema.org","@graph":[{"@type":"WebPage","@id":"https:\/\/lisjoyas.com\/producto\/collar-lunas\/","url":"https:\/\/lisjoyas.com\/producto\/collar-lunas\/","name":"Collar Lunas - Lis Joyas","isPartOf":{"@id":"https:\/\/lisjoyas.com\/#website"},"primaryImageOfPage":{"@id":"https:\/\/lisjoyas.com\/producto\/collar-lunas\/#primaryimage"},"image":{"@id":"https:\/\/lisjoyas.com\/producto\/collar-lunas\/#primaryimage"},"thumbnailUrl":"https:\/\/lisjoyas.com\/wp-content\/uploads\/2024\/05\/collar-lunas-duo.png","datePublished":"2024-05-11T19:17:23+00:00","dateModified":"2024-05-16T20:17:18+00:00","description":"Collar Lunas en cuero natural, un dise\u00f1o que te encantar\u00e1. S\u00faper c\u00f3modo y liviano las joyas en cuero natural son eternas. Obt\u00e9n la tuya","breadcrumb":{"@id":"https:\/\/lisjoyas.com\/producto\/collar-lunas\/#breadcrumb"},"inLanguage":"en-US","potentialAction":[{"@type":"ReadAction","target":["https:\/\/lisjoyas.com\/producto\/collar-lunas\/"]}]},{"@type":"ImageObject","inLanguage":"en-US","@id":"https:\/\/lisjoyas.com\/producto\/collar-lunas\/#primaryimage","url":"https:\/\/lisjoyas.com\/wp-content\/uploads\/2024\/05\/collar-lunas-duo.png","contentUrl":"https:\/\/lisjoyas.com\/wp-content\/uploads\/2024\/05\/collar-lunas-duo.png","width":500,"height":707},{"@type":"BreadcrumbList","@id":"https:\/\/lisjoyas.com\/producto\/collar-lunas\/#breadcrumb","itemListElement":[{"@type":"ListItem","position":1,"name":"Portada","item":"https:\/\/lisjoyas.com\/"},{"@type":"ListItem","position":2,"name":"Tienda","item":"https:\/\/lisjoyas.com\/tienda\/"},{"@type":"ListItem","position":3,"name":"Collar Lunas"}]},{"@type":"WebSite","@id":"https:\/\/lisjoyas.com\/#website","url":"https:\/\/lisjoyas.com\/","name":"LIS Joyas","description":"LIS Joyas","publisher":{"@id":"https:\/\/lisjoyas.com\/#organization"},"potentialAction":[{"@type":"SearchAction","target":{"@type":"EntryPoint","urlTemplate":"https:\/\/lisjoyas.com\/?s={search_term_string}"},"query-input":"required name=search_term_string"}],"inLanguage":"en-US"},{"@type":"Organization","@id":"https:\/\/lisjoyas.com\/#organization","name":"Lis Joyas","url":"https:\/\/lisjoyas.com\/","logo":{"@type":"ImageObject","inLanguage":"en-US","@id":"https:\/\/lisjoyas.com\/#\/schema\/logo\/image\/","url":"https:\/\/lisjoyas.com\/wp-content\/uploads\/2024\/04\/Lis_logo_color.svg","contentUrl":"https:\/\/lisjoyas.com\/wp-content\/uploads\/2024\/04\/Lis_logo_color.svg","width":"1024","height":"1024","caption":"Lis Joyas"},"image":{"@id":"https:\/\/lisjoyas.com\/#\/schema\/logo\/image\/"},"sameAs":["https:\/\/www.facebook.com\/joyascontemporaneaslis?locale=es_LA","https:\/\/www.instagram.com\/lisjoyas_\/"]}]}},"_links":{"self":[{"href":"https:\/\/lisjoyas.com\/en\/wp-json\/wp\/v2\/product\/3404","targetHints":{"allow":["GET"]}}],"collection":[{"href":"https:\/\/lisjoyas.com\/en\/wp-json\/wp\/v2\/product"}],"about":[{"href":"https:\/\/lisjoyas.com\/en\/wp-json\/wp\/v2\/types\/product"}],"wp:featuredmedia":[{"embeddable":true,"href":"https:\/\/lisjoyas.com\/en\/wp-json\/wp\/v2\/media\/3411"}],"wp:attachment":[{"href":"https:\/\/lisjoyas.com\/en\/wp-json\/wp\/v2\/media?parent=3404"}],"wp:term":[{"taxonomy":"product_cat","embeddable":true,"href":"https:\/\/lisjoyas.com\/en\/wp-json\/wp\/v2\/product_cat?post=3404"},{"taxonomy":"product_tag","embeddable":true,"href":"https:\/\/lisjoyas.com\/en\/wp-json\/wp\/v2\/product_tag?post=3404"}],"curies":[{"name":"wp","href":"https:\/\/api.w.org\/{rel}","templated":true}]}}