{"id":4197,"date":"2025-01-30T13:22:12","date_gmt":"2025-01-30T13:22:12","guid":{"rendered":"https:\/\/lisjoyas.com\/?post_type=product&#038;p=4197"},"modified":"2025-12-29T16:47:25","modified_gmt":"2025-12-29T16:47:25","slug":"brazalete-petalina","status":"publish","type":"product","link":"https:\/\/lisjoyas.com\/en\/product\/brazalete-petalina\/","title":{"rendered":"Petalina Bracelet"},"content":{"rendered":"","protected":false},"excerpt":{"rendered":"<p>The bracelet <strong>Petalina<\/strong> not only stands out for its unique design, but also for its commitment to circular fashion. Its combination of blue and green tones, inspired by the fluidity of water, perfectly complements a ring and\/or earrings from the same collection, creating a harmonious and balanced set.<\/p>\n<p>Each piece fuses organic shapes with a play of structure and movement, allowing them to be worn together without losing elegance or versatility. By combining them, you achieve a complete look that conveys freshness and originality, ideal for those looking for a modern and distinctive style.<\/p>\n<p>With a comfortable and lightweight fit, these accessories are not only visually striking, but also functional and easy to wear. <strong>Petalina<\/strong> It is the perfect choice for those who want to show off an exclusive design that captures the essence of moving water with a sophisticated and contemporary touch.<\/p>","protected":false},"featured_media":4216,"template":"","meta":{"inline_featured_image":false,"_joinchat":[]},"product_cat":[17],"product_tag":[206,186,207,202,204,203,201,205,282,200,169,125],"class_list":{"0":"post-4197","1":"product","2":"type-product","3":"status-publish","4":"has-post-thumbnail","6":"product_cat-brazaletes","7":"product_tag-artistic-creations","8":"product_tag-brazalete-de-cuero-natural","9":"product_tag-contemporary-elegance","10":"product_tag-creaciones-artisticas","11":"product_tag-current-style","12":"product_tag-elegancia-contemporanea-contemporary-design-jewelry","13":"product_tag-estilo-actual","14":"product_tag-fashion-trends","15":"product_tag-gladeador","16":"product_tag-joyas-de-diseno-contemporaneo","17":"product_tag-pulsera","18":"product_tag-tendencias-de-moda","20":"first","21":"instock","22":"shipping-taxable","23":"purchasable","24":"product-type-variable"},"yoast_head":"<!-- This site is optimized with the Yoast SEO plugin v23.2 - https:\/\/yoast.com\/wordpress\/plugins\/seo\/ -->\n<title>Brazalete Petalina - Lis Joyas<\/title>\n<meta name=\"description\" content=\"Brazalete Petalina el complemento perfecto, inspirado en formas org\u00e1nicas, combinado con su anillo o pendientes resaltar\u00e1 por su dise\u00f1o \u00fanico. Lo quiero!\" \/>\n<meta name=\"robots\" content=\"index, follow, max-snippet:-1, max-image-preview:large, max-video-preview:-1\" \/>\n<link rel=\"canonical\" href=\"https:\/\/lisjoyas.com\/en\/product\/brazalete-petalina\/\" \/>\n<meta property=\"og:locale\" content=\"en_US\" \/>\n<meta property=\"og:type\" content=\"article\" \/>\n<meta property=\"og:title\" content=\"Brazalete Petalina - Lis Joyas\" \/>\n<meta property=\"og:description\" content=\"Brazalete Petalina el complemento perfecto, inspirado en formas org\u00e1nicas, combinado con su anillo o pendientes resaltar\u00e1 por su dise\u00f1o \u00fanico. Lo quiero!\" \/>\n<meta property=\"og:url\" content=\"https:\/\/lisjoyas.com\/en\/product\/brazalete-petalina\/\" \/>\n<meta property=\"og:site_name\" content=\"Lis Joyas\" \/>\n<meta property=\"article:publisher\" content=\"https:\/\/www.facebook.com\/joyascontemporaneaslis?locale=es_LA\" \/>\n<meta property=\"article:modified_time\" content=\"2025-12-29T16:47:25+00:00\" \/>\n<meta property=\"og:image\" content=\"https:\/\/lisjoyas.com\/wp-content\/uploads\/2025\/01\/MG_0188-e1738249174230.jpg\" \/>\n\t<meta property=\"og:image:width\" content=\"434\" \/>\n\t<meta property=\"og:image:height\" content=\"572\" \/>\n\t<meta property=\"og:image:type\" content=\"image\/jpeg\" \/>\n<meta name=\"twitter:card\" content=\"summary_large_image\" \/>\n<meta name=\"twitter:label1\" content=\"Est. reading time\" \/>\n\t<meta name=\"twitter:data1\" content=\"3 minutes\" \/>\n<script type=\"application\/ld+json\" class=\"yoast-schema-graph\">{\"@context\":\"https:\/\/schema.org\",\"@graph\":[{\"@type\":\"WebPage\",\"@id\":\"https:\/\/lisjoyas.com\/producto\/brazalete-petalina\/\",\"url\":\"https:\/\/lisjoyas.com\/producto\/brazalete-petalina\/\",\"name\":\"Brazalete Petalina - Lis Joyas\",\"isPartOf\":{\"@id\":\"https:\/\/lisjoyas.com\/#website\"},\"primaryImageOfPage\":{\"@id\":\"https:\/\/lisjoyas.com\/producto\/brazalete-petalina\/#primaryimage\"},\"image\":{\"@id\":\"https:\/\/lisjoyas.com\/producto\/brazalete-petalina\/#primaryimage\"},\"thumbnailUrl\":\"https:\/\/lisjoyas.com\/wp-content\/uploads\/2025\/01\/MG_0188-e1738249174230.jpg\",\"datePublished\":\"2025-01-30T13:22:12+00:00\",\"dateModified\":\"2025-12-29T16:47:25+00:00\",\"description\":\"Brazalete Petalina el complemento perfecto, inspirado en formas org\u00e1nicas, combinado con su anillo o pendientes resaltar\u00e1 por su dise\u00f1o \u00fanico. Lo quiero!\",\"breadcrumb\":{\"@id\":\"https:\/\/lisjoyas.com\/producto\/brazalete-petalina\/#breadcrumb\"},\"inLanguage\":\"en-US\",\"potentialAction\":[{\"@type\":\"ReadAction\",\"target\":[\"https:\/\/lisjoyas.com\/producto\/brazalete-petalina\/\"]}]},{\"@type\":\"ImageObject\",\"inLanguage\":\"en-US\",\"@id\":\"https:\/\/lisjoyas.com\/producto\/brazalete-petalina\/#primaryimage\",\"url\":\"https:\/\/lisjoyas.com\/wp-content\/uploads\/2025\/01\/MG_0188-e1738249174230.jpg\",\"contentUrl\":\"https:\/\/lisjoyas.com\/wp-content\/uploads\/2025\/01\/MG_0188-e1738249174230.jpg\",\"width\":434,\"height\":572},{\"@type\":\"BreadcrumbList\",\"@id\":\"https:\/\/lisjoyas.com\/producto\/brazalete-petalina\/#breadcrumb\",\"itemListElement\":[{\"@type\":\"ListItem\",\"position\":1,\"name\":\"Portada\",\"item\":\"https:\/\/lisjoyas.com\/\"},{\"@type\":\"ListItem\",\"position\":2,\"name\":\"Tienda\",\"item\":\"https:\/\/lisjoyas.com\/tienda\/\"},{\"@type\":\"ListItem\",\"position\":3,\"name\":\"Brazalete Petalina\"}]},{\"@type\":\"WebSite\",\"@id\":\"https:\/\/lisjoyas.com\/#website\",\"url\":\"https:\/\/lisjoyas.com\/\",\"name\":\"LIS Joyas\",\"description\":\"LIS Joyas\",\"publisher\":{\"@id\":\"https:\/\/lisjoyas.com\/#organization\"},\"potentialAction\":[{\"@type\":\"SearchAction\",\"target\":{\"@type\":\"EntryPoint\",\"urlTemplate\":\"https:\/\/lisjoyas.com\/?s={search_term_string}\"},\"query-input\":\"required name=search_term_string\"}],\"inLanguage\":\"en-US\"},{\"@type\":\"Organization\",\"@id\":\"https:\/\/lisjoyas.com\/#organization\",\"name\":\"Lis Joyas\",\"url\":\"https:\/\/lisjoyas.com\/\",\"logo\":{\"@type\":\"ImageObject\",\"inLanguage\":\"en-US\",\"@id\":\"https:\/\/lisjoyas.com\/#\/schema\/logo\/image\/\",\"url\":\"https:\/\/lisjoyas.com\/wp-content\/uploads\/2024\/04\/Lis_logo_color.svg\",\"contentUrl\":\"https:\/\/lisjoyas.com\/wp-content\/uploads\/2024\/04\/Lis_logo_color.svg\",\"width\":\"1024\",\"height\":\"1024\",\"caption\":\"Lis Joyas\"},\"image\":{\"@id\":\"https:\/\/lisjoyas.com\/#\/schema\/logo\/image\/\"},\"sameAs\":[\"https:\/\/www.facebook.com\/joyascontemporaneaslis?locale=es_LA\",\"https:\/\/www.instagram.com\/lisjoyas_\/\"]}]}<\/script>\n<!-- \/ Yoast SEO plugin. -->","yoast_head_json":{"title":"Brazalete Petalina - Lis Joyas","description":"Brazalete Petalina el complemento perfecto, inspirado en formas org\u00e1nicas, combinado con su anillo o pendientes resaltar\u00e1 por su dise\u00f1o \u00fanico. Lo quiero!","robots":{"index":"index","follow":"follow","max-snippet":"max-snippet:-1","max-image-preview":"max-image-preview:large","max-video-preview":"max-video-preview:-1"},"canonical":"https:\/\/lisjoyas.com\/en\/product\/brazalete-petalina\/","og_locale":"en_US","og_type":"article","og_title":"Brazalete Petalina - Lis Joyas","og_description":"Brazalete Petalina el complemento perfecto, inspirado en formas org\u00e1nicas, combinado con su anillo o pendientes resaltar\u00e1 por su dise\u00f1o \u00fanico. Lo quiero!","og_url":"https:\/\/lisjoyas.com\/en\/product\/brazalete-petalina\/","og_site_name":"Lis Joyas","article_publisher":"https:\/\/www.facebook.com\/joyascontemporaneaslis?locale=es_LA","article_modified_time":"2025-12-29T16:47:25+00:00","og_image":[{"width":434,"height":572,"url":"https:\/\/lisjoyas.com\/wp-content\/uploads\/2025\/01\/MG_0188-e1738249174230.jpg","type":"image\/jpeg"}],"twitter_card":"summary_large_image","twitter_misc":{"Est. reading time":"3 minutes"},"schema":{"@context":"https:\/\/schema.org","@graph":[{"@type":"WebPage","@id":"https:\/\/lisjoyas.com\/producto\/brazalete-petalina\/","url":"https:\/\/lisjoyas.com\/producto\/brazalete-petalina\/","name":"Brazalete Petalina - Lis Joyas","isPartOf":{"@id":"https:\/\/lisjoyas.com\/#website"},"primaryImageOfPage":{"@id":"https:\/\/lisjoyas.com\/producto\/brazalete-petalina\/#primaryimage"},"image":{"@id":"https:\/\/lisjoyas.com\/producto\/brazalete-petalina\/#primaryimage"},"thumbnailUrl":"https:\/\/lisjoyas.com\/wp-content\/uploads\/2025\/01\/MG_0188-e1738249174230.jpg","datePublished":"2025-01-30T13:22:12+00:00","dateModified":"2025-12-29T16:47:25+00:00","description":"Brazalete Petalina el complemento perfecto, inspirado en formas org\u00e1nicas, combinado con su anillo o pendientes resaltar\u00e1 por su dise\u00f1o \u00fanico. Lo quiero!","breadcrumb":{"@id":"https:\/\/lisjoyas.com\/producto\/brazalete-petalina\/#breadcrumb"},"inLanguage":"en-US","potentialAction":[{"@type":"ReadAction","target":["https:\/\/lisjoyas.com\/producto\/brazalete-petalina\/"]}]},{"@type":"ImageObject","inLanguage":"en-US","@id":"https:\/\/lisjoyas.com\/producto\/brazalete-petalina\/#primaryimage","url":"https:\/\/lisjoyas.com\/wp-content\/uploads\/2025\/01\/MG_0188-e1738249174230.jpg","contentUrl":"https:\/\/lisjoyas.com\/wp-content\/uploads\/2025\/01\/MG_0188-e1738249174230.jpg","width":434,"height":572},{"@type":"BreadcrumbList","@id":"https:\/\/lisjoyas.com\/producto\/brazalete-petalina\/#breadcrumb","itemListElement":[{"@type":"ListItem","position":1,"name":"Portada","item":"https:\/\/lisjoyas.com\/"},{"@type":"ListItem","position":2,"name":"Tienda","item":"https:\/\/lisjoyas.com\/tienda\/"},{"@type":"ListItem","position":3,"name":"Brazalete Petalina"}]},{"@type":"WebSite","@id":"https:\/\/lisjoyas.com\/#website","url":"https:\/\/lisjoyas.com\/","name":"LIS Joyas","description":"LIS Joyas","publisher":{"@id":"https:\/\/lisjoyas.com\/#organization"},"potentialAction":[{"@type":"SearchAction","target":{"@type":"EntryPoint","urlTemplate":"https:\/\/lisjoyas.com\/?s={search_term_string}"},"query-input":"required name=search_term_string"}],"inLanguage":"en-US"},{"@type":"Organization","@id":"https:\/\/lisjoyas.com\/#organization","name":"Lis Joyas","url":"https:\/\/lisjoyas.com\/","logo":{"@type":"ImageObject","inLanguage":"en-US","@id":"https:\/\/lisjoyas.com\/#\/schema\/logo\/image\/","url":"https:\/\/lisjoyas.com\/wp-content\/uploads\/2024\/04\/Lis_logo_color.svg","contentUrl":"https:\/\/lisjoyas.com\/wp-content\/uploads\/2024\/04\/Lis_logo_color.svg","width":"1024","height":"1024","caption":"Lis Joyas"},"image":{"@id":"https:\/\/lisjoyas.com\/#\/schema\/logo\/image\/"},"sameAs":["https:\/\/www.facebook.com\/joyascontemporaneaslis?locale=es_LA","https:\/\/www.instagram.com\/lisjoyas_\/"]}]}},"_links":{"self":[{"href":"https:\/\/lisjoyas.com\/en\/wp-json\/wp\/v2\/product\/4197","targetHints":{"allow":["GET"]}}],"collection":[{"href":"https:\/\/lisjoyas.com\/en\/wp-json\/wp\/v2\/product"}],"about":[{"href":"https:\/\/lisjoyas.com\/en\/wp-json\/wp\/v2\/types\/product"}],"wp:featuredmedia":[{"embeddable":true,"href":"https:\/\/lisjoyas.com\/en\/wp-json\/wp\/v2\/media\/4216"}],"wp:attachment":[{"href":"https:\/\/lisjoyas.com\/en\/wp-json\/wp\/v2\/media?parent=4197"}],"wp:term":[{"taxonomy":"product_cat","embeddable":true,"href":"https:\/\/lisjoyas.com\/en\/wp-json\/wp\/v2\/product_cat?post=4197"},{"taxonomy":"product_tag","embeddable":true,"href":"https:\/\/lisjoyas.com\/en\/wp-json\/wp\/v2\/product_tag?post=4197"}],"curies":[{"name":"wp","href":"https:\/\/api.w.org\/{rel}","templated":true}]}}