{"id":4248,"date":"2025-02-06T15:55:59","date_gmt":"2025-02-06T15:55:59","guid":{"rendered":"https:\/\/lisjoyas.com\/?post_type=product&#038;p=4248"},"modified":"2025-02-06T16:09:23","modified_gmt":"2025-02-06T16:09:23","slug":"faja-renata","status":"publish","type":"product","link":"https:\/\/lisjoyas.com\/en\/product\/faja-renata\/","title":{"rendered":"Renata Girdle"},"content":{"rendered":"","protected":false},"excerpt":{"rendered":"<p>The girdle <strong>Renata<\/strong> redefines the silhouette with an openwork design that combines structure and lightness. Made in <strong>natural leather<\/strong>, its pattern stands out on the front, while on the back it has a thin belt in <strong>black color<\/strong> ensures the perfect fit at the waist.<\/p>\n<p>Available in <strong>red and gold<\/strong>This piece adapts to multiple styles, from elegant looks to more daring combinations. Its design allows it to enhance dresses, jumpsuits and outfits, adding a touch of sophistication without losing comfort.<\/p>\n<p>More than an accessory, the girdle <strong>Renata<\/strong> It is a statement piece. Its combination of artistic openwork and contrasting thin belt makes it a versatile and timeless piece, ideal for those looking for details that make a difference.<\/p>\n<p>An accessory that transforms any outfit with a perfect balance between character and elegance. You may also like\u00a0<a href=\"https:\/\/lisjoyas.com\/en\/product\/faja-calada\/\">Openwork Girdle<\/a><\/p>","protected":false},"featured_media":4257,"template":"","meta":{"inline_featured_image":false,"_joinchat":[]},"product_cat":[15],"product_tag":[173,84,178,265,174,176,177,170,264,286,64,171,179,172,175],"class_list":{"0":"post-4248","1":"product","2":"type-product","3":"status-publish","4":"has-post-thumbnail","6":"product_cat-piezas-arte-veneciano","7":"product_tag-accesorios-de-vanguardia-modern-jewelry","8":"product_tag-brazalete-de-cuero","9":"product_tag-brazaletes","10":"product_tag-cinturon","11":"product_tag-contemporary-design","12":"product_tag-current-trends","13":"product_tag-cutting-edge-accessories","14":"product_tag-diseno-contemporaneo","15":"product_tag-faja","16":"product_tag-faja-en-cuero","17":"product_tag-joyeria-moderna","18":"product_tag-piezas-unicas","19":"product_tag-pulseras","20":"product_tag-tendencias-actuales","21":"product_tag-unique-pieces","23":"first","24":"instock","25":"shipping-taxable","26":"purchasable","27":"product-type-variable"},"yoast_head":"<!-- This site is optimized with the Yoast SEO plugin v23.2 - https:\/\/yoast.com\/wordpress\/plugins\/seo\/ -->\n<title>Faja Renata - Lis Joyas<\/title>\n<meta name=\"description\" content=\"Faja Renata est\u00e1 disponible en rojo y dorado, esta pieza se adapta a m\u00faltiples estilos, desde looks elegantes hasta combinaciones m\u00e1s atrevidas.\" \/>\n<meta name=\"robots\" content=\"index, follow, max-snippet:-1, max-image-preview:large, max-video-preview:-1\" \/>\n<link rel=\"canonical\" href=\"https:\/\/lisjoyas.com\/en\/product\/faja-renata\/\" \/>\n<meta property=\"og:locale\" content=\"en_US\" \/>\n<meta property=\"og:type\" content=\"article\" \/>\n<meta property=\"og:title\" content=\"Faja Renata - Lis Joyas\" \/>\n<meta property=\"og:description\" content=\"Faja Renata est\u00e1 disponible en rojo y dorado, esta pieza se adapta a m\u00faltiples estilos, desde looks elegantes hasta combinaciones m\u00e1s atrevidas.\" \/>\n<meta property=\"og:url\" content=\"https:\/\/lisjoyas.com\/en\/product\/faja-renata\/\" \/>\n<meta property=\"og:site_name\" content=\"Lis Joyas\" \/>\n<meta property=\"article:publisher\" content=\"https:\/\/www.facebook.com\/joyascontemporaneaslis?locale=es_LA\" \/>\n<meta property=\"article:modified_time\" content=\"2025-02-06T16:09:23+00:00\" \/>\n<meta property=\"og:image\" content=\"https:\/\/lisjoyas.com\/wp-content\/uploads\/2025\/02\/faja-renata-1.jpg\" \/>\n\t<meta property=\"og:image:width\" content=\"405\" \/>\n\t<meta property=\"og:image:height\" content=\"471\" \/>\n\t<meta property=\"og:image:type\" content=\"image\/jpeg\" \/>\n<meta name=\"twitter:card\" content=\"summary_large_image\" \/>\n<meta name=\"twitter:label1\" content=\"Est. reading time\" \/>\n\t<meta name=\"twitter:data1\" content=\"3 minutes\" \/>\n<script type=\"application\/ld+json\" class=\"yoast-schema-graph\">{\"@context\":\"https:\/\/schema.org\",\"@graph\":[{\"@type\":\"WebPage\",\"@id\":\"https:\/\/lisjoyas.com\/producto\/faja-renata\/\",\"url\":\"https:\/\/lisjoyas.com\/producto\/faja-renata\/\",\"name\":\"Faja Renata - Lis Joyas\",\"isPartOf\":{\"@id\":\"https:\/\/lisjoyas.com\/#website\"},\"primaryImageOfPage\":{\"@id\":\"https:\/\/lisjoyas.com\/producto\/faja-renata\/#primaryimage\"},\"image\":{\"@id\":\"https:\/\/lisjoyas.com\/producto\/faja-renata\/#primaryimage\"},\"thumbnailUrl\":\"https:\/\/lisjoyas.com\/wp-content\/uploads\/2025\/02\/faja-renata-1.jpg\",\"datePublished\":\"2025-02-06T15:55:59+00:00\",\"dateModified\":\"2025-02-06T16:09:23+00:00\",\"description\":\"Faja Renata est\u00e1 disponible en rojo y dorado, esta pieza se adapta a m\u00faltiples estilos, desde looks elegantes hasta combinaciones m\u00e1s atrevidas.\",\"breadcrumb\":{\"@id\":\"https:\/\/lisjoyas.com\/producto\/faja-renata\/#breadcrumb\"},\"inLanguage\":\"en-US\",\"potentialAction\":[{\"@type\":\"ReadAction\",\"target\":[\"https:\/\/lisjoyas.com\/producto\/faja-renata\/\"]}]},{\"@type\":\"ImageObject\",\"inLanguage\":\"en-US\",\"@id\":\"https:\/\/lisjoyas.com\/producto\/faja-renata\/#primaryimage\",\"url\":\"https:\/\/lisjoyas.com\/wp-content\/uploads\/2025\/02\/faja-renata-1.jpg\",\"contentUrl\":\"https:\/\/lisjoyas.com\/wp-content\/uploads\/2025\/02\/faja-renata-1.jpg\",\"width\":405,\"height\":471},{\"@type\":\"BreadcrumbList\",\"@id\":\"https:\/\/lisjoyas.com\/producto\/faja-renata\/#breadcrumb\",\"itemListElement\":[{\"@type\":\"ListItem\",\"position\":1,\"name\":\"Portada\",\"item\":\"https:\/\/lisjoyas.com\/\"},{\"@type\":\"ListItem\",\"position\":2,\"name\":\"Tienda\",\"item\":\"https:\/\/lisjoyas.com\/tienda\/\"},{\"@type\":\"ListItem\",\"position\":3,\"name\":\"Faja Renata\"}]},{\"@type\":\"WebSite\",\"@id\":\"https:\/\/lisjoyas.com\/#website\",\"url\":\"https:\/\/lisjoyas.com\/\",\"name\":\"LIS Joyas\",\"description\":\"LIS Joyas\",\"publisher\":{\"@id\":\"https:\/\/lisjoyas.com\/#organization\"},\"potentialAction\":[{\"@type\":\"SearchAction\",\"target\":{\"@type\":\"EntryPoint\",\"urlTemplate\":\"https:\/\/lisjoyas.com\/?s={search_term_string}\"},\"query-input\":\"required name=search_term_string\"}],\"inLanguage\":\"en-US\"},{\"@type\":\"Organization\",\"@id\":\"https:\/\/lisjoyas.com\/#organization\",\"name\":\"Lis Joyas\",\"url\":\"https:\/\/lisjoyas.com\/\",\"logo\":{\"@type\":\"ImageObject\",\"inLanguage\":\"en-US\",\"@id\":\"https:\/\/lisjoyas.com\/#\/schema\/logo\/image\/\",\"url\":\"https:\/\/lisjoyas.com\/wp-content\/uploads\/2024\/04\/Lis_logo_color.svg\",\"contentUrl\":\"https:\/\/lisjoyas.com\/wp-content\/uploads\/2024\/04\/Lis_logo_color.svg\",\"width\":\"1024\",\"height\":\"1024\",\"caption\":\"Lis Joyas\"},\"image\":{\"@id\":\"https:\/\/lisjoyas.com\/#\/schema\/logo\/image\/\"},\"sameAs\":[\"https:\/\/www.facebook.com\/joyascontemporaneaslis?locale=es_LA\",\"https:\/\/www.instagram.com\/lisjoyas_\/\"]}]}<\/script>\n<!-- \/ Yoast SEO plugin. -->","yoast_head_json":{"title":"Faja Renata - Lis Joyas","description":"Faja Renata est\u00e1 disponible en rojo y dorado, esta pieza se adapta a m\u00faltiples estilos, desde looks elegantes hasta combinaciones m\u00e1s atrevidas.","robots":{"index":"index","follow":"follow","max-snippet":"max-snippet:-1","max-image-preview":"max-image-preview:large","max-video-preview":"max-video-preview:-1"},"canonical":"https:\/\/lisjoyas.com\/en\/product\/faja-renata\/","og_locale":"en_US","og_type":"article","og_title":"Faja Renata - Lis Joyas","og_description":"Faja Renata est\u00e1 disponible en rojo y dorado, esta pieza se adapta a m\u00faltiples estilos, desde looks elegantes hasta combinaciones m\u00e1s atrevidas.","og_url":"https:\/\/lisjoyas.com\/en\/product\/faja-renata\/","og_site_name":"Lis Joyas","article_publisher":"https:\/\/www.facebook.com\/joyascontemporaneaslis?locale=es_LA","article_modified_time":"2025-02-06T16:09:23+00:00","og_image":[{"width":405,"height":471,"url":"https:\/\/lisjoyas.com\/wp-content\/uploads\/2025\/02\/faja-renata-1.jpg","type":"image\/jpeg"}],"twitter_card":"summary_large_image","twitter_misc":{"Est. reading time":"3 minutes"},"schema":{"@context":"https:\/\/schema.org","@graph":[{"@type":"WebPage","@id":"https:\/\/lisjoyas.com\/producto\/faja-renata\/","url":"https:\/\/lisjoyas.com\/producto\/faja-renata\/","name":"Faja Renata - Lis Joyas","isPartOf":{"@id":"https:\/\/lisjoyas.com\/#website"},"primaryImageOfPage":{"@id":"https:\/\/lisjoyas.com\/producto\/faja-renata\/#primaryimage"},"image":{"@id":"https:\/\/lisjoyas.com\/producto\/faja-renata\/#primaryimage"},"thumbnailUrl":"https:\/\/lisjoyas.com\/wp-content\/uploads\/2025\/02\/faja-renata-1.jpg","datePublished":"2025-02-06T15:55:59+00:00","dateModified":"2025-02-06T16:09:23+00:00","description":"Faja Renata est\u00e1 disponible en rojo y dorado, esta pieza se adapta a m\u00faltiples estilos, desde looks elegantes hasta combinaciones m\u00e1s atrevidas.","breadcrumb":{"@id":"https:\/\/lisjoyas.com\/producto\/faja-renata\/#breadcrumb"},"inLanguage":"en-US","potentialAction":[{"@type":"ReadAction","target":["https:\/\/lisjoyas.com\/producto\/faja-renata\/"]}]},{"@type":"ImageObject","inLanguage":"en-US","@id":"https:\/\/lisjoyas.com\/producto\/faja-renata\/#primaryimage","url":"https:\/\/lisjoyas.com\/wp-content\/uploads\/2025\/02\/faja-renata-1.jpg","contentUrl":"https:\/\/lisjoyas.com\/wp-content\/uploads\/2025\/02\/faja-renata-1.jpg","width":405,"height":471},{"@type":"BreadcrumbList","@id":"https:\/\/lisjoyas.com\/producto\/faja-renata\/#breadcrumb","itemListElement":[{"@type":"ListItem","position":1,"name":"Portada","item":"https:\/\/lisjoyas.com\/"},{"@type":"ListItem","position":2,"name":"Tienda","item":"https:\/\/lisjoyas.com\/tienda\/"},{"@type":"ListItem","position":3,"name":"Faja Renata"}]},{"@type":"WebSite","@id":"https:\/\/lisjoyas.com\/#website","url":"https:\/\/lisjoyas.com\/","name":"LIS Joyas","description":"LIS Joyas","publisher":{"@id":"https:\/\/lisjoyas.com\/#organization"},"potentialAction":[{"@type":"SearchAction","target":{"@type":"EntryPoint","urlTemplate":"https:\/\/lisjoyas.com\/?s={search_term_string}"},"query-input":"required name=search_term_string"}],"inLanguage":"en-US"},{"@type":"Organization","@id":"https:\/\/lisjoyas.com\/#organization","name":"Lis Joyas","url":"https:\/\/lisjoyas.com\/","logo":{"@type":"ImageObject","inLanguage":"en-US","@id":"https:\/\/lisjoyas.com\/#\/schema\/logo\/image\/","url":"https:\/\/lisjoyas.com\/wp-content\/uploads\/2024\/04\/Lis_logo_color.svg","contentUrl":"https:\/\/lisjoyas.com\/wp-content\/uploads\/2024\/04\/Lis_logo_color.svg","width":"1024","height":"1024","caption":"Lis Joyas"},"image":{"@id":"https:\/\/lisjoyas.com\/#\/schema\/logo\/image\/"},"sameAs":["https:\/\/www.facebook.com\/joyascontemporaneaslis?locale=es_LA","https:\/\/www.instagram.com\/lisjoyas_\/"]}]}},"_links":{"self":[{"href":"https:\/\/lisjoyas.com\/en\/wp-json\/wp\/v2\/product\/4248","targetHints":{"allow":["GET"]}}],"collection":[{"href":"https:\/\/lisjoyas.com\/en\/wp-json\/wp\/v2\/product"}],"about":[{"href":"https:\/\/lisjoyas.com\/en\/wp-json\/wp\/v2\/types\/product"}],"wp:featuredmedia":[{"embeddable":true,"href":"https:\/\/lisjoyas.com\/en\/wp-json\/wp\/v2\/media\/4257"}],"wp:attachment":[{"href":"https:\/\/lisjoyas.com\/en\/wp-json\/wp\/v2\/media?parent=4248"}],"wp:term":[{"taxonomy":"product_cat","embeddable":true,"href":"https:\/\/lisjoyas.com\/en\/wp-json\/wp\/v2\/product_cat?post=4248"},{"taxonomy":"product_tag","embeddable":true,"href":"https:\/\/lisjoyas.com\/en\/wp-json\/wp\/v2\/product_tag?post=4248"}],"curies":[{"name":"wp","href":"https:\/\/api.w.org\/{rel}","templated":true}]}}