{"id":1448,"date":"2021-02-14T03:49:43","date_gmt":"2021-02-14T03:49:43","guid":{"rendered":"http:\/\/themenectar.com\/demo\/salient-ecommerce-robust\/?post_type=product&#038;p=1448"},"modified":"2025-04-04T13:19:17","modified_gmt":"2025-04-04T13:19:17","slug":"brazalete-selena","status":"publish","type":"product","link":"https:\/\/lisjoyas.com\/es\/producto\/brazalete-selena\/","title":{"rendered":"Brazalete Selena"},"content":{"rendered":"\n","protected":false},"excerpt":{"rendered":"<p><span style=\"font-weight: 400;\">Brazalete Selena es un accesorio cl\u00e1sico, atemporal hecho a mano con cuero natural uruguayo.\u00a0<\/span><\/p>\n<p><span style=\"font-weight: 400;\">Dise\u00f1ado con simples tiras cortadas a mano que le dan su movimiento, con 5 cm de ancho y cierre de broche a presi\u00f3n, este brazalete es perfecto para todas las edades. Hecho con amor en nuestro atelier, es una expresi\u00f3n de calidad y estilo que nunca pasa de moda. Hazlo parte de tu colecci\u00f3n hoy mismo<\/span><\/p>\n<p>Tambi\u00e9n te puede interesar el\u00a0<a href=\"https:\/\/lisjoyas.com\/producto\/brazalete-donatella\/\">Brazalete Donatella<\/a><\/p>\n","protected":false},"featured_media":1766,"template":"","meta":{"inline_featured_image":false,"_joinchat":[]},"product_cat":[17],"product_tag":[206,186,207,202,204,203,201,205,200,169,125],"class_list":{"0":"post-1448","1":"product","2":"type-product","3":"status-publish","4":"has-post-thumbnail","6":"product_cat-brazaletes","7":"product_tag-artistic-creations","8":"product_tag-brazalete-de-cuero-natural","9":"product_tag-contemporary-elegance","10":"product_tag-creaciones-artisticas","11":"product_tag-current-style","12":"product_tag-elegancia-contemporanea-contemporary-design-jewelry","13":"product_tag-estilo-actual","14":"product_tag-fashion-trends","15":"product_tag-joyas-de-diseno-contemporaneo","16":"product_tag-pulsera","17":"product_tag-tendencias-de-moda","19":"first","20":"instock","21":"shipping-taxable","22":"purchasable","23":"product-type-variable","24":"has-default-attributes"},"yoast_head":"<!-- This site is optimized with the Yoast SEO plugin v23.2 - https:\/\/yoast.com\/wordpress\/plugins\/seo\/ -->\n<title>Brazalete Selena - Lis Joyas<\/title>\n<meta name=\"description\" content=\"Brazalete Selena en cuero natural, un cl\u00e1sico para tener siempre entre tus accesorios. Cual color te gusta m\u00e1s? Eleg\u00ed el tuyo\" \/>\n<meta name=\"robots\" content=\"index, follow, max-snippet:-1, max-image-preview:large, max-video-preview:-1\" \/>\n<link rel=\"canonical\" href=\"https:\/\/lisjoyas.com\/es\/producto\/brazalete-selena\/\" \/>\n<meta property=\"og:locale\" content=\"es_ES\" \/>\n<meta property=\"og:type\" content=\"article\" \/>\n<meta property=\"og:title\" content=\"Brazalete Selena - Lis Joyas\" \/>\n<meta property=\"og:description\" content=\"Brazalete Selena en cuero natural, un cl\u00e1sico para tener siempre entre tus accesorios. Cual color te gusta m\u00e1s? Eleg\u00ed el tuyo\" \/>\n<meta property=\"og:url\" content=\"https:\/\/lisjoyas.com\/es\/producto\/brazalete-selena\/\" \/>\n<meta property=\"og:site_name\" content=\"Lis Joyas\" \/>\n<meta property=\"article:publisher\" content=\"https:\/\/www.facebook.com\/joyascontemporaneaslis?locale=es_LA\" \/>\n<meta property=\"article:modified_time\" content=\"2025-04-04T13:19:17+00:00\" \/>\n<meta property=\"og:image\" content=\"https:\/\/lisjoyas.com\/wp-content\/uploads\/2021\/02\/brazalete-selena-.jpg\" \/>\n\t<meta property=\"og:image:width\" content=\"518\" \/>\n\t<meta property=\"og:image:height\" content=\"505\" \/>\n\t<meta property=\"og:image:type\" content=\"image\/jpeg\" \/>\n<meta name=\"twitter:card\" content=\"summary_large_image\" \/>\n<meta name=\"twitter:label1\" content=\"Tiempo de lectura\" \/>\n\t<meta name=\"twitter:data1\" content=\"3 minutos\" \/>\n<script type=\"application\/ld+json\" class=\"yoast-schema-graph\">{\"@context\":\"https:\/\/schema.org\",\"@graph\":[{\"@type\":\"WebPage\",\"@id\":\"https:\/\/lisjoyas.com\/producto\/brazalete-selena\/\",\"url\":\"https:\/\/lisjoyas.com\/producto\/brazalete-selena\/\",\"name\":\"Brazalete Selena - Lis Joyas\",\"isPartOf\":{\"@id\":\"https:\/\/lisjoyas.com\/#website\"},\"primaryImageOfPage\":{\"@id\":\"https:\/\/lisjoyas.com\/producto\/brazalete-selena\/#primaryimage\"},\"image\":{\"@id\":\"https:\/\/lisjoyas.com\/producto\/brazalete-selena\/#primaryimage\"},\"thumbnailUrl\":\"https:\/\/lisjoyas.com\/wp-content\/uploads\/2021\/02\/brazalete-selena-.jpg\",\"datePublished\":\"2021-02-14T03:49:43+00:00\",\"dateModified\":\"2025-04-04T13:19:17+00:00\",\"description\":\"Brazalete Selena en cuero natural, un cl\u00e1sico para tener siempre entre tus accesorios. Cual color te gusta m\u00e1s? Eleg\u00ed el tuyo\",\"breadcrumb\":{\"@id\":\"https:\/\/lisjoyas.com\/producto\/brazalete-selena\/#breadcrumb\"},\"inLanguage\":\"es\",\"potentialAction\":[{\"@type\":\"ReadAction\",\"target\":[\"https:\/\/lisjoyas.com\/producto\/brazalete-selena\/\"]}]},{\"@type\":\"ImageObject\",\"inLanguage\":\"es\",\"@id\":\"https:\/\/lisjoyas.com\/producto\/brazalete-selena\/#primaryimage\",\"url\":\"https:\/\/lisjoyas.com\/wp-content\/uploads\/2021\/02\/brazalete-selena-.jpg\",\"contentUrl\":\"https:\/\/lisjoyas.com\/wp-content\/uploads\/2021\/02\/brazalete-selena-.jpg\",\"width\":518,\"height\":505},{\"@type\":\"BreadcrumbList\",\"@id\":\"https:\/\/lisjoyas.com\/producto\/brazalete-selena\/#breadcrumb\",\"itemListElement\":[{\"@type\":\"ListItem\",\"position\":1,\"name\":\"Portada\",\"item\":\"https:\/\/lisjoyas.com\/\"},{\"@type\":\"ListItem\",\"position\":2,\"name\":\"Tienda\",\"item\":\"https:\/\/lisjoyas.com\/tienda\/\"},{\"@type\":\"ListItem\",\"position\":3,\"name\":\"Brazalete Selena\"}]},{\"@type\":\"WebSite\",\"@id\":\"https:\/\/lisjoyas.com\/#website\",\"url\":\"https:\/\/lisjoyas.com\/\",\"name\":\"LIS Joyas\",\"description\":\"LIS Joyas\",\"publisher\":{\"@id\":\"https:\/\/lisjoyas.com\/#organization\"},\"potentialAction\":[{\"@type\":\"SearchAction\",\"target\":{\"@type\":\"EntryPoint\",\"urlTemplate\":\"https:\/\/lisjoyas.com\/?s={search_term_string}\"},\"query-input\":\"required name=search_term_string\"}],\"inLanguage\":\"es\"},{\"@type\":\"Organization\",\"@id\":\"https:\/\/lisjoyas.com\/#organization\",\"name\":\"Lis Joyas\",\"url\":\"https:\/\/lisjoyas.com\/\",\"logo\":{\"@type\":\"ImageObject\",\"inLanguage\":\"es\",\"@id\":\"https:\/\/lisjoyas.com\/#\/schema\/logo\/image\/\",\"url\":\"https:\/\/lisjoyas.com\/wp-content\/uploads\/2024\/04\/Lis_logo_color.svg\",\"contentUrl\":\"https:\/\/lisjoyas.com\/wp-content\/uploads\/2024\/04\/Lis_logo_color.svg\",\"width\":\"1024\",\"height\":\"1024\",\"caption\":\"Lis Joyas\"},\"image\":{\"@id\":\"https:\/\/lisjoyas.com\/#\/schema\/logo\/image\/\"},\"sameAs\":[\"https:\/\/www.facebook.com\/joyascontemporaneaslis?locale=es_LA\",\"https:\/\/www.instagram.com\/lisjoyas_\/\"]}]}<\/script>\n<!-- \/ Yoast SEO plugin. -->","yoast_head_json":{"title":"Brazalete Selena - Lis Joyas","description":"Brazalete Selena en cuero natural, un cl\u00e1sico para tener siempre entre tus accesorios. Cual color te gusta m\u00e1s? Eleg\u00ed el tuyo","robots":{"index":"index","follow":"follow","max-snippet":"max-snippet:-1","max-image-preview":"max-image-preview:large","max-video-preview":"max-video-preview:-1"},"canonical":"https:\/\/lisjoyas.com\/es\/producto\/brazalete-selena\/","og_locale":"es_ES","og_type":"article","og_title":"Brazalete Selena - Lis Joyas","og_description":"Brazalete Selena en cuero natural, un cl\u00e1sico para tener siempre entre tus accesorios. Cual color te gusta m\u00e1s? Eleg\u00ed el tuyo","og_url":"https:\/\/lisjoyas.com\/es\/producto\/brazalete-selena\/","og_site_name":"Lis Joyas","article_publisher":"https:\/\/www.facebook.com\/joyascontemporaneaslis?locale=es_LA","article_modified_time":"2025-04-04T13:19:17+00:00","og_image":[{"width":518,"height":505,"url":"https:\/\/lisjoyas.com\/wp-content\/uploads\/2021\/02\/brazalete-selena-.jpg","type":"image\/jpeg"}],"twitter_card":"summary_large_image","twitter_misc":{"Tiempo de lectura":"3 minutos"},"schema":{"@context":"https:\/\/schema.org","@graph":[{"@type":"WebPage","@id":"https:\/\/lisjoyas.com\/producto\/brazalete-selena\/","url":"https:\/\/lisjoyas.com\/producto\/brazalete-selena\/","name":"Brazalete Selena - Lis Joyas","isPartOf":{"@id":"https:\/\/lisjoyas.com\/#website"},"primaryImageOfPage":{"@id":"https:\/\/lisjoyas.com\/producto\/brazalete-selena\/#primaryimage"},"image":{"@id":"https:\/\/lisjoyas.com\/producto\/brazalete-selena\/#primaryimage"},"thumbnailUrl":"https:\/\/lisjoyas.com\/wp-content\/uploads\/2021\/02\/brazalete-selena-.jpg","datePublished":"2021-02-14T03:49:43+00:00","dateModified":"2025-04-04T13:19:17+00:00","description":"Brazalete Selena en cuero natural, un cl\u00e1sico para tener siempre entre tus accesorios. Cual color te gusta m\u00e1s? Eleg\u00ed el tuyo","breadcrumb":{"@id":"https:\/\/lisjoyas.com\/producto\/brazalete-selena\/#breadcrumb"},"inLanguage":"es","potentialAction":[{"@type":"ReadAction","target":["https:\/\/lisjoyas.com\/producto\/brazalete-selena\/"]}]},{"@type":"ImageObject","inLanguage":"es","@id":"https:\/\/lisjoyas.com\/producto\/brazalete-selena\/#primaryimage","url":"https:\/\/lisjoyas.com\/wp-content\/uploads\/2021\/02\/brazalete-selena-.jpg","contentUrl":"https:\/\/lisjoyas.com\/wp-content\/uploads\/2021\/02\/brazalete-selena-.jpg","width":518,"height":505},{"@type":"BreadcrumbList","@id":"https:\/\/lisjoyas.com\/producto\/brazalete-selena\/#breadcrumb","itemListElement":[{"@type":"ListItem","position":1,"name":"Portada","item":"https:\/\/lisjoyas.com\/"},{"@type":"ListItem","position":2,"name":"Tienda","item":"https:\/\/lisjoyas.com\/tienda\/"},{"@type":"ListItem","position":3,"name":"Brazalete Selena"}]},{"@type":"WebSite","@id":"https:\/\/lisjoyas.com\/#website","url":"https:\/\/lisjoyas.com\/","name":"LIS Joyas","description":"LIS Joyas","publisher":{"@id":"https:\/\/lisjoyas.com\/#organization"},"potentialAction":[{"@type":"SearchAction","target":{"@type":"EntryPoint","urlTemplate":"https:\/\/lisjoyas.com\/?s={search_term_string}"},"query-input":"required name=search_term_string"}],"inLanguage":"es"},{"@type":"Organization","@id":"https:\/\/lisjoyas.com\/#organization","name":"Lis Joyas","url":"https:\/\/lisjoyas.com\/","logo":{"@type":"ImageObject","inLanguage":"es","@id":"https:\/\/lisjoyas.com\/#\/schema\/logo\/image\/","url":"https:\/\/lisjoyas.com\/wp-content\/uploads\/2024\/04\/Lis_logo_color.svg","contentUrl":"https:\/\/lisjoyas.com\/wp-content\/uploads\/2024\/04\/Lis_logo_color.svg","width":"1024","height":"1024","caption":"Lis Joyas"},"image":{"@id":"https:\/\/lisjoyas.com\/#\/schema\/logo\/image\/"},"sameAs":["https:\/\/www.facebook.com\/joyascontemporaneaslis?locale=es_LA","https:\/\/www.instagram.com\/lisjoyas_\/"]}]}},"_links":{"self":[{"href":"https:\/\/lisjoyas.com\/es\/wp-json\/wp\/v2\/product\/1448","targetHints":{"allow":["GET"]}}],"collection":[{"href":"https:\/\/lisjoyas.com\/es\/wp-json\/wp\/v2\/product"}],"about":[{"href":"https:\/\/lisjoyas.com\/es\/wp-json\/wp\/v2\/types\/product"}],"wp:featuredmedia":[{"embeddable":true,"href":"https:\/\/lisjoyas.com\/es\/wp-json\/wp\/v2\/media\/1766"}],"wp:attachment":[{"href":"https:\/\/lisjoyas.com\/es\/wp-json\/wp\/v2\/media?parent=1448"}],"wp:term":[{"taxonomy":"product_cat","embeddable":true,"href":"https:\/\/lisjoyas.com\/es\/wp-json\/wp\/v2\/product_cat?post=1448"},{"taxonomy":"product_tag","embeddable":true,"href":"https:\/\/lisjoyas.com\/es\/wp-json\/wp\/v2\/product_tag?post=1448"}],"curies":[{"name":"wp","href":"https:\/\/api.w.org\/{rel}","templated":true}]}}