{"id":1897,"date":"2024-04-11T15:07:46","date_gmt":"2024-04-11T15:07:46","guid":{"rendered":"https:\/\/lisjoyas.com\/?post_type=product&#038;p=1897"},"modified":"2025-12-29T20:05:26","modified_gmt":"2025-12-29T20:05:26","slug":"brazalete-sonar-despierto","status":"publish","type":"product","link":"https:\/\/lisjoyas.com\/es\/producto\/brazalete-sonar-despierto\/","title":{"rendered":"Brazalete So\u00f1ar Despierto"},"content":{"rendered":"\n","protected":false},"excerpt":{"rendered":"<div class=\"flex-1 overflow-hidden\">\n<div class=\"react-scroll-to-bottom--css-vcsvd-79elbk h-full\">\n<div class=\"react-scroll-to-bottom--css-vcsvd-1n7m0yu\">\n<div class=\"flex flex-col text-sm\">\n<div class=\"w-full text-token-text-primary\" dir=\"auto\" data-testid=\"conversation-turn-11\" data-scroll-anchor=\"true\">\n<div class=\"py-2 juice:py-[18px] px-3 text-base md:px-4 m-auto md:px-5 lg:px-1 xl:px-5\">\n<div class=\"mx-auto flex flex-1 gap-3 text-base juice:gap-4 juice:md:gap-6 md:max-w-3xl lg:max-w-[40rem] xl:max-w-[48rem]\">\n<div class=\"group\/conversation-turn relative flex w-full min-w-0 flex-col agent-turn\">\n<div class=\"flex-col gap-1 md:gap-3\">\n<div class=\"flex flex-grow flex-col max-w-full\">\n<div class=\"min-h-[20px] text-message flex flex-col items-start whitespace-pre-wrap break-words [.text-message+&amp;]:mt-5 juice:w-full juice:items-end overflow-x-auto gap-3\" dir=\"auto\" data-message-author-role=\"assistant\" data-message-id=\"115023d9-d7be-46e7-85b5-ef0e7657ddd3\">\n<div class=\"markdown prose w-full break-words dark:prose-invert light\">\n<p>Sum\u00e9rgete en la exquisita colecci\u00f3n de brazaletes \u00abSo\u00f1ar Despierto\u00bb, cuidadosamente confeccionados a mano en Lis Atelier. Explora una paleta de colores vibrantes que abarca desde tonos suaves y delicados hasta colores intensos y audaces, permiti\u00e9ndote expresar tu estilo personal de manera \u00fanica. Cada brazalete est\u00e1 elaborado con cuero de la m\u00e1s alta calidad, seleccionado por su durabilidad y belleza atemporal.<\/p>\n<p>Disponible en dos anchos distintos, 4 y 6 cm , nuestros brazaletes se adaptan a todos los gustos y preferencias de estilo. Ya sea que prefieras un accesorio elegante y discreto o desees hacer una declaraci\u00f3n audaz, encontrar\u00e1s el complemento perfecto en nuestra colecci\u00f3n.<\/p>\n<p>M\u00e1s que solo accesorios, nuestros brazaletes \u00abSo\u00f1ar Despierto\u00bb son s\u00edmbolos de imaginaci\u00f3n y libertad. Cada pieza est\u00e1 imbuida de un encanto \u00fanico que te invita a mantener viva la magia en tu vida diaria. Desde un d\u00eda en la oficina hasta una noche en la ciudad, nuestros brazaletes te acompa\u00f1ar\u00e1n con elegancia y estilo en cada momento especial.<\/p>\n<p>Tambi\u00e9n te puede gustar el <a href=\"https:\/\/lisjoyas.com\/producto\/brazalete-marilyn\/\">Brazalete Marilyn<\/a><\/p>\n<\/div>\n<\/div>\n<\/div>\n<\/div>\n<\/div>\n<\/div>\n<\/div>\n<\/div>\n<\/div>\n<\/div>\n<\/div>\n<\/div>\n","protected":false},"featured_media":1914,"template":"","meta":{"inline_featured_image":false,"_joinchat":[]},"product_cat":[17],"product_tag":[84,47,101,102,57,46,100,103],"class_list":{"0":"post-1897","1":"product","2":"type-product","3":"status-publish","4":"has-post-thumbnail","6":"product_cat-brazaletes","7":"product_tag-brazalete-de-cuero","8":"product_tag-cuero-natural","9":"product_tag-dorado","10":"product_tag-leather","11":"product_tag-natural-leather","12":"product_tag-plateado","13":"product_tag-sonar-despierto","14":"product_tag-uruguayan-leather","16":"first","17":"instock","18":"shipping-taxable","19":"purchasable","20":"product-type-variable","21":"has-default-attributes"},"yoast_head":"<!-- This site is optimized with the Yoast SEO plugin v23.2 - https:\/\/yoast.com\/wordpress\/plugins\/seo\/ -->\n<title>Brazalete So\u00f1ar Despierto - Lis Joyas<\/title>\n<meta name=\"description\" content=\"Brazalete So\u00f1ar Despierto en cuero natural 100% uruguayo, un comod\u00edn dentro de tus accesorios. S\u00faper vers\u00e1til y c\u00f3modo de usar. Ya elegiste el tuyo?\" \/>\n<meta name=\"robots\" content=\"index, follow, max-snippet:-1, max-image-preview:large, max-video-preview:-1\" \/>\n<link rel=\"canonical\" href=\"https:\/\/lisjoyas.com\/es\/producto\/brazalete-sonar-despierto\/\" \/>\n<meta property=\"og:locale\" content=\"es_ES\" \/>\n<meta property=\"og:type\" content=\"article\" \/>\n<meta property=\"og:title\" content=\"Brazalete So\u00f1ar Despierto - Lis Joyas\" \/>\n<meta property=\"og:description\" content=\"Brazalete So\u00f1ar Despierto en cuero natural 100% uruguayo, un comod\u00edn dentro de tus accesorios. S\u00faper vers\u00e1til y c\u00f3modo de usar. Ya elegiste el tuyo?\" \/>\n<meta property=\"og:url\" content=\"https:\/\/lisjoyas.com\/es\/producto\/brazalete-sonar-despierto\/\" \/>\n<meta property=\"og:site_name\" content=\"Lis Joyas\" \/>\n<meta property=\"article:publisher\" content=\"https:\/\/www.facebook.com\/joyascontemporaneaslis?locale=es_LA\" \/>\n<meta property=\"article:modified_time\" content=\"2025-12-29T20:05:26+00:00\" \/>\n<meta property=\"og:image\" content=\"https:\/\/lisjoyas.com\/wp-content\/uploads\/2024\/04\/brazalete-sonar-despierto.jpg\" \/>\n\t<meta property=\"og:image:width\" content=\"715\" \/>\n\t<meta property=\"og:image:height\" content=\"1067\" \/>\n\t<meta property=\"og:image:type\" content=\"image\/jpeg\" \/>\n<meta name=\"twitter:card\" content=\"summary_large_image\" \/>\n<meta name=\"twitter:label1\" content=\"Tiempo de lectura\" \/>\n\t<meta name=\"twitter:data1\" content=\"3 minutos\" \/>\n<script type=\"application\/ld+json\" class=\"yoast-schema-graph\">{\"@context\":\"https:\/\/schema.org\",\"@graph\":[{\"@type\":\"WebPage\",\"@id\":\"https:\/\/lisjoyas.com\/producto\/brazalete-sonar-despierto\/\",\"url\":\"https:\/\/lisjoyas.com\/producto\/brazalete-sonar-despierto\/\",\"name\":\"Brazalete So\u00f1ar Despierto - Lis Joyas\",\"isPartOf\":{\"@id\":\"https:\/\/lisjoyas.com\/#website\"},\"primaryImageOfPage\":{\"@id\":\"https:\/\/lisjoyas.com\/producto\/brazalete-sonar-despierto\/#primaryimage\"},\"image\":{\"@id\":\"https:\/\/lisjoyas.com\/producto\/brazalete-sonar-despierto\/#primaryimage\"},\"thumbnailUrl\":\"https:\/\/lisjoyas.com\/wp-content\/uploads\/2024\/04\/brazalete-sonar-despierto.jpg\",\"datePublished\":\"2024-04-11T15:07:46+00:00\",\"dateModified\":\"2025-12-29T20:05:26+00:00\",\"description\":\"Brazalete So\u00f1ar Despierto en cuero natural 100% uruguayo, un comod\u00edn dentro de tus accesorios. S\u00faper vers\u00e1til y c\u00f3modo de usar. Ya elegiste el tuyo?\",\"breadcrumb\":{\"@id\":\"https:\/\/lisjoyas.com\/producto\/brazalete-sonar-despierto\/#breadcrumb\"},\"inLanguage\":\"es\",\"potentialAction\":[{\"@type\":\"ReadAction\",\"target\":[\"https:\/\/lisjoyas.com\/producto\/brazalete-sonar-despierto\/\"]}]},{\"@type\":\"ImageObject\",\"inLanguage\":\"es\",\"@id\":\"https:\/\/lisjoyas.com\/producto\/brazalete-sonar-despierto\/#primaryimage\",\"url\":\"https:\/\/lisjoyas.com\/wp-content\/uploads\/2024\/04\/brazalete-sonar-despierto.jpg\",\"contentUrl\":\"https:\/\/lisjoyas.com\/wp-content\/uploads\/2024\/04\/brazalete-sonar-despierto.jpg\",\"width\":715,\"height\":1067},{\"@type\":\"BreadcrumbList\",\"@id\":\"https:\/\/lisjoyas.com\/producto\/brazalete-sonar-despierto\/#breadcrumb\",\"itemListElement\":[{\"@type\":\"ListItem\",\"position\":1,\"name\":\"Portada\",\"item\":\"https:\/\/lisjoyas.com\/\"},{\"@type\":\"ListItem\",\"position\":2,\"name\":\"Tienda\",\"item\":\"https:\/\/lisjoyas.com\/tienda\/\"},{\"@type\":\"ListItem\",\"position\":3,\"name\":\"Brazalete So\u00f1ar Despierto\"}]},{\"@type\":\"WebSite\",\"@id\":\"https:\/\/lisjoyas.com\/#website\",\"url\":\"https:\/\/lisjoyas.com\/\",\"name\":\"LIS Joyas\",\"description\":\"LIS Joyas\",\"publisher\":{\"@id\":\"https:\/\/lisjoyas.com\/#organization\"},\"potentialAction\":[{\"@type\":\"SearchAction\",\"target\":{\"@type\":\"EntryPoint\",\"urlTemplate\":\"https:\/\/lisjoyas.com\/?s={search_term_string}\"},\"query-input\":\"required name=search_term_string\"}],\"inLanguage\":\"es\"},{\"@type\":\"Organization\",\"@id\":\"https:\/\/lisjoyas.com\/#organization\",\"name\":\"Lis Joyas\",\"url\":\"https:\/\/lisjoyas.com\/\",\"logo\":{\"@type\":\"ImageObject\",\"inLanguage\":\"es\",\"@id\":\"https:\/\/lisjoyas.com\/#\/schema\/logo\/image\/\",\"url\":\"https:\/\/lisjoyas.com\/wp-content\/uploads\/2024\/04\/Lis_logo_color.svg\",\"contentUrl\":\"https:\/\/lisjoyas.com\/wp-content\/uploads\/2024\/04\/Lis_logo_color.svg\",\"width\":\"1024\",\"height\":\"1024\",\"caption\":\"Lis Joyas\"},\"image\":{\"@id\":\"https:\/\/lisjoyas.com\/#\/schema\/logo\/image\/\"},\"sameAs\":[\"https:\/\/www.facebook.com\/joyascontemporaneaslis?locale=es_LA\",\"https:\/\/www.instagram.com\/lisjoyas_\/\"]}]}<\/script>\n<!-- \/ Yoast SEO plugin. -->","yoast_head_json":{"title":"Brazalete So\u00f1ar Despierto - Lis Joyas","description":"Brazalete So\u00f1ar Despierto en cuero natural 100% uruguayo, un comod\u00edn dentro de tus accesorios. S\u00faper vers\u00e1til y c\u00f3modo de usar. Ya elegiste el tuyo?","robots":{"index":"index","follow":"follow","max-snippet":"max-snippet:-1","max-image-preview":"max-image-preview:large","max-video-preview":"max-video-preview:-1"},"canonical":"https:\/\/lisjoyas.com\/es\/producto\/brazalete-sonar-despierto\/","og_locale":"es_ES","og_type":"article","og_title":"Brazalete So\u00f1ar Despierto - Lis Joyas","og_description":"Brazalete So\u00f1ar Despierto en cuero natural 100% uruguayo, un comod\u00edn dentro de tus accesorios. S\u00faper vers\u00e1til y c\u00f3modo de usar. Ya elegiste el tuyo?","og_url":"https:\/\/lisjoyas.com\/es\/producto\/brazalete-sonar-despierto\/","og_site_name":"Lis Joyas","article_publisher":"https:\/\/www.facebook.com\/joyascontemporaneaslis?locale=es_LA","article_modified_time":"2025-12-29T20:05:26+00:00","og_image":[{"width":715,"height":1067,"url":"https:\/\/lisjoyas.com\/wp-content\/uploads\/2024\/04\/brazalete-sonar-despierto.jpg","type":"image\/jpeg"}],"twitter_card":"summary_large_image","twitter_misc":{"Tiempo de lectura":"3 minutos"},"schema":{"@context":"https:\/\/schema.org","@graph":[{"@type":"WebPage","@id":"https:\/\/lisjoyas.com\/producto\/brazalete-sonar-despierto\/","url":"https:\/\/lisjoyas.com\/producto\/brazalete-sonar-despierto\/","name":"Brazalete So\u00f1ar Despierto - Lis Joyas","isPartOf":{"@id":"https:\/\/lisjoyas.com\/#website"},"primaryImageOfPage":{"@id":"https:\/\/lisjoyas.com\/producto\/brazalete-sonar-despierto\/#primaryimage"},"image":{"@id":"https:\/\/lisjoyas.com\/producto\/brazalete-sonar-despierto\/#primaryimage"},"thumbnailUrl":"https:\/\/lisjoyas.com\/wp-content\/uploads\/2024\/04\/brazalete-sonar-despierto.jpg","datePublished":"2024-04-11T15:07:46+00:00","dateModified":"2025-12-29T20:05:26+00:00","description":"Brazalete So\u00f1ar Despierto en cuero natural 100% uruguayo, un comod\u00edn dentro de tus accesorios. S\u00faper vers\u00e1til y c\u00f3modo de usar. Ya elegiste el tuyo?","breadcrumb":{"@id":"https:\/\/lisjoyas.com\/producto\/brazalete-sonar-despierto\/#breadcrumb"},"inLanguage":"es","potentialAction":[{"@type":"ReadAction","target":["https:\/\/lisjoyas.com\/producto\/brazalete-sonar-despierto\/"]}]},{"@type":"ImageObject","inLanguage":"es","@id":"https:\/\/lisjoyas.com\/producto\/brazalete-sonar-despierto\/#primaryimage","url":"https:\/\/lisjoyas.com\/wp-content\/uploads\/2024\/04\/brazalete-sonar-despierto.jpg","contentUrl":"https:\/\/lisjoyas.com\/wp-content\/uploads\/2024\/04\/brazalete-sonar-despierto.jpg","width":715,"height":1067},{"@type":"BreadcrumbList","@id":"https:\/\/lisjoyas.com\/producto\/brazalete-sonar-despierto\/#breadcrumb","itemListElement":[{"@type":"ListItem","position":1,"name":"Portada","item":"https:\/\/lisjoyas.com\/"},{"@type":"ListItem","position":2,"name":"Tienda","item":"https:\/\/lisjoyas.com\/tienda\/"},{"@type":"ListItem","position":3,"name":"Brazalete So\u00f1ar Despierto"}]},{"@type":"WebSite","@id":"https:\/\/lisjoyas.com\/#website","url":"https:\/\/lisjoyas.com\/","name":"LIS Joyas","description":"LIS Joyas","publisher":{"@id":"https:\/\/lisjoyas.com\/#organization"},"potentialAction":[{"@type":"SearchAction","target":{"@type":"EntryPoint","urlTemplate":"https:\/\/lisjoyas.com\/?s={search_term_string}"},"query-input":"required name=search_term_string"}],"inLanguage":"es"},{"@type":"Organization","@id":"https:\/\/lisjoyas.com\/#organization","name":"Lis Joyas","url":"https:\/\/lisjoyas.com\/","logo":{"@type":"ImageObject","inLanguage":"es","@id":"https:\/\/lisjoyas.com\/#\/schema\/logo\/image\/","url":"https:\/\/lisjoyas.com\/wp-content\/uploads\/2024\/04\/Lis_logo_color.svg","contentUrl":"https:\/\/lisjoyas.com\/wp-content\/uploads\/2024\/04\/Lis_logo_color.svg","width":"1024","height":"1024","caption":"Lis Joyas"},"image":{"@id":"https:\/\/lisjoyas.com\/#\/schema\/logo\/image\/"},"sameAs":["https:\/\/www.facebook.com\/joyascontemporaneaslis?locale=es_LA","https:\/\/www.instagram.com\/lisjoyas_\/"]}]}},"_links":{"self":[{"href":"https:\/\/lisjoyas.com\/es\/wp-json\/wp\/v2\/product\/1897","targetHints":{"allow":["GET"]}}],"collection":[{"href":"https:\/\/lisjoyas.com\/es\/wp-json\/wp\/v2\/product"}],"about":[{"href":"https:\/\/lisjoyas.com\/es\/wp-json\/wp\/v2\/types\/product"}],"wp:featuredmedia":[{"embeddable":true,"href":"https:\/\/lisjoyas.com\/es\/wp-json\/wp\/v2\/media\/1914"}],"wp:attachment":[{"href":"https:\/\/lisjoyas.com\/es\/wp-json\/wp\/v2\/media?parent=1897"}],"wp:term":[{"taxonomy":"product_cat","embeddable":true,"href":"https:\/\/lisjoyas.com\/es\/wp-json\/wp\/v2\/product_cat?post=1897"},{"taxonomy":"product_tag","embeddable":true,"href":"https:\/\/lisjoyas.com\/es\/wp-json\/wp\/v2\/product_tag?post=1897"}],"curies":[{"name":"wp","href":"https:\/\/api.w.org\/{rel}","templated":true}]}}