{"id":2042,"date":"2024-04-11T16:26:02","date_gmt":"2024-04-11T16:26:02","guid":{"rendered":"https:\/\/lisjoyas.com\/?post_type=product&#038;p=2042"},"modified":"2025-12-29T20:11:34","modified_gmt":"2025-12-29T20:11:34","slug":"collar-bright","status":"publish","type":"product","link":"https:\/\/lisjoyas.com\/es\/producto\/collar-bright\/","title":{"rendered":"Collar Bright"},"content":{"rendered":"\n","protected":false},"excerpt":{"rendered":"<p class=\"s4\"><span class=\"s3\">C<\/span><span class=\"s3\">ollar <\/span><span class=\"s3\">Bright est\u00e1 <\/span><span class=\"s3\">confeccionado con cuero genuino uruguayo de la m\u00e1s alta calidad, seleccionado minuciosamente para garantizar durabilidad y estilo perdurables. Inspirado en las ondas del oc\u00e9ano y la fuerza de la naturaleza, su dise\u00f1o evoca serenidad y sofisticaci\u00f3n, a\u00f1adiendo un toque distintivo a cualquier conjunto.<\/span><\/p>\n<p class=\"s5\"><span class=\"s3\">El cuero natural, que se suaviza con el tiempo, se adapta gradualmente a la forma de tu cuello, brindando una sensaci\u00f3n de comodidad incomparable a medida que lo usas.<\/span><\/p>\n<p class=\"s5\"><span class=\"s3\">Con una longitud <\/span><span class=\"s3\">total de<\/span> <span class=\"s3\">50<\/span><span class=\"s3\"> cm, este collar es vers\u00e1til y se adapta perfectamente a cualquier ocasi\u00f3n, ya sea un look casual durante el d\u00eda o una noche elegante. Su cierre con broche a presi\u00f3n garantiza facilidad y seguridad al usarlo.<\/span><\/p>\n","protected":false},"featured_media":2058,"template":"","meta":{"inline_featured_image":false,"_joinchat":[]},"product_cat":[18],"product_tag":[114,157,139,47,137,154,108,57,155,136,138,156],"class_list":{"0":"post-2042","1":"product","2":"type-product","3":"status-publish","4":"has-post-thumbnail","6":"product_cat-collares","7":"product_tag-collar","8":"product_tag-comfortable","9":"product_tag-comodo","10":"product_tag-cuero-natural","11":"product_tag-diseno-unico","12":"product_tag-handmade","13":"product_tag-hecho-a-mano","14":"product_tag-natural-leather","15":"product_tag-unique-design","16":"product_tag-uruguay","17":"product_tag-versatil","18":"product_tag-versatile","20":"first","21":"instock","22":"shipping-taxable","23":"purchasable","24":"product-type-variable"},"yoast_head":"<!-- This site is optimized with the Yoast SEO plugin v23.2 - https:\/\/yoast.com\/wordpress\/plugins\/seo\/ -->\n<title>Collar Bright - Lis Joyas<\/title>\n<meta name=\"description\" content=\"Collar Bright en cuero natural se adapta gradualmente a la forma de tu cuello brindando una sensaci\u00f3n de comodidad incomparable a medida que lo usas Un must\" \/>\n<meta name=\"robots\" content=\"index, follow, max-snippet:-1, max-image-preview:large, max-video-preview:-1\" \/>\n<link rel=\"canonical\" href=\"https:\/\/lisjoyas.com\/es\/producto\/collar-bright\/\" \/>\n<meta property=\"og:locale\" content=\"es_ES\" \/>\n<meta property=\"og:type\" content=\"article\" \/>\n<meta property=\"og:title\" content=\"Collar Bright - Lis Joyas\" \/>\n<meta property=\"og:description\" content=\"Collar Bright en cuero natural se adapta gradualmente a la forma de tu cuello brindando una sensaci\u00f3n de comodidad incomparable a medida que lo usas Un must\" \/>\n<meta property=\"og:url\" content=\"https:\/\/lisjoyas.com\/es\/producto\/collar-bright\/\" \/>\n<meta property=\"og:site_name\" content=\"Lis Joyas\" \/>\n<meta property=\"article:publisher\" content=\"https:\/\/www.facebook.com\/joyascontemporaneaslis?locale=es_LA\" \/>\n<meta property=\"article:modified_time\" content=\"2025-12-29T20:11:34+00:00\" \/>\n<meta property=\"og:image\" content=\"https:\/\/lisjoyas.com\/wp-content\/uploads\/2024\/04\/collar-bright6.jpg\" \/>\n\t<meta property=\"og:image:width\" content=\"1785\" \/>\n\t<meta property=\"og:image:height\" content=\"1629\" \/>\n\t<meta property=\"og:image:type\" content=\"image\/jpeg\" \/>\n<meta name=\"twitter:card\" content=\"summary_large_image\" \/>\n<meta name=\"twitter:label1\" content=\"Tiempo de lectura\" \/>\n\t<meta name=\"twitter:data1\" content=\"4 minutos\" \/>\n<script type=\"application\/ld+json\" class=\"yoast-schema-graph\">{\"@context\":\"https:\/\/schema.org\",\"@graph\":[{\"@type\":\"WebPage\",\"@id\":\"https:\/\/lisjoyas.com\/producto\/collar-bright\/\",\"url\":\"https:\/\/lisjoyas.com\/producto\/collar-bright\/\",\"name\":\"Collar Bright - Lis Joyas\",\"isPartOf\":{\"@id\":\"https:\/\/lisjoyas.com\/#website\"},\"primaryImageOfPage\":{\"@id\":\"https:\/\/lisjoyas.com\/producto\/collar-bright\/#primaryimage\"},\"image\":{\"@id\":\"https:\/\/lisjoyas.com\/producto\/collar-bright\/#primaryimage\"},\"thumbnailUrl\":\"https:\/\/lisjoyas.com\/wp-content\/uploads\/2024\/04\/collar-bright6.jpg\",\"datePublished\":\"2024-04-11T16:26:02+00:00\",\"dateModified\":\"2025-12-29T20:11:34+00:00\",\"description\":\"Collar Bright en cuero natural se adapta gradualmente a la forma de tu cuello brindando una sensaci\u00f3n de comodidad incomparable a medida que lo usas Un must\",\"breadcrumb\":{\"@id\":\"https:\/\/lisjoyas.com\/producto\/collar-bright\/#breadcrumb\"},\"inLanguage\":\"es\",\"potentialAction\":[{\"@type\":\"ReadAction\",\"target\":[\"https:\/\/lisjoyas.com\/producto\/collar-bright\/\"]}]},{\"@type\":\"ImageObject\",\"inLanguage\":\"es\",\"@id\":\"https:\/\/lisjoyas.com\/producto\/collar-bright\/#primaryimage\",\"url\":\"https:\/\/lisjoyas.com\/wp-content\/uploads\/2024\/04\/collar-bright6.jpg\",\"contentUrl\":\"https:\/\/lisjoyas.com\/wp-content\/uploads\/2024\/04\/collar-bright6.jpg\",\"width\":1785,\"height\":1629},{\"@type\":\"BreadcrumbList\",\"@id\":\"https:\/\/lisjoyas.com\/producto\/collar-bright\/#breadcrumb\",\"itemListElement\":[{\"@type\":\"ListItem\",\"position\":1,\"name\":\"Portada\",\"item\":\"https:\/\/lisjoyas.com\/\"},{\"@type\":\"ListItem\",\"position\":2,\"name\":\"Tienda\",\"item\":\"https:\/\/lisjoyas.com\/tienda\/\"},{\"@type\":\"ListItem\",\"position\":3,\"name\":\"Collar Bright\"}]},{\"@type\":\"WebSite\",\"@id\":\"https:\/\/lisjoyas.com\/#website\",\"url\":\"https:\/\/lisjoyas.com\/\",\"name\":\"LIS Joyas\",\"description\":\"LIS Joyas\",\"publisher\":{\"@id\":\"https:\/\/lisjoyas.com\/#organization\"},\"potentialAction\":[{\"@type\":\"SearchAction\",\"target\":{\"@type\":\"EntryPoint\",\"urlTemplate\":\"https:\/\/lisjoyas.com\/?s={search_term_string}\"},\"query-input\":\"required name=search_term_string\"}],\"inLanguage\":\"es\"},{\"@type\":\"Organization\",\"@id\":\"https:\/\/lisjoyas.com\/#organization\",\"name\":\"Lis Joyas\",\"url\":\"https:\/\/lisjoyas.com\/\",\"logo\":{\"@type\":\"ImageObject\",\"inLanguage\":\"es\",\"@id\":\"https:\/\/lisjoyas.com\/#\/schema\/logo\/image\/\",\"url\":\"https:\/\/lisjoyas.com\/wp-content\/uploads\/2024\/04\/Lis_logo_color.svg\",\"contentUrl\":\"https:\/\/lisjoyas.com\/wp-content\/uploads\/2024\/04\/Lis_logo_color.svg\",\"width\":\"1024\",\"height\":\"1024\",\"caption\":\"Lis Joyas\"},\"image\":{\"@id\":\"https:\/\/lisjoyas.com\/#\/schema\/logo\/image\/\"},\"sameAs\":[\"https:\/\/www.facebook.com\/joyascontemporaneaslis?locale=es_LA\",\"https:\/\/www.instagram.com\/lisjoyas_\/\"]}]}<\/script>\n<!-- \/ Yoast SEO plugin. -->","yoast_head_json":{"title":"Collar Bright - Lis Joyas","description":"Collar Bright en cuero natural se adapta gradualmente a la forma de tu cuello brindando una sensaci\u00f3n de comodidad incomparable a medida que lo usas Un must","robots":{"index":"index","follow":"follow","max-snippet":"max-snippet:-1","max-image-preview":"max-image-preview:large","max-video-preview":"max-video-preview:-1"},"canonical":"https:\/\/lisjoyas.com\/es\/producto\/collar-bright\/","og_locale":"es_ES","og_type":"article","og_title":"Collar Bright - Lis Joyas","og_description":"Collar Bright en cuero natural se adapta gradualmente a la forma de tu cuello brindando una sensaci\u00f3n de comodidad incomparable a medida que lo usas Un must","og_url":"https:\/\/lisjoyas.com\/es\/producto\/collar-bright\/","og_site_name":"Lis Joyas","article_publisher":"https:\/\/www.facebook.com\/joyascontemporaneaslis?locale=es_LA","article_modified_time":"2025-12-29T20:11:34+00:00","og_image":[{"width":1785,"height":1629,"url":"https:\/\/lisjoyas.com\/wp-content\/uploads\/2024\/04\/collar-bright6.jpg","type":"image\/jpeg"}],"twitter_card":"summary_large_image","twitter_misc":{"Tiempo de lectura":"4 minutos"},"schema":{"@context":"https:\/\/schema.org","@graph":[{"@type":"WebPage","@id":"https:\/\/lisjoyas.com\/producto\/collar-bright\/","url":"https:\/\/lisjoyas.com\/producto\/collar-bright\/","name":"Collar Bright - Lis Joyas","isPartOf":{"@id":"https:\/\/lisjoyas.com\/#website"},"primaryImageOfPage":{"@id":"https:\/\/lisjoyas.com\/producto\/collar-bright\/#primaryimage"},"image":{"@id":"https:\/\/lisjoyas.com\/producto\/collar-bright\/#primaryimage"},"thumbnailUrl":"https:\/\/lisjoyas.com\/wp-content\/uploads\/2024\/04\/collar-bright6.jpg","datePublished":"2024-04-11T16:26:02+00:00","dateModified":"2025-12-29T20:11:34+00:00","description":"Collar Bright en cuero natural se adapta gradualmente a la forma de tu cuello brindando una sensaci\u00f3n de comodidad incomparable a medida que lo usas Un must","breadcrumb":{"@id":"https:\/\/lisjoyas.com\/producto\/collar-bright\/#breadcrumb"},"inLanguage":"es","potentialAction":[{"@type":"ReadAction","target":["https:\/\/lisjoyas.com\/producto\/collar-bright\/"]}]},{"@type":"ImageObject","inLanguage":"es","@id":"https:\/\/lisjoyas.com\/producto\/collar-bright\/#primaryimage","url":"https:\/\/lisjoyas.com\/wp-content\/uploads\/2024\/04\/collar-bright6.jpg","contentUrl":"https:\/\/lisjoyas.com\/wp-content\/uploads\/2024\/04\/collar-bright6.jpg","width":1785,"height":1629},{"@type":"BreadcrumbList","@id":"https:\/\/lisjoyas.com\/producto\/collar-bright\/#breadcrumb","itemListElement":[{"@type":"ListItem","position":1,"name":"Portada","item":"https:\/\/lisjoyas.com\/"},{"@type":"ListItem","position":2,"name":"Tienda","item":"https:\/\/lisjoyas.com\/tienda\/"},{"@type":"ListItem","position":3,"name":"Collar Bright"}]},{"@type":"WebSite","@id":"https:\/\/lisjoyas.com\/#website","url":"https:\/\/lisjoyas.com\/","name":"LIS Joyas","description":"LIS Joyas","publisher":{"@id":"https:\/\/lisjoyas.com\/#organization"},"potentialAction":[{"@type":"SearchAction","target":{"@type":"EntryPoint","urlTemplate":"https:\/\/lisjoyas.com\/?s={search_term_string}"},"query-input":"required name=search_term_string"}],"inLanguage":"es"},{"@type":"Organization","@id":"https:\/\/lisjoyas.com\/#organization","name":"Lis Joyas","url":"https:\/\/lisjoyas.com\/","logo":{"@type":"ImageObject","inLanguage":"es","@id":"https:\/\/lisjoyas.com\/#\/schema\/logo\/image\/","url":"https:\/\/lisjoyas.com\/wp-content\/uploads\/2024\/04\/Lis_logo_color.svg","contentUrl":"https:\/\/lisjoyas.com\/wp-content\/uploads\/2024\/04\/Lis_logo_color.svg","width":"1024","height":"1024","caption":"Lis Joyas"},"image":{"@id":"https:\/\/lisjoyas.com\/#\/schema\/logo\/image\/"},"sameAs":["https:\/\/www.facebook.com\/joyascontemporaneaslis?locale=es_LA","https:\/\/www.instagram.com\/lisjoyas_\/"]}]}},"_links":{"self":[{"href":"https:\/\/lisjoyas.com\/es\/wp-json\/wp\/v2\/product\/2042","targetHints":{"allow":["GET"]}}],"collection":[{"href":"https:\/\/lisjoyas.com\/es\/wp-json\/wp\/v2\/product"}],"about":[{"href":"https:\/\/lisjoyas.com\/es\/wp-json\/wp\/v2\/types\/product"}],"wp:featuredmedia":[{"embeddable":true,"href":"https:\/\/lisjoyas.com\/es\/wp-json\/wp\/v2\/media\/2058"}],"wp:attachment":[{"href":"https:\/\/lisjoyas.com\/es\/wp-json\/wp\/v2\/media?parent=2042"}],"wp:term":[{"taxonomy":"product_cat","embeddable":true,"href":"https:\/\/lisjoyas.com\/es\/wp-json\/wp\/v2\/product_cat?post=2042"},{"taxonomy":"product_tag","embeddable":true,"href":"https:\/\/lisjoyas.com\/es\/wp-json\/wp\/v2\/product_tag?post=2042"}],"curies":[{"name":"wp","href":"https:\/\/api.w.org\/{rel}","templated":true}]}}