{"id":2080,"date":"2024-04-11T16:39:47","date_gmt":"2024-04-11T16:39:47","guid":{"rendered":"https:\/\/lisjoyas.com\/?post_type=product&#038;p=2080"},"modified":"2024-05-27T14:12:48","modified_gmt":"2024-05-27T14:12:48","slug":"choker-reggi","status":"publish","type":"product","link":"https:\/\/lisjoyas.com\/es\/producto\/choker-reggi\/","title":{"rendered":"Choker Reggi"},"content":{"rendered":"\n","protected":false},"excerpt":{"rendered":"<p class=\"s3\"><span class=\"s2\">Choker Reggi \u00a1Descubre la elegancia atemporal con nuestro collar en cuero natural color dorado tipo <\/span><span class=\"s2\">choker<\/span><span class=\"s2\">! Este impresionante accesorio combina la suavidad y durabilidad del cuero natural con un dise\u00f1o moderno y geom\u00e9trico de tri\u00e1ngulos, agregando un toque de sofisticaci\u00f3n a cualquier atuendo.<\/span><\/p>\n<p class=\"s4\"><span class=\"s2\">El color dorado resalta la belleza del cuero y agrega un brillo sutil que captura la luz de manera encantadora. Su estilo <\/span><span class=\"s2\">choker<\/span><span class=\"s2\"> ajustado al cuello ofrece una sensaci\u00f3n de seguridad y elegancia, mientras que el cierre de broche a presi\u00f3n garantiza un ajuste c\u00f3modo y seguro.<\/span><\/p>\n<p class=\"s5\"><span class=\"s2\">Ya sea que lo uses para una ocasi\u00f3n especial o para elevar tu look diario, este collar en cuero dorado es una pieza vers\u00e1til que complementar\u00e1 tu estilo con un toque de distinci\u00f3n. \u00a1Haz una declaraci\u00f3n de moda con este accesorio \u00fanico y sofisticado!<\/span><\/p>\n<p>Tambi\u00e9n lo podes combinar con el\u00a0<a href=\"https:\/\/lisjoyas.com\/producto\/brazalete-hexa\/\">Brazalete Hexa<\/a><\/p>\n","protected":false},"featured_media":2088,"template":"","meta":{"inline_featured_image":false,"_joinchat":[]},"product_cat":[18],"product_tag":[51,114,157,139,47,137,154,108,57,155,136,138,156],"class_list":{"0":"post-2080","1":"product","2":"type-product","3":"status-publish","4":"has-post-thumbnail","6":"product_cat-collares","7":"product_tag-choker","8":"product_tag-collar","9":"product_tag-comfortable","10":"product_tag-comodo","11":"product_tag-cuero-natural","12":"product_tag-diseno-unico","13":"product_tag-handmade","14":"product_tag-hecho-a-mano","15":"product_tag-natural-leather","16":"product_tag-unique-design","17":"product_tag-uruguay","18":"product_tag-versatil","19":"product_tag-versatile","21":"first","22":"instock","23":"shipping-taxable","24":"purchasable","25":"product-type-variable"},"yoast_head":"<!-- This site is optimized with the Yoast SEO plugin v23.2 - https:\/\/yoast.com\/wordpress\/plugins\/seo\/ -->\n<title>Choker Reggi - Lis Joyas<\/title>\n<meta name=\"description\" content=\"Choker Reggi, en cuero natural 100% uruguayo. Suave, c\u00f3modo y vers\u00e1til. Un accesorio que te va a encantar! Cual color es tu preferido?\" \/>\n<meta name=\"robots\" content=\"index, follow, max-snippet:-1, max-image-preview:large, max-video-preview:-1\" \/>\n<link rel=\"canonical\" href=\"https:\/\/lisjoyas.com\/es\/producto\/choker-reggi\/\" \/>\n<meta property=\"og:locale\" content=\"es_ES\" \/>\n<meta property=\"og:type\" content=\"article\" \/>\n<meta property=\"og:title\" content=\"Choker Reggi - Lis Joyas\" \/>\n<meta property=\"og:description\" content=\"Choker Reggi, en cuero natural 100% uruguayo. Suave, c\u00f3modo y vers\u00e1til. Un accesorio que te va a encantar! Cual color es tu preferido?\" \/>\n<meta property=\"og:url\" content=\"https:\/\/lisjoyas.com\/es\/producto\/choker-reggi\/\" \/>\n<meta property=\"og:site_name\" content=\"Lis Joyas\" \/>\n<meta property=\"article:publisher\" content=\"https:\/\/www.facebook.com\/joyascontemporaneaslis?locale=es_LA\" \/>\n<meta property=\"article:modified_time\" content=\"2024-05-27T14:12:48+00:00\" \/>\n<meta property=\"og:image\" content=\"https:\/\/lisjoyas.com\/wp-content\/uploads\/2024\/04\/choker-reggi.jpg\" \/>\n\t<meta property=\"og:image:width\" content=\"1125\" \/>\n\t<meta property=\"og:image:height\" content=\"1682\" \/>\n\t<meta property=\"og:image:type\" content=\"image\/jpeg\" \/>\n<meta name=\"twitter:card\" content=\"summary_large_image\" \/>\n<meta name=\"twitter:label1\" content=\"Tiempo de lectura\" \/>\n\t<meta name=\"twitter:data1\" content=\"4 minutos\" \/>\n<script type=\"application\/ld+json\" class=\"yoast-schema-graph\">{\"@context\":\"https:\/\/schema.org\",\"@graph\":[{\"@type\":\"WebPage\",\"@id\":\"https:\/\/lisjoyas.com\/producto\/choker-reggi\/\",\"url\":\"https:\/\/lisjoyas.com\/producto\/choker-reggi\/\",\"name\":\"Choker Reggi - Lis Joyas\",\"isPartOf\":{\"@id\":\"https:\/\/lisjoyas.com\/#website\"},\"primaryImageOfPage\":{\"@id\":\"https:\/\/lisjoyas.com\/producto\/choker-reggi\/#primaryimage\"},\"image\":{\"@id\":\"https:\/\/lisjoyas.com\/producto\/choker-reggi\/#primaryimage\"},\"thumbnailUrl\":\"https:\/\/lisjoyas.com\/wp-content\/uploads\/2024\/04\/choker-reggi.jpg\",\"datePublished\":\"2024-04-11T16:39:47+00:00\",\"dateModified\":\"2024-05-27T14:12:48+00:00\",\"description\":\"Choker Reggi, en cuero natural 100% uruguayo. Suave, c\u00f3modo y vers\u00e1til. Un accesorio que te va a encantar! Cual color es tu preferido?\",\"breadcrumb\":{\"@id\":\"https:\/\/lisjoyas.com\/producto\/choker-reggi\/#breadcrumb\"},\"inLanguage\":\"es\",\"potentialAction\":[{\"@type\":\"ReadAction\",\"target\":[\"https:\/\/lisjoyas.com\/producto\/choker-reggi\/\"]}]},{\"@type\":\"ImageObject\",\"inLanguage\":\"es\",\"@id\":\"https:\/\/lisjoyas.com\/producto\/choker-reggi\/#primaryimage\",\"url\":\"https:\/\/lisjoyas.com\/wp-content\/uploads\/2024\/04\/choker-reggi.jpg\",\"contentUrl\":\"https:\/\/lisjoyas.com\/wp-content\/uploads\/2024\/04\/choker-reggi.jpg\",\"width\":1125,\"height\":1682},{\"@type\":\"BreadcrumbList\",\"@id\":\"https:\/\/lisjoyas.com\/producto\/choker-reggi\/#breadcrumb\",\"itemListElement\":[{\"@type\":\"ListItem\",\"position\":1,\"name\":\"Portada\",\"item\":\"https:\/\/lisjoyas.com\/\"},{\"@type\":\"ListItem\",\"position\":2,\"name\":\"Tienda\",\"item\":\"https:\/\/lisjoyas.com\/tienda\/\"},{\"@type\":\"ListItem\",\"position\":3,\"name\":\"Choker Reggi\"}]},{\"@type\":\"WebSite\",\"@id\":\"https:\/\/lisjoyas.com\/#website\",\"url\":\"https:\/\/lisjoyas.com\/\",\"name\":\"LIS Joyas\",\"description\":\"LIS Joyas\",\"publisher\":{\"@id\":\"https:\/\/lisjoyas.com\/#organization\"},\"potentialAction\":[{\"@type\":\"SearchAction\",\"target\":{\"@type\":\"EntryPoint\",\"urlTemplate\":\"https:\/\/lisjoyas.com\/?s={search_term_string}\"},\"query-input\":\"required name=search_term_string\"}],\"inLanguage\":\"es\"},{\"@type\":\"Organization\",\"@id\":\"https:\/\/lisjoyas.com\/#organization\",\"name\":\"Lis Joyas\",\"url\":\"https:\/\/lisjoyas.com\/\",\"logo\":{\"@type\":\"ImageObject\",\"inLanguage\":\"es\",\"@id\":\"https:\/\/lisjoyas.com\/#\/schema\/logo\/image\/\",\"url\":\"https:\/\/lisjoyas.com\/wp-content\/uploads\/2024\/04\/Lis_logo_color.svg\",\"contentUrl\":\"https:\/\/lisjoyas.com\/wp-content\/uploads\/2024\/04\/Lis_logo_color.svg\",\"width\":\"1024\",\"height\":\"1024\",\"caption\":\"Lis Joyas\"},\"image\":{\"@id\":\"https:\/\/lisjoyas.com\/#\/schema\/logo\/image\/\"},\"sameAs\":[\"https:\/\/www.facebook.com\/joyascontemporaneaslis?locale=es_LA\",\"https:\/\/www.instagram.com\/lisjoyas_\/\"]}]}<\/script>\n<!-- \/ Yoast SEO plugin. -->","yoast_head_json":{"title":"Choker Reggi - Lis Joyas","description":"Choker Reggi, en cuero natural 100% uruguayo. Suave, c\u00f3modo y vers\u00e1til. Un accesorio que te va a encantar! Cual color es tu preferido?","robots":{"index":"index","follow":"follow","max-snippet":"max-snippet:-1","max-image-preview":"max-image-preview:large","max-video-preview":"max-video-preview:-1"},"canonical":"https:\/\/lisjoyas.com\/es\/producto\/choker-reggi\/","og_locale":"es_ES","og_type":"article","og_title":"Choker Reggi - Lis Joyas","og_description":"Choker Reggi, en cuero natural 100% uruguayo. Suave, c\u00f3modo y vers\u00e1til. Un accesorio que te va a encantar! Cual color es tu preferido?","og_url":"https:\/\/lisjoyas.com\/es\/producto\/choker-reggi\/","og_site_name":"Lis Joyas","article_publisher":"https:\/\/www.facebook.com\/joyascontemporaneaslis?locale=es_LA","article_modified_time":"2024-05-27T14:12:48+00:00","og_image":[{"width":1125,"height":1682,"url":"https:\/\/lisjoyas.com\/wp-content\/uploads\/2024\/04\/choker-reggi.jpg","type":"image\/jpeg"}],"twitter_card":"summary_large_image","twitter_misc":{"Tiempo de lectura":"4 minutos"},"schema":{"@context":"https:\/\/schema.org","@graph":[{"@type":"WebPage","@id":"https:\/\/lisjoyas.com\/producto\/choker-reggi\/","url":"https:\/\/lisjoyas.com\/producto\/choker-reggi\/","name":"Choker Reggi - Lis Joyas","isPartOf":{"@id":"https:\/\/lisjoyas.com\/#website"},"primaryImageOfPage":{"@id":"https:\/\/lisjoyas.com\/producto\/choker-reggi\/#primaryimage"},"image":{"@id":"https:\/\/lisjoyas.com\/producto\/choker-reggi\/#primaryimage"},"thumbnailUrl":"https:\/\/lisjoyas.com\/wp-content\/uploads\/2024\/04\/choker-reggi.jpg","datePublished":"2024-04-11T16:39:47+00:00","dateModified":"2024-05-27T14:12:48+00:00","description":"Choker Reggi, en cuero natural 100% uruguayo. Suave, c\u00f3modo y vers\u00e1til. Un accesorio que te va a encantar! Cual color es tu preferido?","breadcrumb":{"@id":"https:\/\/lisjoyas.com\/producto\/choker-reggi\/#breadcrumb"},"inLanguage":"es","potentialAction":[{"@type":"ReadAction","target":["https:\/\/lisjoyas.com\/producto\/choker-reggi\/"]}]},{"@type":"ImageObject","inLanguage":"es","@id":"https:\/\/lisjoyas.com\/producto\/choker-reggi\/#primaryimage","url":"https:\/\/lisjoyas.com\/wp-content\/uploads\/2024\/04\/choker-reggi.jpg","contentUrl":"https:\/\/lisjoyas.com\/wp-content\/uploads\/2024\/04\/choker-reggi.jpg","width":1125,"height":1682},{"@type":"BreadcrumbList","@id":"https:\/\/lisjoyas.com\/producto\/choker-reggi\/#breadcrumb","itemListElement":[{"@type":"ListItem","position":1,"name":"Portada","item":"https:\/\/lisjoyas.com\/"},{"@type":"ListItem","position":2,"name":"Tienda","item":"https:\/\/lisjoyas.com\/tienda\/"},{"@type":"ListItem","position":3,"name":"Choker Reggi"}]},{"@type":"WebSite","@id":"https:\/\/lisjoyas.com\/#website","url":"https:\/\/lisjoyas.com\/","name":"LIS Joyas","description":"LIS Joyas","publisher":{"@id":"https:\/\/lisjoyas.com\/#organization"},"potentialAction":[{"@type":"SearchAction","target":{"@type":"EntryPoint","urlTemplate":"https:\/\/lisjoyas.com\/?s={search_term_string}"},"query-input":"required name=search_term_string"}],"inLanguage":"es"},{"@type":"Organization","@id":"https:\/\/lisjoyas.com\/#organization","name":"Lis Joyas","url":"https:\/\/lisjoyas.com\/","logo":{"@type":"ImageObject","inLanguage":"es","@id":"https:\/\/lisjoyas.com\/#\/schema\/logo\/image\/","url":"https:\/\/lisjoyas.com\/wp-content\/uploads\/2024\/04\/Lis_logo_color.svg","contentUrl":"https:\/\/lisjoyas.com\/wp-content\/uploads\/2024\/04\/Lis_logo_color.svg","width":"1024","height":"1024","caption":"Lis Joyas"},"image":{"@id":"https:\/\/lisjoyas.com\/#\/schema\/logo\/image\/"},"sameAs":["https:\/\/www.facebook.com\/joyascontemporaneaslis?locale=es_LA","https:\/\/www.instagram.com\/lisjoyas_\/"]}]}},"_links":{"self":[{"href":"https:\/\/lisjoyas.com\/es\/wp-json\/wp\/v2\/product\/2080","targetHints":{"allow":["GET"]}}],"collection":[{"href":"https:\/\/lisjoyas.com\/es\/wp-json\/wp\/v2\/product"}],"about":[{"href":"https:\/\/lisjoyas.com\/es\/wp-json\/wp\/v2\/types\/product"}],"wp:featuredmedia":[{"embeddable":true,"href":"https:\/\/lisjoyas.com\/es\/wp-json\/wp\/v2\/media\/2088"}],"wp:attachment":[{"href":"https:\/\/lisjoyas.com\/es\/wp-json\/wp\/v2\/media?parent=2080"}],"wp:term":[{"taxonomy":"product_cat","embeddable":true,"href":"https:\/\/lisjoyas.com\/es\/wp-json\/wp\/v2\/product_cat?post=2080"},{"taxonomy":"product_tag","embeddable":true,"href":"https:\/\/lisjoyas.com\/es\/wp-json\/wp\/v2\/product_tag?post=2080"}],"curies":[{"name":"wp","href":"https:\/\/api.w.org\/{rel}","templated":true}]}}