{"id":2091,"date":"2024-04-11T16:43:29","date_gmt":"2024-04-11T16:43:29","guid":{"rendered":"https:\/\/lisjoyas.com\/?post_type=product&#038;p=2091"},"modified":"2024-08-16T13:48:23","modified_gmt":"2024-08-16T13:48:23","slug":"collar-camille","status":"publish","type":"product","link":"https:\/\/lisjoyas.com\/es\/producto\/collar-camille\/","title":{"rendered":"Collar Camille"},"content":{"rendered":"\n","protected":false},"excerpt":{"rendered":"<p class=\"s3\"><span class=\"s2\">Collar \u00abCamille\u00bb, un complemento ideal para realzar tu atuendo y agregar un toque personal a tu estilo. Su vers\u00e1til longitud lo hace perfecto para una amplia variedad de looks, desde un atuendo casual con camiseta hasta un elegante vestido de noche.<\/span><\/p>\n<p class=\"s4\"><span class=\"s2\">El collar \u00abCamille\u00bb, hecho a mano en nuestro taller, destaca por su elegante simplicidad, convirti\u00e9ndose en una pieza esencial en cualquier colecci\u00f3n de joyer\u00eda. Con una longitud m\u00e1xima de 35 cm y un dise\u00f1o asim\u00e9trico que evoca la ligereza de los p\u00e9talos, este collar emana sofisticaci\u00f3n moderna.<\/span><\/p>\n<p class=\"s4\"><span class=\"s2\">Con un cierre de broche a presi\u00f3n, el collar \u00abCamille\u00bb ofrece comodidad y seguridad, asegurando que luzcas tu estilo con confianza en cualquier ocasi\u00f3n.<\/span><\/p>\n<p class=\"s4\"><span class=\"s2\">Hecho con cuero natural uruguayo, cada collar \u00abCamille\u00bb es una muestra de la artesan\u00eda excepcional que nos caracteriza en Lis Atelier.<\/span><\/p>\n<p class=\"s4\"><span class=\"s2\">Realza tu estilo sin esfuerzo con el collar \u00abCamille\u00bb, una adici\u00f3n vers\u00e1til y elegante a tu guardarropa. Explora nuestra colecci\u00f3n ahora y descubre el complemento perfecto para tu estilo \u00fanico.<\/span><\/p>\n","protected":false},"featured_media":2092,"template":"","meta":{"inline_featured_image":false,"_joinchat":[]},"product_cat":[18],"product_tag":[114,157,139,47,137,154,108,57,155,136,138,156],"class_list":{"0":"post-2091","1":"product","2":"type-product","3":"status-publish","4":"has-post-thumbnail","6":"product_cat-collares","7":"product_tag-collar","8":"product_tag-comfortable","9":"product_tag-comodo","10":"product_tag-cuero-natural","11":"product_tag-diseno-unico","12":"product_tag-handmade","13":"product_tag-hecho-a-mano","14":"product_tag-natural-leather","15":"product_tag-unique-design","16":"product_tag-uruguay","17":"product_tag-versatil","18":"product_tag-versatile","20":"first","21":"instock","22":"shipping-taxable","23":"purchasable","24":"product-type-simple"},"yoast_head":"<!-- This site is optimized with the Yoast SEO plugin v23.2 - https:\/\/yoast.com\/wordpress\/plugins\/seo\/ -->\n<title>Collar Camille - Lis Joyas<\/title>\n<meta name=\"description\" content=\"Collar &quot;Camille&quot;, un complemento ideal para realzar tu atuendo y agregar un toque personal a tu estilo. Livianos como una pluma, los amar\u00e1s\" \/>\n<meta name=\"robots\" content=\"index, follow, max-snippet:-1, max-image-preview:large, max-video-preview:-1\" \/>\n<link rel=\"canonical\" href=\"https:\/\/lisjoyas.com\/es\/producto\/collar-camille\/\" \/>\n<meta property=\"og:locale\" content=\"es_ES\" \/>\n<meta property=\"og:type\" content=\"article\" \/>\n<meta property=\"og:title\" content=\"Collar Camille - Lis Joyas\" \/>\n<meta property=\"og:description\" content=\"Collar &quot;Camille&quot;, un complemento ideal para realzar tu atuendo y agregar un toque personal a tu estilo. Livianos como una pluma, los amar\u00e1s\" \/>\n<meta property=\"og:url\" content=\"https:\/\/lisjoyas.com\/es\/producto\/collar-camille\/\" \/>\n<meta property=\"og:site_name\" content=\"Lis Joyas\" \/>\n<meta property=\"article:publisher\" content=\"https:\/\/www.facebook.com\/joyascontemporaneaslis?locale=es_LA\" \/>\n<meta property=\"article:modified_time\" content=\"2024-08-16T13:48:23+00:00\" \/>\n<meta property=\"og:image\" content=\"https:\/\/lisjoyas.com\/wp-content\/uploads\/2024\/04\/collar-camille.png\" \/>\n\t<meta property=\"og:image:width\" content=\"559\" \/>\n\t<meta property=\"og:image:height\" content=\"559\" \/>\n\t<meta property=\"og:image:type\" content=\"image\/png\" \/>\n<meta name=\"twitter:card\" content=\"summary_large_image\" \/>\n<meta name=\"twitter:label1\" content=\"Tiempo de lectura\" \/>\n\t<meta name=\"twitter:data1\" content=\"4 minutos\" \/>\n<script type=\"application\/ld+json\" class=\"yoast-schema-graph\">{\"@context\":\"https:\/\/schema.org\",\"@graph\":[{\"@type\":\"WebPage\",\"@id\":\"https:\/\/lisjoyas.com\/producto\/collar-camille\/\",\"url\":\"https:\/\/lisjoyas.com\/producto\/collar-camille\/\",\"name\":\"Collar Camille - Lis Joyas\",\"isPartOf\":{\"@id\":\"https:\/\/lisjoyas.com\/#website\"},\"primaryImageOfPage\":{\"@id\":\"https:\/\/lisjoyas.com\/producto\/collar-camille\/#primaryimage\"},\"image\":{\"@id\":\"https:\/\/lisjoyas.com\/producto\/collar-camille\/#primaryimage\"},\"thumbnailUrl\":\"https:\/\/lisjoyas.com\/wp-content\/uploads\/2024\/04\/collar-camille.png\",\"datePublished\":\"2024-04-11T16:43:29+00:00\",\"dateModified\":\"2024-08-16T13:48:23+00:00\",\"description\":\"Collar \\\"Camille\\\", un complemento ideal para realzar tu atuendo y agregar un toque personal a tu estilo. Livianos como una pluma, los amar\u00e1s\",\"breadcrumb\":{\"@id\":\"https:\/\/lisjoyas.com\/producto\/collar-camille\/#breadcrumb\"},\"inLanguage\":\"es\",\"potentialAction\":[{\"@type\":\"ReadAction\",\"target\":[\"https:\/\/lisjoyas.com\/producto\/collar-camille\/\"]}]},{\"@type\":\"ImageObject\",\"inLanguage\":\"es\",\"@id\":\"https:\/\/lisjoyas.com\/producto\/collar-camille\/#primaryimage\",\"url\":\"https:\/\/lisjoyas.com\/wp-content\/uploads\/2024\/04\/collar-camille.png\",\"contentUrl\":\"https:\/\/lisjoyas.com\/wp-content\/uploads\/2024\/04\/collar-camille.png\",\"width\":559,\"height\":559},{\"@type\":\"BreadcrumbList\",\"@id\":\"https:\/\/lisjoyas.com\/producto\/collar-camille\/#breadcrumb\",\"itemListElement\":[{\"@type\":\"ListItem\",\"position\":1,\"name\":\"Portada\",\"item\":\"https:\/\/lisjoyas.com\/\"},{\"@type\":\"ListItem\",\"position\":2,\"name\":\"Tienda\",\"item\":\"https:\/\/lisjoyas.com\/tienda\/\"},{\"@type\":\"ListItem\",\"position\":3,\"name\":\"Collar Camille\"}]},{\"@type\":\"WebSite\",\"@id\":\"https:\/\/lisjoyas.com\/#website\",\"url\":\"https:\/\/lisjoyas.com\/\",\"name\":\"LIS Joyas\",\"description\":\"LIS Joyas\",\"publisher\":{\"@id\":\"https:\/\/lisjoyas.com\/#organization\"},\"potentialAction\":[{\"@type\":\"SearchAction\",\"target\":{\"@type\":\"EntryPoint\",\"urlTemplate\":\"https:\/\/lisjoyas.com\/?s={search_term_string}\"},\"query-input\":\"required name=search_term_string\"}],\"inLanguage\":\"es\"},{\"@type\":\"Organization\",\"@id\":\"https:\/\/lisjoyas.com\/#organization\",\"name\":\"Lis Joyas\",\"url\":\"https:\/\/lisjoyas.com\/\",\"logo\":{\"@type\":\"ImageObject\",\"inLanguage\":\"es\",\"@id\":\"https:\/\/lisjoyas.com\/#\/schema\/logo\/image\/\",\"url\":\"https:\/\/lisjoyas.com\/wp-content\/uploads\/2024\/04\/Lis_logo_color.svg\",\"contentUrl\":\"https:\/\/lisjoyas.com\/wp-content\/uploads\/2024\/04\/Lis_logo_color.svg\",\"width\":\"1024\",\"height\":\"1024\",\"caption\":\"Lis Joyas\"},\"image\":{\"@id\":\"https:\/\/lisjoyas.com\/#\/schema\/logo\/image\/\"},\"sameAs\":[\"https:\/\/www.facebook.com\/joyascontemporaneaslis?locale=es_LA\",\"https:\/\/www.instagram.com\/lisjoyas_\/\"]}]}<\/script>\n<!-- \/ Yoast SEO plugin. -->","yoast_head_json":{"title":"Collar Camille - Lis Joyas","description":"Collar \"Camille\", un complemento ideal para realzar tu atuendo y agregar un toque personal a tu estilo. Livianos como una pluma, los amar\u00e1s","robots":{"index":"index","follow":"follow","max-snippet":"max-snippet:-1","max-image-preview":"max-image-preview:large","max-video-preview":"max-video-preview:-1"},"canonical":"https:\/\/lisjoyas.com\/es\/producto\/collar-camille\/","og_locale":"es_ES","og_type":"article","og_title":"Collar Camille - Lis Joyas","og_description":"Collar \"Camille\", un complemento ideal para realzar tu atuendo y agregar un toque personal a tu estilo. Livianos como una pluma, los amar\u00e1s","og_url":"https:\/\/lisjoyas.com\/es\/producto\/collar-camille\/","og_site_name":"Lis Joyas","article_publisher":"https:\/\/www.facebook.com\/joyascontemporaneaslis?locale=es_LA","article_modified_time":"2024-08-16T13:48:23+00:00","og_image":[{"width":559,"height":559,"url":"https:\/\/lisjoyas.com\/wp-content\/uploads\/2024\/04\/collar-camille.png","type":"image\/png"}],"twitter_card":"summary_large_image","twitter_misc":{"Tiempo de lectura":"4 minutos"},"schema":{"@context":"https:\/\/schema.org","@graph":[{"@type":"WebPage","@id":"https:\/\/lisjoyas.com\/producto\/collar-camille\/","url":"https:\/\/lisjoyas.com\/producto\/collar-camille\/","name":"Collar Camille - Lis Joyas","isPartOf":{"@id":"https:\/\/lisjoyas.com\/#website"},"primaryImageOfPage":{"@id":"https:\/\/lisjoyas.com\/producto\/collar-camille\/#primaryimage"},"image":{"@id":"https:\/\/lisjoyas.com\/producto\/collar-camille\/#primaryimage"},"thumbnailUrl":"https:\/\/lisjoyas.com\/wp-content\/uploads\/2024\/04\/collar-camille.png","datePublished":"2024-04-11T16:43:29+00:00","dateModified":"2024-08-16T13:48:23+00:00","description":"Collar \"Camille\", un complemento ideal para realzar tu atuendo y agregar un toque personal a tu estilo. Livianos como una pluma, los amar\u00e1s","breadcrumb":{"@id":"https:\/\/lisjoyas.com\/producto\/collar-camille\/#breadcrumb"},"inLanguage":"es","potentialAction":[{"@type":"ReadAction","target":["https:\/\/lisjoyas.com\/producto\/collar-camille\/"]}]},{"@type":"ImageObject","inLanguage":"es","@id":"https:\/\/lisjoyas.com\/producto\/collar-camille\/#primaryimage","url":"https:\/\/lisjoyas.com\/wp-content\/uploads\/2024\/04\/collar-camille.png","contentUrl":"https:\/\/lisjoyas.com\/wp-content\/uploads\/2024\/04\/collar-camille.png","width":559,"height":559},{"@type":"BreadcrumbList","@id":"https:\/\/lisjoyas.com\/producto\/collar-camille\/#breadcrumb","itemListElement":[{"@type":"ListItem","position":1,"name":"Portada","item":"https:\/\/lisjoyas.com\/"},{"@type":"ListItem","position":2,"name":"Tienda","item":"https:\/\/lisjoyas.com\/tienda\/"},{"@type":"ListItem","position":3,"name":"Collar Camille"}]},{"@type":"WebSite","@id":"https:\/\/lisjoyas.com\/#website","url":"https:\/\/lisjoyas.com\/","name":"LIS Joyas","description":"LIS Joyas","publisher":{"@id":"https:\/\/lisjoyas.com\/#organization"},"potentialAction":[{"@type":"SearchAction","target":{"@type":"EntryPoint","urlTemplate":"https:\/\/lisjoyas.com\/?s={search_term_string}"},"query-input":"required name=search_term_string"}],"inLanguage":"es"},{"@type":"Organization","@id":"https:\/\/lisjoyas.com\/#organization","name":"Lis Joyas","url":"https:\/\/lisjoyas.com\/","logo":{"@type":"ImageObject","inLanguage":"es","@id":"https:\/\/lisjoyas.com\/#\/schema\/logo\/image\/","url":"https:\/\/lisjoyas.com\/wp-content\/uploads\/2024\/04\/Lis_logo_color.svg","contentUrl":"https:\/\/lisjoyas.com\/wp-content\/uploads\/2024\/04\/Lis_logo_color.svg","width":"1024","height":"1024","caption":"Lis Joyas"},"image":{"@id":"https:\/\/lisjoyas.com\/#\/schema\/logo\/image\/"},"sameAs":["https:\/\/www.facebook.com\/joyascontemporaneaslis?locale=es_LA","https:\/\/www.instagram.com\/lisjoyas_\/"]}]}},"_links":{"self":[{"href":"https:\/\/lisjoyas.com\/es\/wp-json\/wp\/v2\/product\/2091","targetHints":{"allow":["GET"]}}],"collection":[{"href":"https:\/\/lisjoyas.com\/es\/wp-json\/wp\/v2\/product"}],"about":[{"href":"https:\/\/lisjoyas.com\/es\/wp-json\/wp\/v2\/types\/product"}],"wp:featuredmedia":[{"embeddable":true,"href":"https:\/\/lisjoyas.com\/es\/wp-json\/wp\/v2\/media\/2092"}],"wp:attachment":[{"href":"https:\/\/lisjoyas.com\/es\/wp-json\/wp\/v2\/media?parent=2091"}],"wp:term":[{"taxonomy":"product_cat","embeddable":true,"href":"https:\/\/lisjoyas.com\/es\/wp-json\/wp\/v2\/product_cat?post=2091"},{"taxonomy":"product_tag","embeddable":true,"href":"https:\/\/lisjoyas.com\/es\/wp-json\/wp\/v2\/product_tag?post=2091"}],"curies":[{"name":"wp","href":"https:\/\/api.w.org\/{rel}","templated":true}]}}