{"id":2093,"date":"2024-04-11T16:44:55","date_gmt":"2024-04-11T16:44:55","guid":{"rendered":"https:\/\/lisjoyas.com\/?post_type=product&#038;p=2093"},"modified":"2025-12-29T16:38:11","modified_gmt":"2025-12-29T16:38:11","slug":"collar-eva","status":"publish","type":"product","link":"https:\/\/lisjoyas.com\/es\/producto\/collar-eva\/","title":{"rendered":"Collar Eva"},"content":{"rendered":"\n","protected":false},"excerpt":{"rendered":"<p class=\"s3\"><span class=\"s2\">Collar Eva, d<\/span><span style=\"font-weight: 400;\">escubre la elegancia incomparable de este collar, en sus dos versiones de combinaci\u00f3n de colores!<\/span><\/p>\n<p><span style=\"font-weight: 400;\">Este exquisito collar est\u00e1 confeccionado en cuero natural y presenta un dise\u00f1o de formas geom\u00e9tricas que resalta tu estilo con un toque moderno y sofisticado. Con una longitud m\u00e1xima de 60 cm, este collar se adapta perfectamente a cualquier ocasi\u00f3n y atuendo.<\/span><\/p>\n<p><span style=\"font-weight: 400;\">El cierre magn\u00e9tico garantiza un ajuste seguro y f\u00e1cil de colocar, mientras que su peso liviano lo convierte en una opci\u00f3n c\u00f3moda para llevar todo el d\u00eda. Los detalles en tono plateado\/dorado a\u00f1aden un brillo sutil pero impactante, complementando a la perfecci\u00f3n el elegante acabado dorado del collar.<\/span><\/p>\n<p><span style=\"font-weight: 400;\">Cada aspecto de este collar ha sido cuidadosamente dise\u00f1ado para ofrecerte una pieza \u00fanica que refleje tu estilo personal. Ya sea que lo uses para una salida casual o para una ocasi\u00f3n especial, el collar Eva en dorado con detalles plateados ser\u00e1 el complemento perfecto para destacar tu belleza y sofisticaci\u00f3n.<\/span><\/p>\n<p><span style=\"font-weight: 400;\">\u00a1No esperes m\u00e1s para a\u00f1adir este impresionante collar a tu colecci\u00f3n de accesorios!<\/span><\/p>\n","protected":false},"featured_media":2301,"template":"","meta":{"inline_featured_image":false,"_joinchat":[]},"product_cat":[18],"product_tag":[114,157,139,47,153,137,154,108,272,57,155,138],"class_list":{"0":"post-2093","1":"product","2":"type-product","3":"status-publish","4":"has-post-thumbnail","6":"product_cat-collares","7":"product_tag-collar","8":"product_tag-comfortable","9":"product_tag-comodo","10":"product_tag-cuero-natural","11":"product_tag-cuero-uruguayo","12":"product_tag-diseno-unico","13":"product_tag-handmade","14":"product_tag-hecho-a-mano","15":"product_tag-ligero-como-pluma","16":"product_tag-natural-leather","17":"product_tag-unique-design","18":"product_tag-versatil","20":"first","21":"instock","22":"shipping-taxable","23":"purchasable","24":"product-type-variable"},"yoast_head":"<!-- This site is optimized with the Yoast SEO plugin v23.2 - https:\/\/yoast.com\/wordpress\/plugins\/seo\/ -->\n<title>Collar Eva - Lis Joyas<\/title>\n<meta name=\"description\" content=\"Este exquisito collar est\u00e1 confeccionado en cuero natural, un dise\u00f1o de formas geom\u00e9tricas que resalta tu estilo con un toque moderno y sofisticado.\" \/>\n<meta name=\"robots\" content=\"index, follow, max-snippet:-1, max-image-preview:large, max-video-preview:-1\" \/>\n<link rel=\"canonical\" href=\"https:\/\/lisjoyas.com\/es\/producto\/collar-eva\/\" \/>\n<meta property=\"og:locale\" content=\"es_ES\" \/>\n<meta property=\"og:type\" content=\"article\" \/>\n<meta property=\"og:title\" content=\"Collar Eva - Lis Joyas\" \/>\n<meta property=\"og:description\" content=\"Este exquisito collar est\u00e1 confeccionado en cuero natural, un dise\u00f1o de formas geom\u00e9tricas que resalta tu estilo con un toque moderno y sofisticado.\" \/>\n<meta property=\"og:url\" content=\"https:\/\/lisjoyas.com\/es\/producto\/collar-eva\/\" \/>\n<meta property=\"og:site_name\" content=\"Lis Joyas\" \/>\n<meta property=\"article:publisher\" content=\"https:\/\/www.facebook.com\/joyascontemporaneaslis?locale=es_LA\" \/>\n<meta property=\"article:modified_time\" content=\"2025-12-29T16:38:11+00:00\" \/>\n<meta property=\"og:image\" content=\"https:\/\/lisjoyas.com\/wp-content\/uploads\/2024\/05\/collar-eva-plateado-scaled.jpg\" \/>\n\t<meta property=\"og:image:width\" content=\"1440\" \/>\n\t<meta property=\"og:image:height\" content=\"1920\" \/>\n\t<meta property=\"og:image:type\" content=\"image\/jpeg\" \/>\n<meta name=\"twitter:card\" content=\"summary_large_image\" \/>\n<meta name=\"twitter:label1\" content=\"Tiempo de lectura\" \/>\n\t<meta name=\"twitter:data1\" content=\"4 minutos\" \/>\n<script type=\"application\/ld+json\" class=\"yoast-schema-graph\">{\"@context\":\"https:\/\/schema.org\",\"@graph\":[{\"@type\":\"WebPage\",\"@id\":\"https:\/\/lisjoyas.com\/producto\/collar-eva\/\",\"url\":\"https:\/\/lisjoyas.com\/producto\/collar-eva\/\",\"name\":\"Collar Eva - Lis Joyas\",\"isPartOf\":{\"@id\":\"https:\/\/lisjoyas.com\/#website\"},\"primaryImageOfPage\":{\"@id\":\"https:\/\/lisjoyas.com\/producto\/collar-eva\/#primaryimage\"},\"image\":{\"@id\":\"https:\/\/lisjoyas.com\/producto\/collar-eva\/#primaryimage\"},\"thumbnailUrl\":\"https:\/\/lisjoyas.com\/wp-content\/uploads\/2024\/05\/collar-eva-plateado-scaled.jpg\",\"datePublished\":\"2024-04-11T16:44:55+00:00\",\"dateModified\":\"2025-12-29T16:38:11+00:00\",\"description\":\"Este exquisito collar est\u00e1 confeccionado en cuero natural, un dise\u00f1o de formas geom\u00e9tricas que resalta tu estilo con un toque moderno y sofisticado.\",\"breadcrumb\":{\"@id\":\"https:\/\/lisjoyas.com\/producto\/collar-eva\/#breadcrumb\"},\"inLanguage\":\"es\",\"potentialAction\":[{\"@type\":\"ReadAction\",\"target\":[\"https:\/\/lisjoyas.com\/producto\/collar-eva\/\"]}]},{\"@type\":\"ImageObject\",\"inLanguage\":\"es\",\"@id\":\"https:\/\/lisjoyas.com\/producto\/collar-eva\/#primaryimage\",\"url\":\"https:\/\/lisjoyas.com\/wp-content\/uploads\/2024\/05\/collar-eva-plateado-scaled.jpg\",\"contentUrl\":\"https:\/\/lisjoyas.com\/wp-content\/uploads\/2024\/05\/collar-eva-plateado-scaled.jpg\",\"width\":1440,\"height\":1920},{\"@type\":\"BreadcrumbList\",\"@id\":\"https:\/\/lisjoyas.com\/producto\/collar-eva\/#breadcrumb\",\"itemListElement\":[{\"@type\":\"ListItem\",\"position\":1,\"name\":\"Portada\",\"item\":\"https:\/\/lisjoyas.com\/\"},{\"@type\":\"ListItem\",\"position\":2,\"name\":\"Tienda\",\"item\":\"https:\/\/lisjoyas.com\/tienda\/\"},{\"@type\":\"ListItem\",\"position\":3,\"name\":\"Collar Eva\"}]},{\"@type\":\"WebSite\",\"@id\":\"https:\/\/lisjoyas.com\/#website\",\"url\":\"https:\/\/lisjoyas.com\/\",\"name\":\"LIS Joyas\",\"description\":\"LIS Joyas\",\"publisher\":{\"@id\":\"https:\/\/lisjoyas.com\/#organization\"},\"potentialAction\":[{\"@type\":\"SearchAction\",\"target\":{\"@type\":\"EntryPoint\",\"urlTemplate\":\"https:\/\/lisjoyas.com\/?s={search_term_string}\"},\"query-input\":\"required name=search_term_string\"}],\"inLanguage\":\"es\"},{\"@type\":\"Organization\",\"@id\":\"https:\/\/lisjoyas.com\/#organization\",\"name\":\"Lis Joyas\",\"url\":\"https:\/\/lisjoyas.com\/\",\"logo\":{\"@type\":\"ImageObject\",\"inLanguage\":\"es\",\"@id\":\"https:\/\/lisjoyas.com\/#\/schema\/logo\/image\/\",\"url\":\"https:\/\/lisjoyas.com\/wp-content\/uploads\/2024\/04\/Lis_logo_color.svg\",\"contentUrl\":\"https:\/\/lisjoyas.com\/wp-content\/uploads\/2024\/04\/Lis_logo_color.svg\",\"width\":\"1024\",\"height\":\"1024\",\"caption\":\"Lis Joyas\"},\"image\":{\"@id\":\"https:\/\/lisjoyas.com\/#\/schema\/logo\/image\/\"},\"sameAs\":[\"https:\/\/www.facebook.com\/joyascontemporaneaslis?locale=es_LA\",\"https:\/\/www.instagram.com\/lisjoyas_\/\"]}]}<\/script>\n<!-- \/ Yoast SEO plugin. -->","yoast_head_json":{"title":"Collar Eva - Lis Joyas","description":"Este exquisito collar est\u00e1 confeccionado en cuero natural, un dise\u00f1o de formas geom\u00e9tricas que resalta tu estilo con un toque moderno y sofisticado.","robots":{"index":"index","follow":"follow","max-snippet":"max-snippet:-1","max-image-preview":"max-image-preview:large","max-video-preview":"max-video-preview:-1"},"canonical":"https:\/\/lisjoyas.com\/es\/producto\/collar-eva\/","og_locale":"es_ES","og_type":"article","og_title":"Collar Eva - Lis Joyas","og_description":"Este exquisito collar est\u00e1 confeccionado en cuero natural, un dise\u00f1o de formas geom\u00e9tricas que resalta tu estilo con un toque moderno y sofisticado.","og_url":"https:\/\/lisjoyas.com\/es\/producto\/collar-eva\/","og_site_name":"Lis Joyas","article_publisher":"https:\/\/www.facebook.com\/joyascontemporaneaslis?locale=es_LA","article_modified_time":"2025-12-29T16:38:11+00:00","og_image":[{"width":1440,"height":1920,"url":"https:\/\/lisjoyas.com\/wp-content\/uploads\/2024\/05\/collar-eva-plateado-scaled.jpg","type":"image\/jpeg"}],"twitter_card":"summary_large_image","twitter_misc":{"Tiempo de lectura":"4 minutos"},"schema":{"@context":"https:\/\/schema.org","@graph":[{"@type":"WebPage","@id":"https:\/\/lisjoyas.com\/producto\/collar-eva\/","url":"https:\/\/lisjoyas.com\/producto\/collar-eva\/","name":"Collar Eva - Lis Joyas","isPartOf":{"@id":"https:\/\/lisjoyas.com\/#website"},"primaryImageOfPage":{"@id":"https:\/\/lisjoyas.com\/producto\/collar-eva\/#primaryimage"},"image":{"@id":"https:\/\/lisjoyas.com\/producto\/collar-eva\/#primaryimage"},"thumbnailUrl":"https:\/\/lisjoyas.com\/wp-content\/uploads\/2024\/05\/collar-eva-plateado-scaled.jpg","datePublished":"2024-04-11T16:44:55+00:00","dateModified":"2025-12-29T16:38:11+00:00","description":"Este exquisito collar est\u00e1 confeccionado en cuero natural, un dise\u00f1o de formas geom\u00e9tricas que resalta tu estilo con un toque moderno y sofisticado.","breadcrumb":{"@id":"https:\/\/lisjoyas.com\/producto\/collar-eva\/#breadcrumb"},"inLanguage":"es","potentialAction":[{"@type":"ReadAction","target":["https:\/\/lisjoyas.com\/producto\/collar-eva\/"]}]},{"@type":"ImageObject","inLanguage":"es","@id":"https:\/\/lisjoyas.com\/producto\/collar-eva\/#primaryimage","url":"https:\/\/lisjoyas.com\/wp-content\/uploads\/2024\/05\/collar-eva-plateado-scaled.jpg","contentUrl":"https:\/\/lisjoyas.com\/wp-content\/uploads\/2024\/05\/collar-eva-plateado-scaled.jpg","width":1440,"height":1920},{"@type":"BreadcrumbList","@id":"https:\/\/lisjoyas.com\/producto\/collar-eva\/#breadcrumb","itemListElement":[{"@type":"ListItem","position":1,"name":"Portada","item":"https:\/\/lisjoyas.com\/"},{"@type":"ListItem","position":2,"name":"Tienda","item":"https:\/\/lisjoyas.com\/tienda\/"},{"@type":"ListItem","position":3,"name":"Collar Eva"}]},{"@type":"WebSite","@id":"https:\/\/lisjoyas.com\/#website","url":"https:\/\/lisjoyas.com\/","name":"LIS Joyas","description":"LIS Joyas","publisher":{"@id":"https:\/\/lisjoyas.com\/#organization"},"potentialAction":[{"@type":"SearchAction","target":{"@type":"EntryPoint","urlTemplate":"https:\/\/lisjoyas.com\/?s={search_term_string}"},"query-input":"required name=search_term_string"}],"inLanguage":"es"},{"@type":"Organization","@id":"https:\/\/lisjoyas.com\/#organization","name":"Lis Joyas","url":"https:\/\/lisjoyas.com\/","logo":{"@type":"ImageObject","inLanguage":"es","@id":"https:\/\/lisjoyas.com\/#\/schema\/logo\/image\/","url":"https:\/\/lisjoyas.com\/wp-content\/uploads\/2024\/04\/Lis_logo_color.svg","contentUrl":"https:\/\/lisjoyas.com\/wp-content\/uploads\/2024\/04\/Lis_logo_color.svg","width":"1024","height":"1024","caption":"Lis Joyas"},"image":{"@id":"https:\/\/lisjoyas.com\/#\/schema\/logo\/image\/"},"sameAs":["https:\/\/www.facebook.com\/joyascontemporaneaslis?locale=es_LA","https:\/\/www.instagram.com\/lisjoyas_\/"]}]}},"_links":{"self":[{"href":"https:\/\/lisjoyas.com\/es\/wp-json\/wp\/v2\/product\/2093","targetHints":{"allow":["GET"]}}],"collection":[{"href":"https:\/\/lisjoyas.com\/es\/wp-json\/wp\/v2\/product"}],"about":[{"href":"https:\/\/lisjoyas.com\/es\/wp-json\/wp\/v2\/types\/product"}],"wp:featuredmedia":[{"embeddable":true,"href":"https:\/\/lisjoyas.com\/es\/wp-json\/wp\/v2\/media\/2301"}],"wp:attachment":[{"href":"https:\/\/lisjoyas.com\/es\/wp-json\/wp\/v2\/media?parent=2093"}],"wp:term":[{"taxonomy":"product_cat","embeddable":true,"href":"https:\/\/lisjoyas.com\/es\/wp-json\/wp\/v2\/product_cat?post=2093"},{"taxonomy":"product_tag","embeddable":true,"href":"https:\/\/lisjoyas.com\/es\/wp-json\/wp\/v2\/product_tag?post=2093"}],"curies":[{"name":"wp","href":"https:\/\/api.w.org\/{rel}","templated":true}]}}