{"id":2110,"date":"2024-04-11T16:51:00","date_gmt":"2024-04-11T16:51:00","guid":{"rendered":"https:\/\/lisjoyas.com\/?post_type=product&#038;p=2110"},"modified":"2025-12-29T20:10:27","modified_gmt":"2025-12-29T20:10:27","slug":"collar-sydney","status":"publish","type":"product","link":"https:\/\/lisjoyas.com\/es\/producto\/collar-sydney\/","title":{"rendered":"Collar Sydney"},"content":{"rendered":"\n","protected":false},"excerpt":{"rendered":"<p class=\"s3\"><span class=\"s4\">Collar Sydney \u00a1Explora nuestra colecci\u00f3n ahora y deja que la belleza de las flores te acompa\u00f1e Sum\u00e9rgete en la belleza natural con nuestro collar asim\u00e9trico de cuero, adornado con un impresionante dise\u00f1o!<\/span><\/p>\n<p class=\"s6\"><span class=\"s4\">Con <\/span><span class=\"s5\">25<\/span><span class=\"s4\"> cm de largo, nuestro collar de cuero natural combina la elegancia atemporal del cuero natural uruguayo con la frescura y la delicadeza de un dise\u00f1o de flores exquisito. Cada pieza est\u00e1 meticulosamente elaborada a mano, lo que garantiza una calidad excepcional y una atenci\u00f3n al detalle incomparable.<\/span><\/p>\n<p class=\"s6\"><span class=\"s4\">El dise\u00f1o de nuestro collar no solo a\u00f1ade un toque de naturaleza y frescura a tu estilo, sino que tambi\u00e9n celebra la belleza de la flora en cada detalle.<\/span><\/p>\n<p class=\"s6\"><span class=\"s4\">Ya sea que desees a\u00f1adir un toque de encanto a tu atuendo diario o complementar un look m\u00e1s sofisticado para una ocasi\u00f3n especial, nuestro collar asim\u00e9trico de cuero natural con dise\u00f1o de flores es la elecci\u00f3n perfecta. Comb\u00ednalo con cualquier conjunto para un toque de elegancia instant\u00e1nea y un estilo que nunca pasa de moda.<\/span><\/p>\n","protected":false},"featured_media":2114,"template":"","meta":{"inline_featured_image":false,"_joinchat":[]},"product_cat":[18],"product_tag":[114,157,139,47,137,154,108,57,155,136,138,156],"class_list":{"0":"post-2110","1":"product","2":"type-product","3":"status-publish","4":"has-post-thumbnail","6":"product_cat-collares","7":"product_tag-collar","8":"product_tag-comfortable","9":"product_tag-comodo","10":"product_tag-cuero-natural","11":"product_tag-diseno-unico","12":"product_tag-handmade","13":"product_tag-hecho-a-mano","14":"product_tag-natural-leather","15":"product_tag-unique-design","16":"product_tag-uruguay","17":"product_tag-versatil","18":"product_tag-versatile","20":"first","21":"instock","22":"shipping-taxable","23":"purchasable","24":"product-type-variable"},"yoast_head":"<!-- This site is optimized with the Yoast SEO plugin v23.2 - https:\/\/yoast.com\/wordpress\/plugins\/seo\/ -->\n<title>Collar Sydney - Lis Joyas<\/title>\n<meta name=\"description\" content=\"Nuestro collar de cuero natural combina la elegancia atemporal del cuero natural uruguayo con la frescura y la delicadeza de un dise\u00f1o de flores exquisito.\" \/>\n<meta name=\"robots\" content=\"index, follow, max-snippet:-1, max-image-preview:large, max-video-preview:-1\" \/>\n<link rel=\"canonical\" href=\"https:\/\/lisjoyas.com\/es\/producto\/collar-sydney\/\" \/>\n<meta property=\"og:locale\" content=\"es_ES\" \/>\n<meta property=\"og:type\" content=\"article\" \/>\n<meta property=\"og:title\" content=\"Collar Sydney - Lis Joyas\" \/>\n<meta property=\"og:description\" content=\"Nuestro collar de cuero natural combina la elegancia atemporal del cuero natural uruguayo con la frescura y la delicadeza de un dise\u00f1o de flores exquisito.\" \/>\n<meta property=\"og:url\" content=\"https:\/\/lisjoyas.com\/es\/producto\/collar-sydney\/\" \/>\n<meta property=\"og:site_name\" content=\"Lis Joyas\" \/>\n<meta property=\"article:publisher\" content=\"https:\/\/www.facebook.com\/joyascontemporaneaslis?locale=es_LA\" \/>\n<meta property=\"article:modified_time\" content=\"2025-12-29T20:10:27+00:00\" \/>\n<meta property=\"og:image\" content=\"https:\/\/lisjoyas.com\/wp-content\/uploads\/2024\/04\/collar-sydney-1.jpg\" \/>\n\t<meta property=\"og:image:width\" content=\"1125\" \/>\n\t<meta property=\"og:image:height\" content=\"1493\" \/>\n\t<meta property=\"og:image:type\" content=\"image\/jpeg\" \/>\n<meta name=\"twitter:card\" content=\"summary_large_image\" \/>\n<meta name=\"twitter:label1\" content=\"Tiempo de lectura\" \/>\n\t<meta name=\"twitter:data1\" content=\"4 minutos\" \/>\n<script type=\"application\/ld+json\" class=\"yoast-schema-graph\">{\"@context\":\"https:\/\/schema.org\",\"@graph\":[{\"@type\":\"WebPage\",\"@id\":\"https:\/\/lisjoyas.com\/producto\/collar-sydney\/\",\"url\":\"https:\/\/lisjoyas.com\/producto\/collar-sydney\/\",\"name\":\"Collar Sydney - Lis Joyas\",\"isPartOf\":{\"@id\":\"https:\/\/lisjoyas.com\/#website\"},\"primaryImageOfPage\":{\"@id\":\"https:\/\/lisjoyas.com\/producto\/collar-sydney\/#primaryimage\"},\"image\":{\"@id\":\"https:\/\/lisjoyas.com\/producto\/collar-sydney\/#primaryimage\"},\"thumbnailUrl\":\"https:\/\/lisjoyas.com\/wp-content\/uploads\/2024\/04\/collar-sydney-1.jpg\",\"datePublished\":\"2024-04-11T16:51:00+00:00\",\"dateModified\":\"2025-12-29T20:10:27+00:00\",\"description\":\"Nuestro collar de cuero natural combina la elegancia atemporal del cuero natural uruguayo con la frescura y la delicadeza de un dise\u00f1o de flores exquisito.\",\"breadcrumb\":{\"@id\":\"https:\/\/lisjoyas.com\/producto\/collar-sydney\/#breadcrumb\"},\"inLanguage\":\"es\",\"potentialAction\":[{\"@type\":\"ReadAction\",\"target\":[\"https:\/\/lisjoyas.com\/producto\/collar-sydney\/\"]}]},{\"@type\":\"ImageObject\",\"inLanguage\":\"es\",\"@id\":\"https:\/\/lisjoyas.com\/producto\/collar-sydney\/#primaryimage\",\"url\":\"https:\/\/lisjoyas.com\/wp-content\/uploads\/2024\/04\/collar-sydney-1.jpg\",\"contentUrl\":\"https:\/\/lisjoyas.com\/wp-content\/uploads\/2024\/04\/collar-sydney-1.jpg\",\"width\":1125,\"height\":1493},{\"@type\":\"BreadcrumbList\",\"@id\":\"https:\/\/lisjoyas.com\/producto\/collar-sydney\/#breadcrumb\",\"itemListElement\":[{\"@type\":\"ListItem\",\"position\":1,\"name\":\"Portada\",\"item\":\"https:\/\/lisjoyas.com\/\"},{\"@type\":\"ListItem\",\"position\":2,\"name\":\"Tienda\",\"item\":\"https:\/\/lisjoyas.com\/tienda\/\"},{\"@type\":\"ListItem\",\"position\":3,\"name\":\"Collar Sydney\"}]},{\"@type\":\"WebSite\",\"@id\":\"https:\/\/lisjoyas.com\/#website\",\"url\":\"https:\/\/lisjoyas.com\/\",\"name\":\"LIS Joyas\",\"description\":\"LIS Joyas\",\"publisher\":{\"@id\":\"https:\/\/lisjoyas.com\/#organization\"},\"potentialAction\":[{\"@type\":\"SearchAction\",\"target\":{\"@type\":\"EntryPoint\",\"urlTemplate\":\"https:\/\/lisjoyas.com\/?s={search_term_string}\"},\"query-input\":\"required name=search_term_string\"}],\"inLanguage\":\"es\"},{\"@type\":\"Organization\",\"@id\":\"https:\/\/lisjoyas.com\/#organization\",\"name\":\"Lis Joyas\",\"url\":\"https:\/\/lisjoyas.com\/\",\"logo\":{\"@type\":\"ImageObject\",\"inLanguage\":\"es\",\"@id\":\"https:\/\/lisjoyas.com\/#\/schema\/logo\/image\/\",\"url\":\"https:\/\/lisjoyas.com\/wp-content\/uploads\/2024\/04\/Lis_logo_color.svg\",\"contentUrl\":\"https:\/\/lisjoyas.com\/wp-content\/uploads\/2024\/04\/Lis_logo_color.svg\",\"width\":\"1024\",\"height\":\"1024\",\"caption\":\"Lis Joyas\"},\"image\":{\"@id\":\"https:\/\/lisjoyas.com\/#\/schema\/logo\/image\/\"},\"sameAs\":[\"https:\/\/www.facebook.com\/joyascontemporaneaslis?locale=es_LA\",\"https:\/\/www.instagram.com\/lisjoyas_\/\"]}]}<\/script>\n<!-- \/ Yoast SEO plugin. -->","yoast_head_json":{"title":"Collar Sydney - Lis Joyas","description":"Nuestro collar de cuero natural combina la elegancia atemporal del cuero natural uruguayo con la frescura y la delicadeza de un dise\u00f1o de flores exquisito.","robots":{"index":"index","follow":"follow","max-snippet":"max-snippet:-1","max-image-preview":"max-image-preview:large","max-video-preview":"max-video-preview:-1"},"canonical":"https:\/\/lisjoyas.com\/es\/producto\/collar-sydney\/","og_locale":"es_ES","og_type":"article","og_title":"Collar Sydney - Lis Joyas","og_description":"Nuestro collar de cuero natural combina la elegancia atemporal del cuero natural uruguayo con la frescura y la delicadeza de un dise\u00f1o de flores exquisito.","og_url":"https:\/\/lisjoyas.com\/es\/producto\/collar-sydney\/","og_site_name":"Lis Joyas","article_publisher":"https:\/\/www.facebook.com\/joyascontemporaneaslis?locale=es_LA","article_modified_time":"2025-12-29T20:10:27+00:00","og_image":[{"width":1125,"height":1493,"url":"https:\/\/lisjoyas.com\/wp-content\/uploads\/2024\/04\/collar-sydney-1.jpg","type":"image\/jpeg"}],"twitter_card":"summary_large_image","twitter_misc":{"Tiempo de lectura":"4 minutos"},"schema":{"@context":"https:\/\/schema.org","@graph":[{"@type":"WebPage","@id":"https:\/\/lisjoyas.com\/producto\/collar-sydney\/","url":"https:\/\/lisjoyas.com\/producto\/collar-sydney\/","name":"Collar Sydney - Lis Joyas","isPartOf":{"@id":"https:\/\/lisjoyas.com\/#website"},"primaryImageOfPage":{"@id":"https:\/\/lisjoyas.com\/producto\/collar-sydney\/#primaryimage"},"image":{"@id":"https:\/\/lisjoyas.com\/producto\/collar-sydney\/#primaryimage"},"thumbnailUrl":"https:\/\/lisjoyas.com\/wp-content\/uploads\/2024\/04\/collar-sydney-1.jpg","datePublished":"2024-04-11T16:51:00+00:00","dateModified":"2025-12-29T20:10:27+00:00","description":"Nuestro collar de cuero natural combina la elegancia atemporal del cuero natural uruguayo con la frescura y la delicadeza de un dise\u00f1o de flores exquisito.","breadcrumb":{"@id":"https:\/\/lisjoyas.com\/producto\/collar-sydney\/#breadcrumb"},"inLanguage":"es","potentialAction":[{"@type":"ReadAction","target":["https:\/\/lisjoyas.com\/producto\/collar-sydney\/"]}]},{"@type":"ImageObject","inLanguage":"es","@id":"https:\/\/lisjoyas.com\/producto\/collar-sydney\/#primaryimage","url":"https:\/\/lisjoyas.com\/wp-content\/uploads\/2024\/04\/collar-sydney-1.jpg","contentUrl":"https:\/\/lisjoyas.com\/wp-content\/uploads\/2024\/04\/collar-sydney-1.jpg","width":1125,"height":1493},{"@type":"BreadcrumbList","@id":"https:\/\/lisjoyas.com\/producto\/collar-sydney\/#breadcrumb","itemListElement":[{"@type":"ListItem","position":1,"name":"Portada","item":"https:\/\/lisjoyas.com\/"},{"@type":"ListItem","position":2,"name":"Tienda","item":"https:\/\/lisjoyas.com\/tienda\/"},{"@type":"ListItem","position":3,"name":"Collar Sydney"}]},{"@type":"WebSite","@id":"https:\/\/lisjoyas.com\/#website","url":"https:\/\/lisjoyas.com\/","name":"LIS Joyas","description":"LIS Joyas","publisher":{"@id":"https:\/\/lisjoyas.com\/#organization"},"potentialAction":[{"@type":"SearchAction","target":{"@type":"EntryPoint","urlTemplate":"https:\/\/lisjoyas.com\/?s={search_term_string}"},"query-input":"required name=search_term_string"}],"inLanguage":"es"},{"@type":"Organization","@id":"https:\/\/lisjoyas.com\/#organization","name":"Lis Joyas","url":"https:\/\/lisjoyas.com\/","logo":{"@type":"ImageObject","inLanguage":"es","@id":"https:\/\/lisjoyas.com\/#\/schema\/logo\/image\/","url":"https:\/\/lisjoyas.com\/wp-content\/uploads\/2024\/04\/Lis_logo_color.svg","contentUrl":"https:\/\/lisjoyas.com\/wp-content\/uploads\/2024\/04\/Lis_logo_color.svg","width":"1024","height":"1024","caption":"Lis Joyas"},"image":{"@id":"https:\/\/lisjoyas.com\/#\/schema\/logo\/image\/"},"sameAs":["https:\/\/www.facebook.com\/joyascontemporaneaslis?locale=es_LA","https:\/\/www.instagram.com\/lisjoyas_\/"]}]}},"_links":{"self":[{"href":"https:\/\/lisjoyas.com\/es\/wp-json\/wp\/v2\/product\/2110","targetHints":{"allow":["GET"]}}],"collection":[{"href":"https:\/\/lisjoyas.com\/es\/wp-json\/wp\/v2\/product"}],"about":[{"href":"https:\/\/lisjoyas.com\/es\/wp-json\/wp\/v2\/types\/product"}],"wp:featuredmedia":[{"embeddable":true,"href":"https:\/\/lisjoyas.com\/es\/wp-json\/wp\/v2\/media\/2114"}],"wp:attachment":[{"href":"https:\/\/lisjoyas.com\/es\/wp-json\/wp\/v2\/media?parent=2110"}],"wp:term":[{"taxonomy":"product_cat","embeddable":true,"href":"https:\/\/lisjoyas.com\/es\/wp-json\/wp\/v2\/product_cat?post=2110"},{"taxonomy":"product_tag","embeddable":true,"href":"https:\/\/lisjoyas.com\/es\/wp-json\/wp\/v2\/product_tag?post=2110"}],"curies":[{"name":"wp","href":"https:\/\/api.w.org\/{rel}","templated":true}]}}