{"id":2139,"date":"2024-04-11T20:09:36","date_gmt":"2024-04-11T20:09:36","guid":{"rendered":"https:\/\/lisjoyas.com\/?post_type=product&#038;p=2139"},"modified":"2026-04-16T14:24:53","modified_gmt":"2026-04-16T14:24:53","slug":"conjunto-cleo","status":"publish","type":"product","link":"https:\/\/lisjoyas.com\/es\/producto\/conjunto-cleo\/","title":{"rendered":"Conjunto Cleo"},"content":{"rendered":"\n","protected":false},"excerpt":{"rendered":"<p><span style=\"font-weight: 400;\">\u00a1Explora nuestro exclusivo conjunto de dos piezas inspirado en la majestuosidad de Cleopatra! Presentamos nuestro collar y brazalete &#8216;Cleo&#8217;, dise\u00f1ados con elegancia y pensados para realzar tu belleza como la legendaria reina del Nilo. Cada pieza ha sido cuidadosamente cortada a l\u00e1ser para garantizar un acabado impecable y una precisi\u00f3n extraordinaria. Sum\u00e9rgete en la historia y la sofisticaci\u00f3n con este conjunto que evoca la esencia misma de la realeza. \u00a1Haz una declaraci\u00f3n de estilo con nuestro collar y brazalete &#8216;Cleopatra&#8217; y deja que tu elegancia brille con un toque de historia!\u00bb<\/span><\/p>\n<p>Llevando las dos piezas tenes un 10% de descuento <a href=\"https:\/\/lisjoyas.com\/producto\/brazalete-cleo\/\">Brazalete Cleo<\/a>\u00a0\u00a0<a href=\"https:\/\/lisjoyas.com\/producto\/collar-cleo\/\">Collar Cleo<\/a><\/p>\n","protected":false},"featured_media":3712,"template":"","meta":{"inline_featured_image":false,"_joinchat":[]},"product_cat":[22],"product_tag":[63,66,80,79,76,74,61,75,70,77,73,64,68,62,71,67,65,78,69],"class_list":{"0":"post-2139","1":"product","2":"type-product","3":"status-publish","4":"has-post-thumbnail","6":"product_cat-conjuntos","7":"product_tag-accesorios-elegantes","8":"product_tag-accesorios-exclusivos","9":"product_tag-cleopatra-style","10":"product_tag-cleopatra-inspired-design","11":"product_tag-collar-y-brazalete","12":"product_tag-conjunto-de-dos-piezas","13":"product_tag-corte-a-laser","14":"product_tag-diseno-inspirado-en-cleopatra","15":"product_tag-elegant-accessories","16":"product_tag-estilo-cleopatra","17":"product_tag-exclusive-accessories","18":"product_tag-joyeria-moderna","19":"product_tag-laser-cut","20":"product_tag-moda-femenina","21":"product_tag-modern-jewelry","22":"product_tag-necklace-and-bracelet","23":"product_tag-tendencias-en-accesorios","24":"product_tag-two-piece-set","25":"product_tag-womens-fashion","27":"first","28":"instock","29":"shipping-taxable","30":"purchasable","31":"product-type-variable"},"yoast_head":"<!-- This site is optimized with the Yoast SEO plugin v23.2 - https:\/\/yoast.com\/wordpress\/plugins\/seo\/ -->\n<title>Conjunto Cleo - Lis Joyas<\/title>\n<meta name=\"description\" content=\"Conjunto Cleo un juego de accesorios que complementa tu look de forma \u00fanica! en cuero natural 100% uruguayo es una joya contempor\u00e1nea que te encantar\u00e1\" \/>\n<meta name=\"robots\" content=\"index, follow, max-snippet:-1, max-image-preview:large, max-video-preview:-1\" \/>\n<link rel=\"canonical\" href=\"https:\/\/lisjoyas.com\/es\/producto\/conjunto-cleo\/\" \/>\n<meta property=\"og:locale\" content=\"es_ES\" \/>\n<meta property=\"og:type\" content=\"article\" \/>\n<meta property=\"og:title\" content=\"Conjunto Cleo - Lis Joyas\" \/>\n<meta property=\"og:description\" content=\"Conjunto Cleo un juego de accesorios que complementa tu look de forma \u00fanica! en cuero natural 100% uruguayo es una joya contempor\u00e1nea que te encantar\u00e1\" \/>\n<meta property=\"og:url\" content=\"https:\/\/lisjoyas.com\/es\/producto\/conjunto-cleo\/\" \/>\n<meta property=\"og:site_name\" content=\"Lis Joyas\" \/>\n<meta property=\"article:publisher\" content=\"https:\/\/www.facebook.com\/joyascontemporaneaslis?locale=es_LA\" \/>\n<meta property=\"article:modified_time\" content=\"2026-04-16T14:24:53+00:00\" \/>\n<meta property=\"og:image\" content=\"https:\/\/lisjoyas.com\/wp-content\/uploads\/2024\/04\/conj-cleo1.jpg\" \/>\n\t<meta property=\"og:image:width\" content=\"500\" \/>\n\t<meta property=\"og:image:height\" content=\"446\" \/>\n\t<meta property=\"og:image:type\" content=\"image\/jpeg\" \/>\n<meta name=\"twitter:card\" content=\"summary_large_image\" \/>\n<meta name=\"twitter:label1\" content=\"Tiempo de lectura\" \/>\n\t<meta name=\"twitter:data1\" content=\"4 minutos\" \/>\n<script type=\"application\/ld+json\" class=\"yoast-schema-graph\">{\"@context\":\"https:\/\/schema.org\",\"@graph\":[{\"@type\":\"WebPage\",\"@id\":\"https:\/\/lisjoyas.com\/producto\/conjunto-cleo\/\",\"url\":\"https:\/\/lisjoyas.com\/producto\/conjunto-cleo\/\",\"name\":\"Conjunto Cleo - Lis Joyas\",\"isPartOf\":{\"@id\":\"https:\/\/lisjoyas.com\/#website\"},\"primaryImageOfPage\":{\"@id\":\"https:\/\/lisjoyas.com\/producto\/conjunto-cleo\/#primaryimage\"},\"image\":{\"@id\":\"https:\/\/lisjoyas.com\/producto\/conjunto-cleo\/#primaryimage\"},\"thumbnailUrl\":\"https:\/\/lisjoyas.com\/wp-content\/uploads\/2024\/04\/conj-cleo1.jpg\",\"datePublished\":\"2024-04-11T20:09:36+00:00\",\"dateModified\":\"2026-04-16T14:24:53+00:00\",\"description\":\"Conjunto Cleo un juego de accesorios que complementa tu look de forma \u00fanica! en cuero natural 100% uruguayo es una joya contempor\u00e1nea que te encantar\u00e1\",\"breadcrumb\":{\"@id\":\"https:\/\/lisjoyas.com\/producto\/conjunto-cleo\/#breadcrumb\"},\"inLanguage\":\"es\",\"potentialAction\":[{\"@type\":\"ReadAction\",\"target\":[\"https:\/\/lisjoyas.com\/producto\/conjunto-cleo\/\"]}]},{\"@type\":\"ImageObject\",\"inLanguage\":\"es\",\"@id\":\"https:\/\/lisjoyas.com\/producto\/conjunto-cleo\/#primaryimage\",\"url\":\"https:\/\/lisjoyas.com\/wp-content\/uploads\/2024\/04\/conj-cleo1.jpg\",\"contentUrl\":\"https:\/\/lisjoyas.com\/wp-content\/uploads\/2024\/04\/conj-cleo1.jpg\",\"width\":500,\"height\":446},{\"@type\":\"BreadcrumbList\",\"@id\":\"https:\/\/lisjoyas.com\/producto\/conjunto-cleo\/#breadcrumb\",\"itemListElement\":[{\"@type\":\"ListItem\",\"position\":1,\"name\":\"Portada\",\"item\":\"https:\/\/lisjoyas.com\/\"},{\"@type\":\"ListItem\",\"position\":2,\"name\":\"Tienda\",\"item\":\"https:\/\/lisjoyas.com\/tienda\/\"},{\"@type\":\"ListItem\",\"position\":3,\"name\":\"Conjunto Cleo\"}]},{\"@type\":\"WebSite\",\"@id\":\"https:\/\/lisjoyas.com\/#website\",\"url\":\"https:\/\/lisjoyas.com\/\",\"name\":\"LIS Joyas\",\"description\":\"LIS Joyas\",\"publisher\":{\"@id\":\"https:\/\/lisjoyas.com\/#organization\"},\"potentialAction\":[{\"@type\":\"SearchAction\",\"target\":{\"@type\":\"EntryPoint\",\"urlTemplate\":\"https:\/\/lisjoyas.com\/?s={search_term_string}\"},\"query-input\":\"required name=search_term_string\"}],\"inLanguage\":\"es\"},{\"@type\":\"Organization\",\"@id\":\"https:\/\/lisjoyas.com\/#organization\",\"name\":\"Lis Joyas\",\"url\":\"https:\/\/lisjoyas.com\/\",\"logo\":{\"@type\":\"ImageObject\",\"inLanguage\":\"es\",\"@id\":\"https:\/\/lisjoyas.com\/#\/schema\/logo\/image\/\",\"url\":\"https:\/\/lisjoyas.com\/wp-content\/uploads\/2024\/04\/Lis_logo_color.svg\",\"contentUrl\":\"https:\/\/lisjoyas.com\/wp-content\/uploads\/2024\/04\/Lis_logo_color.svg\",\"width\":\"1024\",\"height\":\"1024\",\"caption\":\"Lis Joyas\"},\"image\":{\"@id\":\"https:\/\/lisjoyas.com\/#\/schema\/logo\/image\/\"},\"sameAs\":[\"https:\/\/www.facebook.com\/joyascontemporaneaslis?locale=es_LA\",\"https:\/\/www.instagram.com\/lisjoyas_\/\"]}]}<\/script>\n<!-- \/ Yoast SEO plugin. -->","yoast_head_json":{"title":"Conjunto Cleo - Lis Joyas","description":"Conjunto Cleo un juego de accesorios que complementa tu look de forma \u00fanica! en cuero natural 100% uruguayo es una joya contempor\u00e1nea que te encantar\u00e1","robots":{"index":"index","follow":"follow","max-snippet":"max-snippet:-1","max-image-preview":"max-image-preview:large","max-video-preview":"max-video-preview:-1"},"canonical":"https:\/\/lisjoyas.com\/es\/producto\/conjunto-cleo\/","og_locale":"es_ES","og_type":"article","og_title":"Conjunto Cleo - Lis Joyas","og_description":"Conjunto Cleo un juego de accesorios que complementa tu look de forma \u00fanica! en cuero natural 100% uruguayo es una joya contempor\u00e1nea que te encantar\u00e1","og_url":"https:\/\/lisjoyas.com\/es\/producto\/conjunto-cleo\/","og_site_name":"Lis Joyas","article_publisher":"https:\/\/www.facebook.com\/joyascontemporaneaslis?locale=es_LA","article_modified_time":"2026-04-16T14:24:53+00:00","og_image":[{"width":500,"height":446,"url":"https:\/\/lisjoyas.com\/wp-content\/uploads\/2024\/04\/conj-cleo1.jpg","type":"image\/jpeg"}],"twitter_card":"summary_large_image","twitter_misc":{"Tiempo de lectura":"4 minutos"},"schema":{"@context":"https:\/\/schema.org","@graph":[{"@type":"WebPage","@id":"https:\/\/lisjoyas.com\/producto\/conjunto-cleo\/","url":"https:\/\/lisjoyas.com\/producto\/conjunto-cleo\/","name":"Conjunto Cleo - Lis Joyas","isPartOf":{"@id":"https:\/\/lisjoyas.com\/#website"},"primaryImageOfPage":{"@id":"https:\/\/lisjoyas.com\/producto\/conjunto-cleo\/#primaryimage"},"image":{"@id":"https:\/\/lisjoyas.com\/producto\/conjunto-cleo\/#primaryimage"},"thumbnailUrl":"https:\/\/lisjoyas.com\/wp-content\/uploads\/2024\/04\/conj-cleo1.jpg","datePublished":"2024-04-11T20:09:36+00:00","dateModified":"2026-04-16T14:24:53+00:00","description":"Conjunto Cleo un juego de accesorios que complementa tu look de forma \u00fanica! en cuero natural 100% uruguayo es una joya contempor\u00e1nea que te encantar\u00e1","breadcrumb":{"@id":"https:\/\/lisjoyas.com\/producto\/conjunto-cleo\/#breadcrumb"},"inLanguage":"es","potentialAction":[{"@type":"ReadAction","target":["https:\/\/lisjoyas.com\/producto\/conjunto-cleo\/"]}]},{"@type":"ImageObject","inLanguage":"es","@id":"https:\/\/lisjoyas.com\/producto\/conjunto-cleo\/#primaryimage","url":"https:\/\/lisjoyas.com\/wp-content\/uploads\/2024\/04\/conj-cleo1.jpg","contentUrl":"https:\/\/lisjoyas.com\/wp-content\/uploads\/2024\/04\/conj-cleo1.jpg","width":500,"height":446},{"@type":"BreadcrumbList","@id":"https:\/\/lisjoyas.com\/producto\/conjunto-cleo\/#breadcrumb","itemListElement":[{"@type":"ListItem","position":1,"name":"Portada","item":"https:\/\/lisjoyas.com\/"},{"@type":"ListItem","position":2,"name":"Tienda","item":"https:\/\/lisjoyas.com\/tienda\/"},{"@type":"ListItem","position":3,"name":"Conjunto Cleo"}]},{"@type":"WebSite","@id":"https:\/\/lisjoyas.com\/#website","url":"https:\/\/lisjoyas.com\/","name":"LIS Joyas","description":"LIS Joyas","publisher":{"@id":"https:\/\/lisjoyas.com\/#organization"},"potentialAction":[{"@type":"SearchAction","target":{"@type":"EntryPoint","urlTemplate":"https:\/\/lisjoyas.com\/?s={search_term_string}"},"query-input":"required name=search_term_string"}],"inLanguage":"es"},{"@type":"Organization","@id":"https:\/\/lisjoyas.com\/#organization","name":"Lis Joyas","url":"https:\/\/lisjoyas.com\/","logo":{"@type":"ImageObject","inLanguage":"es","@id":"https:\/\/lisjoyas.com\/#\/schema\/logo\/image\/","url":"https:\/\/lisjoyas.com\/wp-content\/uploads\/2024\/04\/Lis_logo_color.svg","contentUrl":"https:\/\/lisjoyas.com\/wp-content\/uploads\/2024\/04\/Lis_logo_color.svg","width":"1024","height":"1024","caption":"Lis Joyas"},"image":{"@id":"https:\/\/lisjoyas.com\/#\/schema\/logo\/image\/"},"sameAs":["https:\/\/www.facebook.com\/joyascontemporaneaslis?locale=es_LA","https:\/\/www.instagram.com\/lisjoyas_\/"]}]}},"_links":{"self":[{"href":"https:\/\/lisjoyas.com\/es\/wp-json\/wp\/v2\/product\/2139","targetHints":{"allow":["GET"]}}],"collection":[{"href":"https:\/\/lisjoyas.com\/es\/wp-json\/wp\/v2\/product"}],"about":[{"href":"https:\/\/lisjoyas.com\/es\/wp-json\/wp\/v2\/types\/product"}],"wp:featuredmedia":[{"embeddable":true,"href":"https:\/\/lisjoyas.com\/es\/wp-json\/wp\/v2\/media\/3712"}],"wp:attachment":[{"href":"https:\/\/lisjoyas.com\/es\/wp-json\/wp\/v2\/media?parent=2139"}],"wp:term":[{"taxonomy":"product_cat","embeddable":true,"href":"https:\/\/lisjoyas.com\/es\/wp-json\/wp\/v2\/product_cat?post=2139"},{"taxonomy":"product_tag","embeddable":true,"href":"https:\/\/lisjoyas.com\/es\/wp-json\/wp\/v2\/product_tag?post=2139"}],"curies":[{"name":"wp","href":"https:\/\/api.w.org\/{rel}","templated":true}]}}