{"id":2553,"date":"2024-05-02T14:30:55","date_gmt":"2024-05-02T14:30:55","guid":{"rendered":"https:\/\/lisjoyas.com\/?post_type=product&#038;p=2553"},"modified":"2024-08-16T17:16:36","modified_gmt":"2024-08-16T17:16:36","slug":"brazalete-donatella","status":"publish","type":"product","link":"https:\/\/lisjoyas.com\/es\/producto\/brazalete-donatella\/","title":{"rendered":"Brazalete Donatella"},"content":{"rendered":"\n","protected":false},"excerpt":{"rendered":"<p><span style=\"font-weight: 400;\">Brazalete Donatella, descubre nuestra exclusiva colecci\u00f3n de brazaletes minimalistas, verdaderas joyas contempor\u00e1neas elaboradas con cuero natural uruguayo de primera calidad. Este refinado accesorio combina la simplicidad del dise\u00f1o con la elegancia atemporal.<\/span><\/p>\n<p><span style=\"font-weight: 400;\">Con una hebilla \u00fanica, de forma redonda o cuadrada, fusiona cuero y metal, cada brazalete es una expresi\u00f3n de versatilidad y estilo. Con una anchura de 4 cm, este detalle de moda es una declaraci\u00f3n de sofisticaci\u00f3n sutil pero impactante.<\/span><\/p>\n<p><span style=\"font-weight: 400;\">Cada pieza es meticulosamente confeccionada a mano en nuestros talleres, garantizando la excelencia en cada detalle. Desde la cuidadosa selecci\u00f3n de materiales hasta el proceso de fabricaci\u00f3n, nuestra pasi\u00f3n por la perfecci\u00f3n se refleja en cada brazalete que creamos.<\/span><\/p>\n<p><span style=\"font-weight: 400;\">A\u00f1ade un toque de elegancia moderna a tu estilo con nuestra colecci\u00f3n de brazaletes minimalistas. Explora ahora y descubre la belleza y la artesan\u00eda detr\u00e1s de nuestras joyas contempor\u00e1neas en cuero uruguayo.<\/span><\/p>\n","protected":false},"featured_media":2564,"template":"","meta":{"inline_featured_image":false,"_joinchat":[]},"product_cat":[17],"product_tag":[173,183,37,174,176,177,170,64,171,179,232,172,175],"class_list":{"0":"post-2553","1":"product","2":"type-product","3":"status-publish","4":"has-post-thumbnail","6":"product_cat-brazaletes","7":"product_tag-accesorios-de-vanguardia-modern-jewelry","8":"product_tag-brazalete-con-hebilla","9":"product_tag-collares-de-cuero-natural-uruguayo","10":"product_tag-contemporary-design","11":"product_tag-current-trends","12":"product_tag-cutting-edge-accessories","13":"product_tag-diseno-contemporaneo","14":"product_tag-joyeria-moderna","15":"product_tag-piezas-unicas","16":"product_tag-pulseras","17":"product_tag-regalos","18":"product_tag-tendencias-actuales","19":"product_tag-unique-pieces","21":"first","22":"instock","23":"shipping-taxable","24":"purchasable","25":"product-type-variable"},"yoast_head":"<!-- This site is optimized with the Yoast SEO plugin v23.2 - https:\/\/yoast.com\/wordpress\/plugins\/seo\/ -->\n<title>Brazalete Donatella - Lis Joyas<\/title>\n<meta name=\"description\" content=\"Brazalete Donatella. Una hebilla \u00fanica que fusiona cuero y metal, cada brazalete es una expresi\u00f3n de versatilidad y estilo Ideal para regalar es talle \u00fanico\" \/>\n<meta name=\"robots\" content=\"index, follow, max-snippet:-1, max-image-preview:large, max-video-preview:-1\" \/>\n<link rel=\"canonical\" href=\"https:\/\/lisjoyas.com\/es\/producto\/brazalete-donatella\/\" \/>\n<meta property=\"og:locale\" content=\"es_ES\" \/>\n<meta property=\"og:type\" content=\"article\" \/>\n<meta property=\"og:title\" content=\"Brazalete Donatella - Lis Joyas\" \/>\n<meta property=\"og:description\" content=\"Brazalete Donatella. Una hebilla \u00fanica que fusiona cuero y metal, cada brazalete es una expresi\u00f3n de versatilidad y estilo Ideal para regalar es talle \u00fanico\" \/>\n<meta property=\"og:url\" content=\"https:\/\/lisjoyas.com\/es\/producto\/brazalete-donatella\/\" \/>\n<meta property=\"og:site_name\" content=\"Lis Joyas\" \/>\n<meta property=\"article:publisher\" content=\"https:\/\/www.facebook.com\/joyascontemporaneaslis?locale=es_LA\" \/>\n<meta property=\"article:modified_time\" content=\"2024-08-16T17:16:36+00:00\" \/>\n<meta property=\"og:image\" content=\"https:\/\/lisjoyas.com\/wp-content\/uploads\/2024\/05\/brazalete-donatella.jpg\" \/>\n\t<meta property=\"og:image:width\" content=\"500\" \/>\n\t<meta property=\"og:image:height\" content=\"500\" \/>\n\t<meta property=\"og:image:type\" content=\"image\/jpeg\" \/>\n<meta name=\"twitter:card\" content=\"summary_large_image\" \/>\n<meta name=\"twitter:label1\" content=\"Tiempo de lectura\" \/>\n\t<meta name=\"twitter:data1\" content=\"3 minutos\" \/>\n<script type=\"application\/ld+json\" class=\"yoast-schema-graph\">{\"@context\":\"https:\/\/schema.org\",\"@graph\":[{\"@type\":\"WebPage\",\"@id\":\"https:\/\/lisjoyas.com\/producto\/brazalete-donatella\/\",\"url\":\"https:\/\/lisjoyas.com\/producto\/brazalete-donatella\/\",\"name\":\"Brazalete Donatella - Lis Joyas\",\"isPartOf\":{\"@id\":\"https:\/\/lisjoyas.com\/#website\"},\"primaryImageOfPage\":{\"@id\":\"https:\/\/lisjoyas.com\/producto\/brazalete-donatella\/#primaryimage\"},\"image\":{\"@id\":\"https:\/\/lisjoyas.com\/producto\/brazalete-donatella\/#primaryimage\"},\"thumbnailUrl\":\"https:\/\/lisjoyas.com\/wp-content\/uploads\/2024\/05\/brazalete-donatella.jpg\",\"datePublished\":\"2024-05-02T14:30:55+00:00\",\"dateModified\":\"2024-08-16T17:16:36+00:00\",\"description\":\"Brazalete Donatella. Una hebilla \u00fanica que fusiona cuero y metal, cada brazalete es una expresi\u00f3n de versatilidad y estilo Ideal para regalar es talle \u00fanico\",\"breadcrumb\":{\"@id\":\"https:\/\/lisjoyas.com\/producto\/brazalete-donatella\/#breadcrumb\"},\"inLanguage\":\"es\",\"potentialAction\":[{\"@type\":\"ReadAction\",\"target\":[\"https:\/\/lisjoyas.com\/producto\/brazalete-donatella\/\"]}]},{\"@type\":\"ImageObject\",\"inLanguage\":\"es\",\"@id\":\"https:\/\/lisjoyas.com\/producto\/brazalete-donatella\/#primaryimage\",\"url\":\"https:\/\/lisjoyas.com\/wp-content\/uploads\/2024\/05\/brazalete-donatella.jpg\",\"contentUrl\":\"https:\/\/lisjoyas.com\/wp-content\/uploads\/2024\/05\/brazalete-donatella.jpg\",\"width\":500,\"height\":500},{\"@type\":\"BreadcrumbList\",\"@id\":\"https:\/\/lisjoyas.com\/producto\/brazalete-donatella\/#breadcrumb\",\"itemListElement\":[{\"@type\":\"ListItem\",\"position\":1,\"name\":\"Portada\",\"item\":\"https:\/\/lisjoyas.com\/\"},{\"@type\":\"ListItem\",\"position\":2,\"name\":\"Tienda\",\"item\":\"https:\/\/lisjoyas.com\/tienda\/\"},{\"@type\":\"ListItem\",\"position\":3,\"name\":\"Brazalete Donatella\"}]},{\"@type\":\"WebSite\",\"@id\":\"https:\/\/lisjoyas.com\/#website\",\"url\":\"https:\/\/lisjoyas.com\/\",\"name\":\"LIS Joyas\",\"description\":\"LIS Joyas\",\"publisher\":{\"@id\":\"https:\/\/lisjoyas.com\/#organization\"},\"potentialAction\":[{\"@type\":\"SearchAction\",\"target\":{\"@type\":\"EntryPoint\",\"urlTemplate\":\"https:\/\/lisjoyas.com\/?s={search_term_string}\"},\"query-input\":\"required name=search_term_string\"}],\"inLanguage\":\"es\"},{\"@type\":\"Organization\",\"@id\":\"https:\/\/lisjoyas.com\/#organization\",\"name\":\"Lis Joyas\",\"url\":\"https:\/\/lisjoyas.com\/\",\"logo\":{\"@type\":\"ImageObject\",\"inLanguage\":\"es\",\"@id\":\"https:\/\/lisjoyas.com\/#\/schema\/logo\/image\/\",\"url\":\"https:\/\/lisjoyas.com\/wp-content\/uploads\/2024\/04\/Lis_logo_color.svg\",\"contentUrl\":\"https:\/\/lisjoyas.com\/wp-content\/uploads\/2024\/04\/Lis_logo_color.svg\",\"width\":\"1024\",\"height\":\"1024\",\"caption\":\"Lis Joyas\"},\"image\":{\"@id\":\"https:\/\/lisjoyas.com\/#\/schema\/logo\/image\/\"},\"sameAs\":[\"https:\/\/www.facebook.com\/joyascontemporaneaslis?locale=es_LA\",\"https:\/\/www.instagram.com\/lisjoyas_\/\"]}]}<\/script>\n<!-- \/ Yoast SEO plugin. -->","yoast_head_json":{"title":"Brazalete Donatella - Lis Joyas","description":"Brazalete Donatella. Una hebilla \u00fanica que fusiona cuero y metal, cada brazalete es una expresi\u00f3n de versatilidad y estilo Ideal para regalar es talle \u00fanico","robots":{"index":"index","follow":"follow","max-snippet":"max-snippet:-1","max-image-preview":"max-image-preview:large","max-video-preview":"max-video-preview:-1"},"canonical":"https:\/\/lisjoyas.com\/es\/producto\/brazalete-donatella\/","og_locale":"es_ES","og_type":"article","og_title":"Brazalete Donatella - Lis Joyas","og_description":"Brazalete Donatella. Una hebilla \u00fanica que fusiona cuero y metal, cada brazalete es una expresi\u00f3n de versatilidad y estilo Ideal para regalar es talle \u00fanico","og_url":"https:\/\/lisjoyas.com\/es\/producto\/brazalete-donatella\/","og_site_name":"Lis Joyas","article_publisher":"https:\/\/www.facebook.com\/joyascontemporaneaslis?locale=es_LA","article_modified_time":"2024-08-16T17:16:36+00:00","og_image":[{"width":500,"height":500,"url":"https:\/\/lisjoyas.com\/wp-content\/uploads\/2024\/05\/brazalete-donatella.jpg","type":"image\/jpeg"}],"twitter_card":"summary_large_image","twitter_misc":{"Tiempo de lectura":"3 minutos"},"schema":{"@context":"https:\/\/schema.org","@graph":[{"@type":"WebPage","@id":"https:\/\/lisjoyas.com\/producto\/brazalete-donatella\/","url":"https:\/\/lisjoyas.com\/producto\/brazalete-donatella\/","name":"Brazalete Donatella - Lis Joyas","isPartOf":{"@id":"https:\/\/lisjoyas.com\/#website"},"primaryImageOfPage":{"@id":"https:\/\/lisjoyas.com\/producto\/brazalete-donatella\/#primaryimage"},"image":{"@id":"https:\/\/lisjoyas.com\/producto\/brazalete-donatella\/#primaryimage"},"thumbnailUrl":"https:\/\/lisjoyas.com\/wp-content\/uploads\/2024\/05\/brazalete-donatella.jpg","datePublished":"2024-05-02T14:30:55+00:00","dateModified":"2024-08-16T17:16:36+00:00","description":"Brazalete Donatella. Una hebilla \u00fanica que fusiona cuero y metal, cada brazalete es una expresi\u00f3n de versatilidad y estilo Ideal para regalar es talle \u00fanico","breadcrumb":{"@id":"https:\/\/lisjoyas.com\/producto\/brazalete-donatella\/#breadcrumb"},"inLanguage":"es","potentialAction":[{"@type":"ReadAction","target":["https:\/\/lisjoyas.com\/producto\/brazalete-donatella\/"]}]},{"@type":"ImageObject","inLanguage":"es","@id":"https:\/\/lisjoyas.com\/producto\/brazalete-donatella\/#primaryimage","url":"https:\/\/lisjoyas.com\/wp-content\/uploads\/2024\/05\/brazalete-donatella.jpg","contentUrl":"https:\/\/lisjoyas.com\/wp-content\/uploads\/2024\/05\/brazalete-donatella.jpg","width":500,"height":500},{"@type":"BreadcrumbList","@id":"https:\/\/lisjoyas.com\/producto\/brazalete-donatella\/#breadcrumb","itemListElement":[{"@type":"ListItem","position":1,"name":"Portada","item":"https:\/\/lisjoyas.com\/"},{"@type":"ListItem","position":2,"name":"Tienda","item":"https:\/\/lisjoyas.com\/tienda\/"},{"@type":"ListItem","position":3,"name":"Brazalete Donatella"}]},{"@type":"WebSite","@id":"https:\/\/lisjoyas.com\/#website","url":"https:\/\/lisjoyas.com\/","name":"LIS Joyas","description":"LIS Joyas","publisher":{"@id":"https:\/\/lisjoyas.com\/#organization"},"potentialAction":[{"@type":"SearchAction","target":{"@type":"EntryPoint","urlTemplate":"https:\/\/lisjoyas.com\/?s={search_term_string}"},"query-input":"required name=search_term_string"}],"inLanguage":"es"},{"@type":"Organization","@id":"https:\/\/lisjoyas.com\/#organization","name":"Lis Joyas","url":"https:\/\/lisjoyas.com\/","logo":{"@type":"ImageObject","inLanguage":"es","@id":"https:\/\/lisjoyas.com\/#\/schema\/logo\/image\/","url":"https:\/\/lisjoyas.com\/wp-content\/uploads\/2024\/04\/Lis_logo_color.svg","contentUrl":"https:\/\/lisjoyas.com\/wp-content\/uploads\/2024\/04\/Lis_logo_color.svg","width":"1024","height":"1024","caption":"Lis Joyas"},"image":{"@id":"https:\/\/lisjoyas.com\/#\/schema\/logo\/image\/"},"sameAs":["https:\/\/www.facebook.com\/joyascontemporaneaslis?locale=es_LA","https:\/\/www.instagram.com\/lisjoyas_\/"]}]}},"_links":{"self":[{"href":"https:\/\/lisjoyas.com\/es\/wp-json\/wp\/v2\/product\/2553","targetHints":{"allow":["GET"]}}],"collection":[{"href":"https:\/\/lisjoyas.com\/es\/wp-json\/wp\/v2\/product"}],"about":[{"href":"https:\/\/lisjoyas.com\/es\/wp-json\/wp\/v2\/types\/product"}],"wp:featuredmedia":[{"embeddable":true,"href":"https:\/\/lisjoyas.com\/es\/wp-json\/wp\/v2\/media\/2564"}],"wp:attachment":[{"href":"https:\/\/lisjoyas.com\/es\/wp-json\/wp\/v2\/media?parent=2553"}],"wp:term":[{"taxonomy":"product_cat","embeddable":true,"href":"https:\/\/lisjoyas.com\/es\/wp-json\/wp\/v2\/product_cat?post=2553"},{"taxonomy":"product_tag","embeddable":true,"href":"https:\/\/lisjoyas.com\/es\/wp-json\/wp\/v2\/product_tag?post=2553"}],"curies":[{"name":"wp","href":"https:\/\/api.w.org\/{rel}","templated":true}]}}