{"id":2609,"date":"2024-05-02T15:18:59","date_gmt":"2024-05-02T15:18:59","guid":{"rendered":"https:\/\/lisjoyas.com\/?post_type=product&#038;p=2609"},"modified":"2024-05-29T12:25:51","modified_gmt":"2024-05-29T12:25:51","slug":"brazalete-hexa","status":"publish","type":"product","link":"https:\/\/lisjoyas.com\/es\/producto\/brazalete-hexa\/","title":{"rendered":"Brazalete Hexa"},"content":{"rendered":"\n","protected":false},"excerpt":{"rendered":"<p><span style=\"font-weight: 400;\">\u00a1Eleva tu Estilo con Nuestro Brazalete \u00abHexa\u00bb de Cuero Natural!<\/span><\/p>\n<p><span style=\"font-weight: 400;\">A\u00f1ade un toque de modernidad y sofisticaci\u00f3n a tus outfits con nuestro brazalete \u00abHexa\u00bb. Este elegante accesorio presenta una l\u00ednea de hex\u00e1gonos calados, cuidadosamente dise\u00f1ados en cuero natural para crear un efecto \u00fanico y llamativo.<\/span><\/p>\n<p><span style=\"font-weight: 400;\">El broche a presi\u00f3n asegura un ajuste c\u00f3modo y seguro, mientras que el dise\u00f1o vers\u00e1til del brazalete lo convierte en un b\u00e1sico imprescindible en tu colecci\u00f3n de accesorios. Ya sea que desees agregar un toque de estilo a tu outfit diario o complementar un look m\u00e1s elegante para una ocasi\u00f3n especial, el brazalete \u00abHexa\u00bb es la elecci\u00f3n perfecta.<\/span><\/p>\n<p><span style=\"font-weight: 400;\">Ligero y f\u00e1cil de llevar, nuestro brazalete es el accesorio ideal para cualquier ocasi\u00f3n. Su dise\u00f1o minimalista y moderno se adapta a cualquier estilo y personalidad, convirti\u00e9ndolo en un b\u00e1sico vers\u00e1til que nunca pasar\u00e1 de moda.<\/span><\/p>\n<p><span style=\"font-weight: 400;\">En nuestra tienda, nos enorgullecemos de ofrecer productos de calidad y una experiencia de compra excepcional. Con env\u00edo r\u00e1pido y seguro, as\u00ed como un servicio al cliente atento y profesional, estamos aqu\u00ed para ayudarte a encontrar el complemento perfecto para tus outfits.<\/span><\/p>\n<p><span style=\"font-weight: 400;\">Atr\u00e9vete a destacar con nuestro brazalete \u00abHexa\u00bb de cuero natural. \u00a1Explora nuestra colecci\u00f3n ahora y descubre el estilo \u00fanico que a\u00f1adir\u00e1 a tu look!<\/span><\/p>\n","protected":false},"featured_media":2615,"template":"","meta":{"inline_featured_image":false,"_joinchat":[]},"product_cat":[17],"product_tag":[173,174,176,177,170,64,171,172,175],"class_list":{"0":"post-2609","1":"product","2":"type-product","3":"status-publish","4":"has-post-thumbnail","6":"product_cat-brazaletes","7":"product_tag-accesorios-de-vanguardia-modern-jewelry","8":"product_tag-contemporary-design","9":"product_tag-current-trends","10":"product_tag-cutting-edge-accessories","11":"product_tag-diseno-contemporaneo","12":"product_tag-joyeria-moderna","13":"product_tag-piezas-unicas","14":"product_tag-tendencias-actuales","15":"product_tag-unique-pieces","17":"first","18":"instock","19":"shipping-taxable","20":"purchasable","21":"product-type-variable"},"yoast_head":"<!-- This site is optimized with the Yoast SEO plugin v23.2 - https:\/\/yoast.com\/wordpress\/plugins\/seo\/ -->\n<title>Brazalete Hexa - Lis Joyas<\/title>\n<meta name=\"description\" content=\"Brazalete Hexa est\u00e1 hecho en cuero natural 100% uruguayo, un dise\u00f1o abstracto con calados y broche a presi\u00f3n. De 4 cm de ancho aprox.\" \/>\n<meta name=\"robots\" content=\"index, follow, max-snippet:-1, max-image-preview:large, max-video-preview:-1\" \/>\n<link rel=\"canonical\" href=\"https:\/\/lisjoyas.com\/es\/producto\/brazalete-hexa\/\" \/>\n<meta property=\"og:locale\" content=\"es_ES\" \/>\n<meta property=\"og:type\" content=\"article\" \/>\n<meta property=\"og:title\" content=\"Brazalete Hexa - Lis Joyas\" \/>\n<meta property=\"og:description\" content=\"Brazalete Hexa est\u00e1 hecho en cuero natural 100% uruguayo, un dise\u00f1o abstracto con calados y broche a presi\u00f3n. De 4 cm de ancho aprox.\" \/>\n<meta property=\"og:url\" content=\"https:\/\/lisjoyas.com\/es\/producto\/brazalete-hexa\/\" \/>\n<meta property=\"og:site_name\" content=\"Lis Joyas\" \/>\n<meta property=\"article:publisher\" content=\"https:\/\/www.facebook.com\/joyascontemporaneaslis?locale=es_LA\" \/>\n<meta property=\"article:modified_time\" content=\"2024-05-29T12:25:51+00:00\" \/>\n<meta property=\"og:image\" content=\"https:\/\/lisjoyas.com\/wp-content\/uploads\/2024\/05\/brazalete-hexa-dorado.jpg\" \/>\n\t<meta property=\"og:image:width\" content=\"500\" \/>\n\t<meta property=\"og:image:height\" content=\"566\" \/>\n\t<meta property=\"og:image:type\" content=\"image\/jpeg\" \/>\n<meta name=\"twitter:card\" content=\"summary_large_image\" \/>\n<meta name=\"twitter:label1\" content=\"Tiempo de lectura\" \/>\n\t<meta name=\"twitter:data1\" content=\"3 minutos\" \/>\n<script type=\"application\/ld+json\" class=\"yoast-schema-graph\">{\"@context\":\"https:\/\/schema.org\",\"@graph\":[{\"@type\":\"WebPage\",\"@id\":\"https:\/\/lisjoyas.com\/producto\/brazalete-hexa\/\",\"url\":\"https:\/\/lisjoyas.com\/producto\/brazalete-hexa\/\",\"name\":\"Brazalete Hexa - Lis Joyas\",\"isPartOf\":{\"@id\":\"https:\/\/lisjoyas.com\/#website\"},\"primaryImageOfPage\":{\"@id\":\"https:\/\/lisjoyas.com\/producto\/brazalete-hexa\/#primaryimage\"},\"image\":{\"@id\":\"https:\/\/lisjoyas.com\/producto\/brazalete-hexa\/#primaryimage\"},\"thumbnailUrl\":\"https:\/\/lisjoyas.com\/wp-content\/uploads\/2024\/05\/brazalete-hexa-dorado.jpg\",\"datePublished\":\"2024-05-02T15:18:59+00:00\",\"dateModified\":\"2024-05-29T12:25:51+00:00\",\"description\":\"Brazalete Hexa est\u00e1 hecho en cuero natural 100% uruguayo, un dise\u00f1o abstracto con calados y broche a presi\u00f3n. De 4 cm de ancho aprox.\",\"breadcrumb\":{\"@id\":\"https:\/\/lisjoyas.com\/producto\/brazalete-hexa\/#breadcrumb\"},\"inLanguage\":\"es\",\"potentialAction\":[{\"@type\":\"ReadAction\",\"target\":[\"https:\/\/lisjoyas.com\/producto\/brazalete-hexa\/\"]}]},{\"@type\":\"ImageObject\",\"inLanguage\":\"es\",\"@id\":\"https:\/\/lisjoyas.com\/producto\/brazalete-hexa\/#primaryimage\",\"url\":\"https:\/\/lisjoyas.com\/wp-content\/uploads\/2024\/05\/brazalete-hexa-dorado.jpg\",\"contentUrl\":\"https:\/\/lisjoyas.com\/wp-content\/uploads\/2024\/05\/brazalete-hexa-dorado.jpg\",\"width\":500,\"height\":566},{\"@type\":\"BreadcrumbList\",\"@id\":\"https:\/\/lisjoyas.com\/producto\/brazalete-hexa\/#breadcrumb\",\"itemListElement\":[{\"@type\":\"ListItem\",\"position\":1,\"name\":\"Portada\",\"item\":\"https:\/\/lisjoyas.com\/\"},{\"@type\":\"ListItem\",\"position\":2,\"name\":\"Tienda\",\"item\":\"https:\/\/lisjoyas.com\/tienda\/\"},{\"@type\":\"ListItem\",\"position\":3,\"name\":\"Brazalete Hexa\"}]},{\"@type\":\"WebSite\",\"@id\":\"https:\/\/lisjoyas.com\/#website\",\"url\":\"https:\/\/lisjoyas.com\/\",\"name\":\"LIS Joyas\",\"description\":\"LIS Joyas\",\"publisher\":{\"@id\":\"https:\/\/lisjoyas.com\/#organization\"},\"potentialAction\":[{\"@type\":\"SearchAction\",\"target\":{\"@type\":\"EntryPoint\",\"urlTemplate\":\"https:\/\/lisjoyas.com\/?s={search_term_string}\"},\"query-input\":\"required name=search_term_string\"}],\"inLanguage\":\"es\"},{\"@type\":\"Organization\",\"@id\":\"https:\/\/lisjoyas.com\/#organization\",\"name\":\"Lis Joyas\",\"url\":\"https:\/\/lisjoyas.com\/\",\"logo\":{\"@type\":\"ImageObject\",\"inLanguage\":\"es\",\"@id\":\"https:\/\/lisjoyas.com\/#\/schema\/logo\/image\/\",\"url\":\"https:\/\/lisjoyas.com\/wp-content\/uploads\/2024\/04\/Lis_logo_color.svg\",\"contentUrl\":\"https:\/\/lisjoyas.com\/wp-content\/uploads\/2024\/04\/Lis_logo_color.svg\",\"width\":\"1024\",\"height\":\"1024\",\"caption\":\"Lis Joyas\"},\"image\":{\"@id\":\"https:\/\/lisjoyas.com\/#\/schema\/logo\/image\/\"},\"sameAs\":[\"https:\/\/www.facebook.com\/joyascontemporaneaslis?locale=es_LA\",\"https:\/\/www.instagram.com\/lisjoyas_\/\"]}]}<\/script>\n<!-- \/ Yoast SEO plugin. -->","yoast_head_json":{"title":"Brazalete Hexa - Lis Joyas","description":"Brazalete Hexa est\u00e1 hecho en cuero natural 100% uruguayo, un dise\u00f1o abstracto con calados y broche a presi\u00f3n. De 4 cm de ancho aprox.","robots":{"index":"index","follow":"follow","max-snippet":"max-snippet:-1","max-image-preview":"max-image-preview:large","max-video-preview":"max-video-preview:-1"},"canonical":"https:\/\/lisjoyas.com\/es\/producto\/brazalete-hexa\/","og_locale":"es_ES","og_type":"article","og_title":"Brazalete Hexa - Lis Joyas","og_description":"Brazalete Hexa est\u00e1 hecho en cuero natural 100% uruguayo, un dise\u00f1o abstracto con calados y broche a presi\u00f3n. De 4 cm de ancho aprox.","og_url":"https:\/\/lisjoyas.com\/es\/producto\/brazalete-hexa\/","og_site_name":"Lis Joyas","article_publisher":"https:\/\/www.facebook.com\/joyascontemporaneaslis?locale=es_LA","article_modified_time":"2024-05-29T12:25:51+00:00","og_image":[{"width":500,"height":566,"url":"https:\/\/lisjoyas.com\/wp-content\/uploads\/2024\/05\/brazalete-hexa-dorado.jpg","type":"image\/jpeg"}],"twitter_card":"summary_large_image","twitter_misc":{"Tiempo de lectura":"3 minutos"},"schema":{"@context":"https:\/\/schema.org","@graph":[{"@type":"WebPage","@id":"https:\/\/lisjoyas.com\/producto\/brazalete-hexa\/","url":"https:\/\/lisjoyas.com\/producto\/brazalete-hexa\/","name":"Brazalete Hexa - Lis Joyas","isPartOf":{"@id":"https:\/\/lisjoyas.com\/#website"},"primaryImageOfPage":{"@id":"https:\/\/lisjoyas.com\/producto\/brazalete-hexa\/#primaryimage"},"image":{"@id":"https:\/\/lisjoyas.com\/producto\/brazalete-hexa\/#primaryimage"},"thumbnailUrl":"https:\/\/lisjoyas.com\/wp-content\/uploads\/2024\/05\/brazalete-hexa-dorado.jpg","datePublished":"2024-05-02T15:18:59+00:00","dateModified":"2024-05-29T12:25:51+00:00","description":"Brazalete Hexa est\u00e1 hecho en cuero natural 100% uruguayo, un dise\u00f1o abstracto con calados y broche a presi\u00f3n. De 4 cm de ancho aprox.","breadcrumb":{"@id":"https:\/\/lisjoyas.com\/producto\/brazalete-hexa\/#breadcrumb"},"inLanguage":"es","potentialAction":[{"@type":"ReadAction","target":["https:\/\/lisjoyas.com\/producto\/brazalete-hexa\/"]}]},{"@type":"ImageObject","inLanguage":"es","@id":"https:\/\/lisjoyas.com\/producto\/brazalete-hexa\/#primaryimage","url":"https:\/\/lisjoyas.com\/wp-content\/uploads\/2024\/05\/brazalete-hexa-dorado.jpg","contentUrl":"https:\/\/lisjoyas.com\/wp-content\/uploads\/2024\/05\/brazalete-hexa-dorado.jpg","width":500,"height":566},{"@type":"BreadcrumbList","@id":"https:\/\/lisjoyas.com\/producto\/brazalete-hexa\/#breadcrumb","itemListElement":[{"@type":"ListItem","position":1,"name":"Portada","item":"https:\/\/lisjoyas.com\/"},{"@type":"ListItem","position":2,"name":"Tienda","item":"https:\/\/lisjoyas.com\/tienda\/"},{"@type":"ListItem","position":3,"name":"Brazalete Hexa"}]},{"@type":"WebSite","@id":"https:\/\/lisjoyas.com\/#website","url":"https:\/\/lisjoyas.com\/","name":"LIS Joyas","description":"LIS Joyas","publisher":{"@id":"https:\/\/lisjoyas.com\/#organization"},"potentialAction":[{"@type":"SearchAction","target":{"@type":"EntryPoint","urlTemplate":"https:\/\/lisjoyas.com\/?s={search_term_string}"},"query-input":"required name=search_term_string"}],"inLanguage":"es"},{"@type":"Organization","@id":"https:\/\/lisjoyas.com\/#organization","name":"Lis Joyas","url":"https:\/\/lisjoyas.com\/","logo":{"@type":"ImageObject","inLanguage":"es","@id":"https:\/\/lisjoyas.com\/#\/schema\/logo\/image\/","url":"https:\/\/lisjoyas.com\/wp-content\/uploads\/2024\/04\/Lis_logo_color.svg","contentUrl":"https:\/\/lisjoyas.com\/wp-content\/uploads\/2024\/04\/Lis_logo_color.svg","width":"1024","height":"1024","caption":"Lis Joyas"},"image":{"@id":"https:\/\/lisjoyas.com\/#\/schema\/logo\/image\/"},"sameAs":["https:\/\/www.facebook.com\/joyascontemporaneaslis?locale=es_LA","https:\/\/www.instagram.com\/lisjoyas_\/"]}]}},"_links":{"self":[{"href":"https:\/\/lisjoyas.com\/es\/wp-json\/wp\/v2\/product\/2609","targetHints":{"allow":["GET"]}}],"collection":[{"href":"https:\/\/lisjoyas.com\/es\/wp-json\/wp\/v2\/product"}],"about":[{"href":"https:\/\/lisjoyas.com\/es\/wp-json\/wp\/v2\/types\/product"}],"wp:featuredmedia":[{"embeddable":true,"href":"https:\/\/lisjoyas.com\/es\/wp-json\/wp\/v2\/media\/2615"}],"wp:attachment":[{"href":"https:\/\/lisjoyas.com\/es\/wp-json\/wp\/v2\/media?parent=2609"}],"wp:term":[{"taxonomy":"product_cat","embeddable":true,"href":"https:\/\/lisjoyas.com\/es\/wp-json\/wp\/v2\/product_cat?post=2609"},{"taxonomy":"product_tag","embeddable":true,"href":"https:\/\/lisjoyas.com\/es\/wp-json\/wp\/v2\/product_tag?post=2609"}],"curies":[{"name":"wp","href":"https:\/\/api.w.org\/{rel}","templated":true}]}}