{"id":2747,"date":"2024-05-03T00:46:11","date_gmt":"2024-05-03T00:46:11","guid":{"rendered":"https:\/\/lisjoyas.com\/?post_type=product&#038;p=2747"},"modified":"2024-05-18T14:54:42","modified_gmt":"2024-05-18T14:54:42","slug":"pendientes-bright","status":"publish","type":"product","link":"https:\/\/lisjoyas.com\/es\/producto\/pendientes-bright\/","title":{"rendered":"Pendientes Bright"},"content":{"rendered":"\n","protected":false},"excerpt":{"rendered":"<p class=\"p1\">Pendientes Bright, explora nuestra exclusiva colecci\u00f3n de Pendientes Bright en cuero natural uruguayo. Cada par ha sido cuidadosamente elaborado a mano con corte l\u00e1ser, lo que garantiza su precisi\u00f3n y calidad excepcionales. Disfruta de la ligereza de nuestras caravanas, que ofrecen una experiencia de uso c\u00f3moda y son tan livianas como un peso de pluma.<\/p>\n<p class=\"p1\">Nuestros pendientes Bright son el complemento perfecto para el brazalete Bright, tambi\u00e9n parte de nuestra colecci\u00f3n. Con un dise\u00f1o de 5 cm de largo y un v\u00e1stago anti alerg\u00e9nico.<\/p>\n<p class=\"p2\">Desde ocasiones informales hasta eventos especiales, nuestras caravanas y brazalete Bright son la elecci\u00f3n ideal para agregar un toque de estilo a tu look. Descubre la elegancia y la calidad de nuestros accesorios Bright hoy mismo.<\/p>\n","protected":false},"featured_media":2764,"template":"","meta":{"inline_featured_image":false,"_joinchat":[]},"product_cat":[25],"product_tag":[81,131,126,63,66,129,123,121,118,120,128,127,122,124,133,119,132,130,134,89,85,135,125],"class_list":{"0":"post-2747","1":"product","2":"type-product","3":"status-publish","4":"has-post-thumbnail","6":"product_cat-pendientes","7":"product_tag-accesorios-de-cuero-natural","8":"product_tag-accesorios-de-lujo","9":"product_tag-accesorios-de-moda","10":"product_tag-accesorios-elegantes","11":"product_tag-accesorios-exclusivos","12":"product_tag-accesorios-hechos-a-mano","13":"product_tag-accesorios-unicos","14":"product_tag-artesania-en-cuero","15":"product_tag-caravanas-de-cuero","16":"product_tag-complementos-de-cuero","17":"product_tag-cuero-de-calidad","18":"product_tag-cuero-genuino","19":"product_tag-diseno-en-cuero","20":"product_tag-estilo-en-cuero","21":"product_tag-joyas-artesanales","22":"product_tag-joyeria-antialergenica","23":"product_tag-joyeria-de-cuero","24":"product_tag-moda-artesanal","25":"product_tag-moda-contemporanea","26":"product_tag-moda-en-cuero","27":"product_tag-pendientes-de-cuero","28":"product_tag-tendencias-de-estilo","29":"product_tag-tendencias-de-moda","31":"first","32":"instock","33":"shipping-taxable","34":"purchasable","35":"product-type-variable"},"yoast_head":"<!-- This site is optimized with the Yoast SEO plugin v23.2 - https:\/\/yoast.com\/wordpress\/plugins\/seo\/ -->\n<title>Pendientes Bright - Lis Joyas<\/title>\n<meta name=\"description\" content=\"Pendientes Bright un dise\u00f1o \u00fanico y diferente, son suaves y c\u00f3modos de llevar. En cuero natural 100% uruguayo. Comb\u00ednalos con el brazalete Bright\" \/>\n<meta name=\"robots\" content=\"index, follow, max-snippet:-1, max-image-preview:large, max-video-preview:-1\" \/>\n<link rel=\"canonical\" href=\"https:\/\/lisjoyas.com\/es\/producto\/pendientes-bright\/\" \/>\n<meta property=\"og:locale\" content=\"es_ES\" \/>\n<meta property=\"og:type\" content=\"article\" \/>\n<meta property=\"og:title\" content=\"Pendientes Bright - Lis Joyas\" \/>\n<meta property=\"og:description\" content=\"Pendientes Bright un dise\u00f1o \u00fanico y diferente, son suaves y c\u00f3modos de llevar. En cuero natural 100% uruguayo. Comb\u00ednalos con el brazalete Bright\" \/>\n<meta property=\"og:url\" content=\"https:\/\/lisjoyas.com\/es\/producto\/pendientes-bright\/\" \/>\n<meta property=\"og:site_name\" content=\"Lis Joyas\" \/>\n<meta property=\"article:publisher\" content=\"https:\/\/www.facebook.com\/joyascontemporaneaslis?locale=es_LA\" \/>\n<meta property=\"article:modified_time\" content=\"2024-05-18T14:54:42+00:00\" \/>\n<meta property=\"og:image\" content=\"https:\/\/lisjoyas.com\/wp-content\/uploads\/2024\/05\/pendientes-bright-dorado_-1.jpg\" \/>\n\t<meta property=\"og:image:width\" content=\"500\" \/>\n\t<meta property=\"og:image:height\" content=\"500\" \/>\n\t<meta property=\"og:image:type\" content=\"image\/jpeg\" \/>\n<meta name=\"twitter:card\" content=\"summary_large_image\" \/>\n<meta name=\"twitter:label1\" content=\"Tiempo de lectura\" \/>\n\t<meta name=\"twitter:data1\" content=\"3 minutos\" \/>\n<script type=\"application\/ld+json\" class=\"yoast-schema-graph\">{\"@context\":\"https:\/\/schema.org\",\"@graph\":[{\"@type\":\"WebPage\",\"@id\":\"https:\/\/lisjoyas.com\/producto\/pendientes-bright\/\",\"url\":\"https:\/\/lisjoyas.com\/producto\/pendientes-bright\/\",\"name\":\"Pendientes Bright - Lis Joyas\",\"isPartOf\":{\"@id\":\"https:\/\/lisjoyas.com\/#website\"},\"primaryImageOfPage\":{\"@id\":\"https:\/\/lisjoyas.com\/producto\/pendientes-bright\/#primaryimage\"},\"image\":{\"@id\":\"https:\/\/lisjoyas.com\/producto\/pendientes-bright\/#primaryimage\"},\"thumbnailUrl\":\"https:\/\/lisjoyas.com\/wp-content\/uploads\/2024\/05\/pendientes-bright-dorado_-1.jpg\",\"datePublished\":\"2024-05-03T00:46:11+00:00\",\"dateModified\":\"2024-05-18T14:54:42+00:00\",\"description\":\"Pendientes Bright un dise\u00f1o \u00fanico y diferente, son suaves y c\u00f3modos de llevar. En cuero natural 100% uruguayo. Comb\u00ednalos con el brazalete Bright\",\"breadcrumb\":{\"@id\":\"https:\/\/lisjoyas.com\/producto\/pendientes-bright\/#breadcrumb\"},\"inLanguage\":\"es\",\"potentialAction\":[{\"@type\":\"ReadAction\",\"target\":[\"https:\/\/lisjoyas.com\/producto\/pendientes-bright\/\"]}]},{\"@type\":\"ImageObject\",\"inLanguage\":\"es\",\"@id\":\"https:\/\/lisjoyas.com\/producto\/pendientes-bright\/#primaryimage\",\"url\":\"https:\/\/lisjoyas.com\/wp-content\/uploads\/2024\/05\/pendientes-bright-dorado_-1.jpg\",\"contentUrl\":\"https:\/\/lisjoyas.com\/wp-content\/uploads\/2024\/05\/pendientes-bright-dorado_-1.jpg\",\"width\":500,\"height\":500},{\"@type\":\"BreadcrumbList\",\"@id\":\"https:\/\/lisjoyas.com\/producto\/pendientes-bright\/#breadcrumb\",\"itemListElement\":[{\"@type\":\"ListItem\",\"position\":1,\"name\":\"Portada\",\"item\":\"https:\/\/lisjoyas.com\/\"},{\"@type\":\"ListItem\",\"position\":2,\"name\":\"Tienda\",\"item\":\"https:\/\/lisjoyas.com\/tienda\/\"},{\"@type\":\"ListItem\",\"position\":3,\"name\":\"Pendientes Bright\"}]},{\"@type\":\"WebSite\",\"@id\":\"https:\/\/lisjoyas.com\/#website\",\"url\":\"https:\/\/lisjoyas.com\/\",\"name\":\"LIS Joyas\",\"description\":\"LIS Joyas\",\"publisher\":{\"@id\":\"https:\/\/lisjoyas.com\/#organization\"},\"potentialAction\":[{\"@type\":\"SearchAction\",\"target\":{\"@type\":\"EntryPoint\",\"urlTemplate\":\"https:\/\/lisjoyas.com\/?s={search_term_string}\"},\"query-input\":\"required name=search_term_string\"}],\"inLanguage\":\"es\"},{\"@type\":\"Organization\",\"@id\":\"https:\/\/lisjoyas.com\/#organization\",\"name\":\"Lis Joyas\",\"url\":\"https:\/\/lisjoyas.com\/\",\"logo\":{\"@type\":\"ImageObject\",\"inLanguage\":\"es\",\"@id\":\"https:\/\/lisjoyas.com\/#\/schema\/logo\/image\/\",\"url\":\"https:\/\/lisjoyas.com\/wp-content\/uploads\/2024\/04\/Lis_logo_color.svg\",\"contentUrl\":\"https:\/\/lisjoyas.com\/wp-content\/uploads\/2024\/04\/Lis_logo_color.svg\",\"width\":\"1024\",\"height\":\"1024\",\"caption\":\"Lis Joyas\"},\"image\":{\"@id\":\"https:\/\/lisjoyas.com\/#\/schema\/logo\/image\/\"},\"sameAs\":[\"https:\/\/www.facebook.com\/joyascontemporaneaslis?locale=es_LA\",\"https:\/\/www.instagram.com\/lisjoyas_\/\"]}]}<\/script>\n<!-- \/ Yoast SEO plugin. -->","yoast_head_json":{"title":"Pendientes Bright - Lis Joyas","description":"Pendientes Bright un dise\u00f1o \u00fanico y diferente, son suaves y c\u00f3modos de llevar. En cuero natural 100% uruguayo. Comb\u00ednalos con el brazalete Bright","robots":{"index":"index","follow":"follow","max-snippet":"max-snippet:-1","max-image-preview":"max-image-preview:large","max-video-preview":"max-video-preview:-1"},"canonical":"https:\/\/lisjoyas.com\/es\/producto\/pendientes-bright\/","og_locale":"es_ES","og_type":"article","og_title":"Pendientes Bright - Lis Joyas","og_description":"Pendientes Bright un dise\u00f1o \u00fanico y diferente, son suaves y c\u00f3modos de llevar. En cuero natural 100% uruguayo. Comb\u00ednalos con el brazalete Bright","og_url":"https:\/\/lisjoyas.com\/es\/producto\/pendientes-bright\/","og_site_name":"Lis Joyas","article_publisher":"https:\/\/www.facebook.com\/joyascontemporaneaslis?locale=es_LA","article_modified_time":"2024-05-18T14:54:42+00:00","og_image":[{"width":500,"height":500,"url":"https:\/\/lisjoyas.com\/wp-content\/uploads\/2024\/05\/pendientes-bright-dorado_-1.jpg","type":"image\/jpeg"}],"twitter_card":"summary_large_image","twitter_misc":{"Tiempo de lectura":"3 minutos"},"schema":{"@context":"https:\/\/schema.org","@graph":[{"@type":"WebPage","@id":"https:\/\/lisjoyas.com\/producto\/pendientes-bright\/","url":"https:\/\/lisjoyas.com\/producto\/pendientes-bright\/","name":"Pendientes Bright - Lis Joyas","isPartOf":{"@id":"https:\/\/lisjoyas.com\/#website"},"primaryImageOfPage":{"@id":"https:\/\/lisjoyas.com\/producto\/pendientes-bright\/#primaryimage"},"image":{"@id":"https:\/\/lisjoyas.com\/producto\/pendientes-bright\/#primaryimage"},"thumbnailUrl":"https:\/\/lisjoyas.com\/wp-content\/uploads\/2024\/05\/pendientes-bright-dorado_-1.jpg","datePublished":"2024-05-03T00:46:11+00:00","dateModified":"2024-05-18T14:54:42+00:00","description":"Pendientes Bright un dise\u00f1o \u00fanico y diferente, son suaves y c\u00f3modos de llevar. En cuero natural 100% uruguayo. Comb\u00ednalos con el brazalete Bright","breadcrumb":{"@id":"https:\/\/lisjoyas.com\/producto\/pendientes-bright\/#breadcrumb"},"inLanguage":"es","potentialAction":[{"@type":"ReadAction","target":["https:\/\/lisjoyas.com\/producto\/pendientes-bright\/"]}]},{"@type":"ImageObject","inLanguage":"es","@id":"https:\/\/lisjoyas.com\/producto\/pendientes-bright\/#primaryimage","url":"https:\/\/lisjoyas.com\/wp-content\/uploads\/2024\/05\/pendientes-bright-dorado_-1.jpg","contentUrl":"https:\/\/lisjoyas.com\/wp-content\/uploads\/2024\/05\/pendientes-bright-dorado_-1.jpg","width":500,"height":500},{"@type":"BreadcrumbList","@id":"https:\/\/lisjoyas.com\/producto\/pendientes-bright\/#breadcrumb","itemListElement":[{"@type":"ListItem","position":1,"name":"Portada","item":"https:\/\/lisjoyas.com\/"},{"@type":"ListItem","position":2,"name":"Tienda","item":"https:\/\/lisjoyas.com\/tienda\/"},{"@type":"ListItem","position":3,"name":"Pendientes Bright"}]},{"@type":"WebSite","@id":"https:\/\/lisjoyas.com\/#website","url":"https:\/\/lisjoyas.com\/","name":"LIS Joyas","description":"LIS Joyas","publisher":{"@id":"https:\/\/lisjoyas.com\/#organization"},"potentialAction":[{"@type":"SearchAction","target":{"@type":"EntryPoint","urlTemplate":"https:\/\/lisjoyas.com\/?s={search_term_string}"},"query-input":"required name=search_term_string"}],"inLanguage":"es"},{"@type":"Organization","@id":"https:\/\/lisjoyas.com\/#organization","name":"Lis Joyas","url":"https:\/\/lisjoyas.com\/","logo":{"@type":"ImageObject","inLanguage":"es","@id":"https:\/\/lisjoyas.com\/#\/schema\/logo\/image\/","url":"https:\/\/lisjoyas.com\/wp-content\/uploads\/2024\/04\/Lis_logo_color.svg","contentUrl":"https:\/\/lisjoyas.com\/wp-content\/uploads\/2024\/04\/Lis_logo_color.svg","width":"1024","height":"1024","caption":"Lis Joyas"},"image":{"@id":"https:\/\/lisjoyas.com\/#\/schema\/logo\/image\/"},"sameAs":["https:\/\/www.facebook.com\/joyascontemporaneaslis?locale=es_LA","https:\/\/www.instagram.com\/lisjoyas_\/"]}]}},"_links":{"self":[{"href":"https:\/\/lisjoyas.com\/es\/wp-json\/wp\/v2\/product\/2747","targetHints":{"allow":["GET"]}}],"collection":[{"href":"https:\/\/lisjoyas.com\/es\/wp-json\/wp\/v2\/product"}],"about":[{"href":"https:\/\/lisjoyas.com\/es\/wp-json\/wp\/v2\/types\/product"}],"wp:featuredmedia":[{"embeddable":true,"href":"https:\/\/lisjoyas.com\/es\/wp-json\/wp\/v2\/media\/2764"}],"wp:attachment":[{"href":"https:\/\/lisjoyas.com\/es\/wp-json\/wp\/v2\/media?parent=2747"}],"wp:term":[{"taxonomy":"product_cat","embeddable":true,"href":"https:\/\/lisjoyas.com\/es\/wp-json\/wp\/v2\/product_cat?post=2747"},{"taxonomy":"product_tag","embeddable":true,"href":"https:\/\/lisjoyas.com\/es\/wp-json\/wp\/v2\/product_tag?post=2747"}],"curies":[{"name":"wp","href":"https:\/\/api.w.org\/{rel}","templated":true}]}}