{"id":3000,"date":"2024-05-03T22:12:09","date_gmt":"2024-05-03T22:12:09","guid":{"rendered":"https:\/\/lisjoyas.com\/?post_type=product&#038;p=3000"},"modified":"2025-12-29T15:57:13","modified_gmt":"2025-12-29T15:57:13","slug":"pendientes-soles","status":"publish","type":"product","link":"https:\/\/lisjoyas.com\/es\/producto\/pendientes-soles\/","title":{"rendered":"Pendientes Soles"},"content":{"rendered":"\n","protected":false},"excerpt":{"rendered":"<p class=\"p1\">Pendientes Soles, descubre nuestras caravanas \u00fanicas, inspiradas en el arte abstracto y radiando la energ\u00eda de 4 soles en armon\u00eda. Experimenta un aspecto flotante con c\u00edrculos dise\u00f1ados para crear ligereza y gracia en tu estilo moderno y contempor\u00e1neo.<\/p>\n<p class=\"p1\">Unidos en equilibrio perfecto, cuatro circunferencias crean una experiencia visualmente impactante y expresiva.<\/p>\n<p class=\"p1\">Disfruta de una experiencia sin esfuerzo con nuestro dise\u00f1o inspirado en el arte abstracto, iluminando tu estilo de manera sutil pero impactante.<\/p>\n<p class=\"p1\">Siente la ligereza como una pluma al llevar nuestros pendientes, tan c\u00f3modos que apenas los notar\u00e1s.<\/p>\n","protected":false},"featured_media":3014,"template":"","meta":{"inline_featured_image":false,"_joinchat":[]},"product_cat":[25],"product_tag":[81,131,126,63,66,129,123,121,118,120,128,127,122,124,133,119,132,130,134,89,85,135,125],"class_list":{"0":"post-3000","1":"product","2":"type-product","3":"status-publish","4":"has-post-thumbnail","6":"product_cat-pendientes","7":"product_tag-accesorios-de-cuero-natural","8":"product_tag-accesorios-de-lujo","9":"product_tag-accesorios-de-moda","10":"product_tag-accesorios-elegantes","11":"product_tag-accesorios-exclusivos","12":"product_tag-accesorios-hechos-a-mano","13":"product_tag-accesorios-unicos","14":"product_tag-artesania-en-cuero","15":"product_tag-caravanas-de-cuero","16":"product_tag-complementos-de-cuero","17":"product_tag-cuero-de-calidad","18":"product_tag-cuero-genuino","19":"product_tag-diseno-en-cuero","20":"product_tag-estilo-en-cuero","21":"product_tag-joyas-artesanales","22":"product_tag-joyeria-antialergenica","23":"product_tag-joyeria-de-cuero","24":"product_tag-moda-artesanal","25":"product_tag-moda-contemporanea","26":"product_tag-moda-en-cuero","27":"product_tag-pendientes-de-cuero","28":"product_tag-tendencias-de-estilo","29":"product_tag-tendencias-de-moda","31":"first","32":"instock","33":"shipping-taxable","34":"purchasable","35":"product-type-variable"},"yoast_head":"<!-- This site is optimized with the Yoast SEO plugin v23.2 - https:\/\/yoast.com\/wordpress\/plugins\/seo\/ -->\n<title>Pendientes Soles - Lis Joyas<\/title>\n<meta name=\"description\" content=\"Pendientes Soles ideales para completar tu look, c\u00f3modos, vers\u00e1tiles. Hechos a mano en Uruguay. Cual es tu color preferido? Joyas Contempor\u00e1neas\" \/>\n<meta name=\"robots\" content=\"index, follow, max-snippet:-1, max-image-preview:large, max-video-preview:-1\" \/>\n<link rel=\"canonical\" href=\"https:\/\/lisjoyas.com\/es\/producto\/pendientes-soles\/\" \/>\n<meta property=\"og:locale\" content=\"es_ES\" \/>\n<meta property=\"og:type\" content=\"article\" \/>\n<meta property=\"og:title\" content=\"Pendientes Soles - Lis Joyas\" \/>\n<meta property=\"og:description\" content=\"Pendientes Soles ideales para completar tu look, c\u00f3modos, vers\u00e1tiles. Hechos a mano en Uruguay. Cual es tu color preferido? Joyas Contempor\u00e1neas\" \/>\n<meta property=\"og:url\" content=\"https:\/\/lisjoyas.com\/es\/producto\/pendientes-soles\/\" \/>\n<meta property=\"og:site_name\" content=\"Lis Joyas\" \/>\n<meta property=\"article:publisher\" content=\"https:\/\/www.facebook.com\/joyascontemporaneaslis?locale=es_LA\" \/>\n<meta property=\"article:modified_time\" content=\"2025-12-29T15:57:13+00:00\" \/>\n<meta property=\"og:image\" content=\"https:\/\/lisjoyas.com\/wp-content\/uploads\/2024\/05\/pendientes-4-soles-plateados-JPG.jpg\" \/>\n\t<meta property=\"og:image:width\" content=\"500\" \/>\n\t<meta property=\"og:image:height\" content=\"500\" \/>\n\t<meta property=\"og:image:type\" content=\"image\/jpeg\" \/>\n<meta name=\"twitter:card\" content=\"summary_large_image\" \/>\n<meta name=\"twitter:label1\" content=\"Tiempo de lectura\" \/>\n\t<meta name=\"twitter:data1\" content=\"3 minutos\" \/>\n<script type=\"application\/ld+json\" class=\"yoast-schema-graph\">{\"@context\":\"https:\/\/schema.org\",\"@graph\":[{\"@type\":\"WebPage\",\"@id\":\"https:\/\/lisjoyas.com\/producto\/pendientes-soles\/\",\"url\":\"https:\/\/lisjoyas.com\/producto\/pendientes-soles\/\",\"name\":\"Pendientes Soles - Lis Joyas\",\"isPartOf\":{\"@id\":\"https:\/\/lisjoyas.com\/#website\"},\"primaryImageOfPage\":{\"@id\":\"https:\/\/lisjoyas.com\/producto\/pendientes-soles\/#primaryimage\"},\"image\":{\"@id\":\"https:\/\/lisjoyas.com\/producto\/pendientes-soles\/#primaryimage\"},\"thumbnailUrl\":\"https:\/\/lisjoyas.com\/wp-content\/uploads\/2024\/05\/pendientes-4-soles-plateados-JPG.jpg\",\"datePublished\":\"2024-05-03T22:12:09+00:00\",\"dateModified\":\"2025-12-29T15:57:13+00:00\",\"description\":\"Pendientes Soles ideales para completar tu look, c\u00f3modos, vers\u00e1tiles. Hechos a mano en Uruguay. Cual es tu color preferido? Joyas Contempor\u00e1neas\",\"breadcrumb\":{\"@id\":\"https:\/\/lisjoyas.com\/producto\/pendientes-soles\/#breadcrumb\"},\"inLanguage\":\"es\",\"potentialAction\":[{\"@type\":\"ReadAction\",\"target\":[\"https:\/\/lisjoyas.com\/producto\/pendientes-soles\/\"]}]},{\"@type\":\"ImageObject\",\"inLanguage\":\"es\",\"@id\":\"https:\/\/lisjoyas.com\/producto\/pendientes-soles\/#primaryimage\",\"url\":\"https:\/\/lisjoyas.com\/wp-content\/uploads\/2024\/05\/pendientes-4-soles-plateados-JPG.jpg\",\"contentUrl\":\"https:\/\/lisjoyas.com\/wp-content\/uploads\/2024\/05\/pendientes-4-soles-plateados-JPG.jpg\",\"width\":500,\"height\":500},{\"@type\":\"BreadcrumbList\",\"@id\":\"https:\/\/lisjoyas.com\/producto\/pendientes-soles\/#breadcrumb\",\"itemListElement\":[{\"@type\":\"ListItem\",\"position\":1,\"name\":\"Portada\",\"item\":\"https:\/\/lisjoyas.com\/\"},{\"@type\":\"ListItem\",\"position\":2,\"name\":\"Tienda\",\"item\":\"https:\/\/lisjoyas.com\/tienda\/\"},{\"@type\":\"ListItem\",\"position\":3,\"name\":\"Pendientes Soles\"}]},{\"@type\":\"WebSite\",\"@id\":\"https:\/\/lisjoyas.com\/#website\",\"url\":\"https:\/\/lisjoyas.com\/\",\"name\":\"LIS Joyas\",\"description\":\"LIS Joyas\",\"publisher\":{\"@id\":\"https:\/\/lisjoyas.com\/#organization\"},\"potentialAction\":[{\"@type\":\"SearchAction\",\"target\":{\"@type\":\"EntryPoint\",\"urlTemplate\":\"https:\/\/lisjoyas.com\/?s={search_term_string}\"},\"query-input\":\"required name=search_term_string\"}],\"inLanguage\":\"es\"},{\"@type\":\"Organization\",\"@id\":\"https:\/\/lisjoyas.com\/#organization\",\"name\":\"Lis Joyas\",\"url\":\"https:\/\/lisjoyas.com\/\",\"logo\":{\"@type\":\"ImageObject\",\"inLanguage\":\"es\",\"@id\":\"https:\/\/lisjoyas.com\/#\/schema\/logo\/image\/\",\"url\":\"https:\/\/lisjoyas.com\/wp-content\/uploads\/2024\/04\/Lis_logo_color.svg\",\"contentUrl\":\"https:\/\/lisjoyas.com\/wp-content\/uploads\/2024\/04\/Lis_logo_color.svg\",\"width\":\"1024\",\"height\":\"1024\",\"caption\":\"Lis Joyas\"},\"image\":{\"@id\":\"https:\/\/lisjoyas.com\/#\/schema\/logo\/image\/\"},\"sameAs\":[\"https:\/\/www.facebook.com\/joyascontemporaneaslis?locale=es_LA\",\"https:\/\/www.instagram.com\/lisjoyas_\/\"]}]}<\/script>\n<!-- \/ Yoast SEO plugin. -->","yoast_head_json":{"title":"Pendientes Soles - Lis Joyas","description":"Pendientes Soles ideales para completar tu look, c\u00f3modos, vers\u00e1tiles. Hechos a mano en Uruguay. Cual es tu color preferido? Joyas Contempor\u00e1neas","robots":{"index":"index","follow":"follow","max-snippet":"max-snippet:-1","max-image-preview":"max-image-preview:large","max-video-preview":"max-video-preview:-1"},"canonical":"https:\/\/lisjoyas.com\/es\/producto\/pendientes-soles\/","og_locale":"es_ES","og_type":"article","og_title":"Pendientes Soles - Lis Joyas","og_description":"Pendientes Soles ideales para completar tu look, c\u00f3modos, vers\u00e1tiles. Hechos a mano en Uruguay. Cual es tu color preferido? Joyas Contempor\u00e1neas","og_url":"https:\/\/lisjoyas.com\/es\/producto\/pendientes-soles\/","og_site_name":"Lis Joyas","article_publisher":"https:\/\/www.facebook.com\/joyascontemporaneaslis?locale=es_LA","article_modified_time":"2025-12-29T15:57:13+00:00","og_image":[{"width":500,"height":500,"url":"https:\/\/lisjoyas.com\/wp-content\/uploads\/2024\/05\/pendientes-4-soles-plateados-JPG.jpg","type":"image\/jpeg"}],"twitter_card":"summary_large_image","twitter_misc":{"Tiempo de lectura":"3 minutos"},"schema":{"@context":"https:\/\/schema.org","@graph":[{"@type":"WebPage","@id":"https:\/\/lisjoyas.com\/producto\/pendientes-soles\/","url":"https:\/\/lisjoyas.com\/producto\/pendientes-soles\/","name":"Pendientes Soles - Lis Joyas","isPartOf":{"@id":"https:\/\/lisjoyas.com\/#website"},"primaryImageOfPage":{"@id":"https:\/\/lisjoyas.com\/producto\/pendientes-soles\/#primaryimage"},"image":{"@id":"https:\/\/lisjoyas.com\/producto\/pendientes-soles\/#primaryimage"},"thumbnailUrl":"https:\/\/lisjoyas.com\/wp-content\/uploads\/2024\/05\/pendientes-4-soles-plateados-JPG.jpg","datePublished":"2024-05-03T22:12:09+00:00","dateModified":"2025-12-29T15:57:13+00:00","description":"Pendientes Soles ideales para completar tu look, c\u00f3modos, vers\u00e1tiles. Hechos a mano en Uruguay. Cual es tu color preferido? Joyas Contempor\u00e1neas","breadcrumb":{"@id":"https:\/\/lisjoyas.com\/producto\/pendientes-soles\/#breadcrumb"},"inLanguage":"es","potentialAction":[{"@type":"ReadAction","target":["https:\/\/lisjoyas.com\/producto\/pendientes-soles\/"]}]},{"@type":"ImageObject","inLanguage":"es","@id":"https:\/\/lisjoyas.com\/producto\/pendientes-soles\/#primaryimage","url":"https:\/\/lisjoyas.com\/wp-content\/uploads\/2024\/05\/pendientes-4-soles-plateados-JPG.jpg","contentUrl":"https:\/\/lisjoyas.com\/wp-content\/uploads\/2024\/05\/pendientes-4-soles-plateados-JPG.jpg","width":500,"height":500},{"@type":"BreadcrumbList","@id":"https:\/\/lisjoyas.com\/producto\/pendientes-soles\/#breadcrumb","itemListElement":[{"@type":"ListItem","position":1,"name":"Portada","item":"https:\/\/lisjoyas.com\/"},{"@type":"ListItem","position":2,"name":"Tienda","item":"https:\/\/lisjoyas.com\/tienda\/"},{"@type":"ListItem","position":3,"name":"Pendientes Soles"}]},{"@type":"WebSite","@id":"https:\/\/lisjoyas.com\/#website","url":"https:\/\/lisjoyas.com\/","name":"LIS Joyas","description":"LIS Joyas","publisher":{"@id":"https:\/\/lisjoyas.com\/#organization"},"potentialAction":[{"@type":"SearchAction","target":{"@type":"EntryPoint","urlTemplate":"https:\/\/lisjoyas.com\/?s={search_term_string}"},"query-input":"required name=search_term_string"}],"inLanguage":"es"},{"@type":"Organization","@id":"https:\/\/lisjoyas.com\/#organization","name":"Lis Joyas","url":"https:\/\/lisjoyas.com\/","logo":{"@type":"ImageObject","inLanguage":"es","@id":"https:\/\/lisjoyas.com\/#\/schema\/logo\/image\/","url":"https:\/\/lisjoyas.com\/wp-content\/uploads\/2024\/04\/Lis_logo_color.svg","contentUrl":"https:\/\/lisjoyas.com\/wp-content\/uploads\/2024\/04\/Lis_logo_color.svg","width":"1024","height":"1024","caption":"Lis Joyas"},"image":{"@id":"https:\/\/lisjoyas.com\/#\/schema\/logo\/image\/"},"sameAs":["https:\/\/www.facebook.com\/joyascontemporaneaslis?locale=es_LA","https:\/\/www.instagram.com\/lisjoyas_\/"]}]}},"_links":{"self":[{"href":"https:\/\/lisjoyas.com\/es\/wp-json\/wp\/v2\/product\/3000","targetHints":{"allow":["GET"]}}],"collection":[{"href":"https:\/\/lisjoyas.com\/es\/wp-json\/wp\/v2\/product"}],"about":[{"href":"https:\/\/lisjoyas.com\/es\/wp-json\/wp\/v2\/types\/product"}],"wp:featuredmedia":[{"embeddable":true,"href":"https:\/\/lisjoyas.com\/es\/wp-json\/wp\/v2\/media\/3014"}],"wp:attachment":[{"href":"https:\/\/lisjoyas.com\/es\/wp-json\/wp\/v2\/media?parent=3000"}],"wp:term":[{"taxonomy":"product_cat","embeddable":true,"href":"https:\/\/lisjoyas.com\/es\/wp-json\/wp\/v2\/product_cat?post=3000"},{"taxonomy":"product_tag","embeddable":true,"href":"https:\/\/lisjoyas.com\/es\/wp-json\/wp\/v2\/product_tag?post=3000"}],"curies":[{"name":"wp","href":"https:\/\/api.w.org\/{rel}","templated":true}]}}