{"id":3575,"date":"2024-05-20T23:11:08","date_gmt":"2024-05-20T23:11:08","guid":{"rendered":"https:\/\/lisjoyas.com\/?post_type=product&#038;p=3575"},"modified":"2024-05-22T13:55:55","modified_gmt":"2024-05-22T13:55:55","slug":"tarjeta-regalo-pendientes","status":"publish","type":"product","link":"https:\/\/lisjoyas.com\/es\/producto\/tarjeta-regalo-pendientes\/","title":{"rendered":"Tarjeta regalo &#8211; Pendientes"},"content":{"rendered":"<h2>Gift Card &#8211; El Regalo Perfecto para obsequiar un par de pendientes.<\/h2>\n<p>Con nuestra Gift Card, regalar felicidad nunca ha sido tan f\u00e1cil. Ya sea para un cumplea\u00f1os, aniversario, graduaci\u00f3n, o simplemente para demostrar tu aprecio, nuestras tarjetas de regalo son la opci\u00f3n perfecta.<\/p>\n<h3>\u00bfPor qu\u00e9 elegir nuestra Gift Card?<\/h3>\n<ul>\n<li><strong>F\u00e1cil de Usar<\/strong>: Nuestras gift cards se pueden canjear f\u00e1cilmente en nuestro sitio web, ofreciendo una experiencia de compra sencilla y sin complicaciones.<\/li>\n<li><strong>V\u00e1lida para toda la Tienda<\/strong>: Desde los productos m\u00e1s populares hasta los m\u00e1s exclusivos, la gift card se puede utilizar en cualquier art\u00edculo disponible en nuestra tienda.<\/li>\n<li><strong>Entrega Inmediata<\/strong>: Disponemos de entrega por correo electr\u00f3nico para que tu regalo llegue al instante, ideal para regalos de \u00faltima hora.<\/li>\n<\/ul>\n<h3>C\u00f3mo Funciona<\/h3>\n<ol>\n<li><strong>Selecciona el producto gift card<\/strong>: Elige el valor para su categor\u00eda.<\/li>\n<li><strong>Personaliza tu Mensaje<\/strong>: Agrega un toque personal con un mensaje especial para el destinatario.<\/li>\n<li><strong>M\u00e9todo de Entrega<\/strong>: Recibir\u00e1 un correo electr\u00f3nico con una sorpresa instant\u00e1nea.<\/li>\n<li><strong>Finaliza tu Compra<\/strong>: Completa el proceso de compra y la gift card estar\u00e1 lista para hacer sonre\u00edr a alguien especial.<\/li>\n<\/ol>\n<p>&nbsp;<\/p>\n","protected":false},"excerpt":{"rendered":"<h3>Perfecta para Todos<\/h3>\n<p>No importa la ocasi\u00f3n o la persona, nuestras gift cards son una opci\u00f3n vers\u00e1til y apreciada por todos. Desde amigos y familiares hasta colegas y seres queridos, regalar una experiencia de compra personalizada nunca ha sido tan f\u00e1cil y satisfactorio.<\/p>\n<p>\u00a1No esperes m\u00e1s! Compra tu gift card hoy y ofrece el regalo de la elecci\u00f3n y la felicidad.<\/p>\n","protected":false},"featured_media":3558,"template":"","meta":{"inline_featured_image":false,"_joinchat":[]},"product_cat":[220,25],"product_tag":[231,232,234],"class_list":{"0":"post-3575","1":"product","2":"type-product","3":"status-publish","4":"has-post-thumbnail","6":"product_cat-gift-card-2","7":"product_cat-pendientes","8":"product_tag-gift-card","9":"product_tag-regalos","10":"product_tag-tarjeta-regalo","12":"first","13":"instock","14":"purchasable","15":"product-type-pw-gift-card"},"yoast_head":"<!-- This site is optimized with the Yoast SEO plugin v23.2 - https:\/\/yoast.com\/wordpress\/plugins\/seo\/ -->\n<title>Tarjeta regalo - Pendientes - Lis Joyas<\/title>\n<meta name=\"description\" content=\"Tarjeta Regalo - Pendientes \u00bfBuscas el regalo perfecto que se adapte a todos los gustos? Es la soluci\u00f3n ideal para agasajar a tus seres queridos siempre\" \/>\n<meta name=\"robots\" content=\"index, follow, max-snippet:-1, max-image-preview:large, max-video-preview:-1\" \/>\n<link rel=\"canonical\" href=\"https:\/\/lisjoyas.com\/es\/producto\/tarjeta-regalo-pendientes\/\" \/>\n<meta property=\"og:locale\" content=\"es_ES\" \/>\n<meta property=\"og:type\" content=\"article\" \/>\n<meta property=\"og:title\" content=\"Tarjeta regalo - Pendientes - Lis Joyas\" \/>\n<meta property=\"og:description\" content=\"Tarjeta Regalo - Pendientes \u00bfBuscas el regalo perfecto que se adapte a todos los gustos? Es la soluci\u00f3n ideal para agasajar a tus seres queridos siempre\" \/>\n<meta property=\"og:url\" content=\"https:\/\/lisjoyas.com\/es\/producto\/tarjeta-regalo-pendientes\/\" \/>\n<meta property=\"og:site_name\" content=\"Lis Joyas\" \/>\n<meta property=\"article:publisher\" content=\"https:\/\/www.facebook.com\/joyascontemporaneaslis?locale=es_LA\" \/>\n<meta property=\"article:modified_time\" content=\"2024-05-22T13:55:55+00:00\" \/>\n<meta property=\"og:image\" content=\"https:\/\/lisjoyas.com\/wp-content\/uploads\/2024\/05\/pw-gift-card.png\" \/>\n\t<meta property=\"og:image:width\" content=\"512\" \/>\n\t<meta property=\"og:image:height\" content=\"512\" \/>\n\t<meta property=\"og:image:type\" content=\"image\/png\" \/>\n<meta name=\"twitter:card\" content=\"summary_large_image\" \/>\n<meta name=\"twitter:label1\" content=\"Tiempo de lectura\" \/>\n\t<meta name=\"twitter:data1\" content=\"2 minutos\" \/>\n<script type=\"application\/ld+json\" class=\"yoast-schema-graph\">{\"@context\":\"https:\/\/schema.org\",\"@graph\":[{\"@type\":\"WebPage\",\"@id\":\"https:\/\/lisjoyas.com\/producto\/tarjeta-regalo-pendientes\/\",\"url\":\"https:\/\/lisjoyas.com\/producto\/tarjeta-regalo-pendientes\/\",\"name\":\"Tarjeta regalo - Pendientes - Lis Joyas\",\"isPartOf\":{\"@id\":\"https:\/\/lisjoyas.com\/#website\"},\"primaryImageOfPage\":{\"@id\":\"https:\/\/lisjoyas.com\/producto\/tarjeta-regalo-pendientes\/#primaryimage\"},\"image\":{\"@id\":\"https:\/\/lisjoyas.com\/producto\/tarjeta-regalo-pendientes\/#primaryimage\"},\"thumbnailUrl\":\"https:\/\/lisjoyas.com\/wp-content\/uploads\/2024\/05\/pw-gift-card.png\",\"datePublished\":\"2024-05-20T23:11:08+00:00\",\"dateModified\":\"2024-05-22T13:55:55+00:00\",\"description\":\"Tarjeta Regalo - Pendientes \u00bfBuscas el regalo perfecto que se adapte a todos los gustos? Es la soluci\u00f3n ideal para agasajar a tus seres queridos siempre\",\"breadcrumb\":{\"@id\":\"https:\/\/lisjoyas.com\/producto\/tarjeta-regalo-pendientes\/#breadcrumb\"},\"inLanguage\":\"es\",\"potentialAction\":[{\"@type\":\"ReadAction\",\"target\":[\"https:\/\/lisjoyas.com\/producto\/tarjeta-regalo-pendientes\/\"]}]},{\"@type\":\"ImageObject\",\"inLanguage\":\"es\",\"@id\":\"https:\/\/lisjoyas.com\/producto\/tarjeta-regalo-pendientes\/#primaryimage\",\"url\":\"https:\/\/lisjoyas.com\/wp-content\/uploads\/2024\/05\/pw-gift-card.png\",\"contentUrl\":\"https:\/\/lisjoyas.com\/wp-content\/uploads\/2024\/05\/pw-gift-card.png\",\"width\":512,\"height\":512},{\"@type\":\"BreadcrumbList\",\"@id\":\"https:\/\/lisjoyas.com\/producto\/tarjeta-regalo-pendientes\/#breadcrumb\",\"itemListElement\":[{\"@type\":\"ListItem\",\"position\":1,\"name\":\"Portada\",\"item\":\"https:\/\/lisjoyas.com\/\"},{\"@type\":\"ListItem\",\"position\":2,\"name\":\"Tienda\",\"item\":\"https:\/\/lisjoyas.com\/tienda\/\"},{\"@type\":\"ListItem\",\"position\":3,\"name\":\"Tarjeta regalo &#8211; Pendientes\"}]},{\"@type\":\"WebSite\",\"@id\":\"https:\/\/lisjoyas.com\/#website\",\"url\":\"https:\/\/lisjoyas.com\/\",\"name\":\"LIS Joyas\",\"description\":\"LIS Joyas\",\"publisher\":{\"@id\":\"https:\/\/lisjoyas.com\/#organization\"},\"potentialAction\":[{\"@type\":\"SearchAction\",\"target\":{\"@type\":\"EntryPoint\",\"urlTemplate\":\"https:\/\/lisjoyas.com\/?s={search_term_string}\"},\"query-input\":\"required name=search_term_string\"}],\"inLanguage\":\"es\"},{\"@type\":\"Organization\",\"@id\":\"https:\/\/lisjoyas.com\/#organization\",\"name\":\"Lis Joyas\",\"url\":\"https:\/\/lisjoyas.com\/\",\"logo\":{\"@type\":\"ImageObject\",\"inLanguage\":\"es\",\"@id\":\"https:\/\/lisjoyas.com\/#\/schema\/logo\/image\/\",\"url\":\"https:\/\/lisjoyas.com\/wp-content\/uploads\/2024\/04\/Lis_logo_color.svg\",\"contentUrl\":\"https:\/\/lisjoyas.com\/wp-content\/uploads\/2024\/04\/Lis_logo_color.svg\",\"width\":\"1024\",\"height\":\"1024\",\"caption\":\"Lis Joyas\"},\"image\":{\"@id\":\"https:\/\/lisjoyas.com\/#\/schema\/logo\/image\/\"},\"sameAs\":[\"https:\/\/www.facebook.com\/joyascontemporaneaslis?locale=es_LA\",\"https:\/\/www.instagram.com\/lisjoyas_\/\"]}]}<\/script>\n<!-- \/ Yoast SEO plugin. -->","yoast_head_json":{"title":"Tarjeta regalo - Pendientes - Lis Joyas","description":"Tarjeta Regalo - Pendientes \u00bfBuscas el regalo perfecto que se adapte a todos los gustos? Es la soluci\u00f3n ideal para agasajar a tus seres queridos siempre","robots":{"index":"index","follow":"follow","max-snippet":"max-snippet:-1","max-image-preview":"max-image-preview:large","max-video-preview":"max-video-preview:-1"},"canonical":"https:\/\/lisjoyas.com\/es\/producto\/tarjeta-regalo-pendientes\/","og_locale":"es_ES","og_type":"article","og_title":"Tarjeta regalo - Pendientes - Lis Joyas","og_description":"Tarjeta Regalo - Pendientes \u00bfBuscas el regalo perfecto que se adapte a todos los gustos? Es la soluci\u00f3n ideal para agasajar a tus seres queridos siempre","og_url":"https:\/\/lisjoyas.com\/es\/producto\/tarjeta-regalo-pendientes\/","og_site_name":"Lis Joyas","article_publisher":"https:\/\/www.facebook.com\/joyascontemporaneaslis?locale=es_LA","article_modified_time":"2024-05-22T13:55:55+00:00","og_image":[{"width":512,"height":512,"url":"https:\/\/lisjoyas.com\/wp-content\/uploads\/2024\/05\/pw-gift-card.png","type":"image\/png"}],"twitter_card":"summary_large_image","twitter_misc":{"Tiempo de lectura":"2 minutos"},"schema":{"@context":"https:\/\/schema.org","@graph":[{"@type":"WebPage","@id":"https:\/\/lisjoyas.com\/producto\/tarjeta-regalo-pendientes\/","url":"https:\/\/lisjoyas.com\/producto\/tarjeta-regalo-pendientes\/","name":"Tarjeta regalo - Pendientes - Lis Joyas","isPartOf":{"@id":"https:\/\/lisjoyas.com\/#website"},"primaryImageOfPage":{"@id":"https:\/\/lisjoyas.com\/producto\/tarjeta-regalo-pendientes\/#primaryimage"},"image":{"@id":"https:\/\/lisjoyas.com\/producto\/tarjeta-regalo-pendientes\/#primaryimage"},"thumbnailUrl":"https:\/\/lisjoyas.com\/wp-content\/uploads\/2024\/05\/pw-gift-card.png","datePublished":"2024-05-20T23:11:08+00:00","dateModified":"2024-05-22T13:55:55+00:00","description":"Tarjeta Regalo - Pendientes \u00bfBuscas el regalo perfecto que se adapte a todos los gustos? Es la soluci\u00f3n ideal para agasajar a tus seres queridos siempre","breadcrumb":{"@id":"https:\/\/lisjoyas.com\/producto\/tarjeta-regalo-pendientes\/#breadcrumb"},"inLanguage":"es","potentialAction":[{"@type":"ReadAction","target":["https:\/\/lisjoyas.com\/producto\/tarjeta-regalo-pendientes\/"]}]},{"@type":"ImageObject","inLanguage":"es","@id":"https:\/\/lisjoyas.com\/producto\/tarjeta-regalo-pendientes\/#primaryimage","url":"https:\/\/lisjoyas.com\/wp-content\/uploads\/2024\/05\/pw-gift-card.png","contentUrl":"https:\/\/lisjoyas.com\/wp-content\/uploads\/2024\/05\/pw-gift-card.png","width":512,"height":512},{"@type":"BreadcrumbList","@id":"https:\/\/lisjoyas.com\/producto\/tarjeta-regalo-pendientes\/#breadcrumb","itemListElement":[{"@type":"ListItem","position":1,"name":"Portada","item":"https:\/\/lisjoyas.com\/"},{"@type":"ListItem","position":2,"name":"Tienda","item":"https:\/\/lisjoyas.com\/tienda\/"},{"@type":"ListItem","position":3,"name":"Tarjeta regalo &#8211; Pendientes"}]},{"@type":"WebSite","@id":"https:\/\/lisjoyas.com\/#website","url":"https:\/\/lisjoyas.com\/","name":"LIS Joyas","description":"LIS Joyas","publisher":{"@id":"https:\/\/lisjoyas.com\/#organization"},"potentialAction":[{"@type":"SearchAction","target":{"@type":"EntryPoint","urlTemplate":"https:\/\/lisjoyas.com\/?s={search_term_string}"},"query-input":"required name=search_term_string"}],"inLanguage":"es"},{"@type":"Organization","@id":"https:\/\/lisjoyas.com\/#organization","name":"Lis Joyas","url":"https:\/\/lisjoyas.com\/","logo":{"@type":"ImageObject","inLanguage":"es","@id":"https:\/\/lisjoyas.com\/#\/schema\/logo\/image\/","url":"https:\/\/lisjoyas.com\/wp-content\/uploads\/2024\/04\/Lis_logo_color.svg","contentUrl":"https:\/\/lisjoyas.com\/wp-content\/uploads\/2024\/04\/Lis_logo_color.svg","width":"1024","height":"1024","caption":"Lis Joyas"},"image":{"@id":"https:\/\/lisjoyas.com\/#\/schema\/logo\/image\/"},"sameAs":["https:\/\/www.facebook.com\/joyascontemporaneaslis?locale=es_LA","https:\/\/www.instagram.com\/lisjoyas_\/"]}]}},"_links":{"self":[{"href":"https:\/\/lisjoyas.com\/es\/wp-json\/wp\/v2\/product\/3575","targetHints":{"allow":["GET"]}}],"collection":[{"href":"https:\/\/lisjoyas.com\/es\/wp-json\/wp\/v2\/product"}],"about":[{"href":"https:\/\/lisjoyas.com\/es\/wp-json\/wp\/v2\/types\/product"}],"wp:featuredmedia":[{"embeddable":true,"href":"https:\/\/lisjoyas.com\/es\/wp-json\/wp\/v2\/media\/3558"}],"wp:attachment":[{"href":"https:\/\/lisjoyas.com\/es\/wp-json\/wp\/v2\/media?parent=3575"}],"wp:term":[{"taxonomy":"product_cat","embeddable":true,"href":"https:\/\/lisjoyas.com\/es\/wp-json\/wp\/v2\/product_cat?post=3575"},{"taxonomy":"product_tag","embeddable":true,"href":"https:\/\/lisjoyas.com\/es\/wp-json\/wp\/v2\/product_tag?post=3575"}],"curies":[{"name":"wp","href":"https:\/\/api.w.org\/{rel}","templated":true}]}}