{"id":3843,"date":"2024-07-04T21:50:00","date_gmt":"2024-07-04T21:50:00","guid":{"rendered":"https:\/\/lisjoyas.com\/?post_type=product&#038;p=3843"},"modified":"2024-08-23T20:14:21","modified_gmt":"2024-08-23T20:14:21","slug":"faja-calada","status":"publish","type":"product","link":"https:\/\/lisjoyas.com\/es\/producto\/faja-calada\/","title":{"rendered":"Faja Calada"},"content":{"rendered":"\n","protected":false},"excerpt":{"rendered":"<div class=\"flex-1 overflow-hidden\">\n<div class=\"h-full\">\n<div class=\"react-scroll-to-bottom--css-prtzz-79elbk h-full\">\n<div class=\"react-scroll-to-bottom--css-prtzz-1n7m0yu\">\n<div class=\"flex flex-col text-sm\">\n<div class=\"w-full text-token-text-primary\" dir=\"auto\" data-testid=\"conversation-turn-11\" data-scroll-anchor=\"true\">\n<div class=\"text-base py-2 juice:py-[18px] px-3 md:px-4 m-auto md:px-5 lg:px-1 xl:px-5\">\n<div class=\"mx-auto flex flex-1 gap-3 text-base juice:gap-4 juice:md:gap-5 juice:lg:gap-6 md:max-w-3xl\">\n<div class=\"group\/conversation-turn relative flex w-full min-w-0 flex-col agent-turn\">\n<div class=\"flex-col gap-1 md:gap-3\">\n<div class=\"flex flex-grow flex-col max-w-full\">\n<div class=\"min-h-[20px] text-message flex flex-col items-start whitespace-pre-wrap break-words [.text-message+&amp;]:mt-5 juice:w-full juice:items-end overflow-x-auto gap-2\" dir=\"auto\" data-message-author-role=\"assistant\" data-message-id=\"224088be-2bef-4132-a0cf-f0b280eeb182\">\n<div class=\"flex w-full flex-col gap-1 juice:empty:hidden juice:first:pt-[3px]\">\n<div class=\"markdown prose w-full break-words dark:prose-invert light\">\n<p>Eleva tu colecci\u00f3n de moda con nuestra faja calada en cuero, una pieza vers\u00e1til que se adapta perfectamente a cualquier ocasi\u00f3n. La combinaci\u00f3n de dorado y negro no solo es cl\u00e1sica, sino que a\u00f1ade un toque de sofisticaci\u00f3n a tus looks, desde fiestas elegantes hasta outfits casuales.<\/p>\n<p>Su dise\u00f1o \u00fanico y detalles calados aportan un aire moderno, y su cierre con broches a presi\u00f3n garantiza un ajuste seguro y c\u00f3modo. Hecha de cuero de alta calidad, esta faja asegura durabilidad y un estilo impecable.<\/p>\n<p>Imagina combinarla con un vestido de noche para una celebraci\u00f3n especial, o con unos jeans y una blusa sencilla para un almuerzo con amigos. Esta faja es el complemento perfecto que te permite jugar con tu estilo, adapt\u00e1ndose a tus necesidades y elevando tu apariencia en cada ocasi\u00f3n. \u00a1No te quedes sin la tuya y deslumbra con cada paso!<\/p>\n<\/div>\n<\/div>\n<\/div>\n<\/div>\n<\/div>\n<\/div>\n<\/div>\n<\/div>\n<\/div>\n<\/div>\n<\/div>\n<\/div>\n<\/div>\n<\/div>\n","protected":false},"featured_media":3999,"template":"","meta":{"inline_featured_image":false,"_joinchat":[]},"product_cat":[15],"product_tag":[173,84,178,265,174,176,177,170,264,64,171,179,172,175],"class_list":{"0":"post-3843","1":"product","2":"type-product","3":"status-publish","4":"has-post-thumbnail","6":"product_cat-piezas-arte-veneciano","7":"product_tag-accesorios-de-vanguardia-modern-jewelry","8":"product_tag-brazalete-de-cuero","9":"product_tag-brazaletes","10":"product_tag-cinturon","11":"product_tag-contemporary-design","12":"product_tag-current-trends","13":"product_tag-cutting-edge-accessories","14":"product_tag-diseno-contemporaneo","15":"product_tag-faja","16":"product_tag-joyeria-moderna","17":"product_tag-piezas-unicas","18":"product_tag-pulseras","19":"product_tag-tendencias-actuales","20":"product_tag-unique-pieces","22":"first","23":"instock","24":"shipping-taxable","25":"purchasable","26":"product-type-variable"},"yoast_head":"<!-- This site is optimized with the Yoast SEO plugin v23.2 - https:\/\/yoast.com\/wordpress\/plugins\/seo\/ -->\n<title>Faja Calada - Lis Joyas<\/title>\n<meta name=\"description\" content=\"Faja Calada en cuero natural, de 12 cm de ancho en su frente color dorado y 4 cm en su parte posterior color negro. Super c\u00f3moda y vers\u00e1til\" \/>\n<meta name=\"robots\" content=\"index, follow, max-snippet:-1, max-image-preview:large, max-video-preview:-1\" \/>\n<link rel=\"canonical\" href=\"https:\/\/lisjoyas.com\/es\/producto\/faja-calada\/\" \/>\n<meta property=\"og:locale\" content=\"es_ES\" \/>\n<meta property=\"og:type\" content=\"article\" \/>\n<meta property=\"og:title\" content=\"Faja Calada - Lis Joyas\" \/>\n<meta property=\"og:description\" content=\"Faja Calada en cuero natural, de 12 cm de ancho en su frente color dorado y 4 cm en su parte posterior color negro. Super c\u00f3moda y vers\u00e1til\" \/>\n<meta property=\"og:url\" content=\"https:\/\/lisjoyas.com\/es\/producto\/faja-calada\/\" \/>\n<meta property=\"og:site_name\" content=\"Lis Joyas\" \/>\n<meta property=\"article:publisher\" content=\"https:\/\/www.facebook.com\/joyascontemporaneaslis?locale=es_LA\" \/>\n<meta property=\"article:modified_time\" content=\"2024-08-23T20:14:21+00:00\" \/>\n<meta property=\"og:image\" content=\"https:\/\/lisjoyas.com\/wp-content\/uploads\/2024\/07\/faja-calada-1.jpg\" \/>\n\t<meta property=\"og:image:width\" content=\"500\" \/>\n\t<meta property=\"og:image:height\" content=\"330\" \/>\n\t<meta property=\"og:image:type\" content=\"image\/jpeg\" \/>\n<meta name=\"twitter:card\" content=\"summary_large_image\" \/>\n<meta name=\"twitter:label1\" content=\"Tiempo de lectura\" \/>\n\t<meta name=\"twitter:data1\" content=\"3 minutos\" \/>\n<script type=\"application\/ld+json\" class=\"yoast-schema-graph\">{\"@context\":\"https:\/\/schema.org\",\"@graph\":[{\"@type\":\"WebPage\",\"@id\":\"https:\/\/lisjoyas.com\/producto\/faja-calada\/\",\"url\":\"https:\/\/lisjoyas.com\/producto\/faja-calada\/\",\"name\":\"Faja Calada - Lis Joyas\",\"isPartOf\":{\"@id\":\"https:\/\/lisjoyas.com\/#website\"},\"primaryImageOfPage\":{\"@id\":\"https:\/\/lisjoyas.com\/producto\/faja-calada\/#primaryimage\"},\"image\":{\"@id\":\"https:\/\/lisjoyas.com\/producto\/faja-calada\/#primaryimage\"},\"thumbnailUrl\":\"https:\/\/lisjoyas.com\/wp-content\/uploads\/2024\/07\/faja-calada-1.jpg\",\"datePublished\":\"2024-07-04T21:50:00+00:00\",\"dateModified\":\"2024-08-23T20:14:21+00:00\",\"description\":\"Faja Calada en cuero natural, de 12 cm de ancho en su frente color dorado y 4 cm en su parte posterior color negro. Super c\u00f3moda y vers\u00e1til\",\"breadcrumb\":{\"@id\":\"https:\/\/lisjoyas.com\/producto\/faja-calada\/#breadcrumb\"},\"inLanguage\":\"es\",\"potentialAction\":[{\"@type\":\"ReadAction\",\"target\":[\"https:\/\/lisjoyas.com\/producto\/faja-calada\/\"]}]},{\"@type\":\"ImageObject\",\"inLanguage\":\"es\",\"@id\":\"https:\/\/lisjoyas.com\/producto\/faja-calada\/#primaryimage\",\"url\":\"https:\/\/lisjoyas.com\/wp-content\/uploads\/2024\/07\/faja-calada-1.jpg\",\"contentUrl\":\"https:\/\/lisjoyas.com\/wp-content\/uploads\/2024\/07\/faja-calada-1.jpg\",\"width\":500,\"height\":330},{\"@type\":\"BreadcrumbList\",\"@id\":\"https:\/\/lisjoyas.com\/producto\/faja-calada\/#breadcrumb\",\"itemListElement\":[{\"@type\":\"ListItem\",\"position\":1,\"name\":\"Portada\",\"item\":\"https:\/\/lisjoyas.com\/\"},{\"@type\":\"ListItem\",\"position\":2,\"name\":\"Tienda\",\"item\":\"https:\/\/lisjoyas.com\/tienda\/\"},{\"@type\":\"ListItem\",\"position\":3,\"name\":\"Faja Calada\"}]},{\"@type\":\"WebSite\",\"@id\":\"https:\/\/lisjoyas.com\/#website\",\"url\":\"https:\/\/lisjoyas.com\/\",\"name\":\"LIS Joyas\",\"description\":\"LIS Joyas\",\"publisher\":{\"@id\":\"https:\/\/lisjoyas.com\/#organization\"},\"potentialAction\":[{\"@type\":\"SearchAction\",\"target\":{\"@type\":\"EntryPoint\",\"urlTemplate\":\"https:\/\/lisjoyas.com\/?s={search_term_string}\"},\"query-input\":\"required name=search_term_string\"}],\"inLanguage\":\"es\"},{\"@type\":\"Organization\",\"@id\":\"https:\/\/lisjoyas.com\/#organization\",\"name\":\"Lis Joyas\",\"url\":\"https:\/\/lisjoyas.com\/\",\"logo\":{\"@type\":\"ImageObject\",\"inLanguage\":\"es\",\"@id\":\"https:\/\/lisjoyas.com\/#\/schema\/logo\/image\/\",\"url\":\"https:\/\/lisjoyas.com\/wp-content\/uploads\/2024\/04\/Lis_logo_color.svg\",\"contentUrl\":\"https:\/\/lisjoyas.com\/wp-content\/uploads\/2024\/04\/Lis_logo_color.svg\",\"width\":\"1024\",\"height\":\"1024\",\"caption\":\"Lis Joyas\"},\"image\":{\"@id\":\"https:\/\/lisjoyas.com\/#\/schema\/logo\/image\/\"},\"sameAs\":[\"https:\/\/www.facebook.com\/joyascontemporaneaslis?locale=es_LA\",\"https:\/\/www.instagram.com\/lisjoyas_\/\"]}]}<\/script>\n<!-- \/ Yoast SEO plugin. -->","yoast_head_json":{"title":"Faja Calada - Lis Joyas","description":"Faja Calada en cuero natural, de 12 cm de ancho en su frente color dorado y 4 cm en su parte posterior color negro. Super c\u00f3moda y vers\u00e1til","robots":{"index":"index","follow":"follow","max-snippet":"max-snippet:-1","max-image-preview":"max-image-preview:large","max-video-preview":"max-video-preview:-1"},"canonical":"https:\/\/lisjoyas.com\/es\/producto\/faja-calada\/","og_locale":"es_ES","og_type":"article","og_title":"Faja Calada - Lis Joyas","og_description":"Faja Calada en cuero natural, de 12 cm de ancho en su frente color dorado y 4 cm en su parte posterior color negro. Super c\u00f3moda y vers\u00e1til","og_url":"https:\/\/lisjoyas.com\/es\/producto\/faja-calada\/","og_site_name":"Lis Joyas","article_publisher":"https:\/\/www.facebook.com\/joyascontemporaneaslis?locale=es_LA","article_modified_time":"2024-08-23T20:14:21+00:00","og_image":[{"width":500,"height":330,"url":"https:\/\/lisjoyas.com\/wp-content\/uploads\/2024\/07\/faja-calada-1.jpg","type":"image\/jpeg"}],"twitter_card":"summary_large_image","twitter_misc":{"Tiempo de lectura":"3 minutos"},"schema":{"@context":"https:\/\/schema.org","@graph":[{"@type":"WebPage","@id":"https:\/\/lisjoyas.com\/producto\/faja-calada\/","url":"https:\/\/lisjoyas.com\/producto\/faja-calada\/","name":"Faja Calada - Lis Joyas","isPartOf":{"@id":"https:\/\/lisjoyas.com\/#website"},"primaryImageOfPage":{"@id":"https:\/\/lisjoyas.com\/producto\/faja-calada\/#primaryimage"},"image":{"@id":"https:\/\/lisjoyas.com\/producto\/faja-calada\/#primaryimage"},"thumbnailUrl":"https:\/\/lisjoyas.com\/wp-content\/uploads\/2024\/07\/faja-calada-1.jpg","datePublished":"2024-07-04T21:50:00+00:00","dateModified":"2024-08-23T20:14:21+00:00","description":"Faja Calada en cuero natural, de 12 cm de ancho en su frente color dorado y 4 cm en su parte posterior color negro. Super c\u00f3moda y vers\u00e1til","breadcrumb":{"@id":"https:\/\/lisjoyas.com\/producto\/faja-calada\/#breadcrumb"},"inLanguage":"es","potentialAction":[{"@type":"ReadAction","target":["https:\/\/lisjoyas.com\/producto\/faja-calada\/"]}]},{"@type":"ImageObject","inLanguage":"es","@id":"https:\/\/lisjoyas.com\/producto\/faja-calada\/#primaryimage","url":"https:\/\/lisjoyas.com\/wp-content\/uploads\/2024\/07\/faja-calada-1.jpg","contentUrl":"https:\/\/lisjoyas.com\/wp-content\/uploads\/2024\/07\/faja-calada-1.jpg","width":500,"height":330},{"@type":"BreadcrumbList","@id":"https:\/\/lisjoyas.com\/producto\/faja-calada\/#breadcrumb","itemListElement":[{"@type":"ListItem","position":1,"name":"Portada","item":"https:\/\/lisjoyas.com\/"},{"@type":"ListItem","position":2,"name":"Tienda","item":"https:\/\/lisjoyas.com\/tienda\/"},{"@type":"ListItem","position":3,"name":"Faja Calada"}]},{"@type":"WebSite","@id":"https:\/\/lisjoyas.com\/#website","url":"https:\/\/lisjoyas.com\/","name":"LIS Joyas","description":"LIS Joyas","publisher":{"@id":"https:\/\/lisjoyas.com\/#organization"},"potentialAction":[{"@type":"SearchAction","target":{"@type":"EntryPoint","urlTemplate":"https:\/\/lisjoyas.com\/?s={search_term_string}"},"query-input":"required name=search_term_string"}],"inLanguage":"es"},{"@type":"Organization","@id":"https:\/\/lisjoyas.com\/#organization","name":"Lis Joyas","url":"https:\/\/lisjoyas.com\/","logo":{"@type":"ImageObject","inLanguage":"es","@id":"https:\/\/lisjoyas.com\/#\/schema\/logo\/image\/","url":"https:\/\/lisjoyas.com\/wp-content\/uploads\/2024\/04\/Lis_logo_color.svg","contentUrl":"https:\/\/lisjoyas.com\/wp-content\/uploads\/2024\/04\/Lis_logo_color.svg","width":"1024","height":"1024","caption":"Lis Joyas"},"image":{"@id":"https:\/\/lisjoyas.com\/#\/schema\/logo\/image\/"},"sameAs":["https:\/\/www.facebook.com\/joyascontemporaneaslis?locale=es_LA","https:\/\/www.instagram.com\/lisjoyas_\/"]}]}},"_links":{"self":[{"href":"https:\/\/lisjoyas.com\/es\/wp-json\/wp\/v2\/product\/3843","targetHints":{"allow":["GET"]}}],"collection":[{"href":"https:\/\/lisjoyas.com\/es\/wp-json\/wp\/v2\/product"}],"about":[{"href":"https:\/\/lisjoyas.com\/es\/wp-json\/wp\/v2\/types\/product"}],"wp:featuredmedia":[{"embeddable":true,"href":"https:\/\/lisjoyas.com\/es\/wp-json\/wp\/v2\/media\/3999"}],"wp:attachment":[{"href":"https:\/\/lisjoyas.com\/es\/wp-json\/wp\/v2\/media?parent=3843"}],"wp:term":[{"taxonomy":"product_cat","embeddable":true,"href":"https:\/\/lisjoyas.com\/es\/wp-json\/wp\/v2\/product_cat?post=3843"},{"taxonomy":"product_tag","embeddable":true,"href":"https:\/\/lisjoyas.com\/es\/wp-json\/wp\/v2\/product_tag?post=3843"}],"curies":[{"name":"wp","href":"https:\/\/api.w.org\/{rel}","templated":true}]}}