{"id":3963,"date":"2024-08-23T17:58:39","date_gmt":"2024-08-23T17:58:39","guid":{"rendered":"https:\/\/lisjoyas.com\/?post_type=product&#038;p=3963"},"modified":"2024-08-30T15:17:10","modified_gmt":"2024-08-30T15:17:10","slug":"collar-lazo-encantado","status":"publish","type":"product","link":"https:\/\/lisjoyas.com\/es\/producto\/collar-lazo-encantado\/","title":{"rendered":"Collar Lazo Encantado"},"content":{"rendered":"\n","protected":false},"excerpt":{"rendered":"<p>Presentamos el <strong>Collar Lazo Encantado<\/strong>, una joya de 30 cm que destaca por su elegante dise\u00f1o en cuero uruguayo. Con un lazo hecho a mano tambi\u00e9n en cuero uruguayo, adornado con un detalle de brillo en el centro, a\u00f1adiendo un toque de luminosidad y encanto.<\/p>\n<p>Hecho a mano en el atelier de Lis en Uruguay, este collar refleja un compromiso con la calidad y el detalle. Puedes elegir entre el dorado, que aporta un toque c\u00e1lido y lujoso, o el plateado, que ofrece un acabado fresco y moderno. O simplemente una combinaci\u00f3n de los dos.<\/p>\n<p>Ideal para realzar tanto atuendos formales como casuales, el Collar Lazo Encantado es la pieza perfecta para quienes desean a\u00f1adir un toque de sofisticaci\u00f3n a su estilo personal.<\/p>\n<p>Tambi\u00e9n te puede gustar el\u00a0<a href=\"https:\/\/lisjoyas.com\/producto\/collar-parisienne\/\">Collar Parisienne<\/a><\/p>\n","protected":false},"featured_media":3967,"template":"","meta":{"inline_featured_image":false,"_joinchat":[]},"product_cat":[18],"product_tag":[140,151,141,145,144,114,152,83,139,148,47,153,137,143,142,149,108,150,278,146,147,279,136,138],"class_list":{"0":"post-3963","1":"product","2":"type-product","3":"status-publish","4":"has-post-thumbnail","6":"product_cat-collares","7":"product_tag-accesorio-de-moda","8":"product_tag-accesorio-versatil","9":"product_tag-artesania","10":"product_tag-autenticidad","11":"product_tag-calidad","12":"product_tag-collar","13":"product_tag-collar-artesanal","14":"product_tag-collar-de-cuero","15":"product_tag-comodo","16":"product_tag-complemento","17":"product_tag-cuero-natural","18":"product_tag-cuero-uruguayo","19":"product_tag-diseno-unico","20":"product_tag-elegancia","21":"product_tag-estilo","22":"product_tag-exclusivo","23":"product_tag-hecho-a-mano","24":"product_tag-joyeria","25":"product_tag-lazo","26":"product_tag-lujo","27":"product_tag-moda","28":"product_tag-monas","29":"product_tag-uruguay","30":"product_tag-versatil","32":"first","33":"instock","34":"shipping-taxable","35":"purchasable","36":"product-type-variable"},"yoast_head":"<!-- This site is optimized with the Yoast SEO plugin v23.2 - https:\/\/yoast.com\/wordpress\/plugins\/seo\/ -->\n<title>Collar Lazo Encantado - Lis Joyas<\/title>\n<meta name=\"description\" content=\"Collar Lazo Encantado, una joya de 30 cm que destaca por su elegante dije un dise\u00f1o en cuero uruguayo. Un accesorio infaltable para tu look. Lo quiero!\" \/>\n<meta name=\"robots\" content=\"index, follow, max-snippet:-1, max-image-preview:large, max-video-preview:-1\" \/>\n<link rel=\"canonical\" href=\"https:\/\/lisjoyas.com\/es\/producto\/collar-lazo-encantado\/\" \/>\n<meta property=\"og:locale\" content=\"es_ES\" \/>\n<meta property=\"og:type\" content=\"article\" \/>\n<meta property=\"og:title\" content=\"Collar Lazo Encantado - Lis Joyas\" \/>\n<meta property=\"og:description\" content=\"Collar Lazo Encantado, una joya de 30 cm que destaca por su elegante dije un dise\u00f1o en cuero uruguayo. Un accesorio infaltable para tu look. Lo quiero!\" \/>\n<meta property=\"og:url\" content=\"https:\/\/lisjoyas.com\/es\/producto\/collar-lazo-encantado\/\" \/>\n<meta property=\"og:site_name\" content=\"Lis Joyas\" \/>\n<meta property=\"article:publisher\" content=\"https:\/\/www.facebook.com\/joyascontemporaneaslis?locale=es_LA\" \/>\n<meta property=\"article:modified_time\" content=\"2024-08-30T15:17:10+00:00\" \/>\n<meta property=\"og:image\" content=\"https:\/\/lisjoyas.com\/wp-content\/uploads\/2024\/08\/collar-lazo-encantado.jpg\" \/>\n\t<meta property=\"og:image:width\" content=\"500\" \/>\n\t<meta property=\"og:image:height\" content=\"483\" \/>\n\t<meta property=\"og:image:type\" content=\"image\/jpeg\" \/>\n<meta name=\"twitter:card\" content=\"summary_large_image\" \/>\n<meta name=\"twitter:label1\" content=\"Tiempo de lectura\" \/>\n\t<meta name=\"twitter:data1\" content=\"4 minutos\" \/>\n<script type=\"application\/ld+json\" class=\"yoast-schema-graph\">{\"@context\":\"https:\/\/schema.org\",\"@graph\":[{\"@type\":\"WebPage\",\"@id\":\"https:\/\/lisjoyas.com\/producto\/collar-lazo-encantado\/\",\"url\":\"https:\/\/lisjoyas.com\/producto\/collar-lazo-encantado\/\",\"name\":\"Collar Lazo Encantado - Lis Joyas\",\"isPartOf\":{\"@id\":\"https:\/\/lisjoyas.com\/#website\"},\"primaryImageOfPage\":{\"@id\":\"https:\/\/lisjoyas.com\/producto\/collar-lazo-encantado\/#primaryimage\"},\"image\":{\"@id\":\"https:\/\/lisjoyas.com\/producto\/collar-lazo-encantado\/#primaryimage\"},\"thumbnailUrl\":\"https:\/\/lisjoyas.com\/wp-content\/uploads\/2024\/08\/collar-lazo-encantado.jpg\",\"datePublished\":\"2024-08-23T17:58:39+00:00\",\"dateModified\":\"2024-08-30T15:17:10+00:00\",\"description\":\"Collar Lazo Encantado, una joya de 30 cm que destaca por su elegante dije un dise\u00f1o en cuero uruguayo. Un accesorio infaltable para tu look. Lo quiero!\",\"breadcrumb\":{\"@id\":\"https:\/\/lisjoyas.com\/producto\/collar-lazo-encantado\/#breadcrumb\"},\"inLanguage\":\"es\",\"potentialAction\":[{\"@type\":\"ReadAction\",\"target\":[\"https:\/\/lisjoyas.com\/producto\/collar-lazo-encantado\/\"]}]},{\"@type\":\"ImageObject\",\"inLanguage\":\"es\",\"@id\":\"https:\/\/lisjoyas.com\/producto\/collar-lazo-encantado\/#primaryimage\",\"url\":\"https:\/\/lisjoyas.com\/wp-content\/uploads\/2024\/08\/collar-lazo-encantado.jpg\",\"contentUrl\":\"https:\/\/lisjoyas.com\/wp-content\/uploads\/2024\/08\/collar-lazo-encantado.jpg\",\"width\":500,\"height\":483},{\"@type\":\"BreadcrumbList\",\"@id\":\"https:\/\/lisjoyas.com\/producto\/collar-lazo-encantado\/#breadcrumb\",\"itemListElement\":[{\"@type\":\"ListItem\",\"position\":1,\"name\":\"Portada\",\"item\":\"https:\/\/lisjoyas.com\/\"},{\"@type\":\"ListItem\",\"position\":2,\"name\":\"Tienda\",\"item\":\"https:\/\/lisjoyas.com\/tienda\/\"},{\"@type\":\"ListItem\",\"position\":3,\"name\":\"Collar Lazo Encantado\"}]},{\"@type\":\"WebSite\",\"@id\":\"https:\/\/lisjoyas.com\/#website\",\"url\":\"https:\/\/lisjoyas.com\/\",\"name\":\"LIS Joyas\",\"description\":\"LIS Joyas\",\"publisher\":{\"@id\":\"https:\/\/lisjoyas.com\/#organization\"},\"potentialAction\":[{\"@type\":\"SearchAction\",\"target\":{\"@type\":\"EntryPoint\",\"urlTemplate\":\"https:\/\/lisjoyas.com\/?s={search_term_string}\"},\"query-input\":\"required name=search_term_string\"}],\"inLanguage\":\"es\"},{\"@type\":\"Organization\",\"@id\":\"https:\/\/lisjoyas.com\/#organization\",\"name\":\"Lis Joyas\",\"url\":\"https:\/\/lisjoyas.com\/\",\"logo\":{\"@type\":\"ImageObject\",\"inLanguage\":\"es\",\"@id\":\"https:\/\/lisjoyas.com\/#\/schema\/logo\/image\/\",\"url\":\"https:\/\/lisjoyas.com\/wp-content\/uploads\/2024\/04\/Lis_logo_color.svg\",\"contentUrl\":\"https:\/\/lisjoyas.com\/wp-content\/uploads\/2024\/04\/Lis_logo_color.svg\",\"width\":\"1024\",\"height\":\"1024\",\"caption\":\"Lis Joyas\"},\"image\":{\"@id\":\"https:\/\/lisjoyas.com\/#\/schema\/logo\/image\/\"},\"sameAs\":[\"https:\/\/www.facebook.com\/joyascontemporaneaslis?locale=es_LA\",\"https:\/\/www.instagram.com\/lisjoyas_\/\"]}]}<\/script>\n<!-- \/ Yoast SEO plugin. -->","yoast_head_json":{"title":"Collar Lazo Encantado - Lis Joyas","description":"Collar Lazo Encantado, una joya de 30 cm que destaca por su elegante dije un dise\u00f1o en cuero uruguayo. Un accesorio infaltable para tu look. Lo quiero!","robots":{"index":"index","follow":"follow","max-snippet":"max-snippet:-1","max-image-preview":"max-image-preview:large","max-video-preview":"max-video-preview:-1"},"canonical":"https:\/\/lisjoyas.com\/es\/producto\/collar-lazo-encantado\/","og_locale":"es_ES","og_type":"article","og_title":"Collar Lazo Encantado - Lis Joyas","og_description":"Collar Lazo Encantado, una joya de 30 cm que destaca por su elegante dije un dise\u00f1o en cuero uruguayo. Un accesorio infaltable para tu look. Lo quiero!","og_url":"https:\/\/lisjoyas.com\/es\/producto\/collar-lazo-encantado\/","og_site_name":"Lis Joyas","article_publisher":"https:\/\/www.facebook.com\/joyascontemporaneaslis?locale=es_LA","article_modified_time":"2024-08-30T15:17:10+00:00","og_image":[{"width":500,"height":483,"url":"https:\/\/lisjoyas.com\/wp-content\/uploads\/2024\/08\/collar-lazo-encantado.jpg","type":"image\/jpeg"}],"twitter_card":"summary_large_image","twitter_misc":{"Tiempo de lectura":"4 minutos"},"schema":{"@context":"https:\/\/schema.org","@graph":[{"@type":"WebPage","@id":"https:\/\/lisjoyas.com\/producto\/collar-lazo-encantado\/","url":"https:\/\/lisjoyas.com\/producto\/collar-lazo-encantado\/","name":"Collar Lazo Encantado - Lis Joyas","isPartOf":{"@id":"https:\/\/lisjoyas.com\/#website"},"primaryImageOfPage":{"@id":"https:\/\/lisjoyas.com\/producto\/collar-lazo-encantado\/#primaryimage"},"image":{"@id":"https:\/\/lisjoyas.com\/producto\/collar-lazo-encantado\/#primaryimage"},"thumbnailUrl":"https:\/\/lisjoyas.com\/wp-content\/uploads\/2024\/08\/collar-lazo-encantado.jpg","datePublished":"2024-08-23T17:58:39+00:00","dateModified":"2024-08-30T15:17:10+00:00","description":"Collar Lazo Encantado, una joya de 30 cm que destaca por su elegante dije un dise\u00f1o en cuero uruguayo. Un accesorio infaltable para tu look. Lo quiero!","breadcrumb":{"@id":"https:\/\/lisjoyas.com\/producto\/collar-lazo-encantado\/#breadcrumb"},"inLanguage":"es","potentialAction":[{"@type":"ReadAction","target":["https:\/\/lisjoyas.com\/producto\/collar-lazo-encantado\/"]}]},{"@type":"ImageObject","inLanguage":"es","@id":"https:\/\/lisjoyas.com\/producto\/collar-lazo-encantado\/#primaryimage","url":"https:\/\/lisjoyas.com\/wp-content\/uploads\/2024\/08\/collar-lazo-encantado.jpg","contentUrl":"https:\/\/lisjoyas.com\/wp-content\/uploads\/2024\/08\/collar-lazo-encantado.jpg","width":500,"height":483},{"@type":"BreadcrumbList","@id":"https:\/\/lisjoyas.com\/producto\/collar-lazo-encantado\/#breadcrumb","itemListElement":[{"@type":"ListItem","position":1,"name":"Portada","item":"https:\/\/lisjoyas.com\/"},{"@type":"ListItem","position":2,"name":"Tienda","item":"https:\/\/lisjoyas.com\/tienda\/"},{"@type":"ListItem","position":3,"name":"Collar Lazo Encantado"}]},{"@type":"WebSite","@id":"https:\/\/lisjoyas.com\/#website","url":"https:\/\/lisjoyas.com\/","name":"LIS Joyas","description":"LIS Joyas","publisher":{"@id":"https:\/\/lisjoyas.com\/#organization"},"potentialAction":[{"@type":"SearchAction","target":{"@type":"EntryPoint","urlTemplate":"https:\/\/lisjoyas.com\/?s={search_term_string}"},"query-input":"required name=search_term_string"}],"inLanguage":"es"},{"@type":"Organization","@id":"https:\/\/lisjoyas.com\/#organization","name":"Lis Joyas","url":"https:\/\/lisjoyas.com\/","logo":{"@type":"ImageObject","inLanguage":"es","@id":"https:\/\/lisjoyas.com\/#\/schema\/logo\/image\/","url":"https:\/\/lisjoyas.com\/wp-content\/uploads\/2024\/04\/Lis_logo_color.svg","contentUrl":"https:\/\/lisjoyas.com\/wp-content\/uploads\/2024\/04\/Lis_logo_color.svg","width":"1024","height":"1024","caption":"Lis Joyas"},"image":{"@id":"https:\/\/lisjoyas.com\/#\/schema\/logo\/image\/"},"sameAs":["https:\/\/www.facebook.com\/joyascontemporaneaslis?locale=es_LA","https:\/\/www.instagram.com\/lisjoyas_\/"]}]}},"_links":{"self":[{"href":"https:\/\/lisjoyas.com\/es\/wp-json\/wp\/v2\/product\/3963","targetHints":{"allow":["GET"]}}],"collection":[{"href":"https:\/\/lisjoyas.com\/es\/wp-json\/wp\/v2\/product"}],"about":[{"href":"https:\/\/lisjoyas.com\/es\/wp-json\/wp\/v2\/types\/product"}],"wp:featuredmedia":[{"embeddable":true,"href":"https:\/\/lisjoyas.com\/es\/wp-json\/wp\/v2\/media\/3967"}],"wp:attachment":[{"href":"https:\/\/lisjoyas.com\/es\/wp-json\/wp\/v2\/media?parent=3963"}],"wp:term":[{"taxonomy":"product_cat","embeddable":true,"href":"https:\/\/lisjoyas.com\/es\/wp-json\/wp\/v2\/product_cat?post=3963"},{"taxonomy":"product_tag","embeddable":true,"href":"https:\/\/lisjoyas.com\/es\/wp-json\/wp\/v2\/product_tag?post=3963"}],"curies":[{"name":"wp","href":"https:\/\/api.w.org\/{rel}","templated":true}]}}