{"id":3969,"date":"2024-08-23T18:10:54","date_gmt":"2024-08-23T18:10:54","guid":{"rendered":"https:\/\/lisjoyas.com\/?post_type=product&#038;p=3969"},"modified":"2025-05-23T21:42:14","modified_gmt":"2025-05-23T21:42:14","slug":"collar-hoja-de-ensueno","status":"publish","type":"product","link":"https:\/\/lisjoyas.com\/es\/producto\/collar-hoja-de-ensueno\/","title":{"rendered":"Collar Hoja de Ensue\u00f1o"},"content":{"rendered":"\n","protected":false},"excerpt":{"rendered":"<p>Descubre la sofisticaci\u00f3n natural con el <strong>Collar Hoja de Ensue\u00f1o<\/strong>, una pieza exclusiva elaborada en cuero natural y dise\u00f1ada con una hoja de helecho \u00fanica. Este collar combina la elegancia del dise\u00f1o con la belleza org\u00e1nica, creando un accesorio que destaca por su originalidad y estilo.<\/p>\n<p>Cada collar es meticulosamente hecho a mano en el atelier de Lis en Uruguay, donde la maestr\u00eda y la dedicaci\u00f3n se reflejan en cada detalle. La hoja de helecho, esculpida con precisi\u00f3n en cuero, aporta una textura y un car\u00e1cter distintivo que capturan la esencia de la naturaleza.<\/p>\n<p>Con su dise\u00f1o atemporal y su acabado en cuero natural, el Collar Hoja de Ensue\u00f1o es perfecto para quienes buscan un toque de elegancia sofisticada y un v\u00ednculo aut\u00e9ntico con el mundo natural. Ideal para ocasiones especiales o para a\u00f1adir un toque de distinci\u00f3n a tu estilo diario.<\/p>\n","protected":false},"featured_media":3975,"template":"","meta":{"inline_featured_image":false,"_joinchat":[]},"product_cat":[18],"product_tag":[140,151,141,145,144,114,152,83,139,148,47,153,137,143,142,149,108,150,278,146,147,279,136,138],"class_list":{"0":"post-3969","1":"product","2":"type-product","3":"status-publish","4":"has-post-thumbnail","6":"product_cat-collares","7":"product_tag-accesorio-de-moda","8":"product_tag-accesorio-versatil","9":"product_tag-artesania","10":"product_tag-autenticidad","11":"product_tag-calidad","12":"product_tag-collar","13":"product_tag-collar-artesanal","14":"product_tag-collar-de-cuero","15":"product_tag-comodo","16":"product_tag-complemento","17":"product_tag-cuero-natural","18":"product_tag-cuero-uruguayo","19":"product_tag-diseno-unico","20":"product_tag-elegancia","21":"product_tag-estilo","22":"product_tag-exclusivo","23":"product_tag-hecho-a-mano","24":"product_tag-joyeria","25":"product_tag-lazo","26":"product_tag-lujo","27":"product_tag-moda","28":"product_tag-monas","29":"product_tag-uruguay","30":"product_tag-versatil","32":"first","33":"instock","34":"shipping-taxable","35":"purchasable","36":"product-type-variable"},"yoast_head":"<!-- This site is optimized with the Yoast SEO plugin v23.2 - https:\/\/yoast.com\/wordpress\/plugins\/seo\/ -->\n<title>Collar Hoja de Ensue\u00f1o - Lis Joyas<\/title>\n<meta name=\"description\" content=\"Collar Hoja de Ensue\u00f1o, combina la elegancia del dise\u00f1o artesanal con la belleza org\u00e1nica, creando un accesorio que destaca por su originalidad y estilo.\" \/>\n<meta name=\"robots\" content=\"index, follow, max-snippet:-1, max-image-preview:large, max-video-preview:-1\" \/>\n<link rel=\"canonical\" href=\"https:\/\/lisjoyas.com\/es\/producto\/collar-hoja-de-ensueno\/\" \/>\n<meta property=\"og:locale\" content=\"es_ES\" \/>\n<meta property=\"og:type\" content=\"article\" \/>\n<meta property=\"og:title\" content=\"Collar Hoja de Ensue\u00f1o - Lis Joyas\" \/>\n<meta property=\"og:description\" content=\"Collar Hoja de Ensue\u00f1o, combina la elegancia del dise\u00f1o artesanal con la belleza org\u00e1nica, creando un accesorio que destaca por su originalidad y estilo.\" \/>\n<meta property=\"og:url\" content=\"https:\/\/lisjoyas.com\/es\/producto\/collar-hoja-de-ensueno\/\" \/>\n<meta property=\"og:site_name\" content=\"Lis Joyas\" \/>\n<meta property=\"article:publisher\" content=\"https:\/\/www.facebook.com\/joyascontemporaneaslis?locale=es_LA\" \/>\n<meta property=\"article:modified_time\" content=\"2025-05-23T21:42:14+00:00\" \/>\n<meta property=\"og:image\" content=\"https:\/\/lisjoyas.com\/wp-content\/uploads\/2024\/08\/collar-rama-de-ensueno.jpg\" \/>\n\t<meta property=\"og:image:width\" content=\"500\" \/>\n\t<meta property=\"og:image:height\" content=\"708\" \/>\n\t<meta property=\"og:image:type\" content=\"image\/jpeg\" \/>\n<meta name=\"twitter:card\" content=\"summary_large_image\" \/>\n<meta name=\"twitter:label1\" content=\"Tiempo de lectura\" \/>\n\t<meta name=\"twitter:data1\" content=\"4 minutos\" \/>\n<script type=\"application\/ld+json\" class=\"yoast-schema-graph\">{\"@context\":\"https:\/\/schema.org\",\"@graph\":[{\"@type\":\"WebPage\",\"@id\":\"https:\/\/lisjoyas.com\/producto\/collar-hoja-de-ensueno\/\",\"url\":\"https:\/\/lisjoyas.com\/producto\/collar-hoja-de-ensueno\/\",\"name\":\"Collar Hoja de Ensue\u00f1o - Lis Joyas\",\"isPartOf\":{\"@id\":\"https:\/\/lisjoyas.com\/#website\"},\"primaryImageOfPage\":{\"@id\":\"https:\/\/lisjoyas.com\/producto\/collar-hoja-de-ensueno\/#primaryimage\"},\"image\":{\"@id\":\"https:\/\/lisjoyas.com\/producto\/collar-hoja-de-ensueno\/#primaryimage\"},\"thumbnailUrl\":\"https:\/\/lisjoyas.com\/wp-content\/uploads\/2024\/08\/collar-rama-de-ensueno.jpg\",\"datePublished\":\"2024-08-23T18:10:54+00:00\",\"dateModified\":\"2025-05-23T21:42:14+00:00\",\"description\":\"Collar Hoja de Ensue\u00f1o, combina la elegancia del dise\u00f1o artesanal con la belleza org\u00e1nica, creando un accesorio que destaca por su originalidad y estilo.\",\"breadcrumb\":{\"@id\":\"https:\/\/lisjoyas.com\/producto\/collar-hoja-de-ensueno\/#breadcrumb\"},\"inLanguage\":\"es\",\"potentialAction\":[{\"@type\":\"ReadAction\",\"target\":[\"https:\/\/lisjoyas.com\/producto\/collar-hoja-de-ensueno\/\"]}]},{\"@type\":\"ImageObject\",\"inLanguage\":\"es\",\"@id\":\"https:\/\/lisjoyas.com\/producto\/collar-hoja-de-ensueno\/#primaryimage\",\"url\":\"https:\/\/lisjoyas.com\/wp-content\/uploads\/2024\/08\/collar-rama-de-ensueno.jpg\",\"contentUrl\":\"https:\/\/lisjoyas.com\/wp-content\/uploads\/2024\/08\/collar-rama-de-ensueno.jpg\",\"width\":500,\"height\":708},{\"@type\":\"BreadcrumbList\",\"@id\":\"https:\/\/lisjoyas.com\/producto\/collar-hoja-de-ensueno\/#breadcrumb\",\"itemListElement\":[{\"@type\":\"ListItem\",\"position\":1,\"name\":\"Portada\",\"item\":\"https:\/\/lisjoyas.com\/\"},{\"@type\":\"ListItem\",\"position\":2,\"name\":\"Tienda\",\"item\":\"https:\/\/lisjoyas.com\/tienda\/\"},{\"@type\":\"ListItem\",\"position\":3,\"name\":\"Collar Hoja de Ensue\u00f1o\"}]},{\"@type\":\"WebSite\",\"@id\":\"https:\/\/lisjoyas.com\/#website\",\"url\":\"https:\/\/lisjoyas.com\/\",\"name\":\"LIS Joyas\",\"description\":\"LIS Joyas\",\"publisher\":{\"@id\":\"https:\/\/lisjoyas.com\/#organization\"},\"potentialAction\":[{\"@type\":\"SearchAction\",\"target\":{\"@type\":\"EntryPoint\",\"urlTemplate\":\"https:\/\/lisjoyas.com\/?s={search_term_string}\"},\"query-input\":\"required name=search_term_string\"}],\"inLanguage\":\"es\"},{\"@type\":\"Organization\",\"@id\":\"https:\/\/lisjoyas.com\/#organization\",\"name\":\"Lis Joyas\",\"url\":\"https:\/\/lisjoyas.com\/\",\"logo\":{\"@type\":\"ImageObject\",\"inLanguage\":\"es\",\"@id\":\"https:\/\/lisjoyas.com\/#\/schema\/logo\/image\/\",\"url\":\"https:\/\/lisjoyas.com\/wp-content\/uploads\/2024\/04\/Lis_logo_color.svg\",\"contentUrl\":\"https:\/\/lisjoyas.com\/wp-content\/uploads\/2024\/04\/Lis_logo_color.svg\",\"width\":\"1024\",\"height\":\"1024\",\"caption\":\"Lis Joyas\"},\"image\":{\"@id\":\"https:\/\/lisjoyas.com\/#\/schema\/logo\/image\/\"},\"sameAs\":[\"https:\/\/www.facebook.com\/joyascontemporaneaslis?locale=es_LA\",\"https:\/\/www.instagram.com\/lisjoyas_\/\"]}]}<\/script>\n<!-- \/ Yoast SEO plugin. -->","yoast_head_json":{"title":"Collar Hoja de Ensue\u00f1o - Lis Joyas","description":"Collar Hoja de Ensue\u00f1o, combina la elegancia del dise\u00f1o artesanal con la belleza org\u00e1nica, creando un accesorio que destaca por su originalidad y estilo.","robots":{"index":"index","follow":"follow","max-snippet":"max-snippet:-1","max-image-preview":"max-image-preview:large","max-video-preview":"max-video-preview:-1"},"canonical":"https:\/\/lisjoyas.com\/es\/producto\/collar-hoja-de-ensueno\/","og_locale":"es_ES","og_type":"article","og_title":"Collar Hoja de Ensue\u00f1o - Lis Joyas","og_description":"Collar Hoja de Ensue\u00f1o, combina la elegancia del dise\u00f1o artesanal con la belleza org\u00e1nica, creando un accesorio que destaca por su originalidad y estilo.","og_url":"https:\/\/lisjoyas.com\/es\/producto\/collar-hoja-de-ensueno\/","og_site_name":"Lis Joyas","article_publisher":"https:\/\/www.facebook.com\/joyascontemporaneaslis?locale=es_LA","article_modified_time":"2025-05-23T21:42:14+00:00","og_image":[{"width":500,"height":708,"url":"https:\/\/lisjoyas.com\/wp-content\/uploads\/2024\/08\/collar-rama-de-ensueno.jpg","type":"image\/jpeg"}],"twitter_card":"summary_large_image","twitter_misc":{"Tiempo de lectura":"4 minutos"},"schema":{"@context":"https:\/\/schema.org","@graph":[{"@type":"WebPage","@id":"https:\/\/lisjoyas.com\/producto\/collar-hoja-de-ensueno\/","url":"https:\/\/lisjoyas.com\/producto\/collar-hoja-de-ensueno\/","name":"Collar Hoja de Ensue\u00f1o - Lis Joyas","isPartOf":{"@id":"https:\/\/lisjoyas.com\/#website"},"primaryImageOfPage":{"@id":"https:\/\/lisjoyas.com\/producto\/collar-hoja-de-ensueno\/#primaryimage"},"image":{"@id":"https:\/\/lisjoyas.com\/producto\/collar-hoja-de-ensueno\/#primaryimage"},"thumbnailUrl":"https:\/\/lisjoyas.com\/wp-content\/uploads\/2024\/08\/collar-rama-de-ensueno.jpg","datePublished":"2024-08-23T18:10:54+00:00","dateModified":"2025-05-23T21:42:14+00:00","description":"Collar Hoja de Ensue\u00f1o, combina la elegancia del dise\u00f1o artesanal con la belleza org\u00e1nica, creando un accesorio que destaca por su originalidad y estilo.","breadcrumb":{"@id":"https:\/\/lisjoyas.com\/producto\/collar-hoja-de-ensueno\/#breadcrumb"},"inLanguage":"es","potentialAction":[{"@type":"ReadAction","target":["https:\/\/lisjoyas.com\/producto\/collar-hoja-de-ensueno\/"]}]},{"@type":"ImageObject","inLanguage":"es","@id":"https:\/\/lisjoyas.com\/producto\/collar-hoja-de-ensueno\/#primaryimage","url":"https:\/\/lisjoyas.com\/wp-content\/uploads\/2024\/08\/collar-rama-de-ensueno.jpg","contentUrl":"https:\/\/lisjoyas.com\/wp-content\/uploads\/2024\/08\/collar-rama-de-ensueno.jpg","width":500,"height":708},{"@type":"BreadcrumbList","@id":"https:\/\/lisjoyas.com\/producto\/collar-hoja-de-ensueno\/#breadcrumb","itemListElement":[{"@type":"ListItem","position":1,"name":"Portada","item":"https:\/\/lisjoyas.com\/"},{"@type":"ListItem","position":2,"name":"Tienda","item":"https:\/\/lisjoyas.com\/tienda\/"},{"@type":"ListItem","position":3,"name":"Collar Hoja de Ensue\u00f1o"}]},{"@type":"WebSite","@id":"https:\/\/lisjoyas.com\/#website","url":"https:\/\/lisjoyas.com\/","name":"LIS Joyas","description":"LIS Joyas","publisher":{"@id":"https:\/\/lisjoyas.com\/#organization"},"potentialAction":[{"@type":"SearchAction","target":{"@type":"EntryPoint","urlTemplate":"https:\/\/lisjoyas.com\/?s={search_term_string}"},"query-input":"required name=search_term_string"}],"inLanguage":"es"},{"@type":"Organization","@id":"https:\/\/lisjoyas.com\/#organization","name":"Lis Joyas","url":"https:\/\/lisjoyas.com\/","logo":{"@type":"ImageObject","inLanguage":"es","@id":"https:\/\/lisjoyas.com\/#\/schema\/logo\/image\/","url":"https:\/\/lisjoyas.com\/wp-content\/uploads\/2024\/04\/Lis_logo_color.svg","contentUrl":"https:\/\/lisjoyas.com\/wp-content\/uploads\/2024\/04\/Lis_logo_color.svg","width":"1024","height":"1024","caption":"Lis Joyas"},"image":{"@id":"https:\/\/lisjoyas.com\/#\/schema\/logo\/image\/"},"sameAs":["https:\/\/www.facebook.com\/joyascontemporaneaslis?locale=es_LA","https:\/\/www.instagram.com\/lisjoyas_\/"]}]}},"_links":{"self":[{"href":"https:\/\/lisjoyas.com\/es\/wp-json\/wp\/v2\/product\/3969","targetHints":{"allow":["GET"]}}],"collection":[{"href":"https:\/\/lisjoyas.com\/es\/wp-json\/wp\/v2\/product"}],"about":[{"href":"https:\/\/lisjoyas.com\/es\/wp-json\/wp\/v2\/types\/product"}],"wp:featuredmedia":[{"embeddable":true,"href":"https:\/\/lisjoyas.com\/es\/wp-json\/wp\/v2\/media\/3975"}],"wp:attachment":[{"href":"https:\/\/lisjoyas.com\/es\/wp-json\/wp\/v2\/media?parent=3969"}],"wp:term":[{"taxonomy":"product_cat","embeddable":true,"href":"https:\/\/lisjoyas.com\/es\/wp-json\/wp\/v2\/product_cat?post=3969"},{"taxonomy":"product_tag","embeddable":true,"href":"https:\/\/lisjoyas.com\/es\/wp-json\/wp\/v2\/product_tag?post=3969"}],"curies":[{"name":"wp","href":"https:\/\/api.w.org\/{rel}","templated":true}]}}